{"id":114,"date":"2012-03-10T17:44:10","date_gmt":"2012-03-10T16:44:10","guid":{"rendered":"http:\/\/www.mtv-in.de\/beachvolleyball\/?page_id=114"},"modified":"2026-04-20T18:04:30","modified_gmt":"2026-04-20T16:04:30","slug":"aktuelles","status":"publish","type":"page","link":"https:\/\/www.mtv-in.de\/beachvolleyball\/","title":{"rendered":"Allgemeines"},"content":{"rendered":"\n<figure class=\"wp-block-image size-large\"><a href=\"https:\/\/www.mtv-in.de\/beachvolleyball\/files\/2025\/06\/Startfoto2-scaled.jpg\"><img loading=\"lazy\" decoding=\"async\" width=\"1024\" height=\"472\" src=\"https:\/\/www.mtv-in.de\/beachvolleyball\/files\/2025\/06\/Startfoto2-1024x472.jpg\" alt=\"\" class=\"wp-image-1612\" srcset=\"https:\/\/www.mtv-in.de\/beachvolleyball\/files\/2025\/06\/Startfoto2-1024x472.jpg 1024w, https:\/\/www.mtv-in.de\/beachvolleyball\/files\/2025\/06\/Startfoto2-300x138.jpg 300w, https:\/\/www.mtv-in.de\/beachvolleyball\/files\/2025\/06\/Startfoto2-768x354.jpg 768w, https:\/\/www.mtv-in.de\/beachvolleyball\/files\/2025\/06\/Startfoto2-1536x708.jpg 1536w, https:\/\/www.mtv-in.de\/beachvolleyball\/files\/2025\/06\/Startfoto2-2048x944.jpg 2048w\" sizes=\"auto, (max-width: 1024px) 100vw, 1024px\" \/><\/a><\/figure>\n\n\n\n<p>*******   <strong>Ab MAI<\/strong> kann der regul\u00e4re Spielbetrieb aufgenommen werden ********<\/p>\n\n\n\n<hr class=\"wp-block-separator has-alpha-channel-opacity\" \/>\n\n\n\n<h2 class=\"wp-block-heading\">Trainings \/ Kurse<\/h2>\n\n\n\n<p>Wenn du Interesse an Beachvolleyball Training hast, egal ob <strong>Kids-Training (U14), Jugend- oder Erwachsenentraining<\/strong>, schau gerne auf der Seite<strong> <a href=\"https:\/\/volleyvibe.de\/\">https:\/\/volleyvibe.de\/<\/a> <\/strong>vorbei. Unser MTV Ingolstadt Beachvolleyball Profi <strong>Kim Huber<\/strong> hat hier mehrere tolle Angebote im Programm.<\/p>\n\n\n\n<p><\/p>\n\n\n\n<p><\/p>\n\n\n\n<p><\/p>\n\n\n\n<p><\/p>\n\n\n\n<p><\/p>\n\n\n\n<p><\/p>\n\n\n\n<hr class=\"wp-block-separator has-alpha-channel-opacity\" \/>\n\n\n\n<h2 class=\"wp-block-heading\">Saisonkarten<\/h2>\n\n\n\n<p>Die&nbsp;<strong>Saisonkarte 2026<\/strong>&nbsp;k\u00f6nnt ihr entweder bei unserem Beachwart Erich beantragen oder via<a href=\"https:\/\/forms.gle\/4HdhcW1eb4fz1Nbm7\">&nbsp;folgendem Formular<\/a>&nbsp;(bezahlt wird in beiden F\u00e4llen bei Erich)<br><br>F\u00fcr <strong>Tageskarten<\/strong> meldet euch bitte bevor ihr spielt bei unserem Beachwart Erich und entrichtet den entsprechenden Betrag<\/p>\n\n\n\n<div class=\"wp-block-group is-layout-constrained wp-block-group-is-layout-constrained\">\n<h2 class=\"wp-block-heading\">Preise (2026) *<\/h2>\n\n\n\n<div class=\"wp-block-group is-vertical is-layout-flex wp-container-core-group-is-layout-fe9cc265 wp-block-group-is-layout-flex\">\n<div class=\"wp-block-columns is-layout-flex wp-container-core-columns-is-layout-28f84493 wp-block-columns-is-layout-flex\">\n<div class=\"wp-block-column is-layout-flow wp-block-column-is-layout-flow\" style=\"flex-basis:100%\">\n<figure class=\"wp-block-table is-style-stripes\"><table><tbody><tr><td><\/td><td><strong>Saisonkarte<\/strong><\/td><td><strong>Tageskarte <\/strong><br>(ab 18:00 Uhr pauschal 5,00\u20ac)<\/td><\/tr><tr><td><strong>Jugend<\/strong>**<\/td><td>20,00 \u20ac<\/td><td>5,00\u20ac<\/td><\/tr><tr><td><strong>MTV-Mitglieder<\/strong>*<\/td><td>30,00 \u20ac<\/td><td>8,00\u20ac<\/td><\/tr><tr><td><strong>Studierende<\/strong>*<\/td><td>40,00 \u20ac<\/td><td>8,00\u20ac<\/td><\/tr><tr><td><strong>Erwachsene<\/strong><\/td><td>45,00\u20ac<\/td><td>8,00\u20ac<\/td><\/tr><\/tbody><\/table><\/figure>\n<\/div>\n<\/div>\n<\/div>\n<\/div>\n\n\n\n<p>* In der Saison 2026 wird <strong>zus\u00e4tzlich<\/strong> zur Saisonkarte eine Arbeitsstundenpauschale in H\u00f6he von <strong>20 \u20ac<\/strong> erhoben. Dieser Betrag ist zun\u00e4chst von allen Saisonkartenbesitzern zusammen mit der Saisonkarte zu entrichten.<\/p>\n\n\n\n<p>Die Pauschale kann jedoch im Laufe der Saison durch <strong>insgesamt 4 Arbeitsstunden<\/strong> abgearbeitet werden. Nach entsprechendem Nachweis * der geleisteten Stunden wird der Betrag wieder <strong>vollst\u00e4ndig zur\u00fcckerstattet<\/strong>.<\/p>\n\n\n\n<p>Als Arbeitsstunden gelten unter anderem T\u00e4tigkeiten im Rahmen der <strong>Pflege und Instandhaltung der Beachvolleyballanlage<\/strong> (z. B. Sandpflege, Aufbau und Abbau der Netze, kleinere Reparaturen, Aufr\u00e4umarbeiten oder Vorbereitung von Spiel- und Turniertagen). <strong>Auch Kuchen- oder Salatspenden bei Turnieren<\/strong> k\u00f6nnen als Arbeitsstunden angerechnet werden.<\/p>\n\n\n\n<p>Die Saisonkartenbesitzer werden <strong>rechtzeitig \u00fcber m\u00f6gliche Arbeitsstundeneins\u00e4tze, Arbeitseins\u00e4tze oder Veranstaltungen informiert<\/strong>, sodass jeder ausreichend Gelegenheit hat, seine Stunden \u00fcber die Saison hinweg zu leisten.<\/p>\n\n\n\n<p>Hintergrund dieser Regelung ist der steigende organisatorische und praktische Aufwand f\u00fcr den Betrieb und die Pflege der Anlage. Viele Vereine nutzen \u00e4hnliche Modelle mit Arbeitsstunden oder Helferpauschalen, um die anfallenden Aufgaben auf mehrere Schultern zu verteilen und die Anlage langfristig in einem guten Zustand zu halten. Ohne diese Unterst\u00fctzung m\u00fcssten diese Arbeiten entweder von wenigen Ehrenamtlichen \u00fcbernommen oder kostenpflichtig vergeben werden.<\/p>\n\n\n\n<p>Mit dieser Regelung m\u00f6chten wir eine <strong>faire Beteiligung aller Spielerinnen und Spieler<\/strong>, die <strong>Unterst\u00fctzung des Vereinslebens<\/strong> sowie den <strong>langfristigen Erhalt unserer Beachvolleyballanlage<\/strong> sicherstellen.<\/p>\n\n\n\n<p>Vielen Dank f\u00fcr eure Unterst\u00fctzung!<br> <br>** entsprechende Nachweise erforderlich.<br><em>Jugend (bis einschlie\u00dflich 17. Lebensjahr)<br><\/em><\/p>\n\n\n\n<hr class=\"wp-block-separator has-alpha-channel-opacity\" \/>\n\n\n\n<div class=\"wp-block-group is-layout-constrained wp-block-group-is-layout-constrained\">\n<h1 class=\"wp-block-heading\">Der Beachplatz<\/h1>\n\n\n\n<p>Auf 12 Beachvolleyballfeldern hei\u00dfen wir alle Spieler jeden Niveaus am Obersch\u00fcttweg, 85049 Ingolstadt Willkommen, ob 2 gegen 2 oder 6 gegen 6, jeder kommt auf seine Kosten.<\/p>\n\n\n\n<figure class=\"wp-block-image aligncenter\"><a href=\"https:\/\/www.mtv-in.de\/beachvolleyball\/files\/2012\/03\/beachingolstadt1.jpg\"><img loading=\"lazy\" decoding=\"async\" width=\"600\" height=\"449\" src=\"https:\/\/www.mtv-in.de\/beachvolleyball\/files\/2012\/03\/beachingolstadt1.jpg\" alt=\"\" class=\"wp-image-108\" title=\"beachingolstadt1\" srcset=\"https:\/\/www.mtv-in.de\/beachvolleyball\/files\/2012\/03\/beachingolstadt1.jpg 600w, https:\/\/www.mtv-in.de\/beachvolleyball\/files\/2012\/03\/beachingolstadt1-300x225.jpg 300w\" sizes=\"auto, (max-width: 600px) 100vw, 600px\" \/><\/a><\/figure>\n\n\n\n<p><span style=\"color: #333399\"><strong>Unsere 12 Felder:<\/strong><\/span><\/p>\n\n\n\n<figure class=\"wp-block-image aligncenter\"><a href=\"https:\/\/www.mtv-in.de\/beachvolleyball\/files\/2012\/03\/Luftbild-2014.jpg\"><img loading=\"lazy\" decoding=\"async\" width=\"620\" height=\"560\" src=\"https:\/\/www.mtv-in.de\/beachvolleyball\/files\/2012\/03\/Luftbild-2014.jpg\" alt=\"Luftbild 2014\" class=\"wp-image-560\" srcset=\"https:\/\/www.mtv-in.de\/beachvolleyball\/files\/2012\/03\/Luftbild-2014.jpg 620w, https:\/\/www.mtv-in.de\/beachvolleyball\/files\/2012\/03\/Luftbild-2014-300x271.jpg 300w\" sizes=\"auto, (max-width: 620px) 100vw, 620px\" \/><\/a><\/figure>\n\n\n\n<p><strong>Hier findet ihr die Beachpl\u00e4tze<\/strong><\/p>\n\n\n\n<figure class=\"wp-block-image aligncenter\"><a href=\"https:\/\/www.mtv-in.de\/beachvolleyball\/files\/2012\/03\/baggersee.jpg\"><img loading=\"lazy\" decoding=\"async\" width=\"600\" height=\"464\" src=\"https:\/\/www.mtv-in.de\/beachvolleyball\/files\/2012\/03\/baggersee.jpg\" alt=\"\" class=\"wp-image-115\" title=\"baggersee\" srcset=\"https:\/\/www.mtv-in.de\/beachvolleyball\/files\/2012\/03\/baggersee.jpg 600w, https:\/\/www.mtv-in.de\/beachvolleyball\/files\/2012\/03\/baggersee-300x232.jpg 300w\" sizes=\"auto, (max-width: 600px) 100vw, 600px\" \/><\/a><\/figure>\n\n\n\n<figure class=\"wp-block-image aligncenter\"><a href=\"https:\/\/www.mtv-in.de\/beachvolleyball\/files\/2012\/03\/baggerseeroute.jpg\"><img loading=\"lazy\" decoding=\"async\" width=\"600\" height=\"520\" src=\"https:\/\/www.mtv-in.de\/beachvolleyball\/files\/2012\/03\/baggerseeroute.jpg\" alt=\"\" class=\"wp-image-117\" title=\"baggerseeroute\" srcset=\"https:\/\/www.mtv-in.de\/beachvolleyball\/files\/2012\/03\/baggerseeroute.jpg 600w, https:\/\/www.mtv-in.de\/beachvolleyball\/files\/2012\/03\/baggerseeroute-300x260.jpg 300w\" sizes=\"auto, (max-width: 600px) 100vw, 600px\" \/><\/a><\/figure>\n\n\n\n<figure class=\"wp-block-image aligncenter\"><a href=\"https:\/\/www.mtv-in.de\/beachvolleyball\/files\/2012\/03\/beachingolstadt2.jpg\"><img loading=\"lazy\" decoding=\"async\" width=\"600\" height=\"449\" src=\"https:\/\/www.mtv-in.de\/beachvolleyball\/files\/2012\/03\/beachingolstadt2.jpg\" alt=\"\" class=\"wp-image-109\" title=\"beachingolstadt2\" srcset=\"https:\/\/www.mtv-in.de\/beachvolleyball\/files\/2012\/03\/beachingolstadt2.jpg 600w, https:\/\/www.mtv-in.de\/beachvolleyball\/files\/2012\/03\/beachingolstadt2-300x225.jpg 300w\" sizes=\"auto, (max-width: 600px) 100vw, 600px\" \/><\/a><\/figure>\n\n\n\n<figure class=\"wp-block-image aligncenter\"><a href=\"https:\/\/www.mtv-in.de\/beachvolleyball\/files\/2012\/03\/beachingolstadt3.jpg\"><img loading=\"lazy\" decoding=\"async\" width=\"600\" height=\"449\" src=\"https:\/\/www.mtv-in.de\/beachvolleyball\/files\/2012\/03\/beachingolstadt3.jpg\" alt=\"\" class=\"wp-image-107\" title=\"beachingolstadt3\" srcset=\"https:\/\/www.mtv-in.de\/beachvolleyball\/files\/2012\/03\/beachingolstadt3.jpg 600w, https:\/\/www.mtv-in.de\/beachvolleyball\/files\/2012\/03\/beachingolstadt3-300x225.jpg 300w\" sizes=\"auto, (max-width: 600px) 100vw, 600px\" \/><\/a><\/figure>\n\n\n\n<figure class=\"wp-block-image aligncenter\"><a href=\"https:\/\/www.mtv-in.de\/beachvolleyball\/files\/2012\/03\/beachingolstadt4.jpg\"><img loading=\"lazy\" decoding=\"async\" width=\"600\" height=\"449\" src=\"https:\/\/www.mtv-in.de\/beachvolleyball\/files\/2012\/03\/beachingolstadt4.jpg\" alt=\"\" class=\"wp-image-110\" title=\"beachingolstadt4\" srcset=\"https:\/\/www.mtv-in.de\/beachvolleyball\/files\/2012\/03\/beachingolstadt4.jpg 600w, https:\/\/www.mtv-in.de\/beachvolleyball\/files\/2012\/03\/beachingolstadt4-300x225.jpg 300w\" sizes=\"auto, (max-width: 600px) 100vw, 600px\" \/><\/a><\/figure>\n\n\n\n<figure class=\"wp-block-image aligncenter\"><a href=\"https:\/\/www.mtv-in.de\/beachvolleyball\/files\/2012\/03\/beachingolstadt5.jpg\"><img loading=\"lazy\" decoding=\"async\" width=\"600\" height=\"449\" src=\"https:\/\/www.mtv-in.de\/beachvolleyball\/files\/2012\/03\/beachingolstadt5.jpg\" alt=\"\" class=\"wp-image-113\" title=\"beachingolstadt5\" srcset=\"https:\/\/www.mtv-in.de\/beachvolleyball\/files\/2012\/03\/beachingolstadt5.jpg 600w, https:\/\/www.mtv-in.de\/beachvolleyball\/files\/2012\/03\/beachingolstadt5-300x225.jpg 300w\" sizes=\"auto, (max-width: 600px) 100vw, 600px\" \/><\/a><\/figure>\n\n\n\n<figure class=\"wp-block-image aligncenter\"><a href=\"https:\/\/www.mtv-in.de\/beachvolleyball\/files\/2012\/03\/beachingolstadt6.jpg\"><img loading=\"lazy\" decoding=\"async\" width=\"600\" height=\"449\" src=\"https:\/\/www.mtv-in.de\/beachvolleyball\/files\/2012\/03\/beachingolstadt6.jpg\" alt=\"\" class=\"wp-image-111\" title=\"beachingolstadt6\" srcset=\"https:\/\/www.mtv-in.de\/beachvolleyball\/files\/2012\/03\/beachingolstadt6.jpg 600w, https:\/\/www.mtv-in.de\/beachvolleyball\/files\/2012\/03\/beachingolstadt6-300x225.jpg 300w\" sizes=\"auto, (max-width: 600px) 100vw, 600px\" \/><\/a><\/figure>\n<\/div>\n","protected":false},"excerpt":{"rendered":"<p>* entsprechende Nachweise erforderlich.<br \/><em>Jugend (bis einschlie\u00dflich Jahrgang 2006)<br \/><\/em><\/p>\n","protected":false},"author":322,"featured_media":0,"parent":0,"menu_order":1,"comment_status":"closed","ping_status":"closed","template":"","meta":{"site-sidebar-layout":"default","site-content-layout":"","ast-site-content-layout":"default","site-content-style":"default","site-sidebar-style":"default","ast-global-header-display":"","ast-banner-title-visibility":"","ast-main-header-display":"","ast-hfb-above-header-display":"","ast-hfb-below-header-display":"","ast-hfb-mobile-header-display":"","site-post-title":"","ast-breadcrumbs-content":"","ast-featured-img":"","footer-sml-layout":"","ast-disable-related-posts":"","theme-transparent-header-meta":"","adv-header-id-meta":"","stick-header-meta":"","header-above-stick-meta":"","header-main-stick-meta":"","header-below-stick-meta":"","astra-migrate-meta-layouts":"default","ast-page-background-enabled":"default","ast-page-background-meta":{"desktop":{"background-color":"var(--ast-global-color-4)","background-image":"","background-repeat":"repeat","background-position":"center center","background-size":"auto","background-attachment":"scroll","background-type":"","background-media":"","overlay-type":"","overlay-color":"","overlay-gradient":""},"tablet":{"background-color":"","background-image":"","background-repeat":"repeat","background-position":"center center","background-size":"auto","background-attachment":"scroll","background-type":"","background-media":"","overlay-type":"","overlay-color":"","overlay-gradient":""},"mobile":{"background-color":"","background-image":"","background-repeat":"repeat","background-position":"center center","background-size":"auto","background-attachment":"scroll","background-type":"","background-media":"","overlay-type":"","overlay-color":"","overlay-gradient":""}},"ast-content-background-meta":{"desktop":{"background-color":"var(--ast-global-color-5)","background-image":"","background-repeat":"repeat","background-position":"center center","background-size":"auto","background-attachment":"scroll","background-type":"","background-media":"","overlay-type":"","overlay-color":"","overlay-gradient":""},"tablet":{"background-color":"var(--ast-global-color-5)","background-image":"","background-repeat":"repeat","background-position":"center center","background-size":"auto","background-attachment":"scroll","background-type":"","background-media":"","overlay-type":"","overlay-color":"","overlay-gradient":""},"mobile":{"background-color":"var(--ast-global-color-5)","background-image":"","background-repeat":"repeat","background-position":"center center","background-size":"auto","background-attachment":"scroll","background-type":"","background-media":"","overlay-type":"","overlay-color":"","overlay-gradient":""}},"footnotes":""},"class_list":["post-114","page","type-page","status-publish","hentry"],"_links":{"self":[{"href":"https:\/\/www.mtv-in.de\/beachvolleyball\/wp-json\/wp\/v2\/pages\/114","targetHints":{"allow":["GET"]}}],"collection":[{"href":"https:\/\/www.mtv-in.de\/beachvolleyball\/wp-json\/wp\/v2\/pages"}],"about":[{"href":"https:\/\/www.mtv-in.de\/beachvolleyball\/wp-json\/wp\/v2\/types\/page"}],"author":[{"embeddable":true,"href":"https:\/\/www.mtv-in.de\/beachvolleyball\/wp-json\/wp\/v2\/users\/322"}],"replies":[{"embeddable":true,"href":"https:\/\/www.mtv-in.de\/beachvolleyball\/wp-json\/wp\/v2\/comments?post=114"}],"version-history":[{"count":137,"href":"https:\/\/www.mtv-in.de\/beachvolleyball\/wp-json\/wp\/v2\/pages\/114\/revisions"}],"predecessor-version":[{"id":1633,"href":"https:\/\/www.mtv-in.de\/beachvolleyball\/wp-json\/wp\/v2\/pages\/114\/revisions\/1633"}],"wp:attachment":[{"href":"https:\/\/www.mtv-in.de\/beachvolleyball\/wp-json\/wp\/v2\/media?parent=114"}],"curies":[{"name":"wp","href":"https:\/\/api.w.org\/{rel}","templated":true}]}}