{"id":1451,"date":"2024-03-18T14:53:15","date_gmt":"2024-03-18T13:53:15","guid":{"rendered":"https:\/\/www.mtv-in.de\/beachvolleyball\/?page_id=1451"},"modified":"2025-03-17T22:53:33","modified_gmt":"2025-03-17T21:53:33","slug":"courtbooking","status":"publish","type":"page","link":"https:\/\/www.mtv-in.de\/beachvolleyball\/courtbooking\/","title":{"rendered":"Courtbooking"},"content":{"rendered":"\n<p>Seit der Saison 2024 habt ihr die M\u00f6glichkeit Pl\u00e4tze f\u00fcr Veranstaltungen\/Trainings etc. direkt \u00fcber folgenden Link zu buchen: <a href=\"https:\/\/mtv-in-beach.courtbooking.de\/login.php\"><mark style=\"background-color:#ffffff\" class=\"has-inline-color has-vivid-cyan-blue-color\">https:\/\/mtv-in-beach.courtbooking.de\/login.php<\/mark><\/a><\/p>\n\n\n\n<p><strong>Info: <\/strong><em>Courtbooking <\/em>ist als auch <strong>App <\/strong>f\u00fcrs Handy verf\u00fcgbar.<\/p>\n\n\n\n<figure class=\"wp-block-image size-large\"><a href=\"https:\/\/www.mtv-in.de\/beachvolleyball\/files\/2025\/03\/courtbooking_website-scaled.jpg\"><img loading=\"lazy\" decoding=\"async\" width=\"1024\" height=\"453\" src=\"https:\/\/www.mtv-in.de\/beachvolleyball\/files\/2025\/03\/courtbooking_website-1024x453.jpg\" alt=\"\" class=\"wp-image-1595\" srcset=\"https:\/\/www.mtv-in.de\/beachvolleyball\/files\/2025\/03\/courtbooking_website-1024x453.jpg 1024w, https:\/\/www.mtv-in.de\/beachvolleyball\/files\/2025\/03\/courtbooking_website-300x133.jpg 300w, https:\/\/www.mtv-in.de\/beachvolleyball\/files\/2025\/03\/courtbooking_website-768x340.jpg 768w, https:\/\/www.mtv-in.de\/beachvolleyball\/files\/2025\/03\/courtbooking_website-1536x679.jpg 1536w, https:\/\/www.mtv-in.de\/beachvolleyball\/files\/2025\/03\/courtbooking_website-2048x905.jpg 2048w\" sizes=\"auto, (max-width: 1024px) 100vw, 1024px\" \/><\/a><figcaption class=\"wp-element-caption\"><em>Screenshot der Website<\/em><\/figcaption><\/figure>\n\n\n\n<p><strong>WICHTIG: Die Buchungsplattform wird immer zum April freigeschaltet. Fr\u00fchere Anfragen bitte im Formular benennen oder per Mail (<\/strong><a href=\"javascript:DeCryptX('3e0e0a0c3k2B2o1u2x302k3q0.1e1f')\">beach [at] mtv-in [dot] de<\/a>) <strong>stellen.<\/strong><\/p>\n\n\n\n<p>Alles Weitere f\u00fcr eure Veranstaltung kann \u00fcber folgendes <a href=\"https:\/\/forms.gle\/ZaYHefsFyz3LD6TNA\"><mark style=\"background-color:#ffffff\" class=\"has-inline-color has-vivid-cyan-blue-color\">Formular<\/mark><\/a> angefragt werden:<\/p>\n\n\n\n<p><a href=\"https:\/\/forms.gle\/ZaYHefsFyz3LD6TNA\"><mark style=\"background-color:#ffffff\" class=\"has-inline-color has-vivid-cyan-blue-color\">Hier geht&#8217;s zum Formular<\/mark><\/a><\/p>\n","protected":false},"excerpt":{"rendered":"<p>Seit der Saison 2024 habt ihr die M\u00f6glichkeit Pl\u00e4tze f\u00fcr Veranstaltungen\/Trainings etc. direkt \u00fcber folgenden Link zu buchen: https:\/\/mtv-in-beach.courtbooking.de\/login.php Info: [&hellip;]<\/p>\n","protected":false},"author":322,"featured_media":0,"parent":0,"menu_order":0,"comment_status":"closed","ping_status":"closed","template":"","meta":{"site-sidebar-layout":"default","site-content-layout":"","ast-site-content-layout":"default","site-content-style":"default","site-sidebar-style":"default","ast-global-header-display":"","ast-banner-title-visibility":"","ast-main-header-display":"","ast-hfb-above-header-display":"","ast-hfb-below-header-display":"","ast-hfb-mobile-header-display":"","site-post-title":"","ast-breadcrumbs-content":"","ast-featured-img":"","footer-sml-layout":"","ast-disable-related-posts":"","theme-transparent-header-meta":"","adv-header-id-meta":"","stick-header-meta":"","header-above-stick-meta":"","header-main-stick-meta":"","header-below-stick-meta":"","astra-migrate-meta-layouts":"default","ast-page-background-enabled":"default","ast-page-background-meta":{"desktop":{"background-color":"var(--ast-global-color-4)","background-image":"","background-repeat":"repeat","background-position":"center center","background-size":"auto","background-attachment":"scroll","background-type":"","background-media":"","overlay-type":"","overlay-color":"","overlay-opacity":"","overlay-gradient":""},"tablet":{"background-color":"","background-image":"","background-repeat":"repeat","background-position":"center center","background-size":"auto","background-attachment":"scroll","background-type":"","background-media":"","overlay-type":"","overlay-color":"","overlay-opacity":"","overlay-gradient":""},"mobile":{"background-color":"","background-image":"","background-repeat":"repeat","background-position":"center center","background-size":"auto","background-attachment":"scroll","background-type":"","background-media":"","overlay-type":"","overlay-color":"","overlay-opacity":"","overlay-gradient":""}},"ast-content-background-meta":{"desktop":{"background-color":"var(--ast-global-color-5)","background-image":"","background-repeat":"repeat","background-position":"center center","background-size":"auto","background-attachment":"scroll","background-type":"","background-media":"","overlay-type":"","overlay-color":"","overlay-opacity":"","overlay-gradient":""},"tablet":{"background-color":"var(--ast-global-color-5)","background-image":"","background-repeat":"repeat","background-position":"center center","background-size":"auto","background-attachment":"scroll","background-type":"","background-media":"","overlay-type":"","overlay-color":"","overlay-opacity":"","overlay-gradient":""},"mobile":{"background-color":"var(--ast-global-color-5)","background-image":"","background-repeat":"repeat","background-position":"center center","background-size":"auto","background-attachment":"scroll","background-type":"","background-media":"","overlay-type":"","overlay-color":"","overlay-opacity":"","overlay-gradient":""}},"footnotes":""},"class_list":["post-1451","page","type-page","status-publish","hentry"],"_links":{"self":[{"href":"https:\/\/www.mtv-in.de\/beachvolleyball\/wp-json\/wp\/v2\/pages\/1451","targetHints":{"allow":["GET"]}}],"collection":[{"href":"https:\/\/www.mtv-in.de\/beachvolleyball\/wp-json\/wp\/v2\/pages"}],"about":[{"href":"https:\/\/www.mtv-in.de\/beachvolleyball\/wp-json\/wp\/v2\/types\/page"}],"author":[{"embeddable":true,"href":"https:\/\/www.mtv-in.de\/beachvolleyball\/wp-json\/wp\/v2\/users\/322"}],"replies":[{"embeddable":true,"href":"https:\/\/www.mtv-in.de\/beachvolleyball\/wp-json\/wp\/v2\/comments?post=1451"}],"version-history":[{"count":20,"href":"https:\/\/www.mtv-in.de\/beachvolleyball\/wp-json\/wp\/v2\/pages\/1451\/revisions"}],"predecessor-version":[{"id":1604,"href":"https:\/\/www.mtv-in.de\/beachvolleyball\/wp-json\/wp\/v2\/pages\/1451\/revisions\/1604"}],"wp:attachment":[{"href":"https:\/\/www.mtv-in.de\/beachvolleyball\/wp-json\/wp\/v2\/media?parent=1451"}],"curies":[{"name":"wp","href":"https:\/\/api.w.org\/{rel}","templated":true}]}}