{"id":47,"date":"2011-06-12T20:57:32","date_gmt":"2011-06-12T18:57:32","guid":{"rendered":"http:\/\/www.mtv-in.de\/basketball\/?page_id=47"},"modified":"2026-03-05T22:21:32","modified_gmt":"2026-03-05T21:21:32","slug":"veranstaltungen","status":"publish","type":"page","link":"https:\/\/www.mtv-in.de\/beachvolleyball\/veranstaltungen\/","title":{"rendered":"Veranstaltungen"},"content":{"rendered":"\n<p>Wenn ihr nach dem Spielen noch zusammen grillen wollt, habt ihr auch die M\u00f6glichkeit von uns Biertischgarnituren, Grills und Getr\u00e4nke zu beziehen. Bitte f\u00fcllt dazu das <a href=\"https:\/\/forms.gle\/eNFhnzCsgfyTFYky5\"><strong><mark style=\"background-color:#ffffff\" class=\"has-inline-color has-vivid-cyan-blue-color\">Formular<\/mark> <\/strong><\/a>aus, wir melden uns dann innerhalb weniger Tage.<\/p>\n\n\n\n<p>in unserem <a href=\"https:\/\/timetreeapp.com\/public_calendars\/mtv_in_beach\/\"><mark style=\"background-color:#ffffff\" class=\"has-inline-color has-vivid-cyan-blue-color\">TimeTree Kalende<\/mark><\/a><mark style=\"background-color:#ffffff\" class=\"has-inline-color\"><a href=\"https:\/\/timetreeapp.com\/public_calendars\/mtv_in_beach\/\">r <\/a>fi<\/mark>ndet ihr alle aktuell geplanten Veranstaltungen wie Turniere, Sommerfest etc.<\/p>\n\n\n\n<p><\/p>\n\n\n\n<hr class=\"wp-block-separator has-alpha-channel-opacity\" \/>\n\n\n\n<h2 class=\"wp-block-heading\">Kalender<\/h2>\n\n\n\n<p><a href=\"https:\/\/timetreeapp.com\/public_calendars\/mtv_in_beach\/\"><mark style=\"background-color:#ffffff\" class=\"has-inline-color has-vivid-cyan-blue-color\">Hier geht&#8217;s zum Kalender<\/mark><\/a><\/p>\n\n\n\n<pre class=\"wp-block-code\"><code>\n<\/code><\/pre>\n\n\n\n\n\n<hr class=\"wp-block-separator has-alpha-channel-opacity\" \/>\n\n\n\n<h2 class=\"wp-block-heading\"><strong>geltende Dokumente \/ Unterlagen<\/strong><\/h2>\n\n\n\n<p><\/p>\n\n\n\n<div data-wp-interactive=\"core\/file\" class=\"wp-block-file\"><object data-wp-bind--hidden=\"!state.hasPdfPreview\" hidden class=\"wp-block-file__embed\" data=\"https:\/\/www.mtv-in.de\/beachvolleyball\/files\/2025\/02\/MTV_Beachvolleyball_Grillnutzung.pdf\" type=\"application\/pdf\" style=\"width:100%;height:600px\" aria-label=\"Einbettung von MTV_Beachvolleyball_Grillnutzung.\"><\/object><a id=\"wp-block-file--media-331a8f0a-d600-44b5-91ce-102dc173709f\" href=\"https:\/\/www.mtv-in.de\/beachvolleyball\/files\/2025\/02\/MTV_Beachvolleyball_Grillnutzung.pdf\">MTV_Beachvolleyball_Grillnutzung<\/a><a href=\"https:\/\/www.mtv-in.de\/beachvolleyball\/files\/2025\/02\/MTV_Beachvolleyball_Grillnutzung.pdf\" class=\"wp-block-file__button wp-element-button\" download aria-describedby=\"wp-block-file--media-331a8f0a-d600-44b5-91ce-102dc173709f\">Herunterladen<\/a><\/div>\n\n\n\n<p><\/p>\n","protected":false},"excerpt":{"rendered":"<p>Wenn ihr nach dem Spielen noch zusammen grillen wollt, habt ihr auch die M\u00f6glichkeit von uns Biertischgarnituren, Grills und Getr\u00e4nke [&hellip;]<\/p>\n","protected":false},"author":1,"featured_media":0,"parent":0,"menu_order":0,"comment_status":"closed","ping_status":"closed","template":"","meta":{"site-sidebar-layout":"default","site-content-layout":"","ast-site-content-layout":"default","site-content-style":"default","site-sidebar-style":"default","ast-global-header-display":"","ast-banner-title-visibility":"","ast-main-header-display":"","ast-hfb-above-header-display":"","ast-hfb-below-header-display":"","ast-hfb-mobile-header-display":"","site-post-title":"","ast-breadcrumbs-content":"","ast-featured-img":"","footer-sml-layout":"","ast-disable-related-posts":"","theme-transparent-header-meta":"","adv-header-id-meta":"","stick-header-meta":"","header-above-stick-meta":"","header-main-stick-meta":"","header-below-stick-meta":"","astra-migrate-meta-layouts":"default","ast-page-background-enabled":"default","ast-page-background-meta":{"desktop":{"background-color":"var(--ast-global-color-4)","background-image":"","background-repeat":"repeat","background-position":"center center","background-size":"auto","background-attachment":"scroll","background-type":"","background-media":"","overlay-type":"","overlay-color":"","overlay-opacity":"","overlay-gradient":""},"tablet":{"background-color":"","background-image":"","background-repeat":"repeat","background-position":"center center","background-size":"auto","background-attachment":"scroll","background-type":"","background-media":"","overlay-type":"","overlay-color":"","overlay-opacity":"","overlay-gradient":""},"mobile":{"background-color":"","background-image":"","background-repeat":"repeat","background-position":"center center","background-size":"auto","background-attachment":"scroll","background-type":"","background-media":"","overlay-type":"","overlay-color":"","overlay-opacity":"","overlay-gradient":""}},"ast-content-background-meta":{"desktop":{"background-color":"var(--ast-global-color-5)","background-image":"","background-repeat":"repeat","background-position":"center center","background-size":"auto","background-attachment":"scroll","background-type":"","background-media":"","overlay-type":"","overlay-color":"","overlay-opacity":"","overlay-gradient":""},"tablet":{"background-color":"var(--ast-global-color-5)","background-image":"","background-repeat":"repeat","background-position":"center center","background-size":"auto","background-attachment":"scroll","background-type":"","background-media":"","overlay-type":"","overlay-color":"","overlay-opacity":"","overlay-gradient":""},"mobile":{"background-color":"var(--ast-global-color-5)","background-image":"","background-repeat":"repeat","background-position":"center center","background-size":"auto","background-attachment":"scroll","background-type":"","background-media":"","overlay-type":"","overlay-color":"","overlay-opacity":"","overlay-gradient":""}},"footnotes":""},"class_list":["post-47","page","type-page","status-publish","hentry"],"_links":{"self":[{"href":"https:\/\/www.mtv-in.de\/beachvolleyball\/wp-json\/wp\/v2\/pages\/47","targetHints":{"allow":["GET"]}}],"collection":[{"href":"https:\/\/www.mtv-in.de\/beachvolleyball\/wp-json\/wp\/v2\/pages"}],"about":[{"href":"https:\/\/www.mtv-in.de\/beachvolleyball\/wp-json\/wp\/v2\/types\/page"}],"author":[{"embeddable":true,"href":"https:\/\/www.mtv-in.de\/beachvolleyball\/wp-json\/wp\/v2\/users\/1"}],"replies":[{"embeddable":true,"href":"https:\/\/www.mtv-in.de\/beachvolleyball\/wp-json\/wp\/v2\/comments?post=47"}],"version-history":[{"count":48,"href":"https:\/\/www.mtv-in.de\/beachvolleyball\/wp-json\/wp\/v2\/pages\/47\/revisions"}],"predecessor-version":[{"id":1616,"href":"https:\/\/www.mtv-in.de\/beachvolleyball\/wp-json\/wp\/v2\/pages\/47\/revisions\/1616"}],"wp:attachment":[{"href":"https:\/\/www.mtv-in.de\/beachvolleyball\/wp-json\/wp\/v2\/media?parent=47"}],"curies":[{"name":"wp","href":"https:\/\/api.w.org\/{rel}","templated":true}]}}