{"id":120,"date":"2012-05-07T13:36:49","date_gmt":"2012-05-07T11:36:49","guid":{"rendered":"http:\/\/www.mtv-in.de\/fechten\/?page_id=120"},"modified":"2025-10-07T16:16:08","modified_gmt":"2025-10-07T14:16:08","slug":"trainingsangebot","status":"publish","type":"page","link":"https:\/\/www.mtv-in.de\/fechten\/training\/trainingsangebot\/","title":{"rendered":"Trainingszeiten"},"content":{"rendered":"\n<h2 class=\"wp-block-heading fly-in fly-in-delay-1\"><strong>Kinder und Jugendliche<\/strong><\/h2>\n\n\n\n<p class=\"fly-in fly-in-delay-2\"><strong>Schnupperblockkurs Kinder und Jugend (ab 8 Jahre)*<\/strong><\/p>\n\n\n\n<figure class=\"wp-block-table fly-in fly-in-delay-2\"><table class=\"has-fixed-layout\"><tbody><tr><td>Tag<\/td><td>Uhrzeit<\/td><td>Ort<\/td><\/tr><tr><td>Montag<\/td><td>17:30 &#8211; 18:30 Uhr<\/td><td>MTV Halle C<\/td><\/tr><tr><td>Freitag<\/td><td>17:00 &#8211; 18:00 Uhr<\/td><td>Gymnastikhalle<\/td><\/tr><\/tbody><\/table><\/figure>\n\n\n\n<p class=\"has-text-align-left fly-in fly-in-delay-3\"><strong>Training: Kinder und Jugendliche<\/strong><\/p>\n\n\n\n<figure class=\"wp-block-table fly-in fly-in-delay-3\"><table class=\"has-fixed-layout\"><tbody><tr><td>Tag<\/td><td>Uhrzeit<\/td><td>Ort<\/td><\/tr><tr><td>Montag<\/td><td>17:00 &#8211; 19:30 Uhr<\/td><td>MTV Halle C<\/td><\/tr><tr><td>Freitag<\/td><td>18:00 &#8211; 20:00 Uhr<\/td><td>Gymnastikhalle<\/td><\/tr><\/tbody><\/table><\/figure>\n\n\n\n<h2 class=\"wp-block-heading\" id=\"fly-in-fly-in-delay-3\"><strong>Erwachsene<\/strong><\/h2>\n\n\n\n<p class=\"fly-in fly-in-delay-1\"><b>Schnupperblockkurs Erwachsene (ab 16 Jahre)*<\/b><\/p>\n\n\n\n<figure class=\"wp-block-table fly-in fly-in-delay-1\"><table class=\"has-fixed-layout\"><tbody><tr><td>Tag<\/td><td>Uhrzeit<\/td><td>Ort<\/td><\/tr><tr><td>Montag<\/td><td>19:30 &#8211; 21:00 Uhr<\/td><td>MTV Halle C<\/td><\/tr><tr><td>Freitag<\/td><td>19:30 &#8211; 21:00 Uhr<\/td><td>Gymnastikhalle<\/td><\/tr><\/tbody><\/table><\/figure>\n\n\n\n<p class=\"fly-in fly-in-delay-1\"><strong>Training: Erwachsene&nbsp;<\/strong><\/p>\n\n\n\n<figure class=\"wp-block-table fly-in fly-in-delay-1\"><table class=\"has-fixed-layout\"><tbody><tr><td>Tag<\/td><td>Uhrzeit<\/td><td>Ort<\/td><\/tr><tr><td>Montag<\/td><td>19:30 &#8211; 21:30 Uhr<\/td><td>MTV Halle C<\/td><\/tr><tr><td>Freitag<\/td><td>19:30 &#8211; 21:30 Uhr<\/td><td>Gymnastikhalle<\/td><\/tr><\/tbody><\/table><\/figure>\n\n\n\n<p>&nbsp;<\/p>\n\n\n\n<p class=\"fly-in fly-in-delay-1\"><strong>*<\/strong>) F\u00fcr den <a href=\"https:\/\/www.mtv-in.de\/fechten\/schnuppertraining\/\">Schnupperkurs<\/a> ben\u00f6tigen die Teilnehmer Hallenturnschuhe und Sportbekleidung. Sp\u00e4ter k\u00f6nnen die sportartspezifischen Bekleidungsst\u00fccke geliehen werden.<\/p>\n\n\n\n<p class=\"fly-in fly-in-delay-1\">Der Schnupperkurs beginnt im 2-Wochen-Rhythmus, ausgenommen von Schulferien. Schreibt uns bitte zuvor eine Mail an <a href=\"javascript:DeCryptX('1n2v2x0-1j0n2i3r1m2u1u1b1e1u2\/0f3h2e2j2v0e1o2B1x0e0b1\/3g0e')\">mtv-ingolstadt-fechten [at] web [dot] de<\/a>, kontaktiert uns via <a href=\"https:\/\/www.instagram.com\/mtv_ingolstadt_fechten\/\">Instagram<\/a>, <a href=\"https:\/\/www.facebook.com\/mtv1881ingolstadtfechten\/\">Facebook <\/a>oder nutzt unser <a href=\"https:\/\/www.mtv-in.de\/fechten\/kontakt\/\">Kontaktformular<\/a> wann der n\u00e4chste Kurs beginnt!<\/p>\n\n\n\n<div style=\"height:50px\" aria-hidden=\"true\" class=\"wp-block-spacer\"><\/div>\n\n\n\n<h2 class=\"wp-block-heading fly-in fly-in-delay-1\">Breitensportstandort &#8211; \u00f6ffentliches Training<\/h2>\n\n\n\n<figure class=\"wp-block-table fly-in fly-in-delay-1\"><table class=\"has-fixed-layout\"><tbody><tr><td>Tag<\/td><td>Uhrzeit<\/td><td>Ort<\/td><\/tr><tr><td>Montag<\/td><td>19:30 &#8211; 21:30 Uhr<\/td><td>MTV Halle C<\/td><\/tr><\/tbody><\/table><\/figure>\n\n\n\n<div style=\"height:100px\" aria-hidden=\"true\" class=\"wp-block-spacer\"><\/div>\n\n\n\n<h2 class=\"wp-block-heading fly-in fly-in-delay-1\">Trainingsort<\/h2>\n\n\n\n<address>Bezirkssportanlage-Mitte Turnhalle &#8222;MTV-Halle&#8220;<br>Von-der-Tann-Stra\u00dfe 1<br>85049 Ingolstadt<br><a href=\"https:\/\/www.google.de\/maps\/place\/MTV-IN-Halle\/@48.7660562,11.4147445,18.43z\/data=!3m1!5s0x479efe5b5e049875:0x2723f88492a54001!4m6!3m5!1s0x479efe5b6504378b:0x5e8ba7f5967a662e!8m2!3d48.766465!4d11.4150619!16s%2Fg%2F11c586cqcp?entry=ttu\" target=\"_blank\" rel=\"noopener\">Gr\u00f6\u00dfere Kartenansicht<\/a><\/address>\n\n\n\n<div style=\"height:50px\" aria-hidden=\"true\" class=\"wp-block-spacer\"><\/div>\n\n\n\n<h2 class=\"wp-block-heading fly-in fly-in-delay-1\">Anfahrt Hinweise<\/h2>\n\n\n\n<p class=\"fly-in fly-in-delay-1\"><span style=\"font-weight: 400;\">Kommt \u00fcber die Westliche Ringstra\u00dfe oder Auf der Schanz zur Von-der-Tann-Stra\u00dfe.<\/span><\/p>\n\n\n\n<p class=\"fly-in fly-in-delay-1\"><span style=\"font-weight: 400;\">Jeweils vor der Durchfahrt durch das Spielzeugmuseum k\u00f6nnt ihr die Einfahrt hinter zur Ickstatt Realschule nehmen.<\/span><\/p>\n\n\n\n<p class=\"fly-in fly-in-delay-1\"><span style=\"font-weight: 400;\">Direkt vor der Schule findet ihr gen\u00fcgend Parkplatz, dann geht`s nur noch die Treppen runter in die Halle.<\/span><br>Die Gymnastikhalle ist gleich am Anfang rechts, die Halle C ist den Gang ganz hinter.<\/p>\n\n\n\n<p class=\"fly-in fly-in-delay-1\"><span style=\"font-weight: 400;\">Beachtet, die Zufahrt \u00fcber die Friedhofstra\u00dfe 10 f\u00fchrt zu unserem Vereinsheim und ins Stadium. Da wir in den Hallen der Bezirkssportanlage Mitte sind, geht die Anfahrt \u00fcber die Von-der-Tann-Stra\u00dfe deutlich schneller.<\/span><\/p>\n\n\n\n<div style=\"height:100px\" aria-hidden=\"true\" class=\"wp-block-spacer\"><\/div>\n\n\n\n<h1 class=\"wp-block-heading has-text-align-center fly-in fly-in-delay-1\">Ihr erreicht uns dank unserer zentralen Lagen bestens mit dem \u00d6PNV<\/h1>\n\n\n\n<h2 class=\"wp-block-heading fly-in fly-in-delay-1\"><span style=\"font-weight: 400;\"><br><strong>Anfahrt mit dem Bus:<\/strong><\/span><\/h2>\n\n\n\n<p class=\"fly-in fly-in-delay-1\"><span style=\"font-weight: 400;\">Fahrt mit dem Bus bis zur Haltestelle Universit\u00e4t Kreuztor, nach 3 Minuten Gehzeit seid ihr schon bei uns in der Halle. Ihr erreicht die Bushaltestelle mit den Linien: 30, 45, 50, 53, 60, 65, 85, X80.<\/span><\/p>\n\n\n\n<p class=\"fly-in fly-in-delay-1\"><span style=\"font-weight: 400;\">Optional k\u00f6nnt ihr beim ZOB (Zentraler-Omnibus-Busbahnhof) aussteigen, von dort sind es noch 10 Minuten zu uns.<\/span><\/p>\n\n\n\n<p class=\"fly-in fly-in-delay-1\"><span style=\"font-weight: 400;\">Wie die Busse fahren, findet ihr hier.<\/span><a href=\"https:\/\/www.invg.de\/fahrplan_fahrplanauskuenfte\"> <span style=\"font-weight: 400;\">Ingolst\u00e4dter Verkehrsgesellschaft GmbH, INVG<\/span><\/a><\/p>\n\n\n\n<figure class=\"wp-block-image fly-in fly-in-delay-1\"><a href=\"https:\/\/www.mtv-in.de\/fechten\/files\/2021\/05\/Homepage-Anfahrt-\u00d6PNV.png\"><img loading=\"lazy\" decoding=\"async\" width=\"1024\" height=\"746\" src=\"https:\/\/www.mtv-in.de\/fechten\/files\/2021\/05\/Homepage-Anfahrt-\u00d6PNV-1024x746.png\" alt=\"\" class=\"wp-image-991\" srcset=\"https:\/\/www.mtv-in.de\/fechten\/files\/2021\/05\/Homepage-Anfahrt-\u00d6PNV-1024x746.png 1024w, https:\/\/www.mtv-in.de\/fechten\/files\/2021\/05\/Homepage-Anfahrt-\u00d6PNV-300x219.png 300w, https:\/\/www.mtv-in.de\/fechten\/files\/2021\/05\/Homepage-Anfahrt-\u00d6PNV-768x560.png 768w, https:\/\/www.mtv-in.de\/fechten\/files\/2021\/05\/Homepage-Anfahrt-\u00d6PNV.png 1198w\" sizes=\"auto, (max-width: 1024px) 100vw, 1024px\" \/><\/a><\/figure>\n\n\n\n<p><span style=\"font-weight: 400;\">&nbsp;<\/span><\/p>\n\n\n\n<h2 class=\"wp-block-heading fly-in fly-in-delay-1\"><strong><br>Anfahrt mit dem Zug:<\/strong><\/h2>\n\n\n\n<p class=\"fly-in fly-in-delay-1\"><span style=\"font-weight: 400;\">Wer beim Nordbahnhof ankommt, erreicht unsere Halle in 20 Minuten zu Fu\u00df.<\/span><\/p>\n\n\n\n<p class=\"fly-in fly-in-delay-1\"><span style=\"font-weight: 400;\">Etwas weiter entfernt ist der Hauptbahnhof Ingolstadt. Wenn ihr dort mit der Buslinie 44 (Audi-GVZ) zur Universit\u00e4t Kreuztor fahrt, braucht ihr ca. 15 Minuten zum MTV. Mit den Linien 10 (Herschelstra\u00dfe), 11 (Bahnhof Ingolstadt Audi), 16 (ZOB) und 18 (ZOB) kommt ihr bis zum ZOB. <\/span><span style=\"font-weight: 400;\"><br><\/span><span style=\"font-weight: 400;\"><br><\/span><span style=\"font-weight: 400;\">Achtet jeweils darauf, dass ihr bei den Haltestellen \u201eHauptbahnhof stadteinw\u00e4rts\u201c (HBF abgewandte Seite) einsteigt, au\u00dfer ihr wollt die Umgebung von Ingolstadt erkunden.<\/span><\/p>\n\n\n\n<div style=\"height:50px\" aria-hidden=\"true\" class=\"wp-block-spacer\"><\/div>\n\n\n\n<div class=\"wp-block-buttons fly-in fly-in-delay-1 is-content-justification-center is-layout-flex wp-container-core-buttons-is-layout-16018d1d wp-block-buttons-is-layout-flex\">\n<div class=\"wp-block-button has-custom-width wp-block-button__width-50\"><a class=\"wp-block-button__link has-white-color has-vivid-purple-background-color has-text-color has-background has-link-color wp-element-button\" href=\"https:\/\/www.mtv-in.de\/fechten\/training\/breitensportstandort\/\"><strong>Unser B<\/strong>reitensporttraining<\/a><\/div>\n<\/div>\n","protected":false},"excerpt":{"rendered":"<p>Kinder und Jugendliche Schnupperblockkurs Kinder und Jugend (ab 8 Jahre)* Tag Uhrzeit Ort Montag 17:30 &#8211; 18:30 Uhr MTV Halle C Freitag 17:00 &#8211; 18:00 Uhr Gymnastikhalle Training: Kinder und Jugendliche Tag Uhrzeit Ort Montag 17:00 &#8211; 19:30 Uhr MTV Halle C Freitag 18:00 &#8211; 20:00 Uhr Gymnastikhalle Erwachsene Schnupperblockkurs Erwachsene (ab 16 Jahre)* Tag [&hellip;]<\/p>\n","protected":false},"author":1,"featured_media":0,"parent":786,"menu_order":0,"comment_status":"closed","ping_status":"closed","template":"","meta":{"footnotes":""},"class_list":["post-120","page","type-page","status-publish","hentry"],"_links":{"self":[{"href":"https:\/\/www.mtv-in.de\/fechten\/wp-json\/wp\/v2\/pages\/120","targetHints":{"allow":["GET"]}}],"collection":[{"href":"https:\/\/www.mtv-in.de\/fechten\/wp-json\/wp\/v2\/pages"}],"about":[{"href":"https:\/\/www.mtv-in.de\/fechten\/wp-json\/wp\/v2\/types\/page"}],"author":[{"embeddable":true,"href":"https:\/\/www.mtv-in.de\/fechten\/wp-json\/wp\/v2\/users\/1"}],"replies":[{"embeddable":true,"href":"https:\/\/www.mtv-in.de\/fechten\/wp-json\/wp\/v2\/comments?post=120"}],"version-history":[{"count":47,"href":"https:\/\/www.mtv-in.de\/fechten\/wp-json\/wp\/v2\/pages\/120\/revisions"}],"predecessor-version":[{"id":2001,"href":"https:\/\/www.mtv-in.de\/fechten\/wp-json\/wp\/v2\/pages\/120\/revisions\/2001"}],"up":[{"embeddable":true,"href":"https:\/\/www.mtv-in.de\/fechten\/wp-json\/wp\/v2\/pages\/786"}],"wp:attachment":[{"href":"https:\/\/www.mtv-in.de\/fechten\/wp-json\/wp\/v2\/media?parent=120"}],"curies":[{"name":"wp","href":"https:\/\/api.w.org\/{rel}","templated":true}]}}