{"id":823,"date":"2019-01-31T17:28:03","date_gmt":"2019-01-31T16:28:03","guid":{"rendered":"http:\/\/www.mtv-in.de\/fechten\/?page_id=823"},"modified":"2025-09-01T17:33:58","modified_gmt":"2025-09-01T15:33:58","slug":"schnuppertraining","status":"publish","type":"page","link":"https:\/\/www.mtv-in.de\/fechten\/schnuppertraining\/","title":{"rendered":"Schnupperkurs"},"content":{"rendered":"<div class=\"wp-block-image\">\n<figure class=\"aligncenter\"><a href=\"https:\/\/www.mtv-in.de\/fechten\/files\/2019\/01\/IMG-20190131-WA0006.jpg\"><img loading=\"lazy\" decoding=\"async\" width=\"1280\" height=\"720\" src=\"https:\/\/www.mtv-in.de\/fechten\/files\/2019\/01\/IMG-20190131-WA0006.jpg\" alt=\"\" class=\"wp-image-826\" srcset=\"https:\/\/www.mtv-in.de\/fechten\/files\/2019\/01\/IMG-20190131-WA0006.jpg 1280w, https:\/\/www.mtv-in.de\/fechten\/files\/2019\/01\/IMG-20190131-WA0006-300x169.jpg 300w, https:\/\/www.mtv-in.de\/fechten\/files\/2019\/01\/IMG-20190131-WA0006-768x432.jpg 768w, https:\/\/www.mtv-in.de\/fechten\/files\/2019\/01\/IMG-20190131-WA0006-1024x576.jpg 1024w\" sizes=\"auto, (max-width: 1280px) 100vw, 1280px\" \/><\/a><\/figure>\n<\/div>\n\n\n<div style=\"height:50px\" aria-hidden=\"true\" class=\"wp-block-spacer\"><\/div>\n\n\n\n<p class=\"has-text-align-center fly-in fly-in-delay-1 has-black-color has-text-color has-link-color has-x-large-font-size wp-elements-ae30de1404f5ebfa675d3a6a531193c8\">Schnupperkurs Fechten <\/p>\n\n\n\n<p class=\"has-text-align-center fly-in fly-in-delay-2 has-black-color has-text-color has-link-color has-large-font-size wp-elements-76b3403e49304c3ec256a2509177725a\">Probiere es aus beim MTV Ingolstadt!<\/p>\n\n\n\n<p class=\"has-text-align-center fly-in fly-in-delay-3\">Erlebe die Faszination des Fechtens hautnah \u2013 Reaktion, Schnelligkeit und Fairness. <br>Komm zum kostenlosen Schnuppertraining und werde Teil unserer Fechtfamilie!<\/p>\n\n\n\n<div style=\"height:100px\" aria-hidden=\"true\" class=\"wp-block-spacer\"><\/div>\n\n\n\n<div class=\"wp-block-columns is-layout-flex wp-container-core-columns-is-layout-9d6595d7 wp-block-columns-is-layout-flex\">\n<div class=\"wp-block-column is-layout-flow wp-block-column-is-layout-flow\">\n<figure class=\"wp-block-image size-full fly-in fly-in-delay-1 is-style-rounded\"><a href=\"https:\/\/www.mtv-in.de\/fechten\/files\/2018\/09\/Bild-KITA-18.jpg\"><img loading=\"lazy\" decoding=\"async\" width=\"960\" height=\"640\" src=\"https:\/\/www.mtv-in.de\/fechten\/files\/2018\/09\/Bild-KITA-18.jpg\" alt=\"\" class=\"wp-image-713\" style=\"aspect-ratio:4\/3;object-fit:cover\" srcset=\"https:\/\/www.mtv-in.de\/fechten\/files\/2018\/09\/Bild-KITA-18.jpg 960w, https:\/\/www.mtv-in.de\/fechten\/files\/2018\/09\/Bild-KITA-18-300x200.jpg 300w, https:\/\/www.mtv-in.de\/fechten\/files\/2018\/09\/Bild-KITA-18-768x512.jpg 768w\" sizes=\"auto, (max-width: 960px) 100vw, 960px\" \/><\/a><\/figure>\n<\/div>\n\n\n\n<div class=\"wp-block-column is-layout-flow wp-block-column-is-layout-flow\">\n<h2 class=\"wp-block-heading fly-in fly-in-delay-2\">Kinder- &amp; Jugendliche<\/h2>\n\n\n\n<ul class=\"wp-block-list\">\n<li class=\"fly-in fly-in-delay-2\">F\u00fcr Kinder ab 8 Jahren<\/li>\n\n\n\n<li class=\"fly-in fly-in-delay-2\">Keine Vorkenntnisse notwendig<\/li>\n\n\n\n<li class=\"fly-in fly-in-delay-2\">Wir bieten Training f\u00fcr Einsteiger und Fortgeschrittene<\/li>\n<\/ul>\n\n\n\n<h3 class=\"wp-block-heading fly-in fly-in-delay-3\">Wann &amp; Wo?<\/h3>\n\n\n\n<ul class=\"wp-block-list\">\n<li class=\"fly-in fly-in-delay-3\">Montag: 17:00 &#8211; 18:30 Uhr, Halle C<\/li>\n\n\n\n<li class=\"fly-in fly-in-delay-3\">Freitag: 17:00 &#8211; 18:00, Gymnastikhalle<\/li>\n\n\n\n<li class=\"fly-in fly-in-delay-3\">Bezirkssportanlage Mitte, <br>Von-der-Tann-Stra\u00dfe 1, <br>85049 Ingolstadt<\/li>\n<\/ul>\n<\/div>\n<\/div>\n\n\n\n<div style=\"height:50px\" aria-hidden=\"true\" class=\"wp-block-spacer\"><\/div>\n\n\n\n<div class=\"wp-block-columns is-layout-flex wp-container-core-columns-is-layout-9d6595d7 wp-block-columns-is-layout-flex\">\n<div class=\"wp-block-column is-layout-flow wp-block-column-is-layout-flow\">\n<h2 class=\"wp-block-heading fly-in fly-in-delay-2\">Erwachsene<\/h2>\n\n\n\n<ul class=\"wp-block-list\">\n<li class=\"fly-in fly-in-delay-2\">ab 16 Jahren<\/li>\n\n\n\n<li class=\"fly-in fly-in-delay-2\">Keine Vorkenntnisse notwendig<\/li>\n\n\n\n<li class=\"fly-in fly-in-delay-2\">Wir bieten Training f\u00fcr Einsteiger und Fortgeschrittene<\/li>\n<\/ul>\n\n\n\n<h3 class=\"wp-block-heading fly-in fly-in-delay-3\">Wann &amp; Wo?<\/h3>\n\n\n\n<ul class=\"wp-block-list\">\n<li class=\"fly-in fly-in-delay-3\">Montag: 19:30 &#8211; 21:00 Uhr, Halle C<\/li>\n\n\n\n<li class=\"fly-in fly-in-delay-3\">Freitag: 19:30 &#8211; 21:00, Gymnastikhalle<\/li>\n\n\n\n<li class=\"fly-in fly-in-delay-3\">Bezirkssportanlage Mitte, <br>Von-der-Tann-Stra\u00dfe 1, <br>85049 Ingolstadt<\/li>\n<\/ul>\n<\/div>\n\n\n\n<div class=\"wp-block-column is-layout-flow wp-block-column-is-layout-flow\">\n<figure class=\"wp-block-image size-full fly-in fly-in-delay-1 is-style-rounded\"><a href=\"https:\/\/www.mtv-in.de\/fechten\/files\/2022\/03\/275125369_3189264357974238_8461767833176989029_n.jpg\"><img loading=\"lazy\" decoding=\"async\" width=\"1836\" height=\"1251\" src=\"https:\/\/www.mtv-in.de\/fechten\/files\/2022\/03\/275125369_3189264357974238_8461767833176989029_n.jpg\" alt=\"\" class=\"wp-image-1109\" style=\"aspect-ratio:4\/3;object-fit:cover\" srcset=\"https:\/\/www.mtv-in.de\/fechten\/files\/2022\/03\/275125369_3189264357974238_8461767833176989029_n.jpg 1836w, https:\/\/www.mtv-in.de\/fechten\/files\/2022\/03\/275125369_3189264357974238_8461767833176989029_n-300x204.jpg 300w, https:\/\/www.mtv-in.de\/fechten\/files\/2022\/03\/275125369_3189264357974238_8461767833176989029_n-768x523.jpg 768w, https:\/\/www.mtv-in.de\/fechten\/files\/2022\/03\/275125369_3189264357974238_8461767833176989029_n-1024x698.jpg 1024w\" sizes=\"auto, (max-width: 1836px) 100vw, 1836px\" \/><\/a><\/figure>\n<\/div>\n<\/div>\n\n\n\n<div style=\"height:100px\" aria-hidden=\"true\" class=\"wp-block-spacer\"><\/div>\n\n\n\n<div class=\"wp-block-columns is-layout-flex wp-container-core-columns-is-layout-9d6595d7 wp-block-columns-is-layout-flex\">\n<div class=\"wp-block-column is-layout-flow wp-block-column-is-layout-flow\">\n<figure class=\"wp-block-image size-full fly-in fly-in-delay-1\"><a href=\"https:\/\/www.mtv-in.de\/fechten\/files\/2019\/01\/cropped-Logo-Transparent.png\"><img loading=\"lazy\" decoding=\"async\" width=\"512\" height=\"512\" src=\"https:\/\/www.mtv-in.de\/fechten\/files\/2019\/01\/cropped-Logo-Transparent.png\" alt=\"\" class=\"wp-image-776\" style=\"aspect-ratio:16\/9;object-fit:cover\" srcset=\"https:\/\/www.mtv-in.de\/fechten\/files\/2019\/01\/cropped-Logo-Transparent.png 512w, https:\/\/www.mtv-in.de\/fechten\/files\/2019\/01\/cropped-Logo-Transparent-150x150.png 150w, https:\/\/www.mtv-in.de\/fechten\/files\/2019\/01\/cropped-Logo-Transparent-300x300.png 300w, https:\/\/www.mtv-in.de\/fechten\/files\/2019\/01\/cropped-Logo-Transparent-270x270.png 270w, https:\/\/www.mtv-in.de\/fechten\/files\/2019\/01\/cropped-Logo-Transparent-192x192.png 192w, https:\/\/www.mtv-in.de\/fechten\/files\/2019\/01\/cropped-Logo-Transparent-180x180.png 180w, https:\/\/www.mtv-in.de\/fechten\/files\/2019\/01\/cropped-Logo-Transparent-32x32.png 32w\" sizes=\"auto, (max-width: 512px) 100vw, 512px\" \/><\/a><\/figure>\n<\/div>\n\n\n\n<div class=\"wp-block-column is-layout-flow wp-block-column-is-layout-flow\">\n<h2 class=\"wp-block-heading fly-in fly-in-delay-2\" id=\"fly-in-fly-in-delay-2\">Kosten &amp; Ablauf<\/h2>\n\n\n\n<ul class=\"wp-block-list\">\n<li class=\"fly-in fly-in-delay-3\">Der Schnupperkurs ist kostenlos<\/li>\n<\/ul>\n\n\n\n<ul class=\"wp-block-list\">\n<li class=\"fly-in fly-in-delay-3\">Kontaktiere uns, wann wir den n\u00e4chsten Kurs starten (siehe unten &#8211; Anmeldung)<\/li>\n<\/ul>\n\n\n\n<ul class=\"wp-block-list\">\n<li class=\"fly-in fly-in-delay-3\">Dann kannst du 4 Mal mitmachen<\/li>\n<\/ul>\n\n\n\n<ul class=\"wp-block-list\">\n<li class=\"fly-in fly-in-delay-3\">Danach kannst du Mitglied werden<\/li>\n<\/ul>\n<\/div>\n<\/div>\n\n\n\n<div style=\"height:100px\" aria-hidden=\"true\" class=\"wp-block-spacer\"><\/div>\n\n\n\n<div class=\"wp-block-columns is-layout-flex wp-container-core-columns-is-layout-9d6595d7 wp-block-columns-is-layout-flex\">\n<div class=\"wp-block-column is-layout-flow wp-block-column-is-layout-flow\">\n<h2 class=\"wp-block-heading fly-in fly-in-delay-2\">Ausr\u00fcstung<\/h2>\n\n\n\n<ul class=\"wp-block-list\">\n<li class=\"fly-in fly-in-delay-3\">Fechtausr\u00fcstung stellen wir f\u00fcr den kompletten Schnupperkurs zur Verf\u00fcgung<\/li>\n<\/ul>\n\n\n\n<ul class=\"wp-block-list\">\n<li class=\"fly-in fly-in-delay-3\">Sicherheit steht an erster Stelle!<\/li>\n<\/ul>\n\n\n\n<ul class=\"wp-block-list\">\n<li class=\"fly-in fly-in-delay-3\">Bitte bringe mit: Sportkleidung, Hallenschuhe, Wasser<\/li>\n<\/ul>\n<\/div>\n\n\n\n<div class=\"wp-block-column is-layout-flow wp-block-column-is-layout-flow\">\n<figure class=\"wp-block-image size-large fly-in fly-in-delay-1 is-style-rounded\"><a href=\"https:\/\/www.mtv-in.de\/fechten\/files\/2019\/01\/Homepage-Ausr\u00fcstung-1.png\"><img loading=\"lazy\" decoding=\"async\" width=\"1024\" height=\"687\" src=\"https:\/\/www.mtv-in.de\/fechten\/files\/2019\/01\/Homepage-Ausr\u00fcstung-1-1024x687.png\" alt=\"\" class=\"wp-image-935\" style=\"aspect-ratio:4\/3;object-fit:contain\" srcset=\"https:\/\/www.mtv-in.de\/fechten\/files\/2019\/01\/Homepage-Ausr\u00fcstung-1-1024x687.png 1024w, https:\/\/www.mtv-in.de\/fechten\/files\/2019\/01\/Homepage-Ausr\u00fcstung-1-300x201.png 300w, https:\/\/www.mtv-in.de\/fechten\/files\/2019\/01\/Homepage-Ausr\u00fcstung-1-768x515.png 768w, https:\/\/www.mtv-in.de\/fechten\/files\/2019\/01\/Homepage-Ausr\u00fcstung-1.png 2000w\" sizes=\"auto, (max-width: 1024px) 100vw, 1024px\" \/><\/a><\/figure>\n<\/div>\n<\/div>\n\n\n\n<div style=\"height:60px\" aria-hidden=\"true\" class=\"wp-block-spacer\"><\/div>\n\n\n\n<div class=\"wp-block-columns is-layout-flex wp-container-core-columns-is-layout-9d6595d7 wp-block-columns-is-layout-flex\">\n<div class=\"wp-block-column is-layout-flow wp-block-column-is-layout-flow\">\n<figure class=\"wp-block-image size-full fly-in fly-in-delay-1\"><a href=\"https:\/\/www.mtv-in.de\/fechten\/files\/2019\/01\/cropped-Logo-Transparent.png\"><img loading=\"lazy\" decoding=\"async\" width=\"512\" height=\"512\" src=\"https:\/\/www.mtv-in.de\/fechten\/files\/2019\/01\/cropped-Logo-Transparent.png\" alt=\"\" class=\"wp-image-776\" style=\"aspect-ratio:16\/9;object-fit:cover\" srcset=\"https:\/\/www.mtv-in.de\/fechten\/files\/2019\/01\/cropped-Logo-Transparent.png 512w, https:\/\/www.mtv-in.de\/fechten\/files\/2019\/01\/cropped-Logo-Transparent-150x150.png 150w, https:\/\/www.mtv-in.de\/fechten\/files\/2019\/01\/cropped-Logo-Transparent-300x300.png 300w, https:\/\/www.mtv-in.de\/fechten\/files\/2019\/01\/cropped-Logo-Transparent-270x270.png 270w, https:\/\/www.mtv-in.de\/fechten\/files\/2019\/01\/cropped-Logo-Transparent-192x192.png 192w, https:\/\/www.mtv-in.de\/fechten\/files\/2019\/01\/cropped-Logo-Transparent-180x180.png 180w, https:\/\/www.mtv-in.de\/fechten\/files\/2019\/01\/cropped-Logo-Transparent-32x32.png 32w\" sizes=\"auto, (max-width: 512px) 100vw, 512px\" \/><\/a><\/figure>\n<\/div>\n\n\n\n<div class=\"wp-block-column is-layout-flow wp-block-column-is-layout-flow\">\n<h2 class=\"wp-block-heading fly-in fly-in-delay-2\">Anmeldung &amp; Kontakt<\/h2>\n\n\n\n<ul class=\"wp-block-list\">\n<li class=\"fly-in fly-in-delay-3\">F\u00fcr die Terminanfrage f\u00fcllt ihr bitte unser unten verlinktes Formular aus, dann melden wir uns per Mail bei euch<\/li>\n<\/ul>\n\n\n\n<ul class=\"wp-block-list\">\n<li class=\"fly-in fly-in-delay-3\">Ansprechpartner: Stefan Koppenhofer<br><a href=\"javascript:DeCryptX('2o3w1w300i3q3j2q0l0s2v2c3g2v2\/0f1f2e2j0t2g1o1A3z2g1c0.0d3h')\">mtv-ingolstadt-fechten [at] web [dot] de<\/a><br><\/li>\n<\/ul>\n\n\n\n<div class=\"wp-block-buttons is-layout-flex wp-block-buttons-is-layout-flex\">\n<div class=\"wp-block-button fly-in fly-in-delay-3\"><a class=\"wp-block-button__link has-white-color has-vivid-purple-background-color has-text-color has-background has-link-color wp-element-button\" href=\"https:\/\/www.mtv-in.de\/fechten\/schnuppertraining-anfrage\/\"><strong>Jetzt zum Schnupperkurs<\/strong> <strong>anmelden<\/strong><\/a><\/div>\n<\/div>\n<\/div>\n<\/div>\n\n\n\n<p><\/p>\n","protected":false},"excerpt":{"rendered":"<p>Schnupperkurs Fechten Probiere es aus beim MTV Ingolstadt! Erlebe die Faszination des Fechtens hautnah \u2013 Reaktion, Schnelligkeit und Fairness. Komm zum kostenlosen Schnuppertraining und werde Teil unserer Fechtfamilie! Kinder- &amp; Jugendliche Wann &amp; Wo? Erwachsene Wann &amp; Wo? Kosten &amp; Ablauf Ausr\u00fcstung Anmeldung &amp; Kontakt<\/p>\n","protected":false},"author":305,"featured_media":0,"parent":0,"menu_order":0,"comment_status":"closed","ping_status":"closed","template":"","meta":{"footnotes":""},"class_list":["post-823","page","type-page","status-publish","hentry"],"_links":{"self":[{"href":"https:\/\/www.mtv-in.de\/fechten\/wp-json\/wp\/v2\/pages\/823","targetHints":{"allow":["GET"]}}],"collection":[{"href":"https:\/\/www.mtv-in.de\/fechten\/wp-json\/wp\/v2\/pages"}],"about":[{"href":"https:\/\/www.mtv-in.de\/fechten\/wp-json\/wp\/v2\/types\/page"}],"author":[{"embeddable":true,"href":"https:\/\/www.mtv-in.de\/fechten\/wp-json\/wp\/v2\/users\/305"}],"replies":[{"embeddable":true,"href":"https:\/\/www.mtv-in.de\/fechten\/wp-json\/wp\/v2\/comments?post=823"}],"version-history":[{"count":58,"href":"https:\/\/www.mtv-in.de\/fechten\/wp-json\/wp\/v2\/pages\/823\/revisions"}],"predecessor-version":[{"id":1993,"href":"https:\/\/www.mtv-in.de\/fechten\/wp-json\/wp\/v2\/pages\/823\/revisions\/1993"}],"wp:attachment":[{"href":"https:\/\/www.mtv-in.de\/fechten\/wp-json\/wp\/v2\/media?parent=823"}],"curies":[{"name":"wp","href":"https:\/\/api.w.org\/{rel}","templated":true}]}}