{"id":815,"date":"2014-06-08T03:23:14","date_gmt":"2014-06-08T01:23:14","guid":{"rendered":"http:\/\/www.mtv-in.de\/handball\/?page_id=815"},"modified":"2025-05-13T20:21:00","modified_gmt":"2025-05-13T18:21:00","slug":"news","status":"publish","type":"page","link":"https:\/\/www.mtv-in.de\/handball\/news\/","title":{"rendered":"News"},"content":{"rendered":"\n<h2 class=\"wp-block-heading has-vivid-purple-color has-text-color has-link-color wp-elements-45859efbf73893398f55fa5ea399f87b\">Vorstand des Handballabteilung des MTV Ingolstadt im Amt best\u00e4tigt<\/h2>\n\n\n\n<p>Am 30.04.2025 fand in der Gastst\u00e4tte des MTV Ingolstadt die Wahl der Abteilungsleitung statt. Herbert Amschlinger, der bereits zwei Jahre lang als Abteilungsleiter die Geschicke der Handballabteilung f\u00fchrte, wurde bei der Wahl einstimmig im Amt best\u00e4tigt. Auch die bisherige Stellvertreterin, Judith Hackenberg, und der Kassier, Edgar Hackenberg, wurden im Amt einstimmig best\u00e4tigt. Neu in den Abteilungsvorstand wurden Alexander Biberger, als Schriftf\u00fchrer und Florian Zeller, als Beisitzer gew\u00e4hlt.<\/p>\n\n\n\n<p>Insgesamt blickt die Handballabteilung des MTV Ingolstadt positiv auf die zur\u00fcckliegende Saison. Sowohl finanziell als auch sportlich steht die Handballabteilung auf soliden Beinen. Die Herrenmannschaft erreichte in der abgelaufenen Saison unerwartet den 2. Platz und holte mit Ralf Hackenberg (64 Tore) die Torsch\u00fctzenkrone nach Ingolstadt. Auch in der D-Jugend konnte man sich sowohl bei den M\u00e4dchen, als auch bei den Jungs die Torsch\u00fctzenkrone aufsetzen. Die neu gew\u00e4hlte Abteilungsleitung bereitet sich bereits intensiv auf die neue Saison vor und blickt mit gro\u00dfer Zuversicht auf die vor ihnen liegenden Aufgaben.<\/p>\n\n\n\n<p><\/p>\n\n\n\n<hr class=\"wp-block-separator alignfull has-alpha-channel-opacity is-style-wide\" style=\"margin-top:0;margin-bottom:0\" \/>\n","protected":false},"excerpt":{"rendered":"<p>Vorstand des Handballabteilung des MTV Ingolstadt im Amt best\u00e4tigt Am 30.04.2025 fand in der Gastst\u00e4tte des MTV Ingolstadt die Wahl der Abteilungsleitung statt. Herbert Amschlinger, der bereits zwei Jahre lang als Abteilungsleiter die Geschicke der Handballabteilung f\u00fchrte, wurde bei der Wahl einstimmig im Amt best\u00e4tigt. Auch die bisherige Stellvertreterin, Judith Hackenberg, und der Kassier, Edgar [&hellip;]<\/p>\n","protected":false},"author":140,"featured_media":0,"parent":0,"menu_order":10,"comment_status":"closed","ping_status":"closed","template":"","meta":{"footnotes":""},"class_list":["post-815","page","type-page","status-publish","hentry"],"_links":{"self":[{"href":"https:\/\/www.mtv-in.de\/handball\/wp-json\/wp\/v2\/pages\/815","targetHints":{"allow":["GET"]}}],"collection":[{"href":"https:\/\/www.mtv-in.de\/handball\/wp-json\/wp\/v2\/pages"}],"about":[{"href":"https:\/\/www.mtv-in.de\/handball\/wp-json\/wp\/v2\/types\/page"}],"author":[{"embeddable":true,"href":"https:\/\/www.mtv-in.de\/handball\/wp-json\/wp\/v2\/users\/140"}],"replies":[{"embeddable":true,"href":"https:\/\/www.mtv-in.de\/handball\/wp-json\/wp\/v2\/comments?post=815"}],"version-history":[{"count":2,"href":"https:\/\/www.mtv-in.de\/handball\/wp-json\/wp\/v2\/pages\/815\/revisions"}],"predecessor-version":[{"id":2521,"href":"https:\/\/www.mtv-in.de\/handball\/wp-json\/wp\/v2\/pages\/815\/revisions\/2521"}],"wp:attachment":[{"href":"https:\/\/www.mtv-in.de\/handball\/wp-json\/wp\/v2\/media?parent=815"}],"curies":[{"name":"wp","href":"https:\/\/api.w.org\/{rel}","templated":true}]}}