{"id":110,"date":"2011-09-04T15:10:39","date_gmt":"2011-09-04T15:10:39","guid":{"rendered":"http:\/\/www.mtv-in.de\/karate\/?page_id=110"},"modified":"2024-07-07T17:59:59","modified_gmt":"2024-07-07T15:59:59","slug":"trainingszeiten-kobudo","status":"publish","type":"page","link":"https:\/\/www.mtv-in.de\/karate\/trainingszeiten\/trainingszeiten-kobudo\/","title":{"rendered":"Trainingszeiten Kobudo"},"content":{"rendered":"<table width=\"100%\">\n<tbody>\n<tr align=\"center\" bgcolor=\"#c0c0c0\">\n<td width=\"48%\"><strong>Jugend und Erwachsene<\/strong><\/td>\n<td width=\"52%\"><a href=\"https:\/\/www.mtv-in.de\/karate\/files\/2024\/07\/Infoblatt_Kobudo_2024-07.pdf\" target=\"_blank\" rel=\"noopener noreferrer\"> [+ Handzettel zum Download +]<\/a><\/td>\n<td><\/td>\n<\/tr>\n<\/tbody>\n<\/table>\n<table width=\"100%\">\n<tbody>\n<tr>\n<td width=\"10%\"><strong>Tag<\/strong><\/td>\n<td width=\"18%\"><strong>Uhrzeit<\/strong><\/td>\n<td width=\"20%\"><strong>Trainer<\/strong><\/td>\n<td width=\"52%\"><strong>Ort<\/strong><\/td>\n<\/tr>\n<tr valign=\"top\">\n<td>Montag<\/td>\n<td>19:15 &#8211; 21:30<\/td>\n<td>Siegfried H\u00fcbner<br \/>\nRichard Grad<\/td>\n<td>MTV Bezirkssportanlage Mitte<br \/>\nkleine Gymnastikhalle<br \/>\nVon-der-Tann-Stra\u00dfe 1<br \/>\n(Zugang \u00fcber Parkplatz Ickstatt-Realschule)<br \/>\n<a href=\"https:\/\/www.google.de\/maps\/place\/MTV-IN-Halle\/@48.7667365,11.4156069,18.92z\/data=!4m5!3m4!1s0x479efe5b6504378b:0x5e8ba7f5967a662e!8m2!3d48.7664553!4d11.4150497\" target=\"_blank\" rel=\"noopener noreferrer\">[+ Lageplan auf Google Maps +]<\/a><\/td>\n<\/tr>\n<\/tbody>\n<\/table>\n<p>&nbsp;<\/p>\n","protected":false},"excerpt":{"rendered":"<p>Jugend und Erwachsene [+ Handzettel zum Download +] Tag Uhrzeit Trainer Ort Montag 19:15 &#8211; 21:30 Siegfried H\u00fcbner Richard Grad MTV Bezirkssportanlage Mitte kleine Gymnastikhalle Von-der-Tann-Stra\u00dfe 1 (Zugang \u00fcber Parkplatz Ickstatt-Realschule) [+ Lageplan auf Google Maps +] &nbsp;<\/p>\n","protected":false},"author":14,"featured_media":0,"parent":53,"menu_order":0,"comment_status":"closed","ping_status":"closed","template":"","meta":{"ngg_post_thumbnail":0,"footnotes":""},"class_list":["post-110","page","type-page","status-publish","hentry"],"_links":{"self":[{"href":"https:\/\/www.mtv-in.de\/karate\/wp-json\/wp\/v2\/pages\/110","targetHints":{"allow":["GET"]}}],"collection":[{"href":"https:\/\/www.mtv-in.de\/karate\/wp-json\/wp\/v2\/pages"}],"about":[{"href":"https:\/\/www.mtv-in.de\/karate\/wp-json\/wp\/v2\/types\/page"}],"author":[{"embeddable":true,"href":"https:\/\/www.mtv-in.de\/karate\/wp-json\/wp\/v2\/users\/14"}],"replies":[{"embeddable":true,"href":"https:\/\/www.mtv-in.de\/karate\/wp-json\/wp\/v2\/comments?post=110"}],"version-history":[{"count":22,"href":"https:\/\/www.mtv-in.de\/karate\/wp-json\/wp\/v2\/pages\/110\/revisions"}],"predecessor-version":[{"id":1453,"href":"https:\/\/www.mtv-in.de\/karate\/wp-json\/wp\/v2\/pages\/110\/revisions\/1453"}],"up":[{"embeddable":true,"href":"https:\/\/www.mtv-in.de\/karate\/wp-json\/wp\/v2\/pages\/53"}],"wp:attachment":[{"href":"https:\/\/www.mtv-in.de\/karate\/wp-json\/wp\/v2\/media?parent=110"}],"curies":[{"name":"wp","href":"https:\/\/api.w.org\/{rel}","templated":true}]}}