{"id":2039,"date":"2013-09-09T10:55:29","date_gmt":"2013-09-09T08:55:29","guid":{"rendered":"http:\/\/www.mtv-in.de\/schach\/?page_id=2039"},"modified":"2014-04-26T21:26:45","modified_gmt":"2014-04-26T19:26:45","slug":"vereinsmeisterschaft-2013","status":"publish","type":"page","link":"https:\/\/www.mtv-in.de\/schach\/vereinsmeisterschaft-2013\/","title":{"rendered":"Vereinsmeisterschaft 2013\/14"},"content":{"rendered":"<h2>Austragungsmodus<\/h2>\n<ul>\n<li><strong>Ort:<\/strong> MTV Vereinsheim, Friedhofstra\u00dfe 10, 85049 Ingolstadt, Nebenzimmer<\/li>\n<li><strong>Modus:<\/strong> 9 Runden im Rundensystem<\/li>\n<li><strong>Bedenkzeit:<\/strong> 90 min f\u00fcr 40Z\u00fcge \/ 30 min. f\u00fcr die restlichen Z\u00fcge<\/li>\n<li><strong>Termine:<\/strong> in der Regel am Freitag, um 20:00 Uhr an folgenden Terminen:<br \/>\n18.10.13 &#8211; 1. Runde , 15.11.13 &#8211; 2. Runde, 29.11.13 \u2013 3. Runde<br \/>\n10.01.14 \u2013 4. Runde, 31.01.14 \u2013 5. Runde, 14.02.14 \u2013 6. Runde<br \/>\n28.02.14 \u2013 7. Runde, 14.03.14 &#8211;\u00a08. Runde und 28.03.14 &#8211;\u00a09. Runde<\/li>\n<li>Der Samstag oder der Freitag (Folgewoche) kann als Ausweichtermin gew\u00e4hlt werden.<\/li>\n<li><strong>Ergebnis:<\/strong> Meldung aller Spielergebnisse bis 11 Tage nach Rundenbeginn.<\/li>\n<li><strong>Turnierende:<\/strong> Das Turnier ist sp\u00e4testens am 18.04.2014 beendet.<\/li>\n<li><strong>Startgeld: <\/strong>Teilnahme ist kostenlos<\/li>\n<li><strong>DWZ Auswertung:<\/strong> F\u00fcr unsere Vereinsmeisterschaft erfolgt eine DWZ Auswertung.<\/li>\n<li><strong>Turnierleitung:<\/strong> Markus Pohle, Mail: m.pohle[at]web.de<\/li>\n<li><strong>Anmeldung:<\/strong> Bitte meldet Euch bei Markus Pohle an oder kommt am\u00a0 18.10.13 vor 20:00 Uhr in unser Vereinsheim. Die erste Auslosung findet am\u00a018.10.13 statt.<\/li>\n<\/ul>\n<p><strong><span style=\"text-decoration: underline;\">Rangliste: Stand nach der 9. Runde<\/span><\/strong><\/p>\n<p>1. Muharemagic,Asim \u00a0 \u00a0 \u00a0 6 3 0 <strong>7.5<\/strong> 29.00 6<br \/>\n2. Glawe,Ralf \u00a0 \u00a0 \u00a0 \u00a0 \u00a0 \u00a0 \u00a0 \u00a0 \u00a0 \u00a06 2 1 <strong>7.0<\/strong> 25.25 5<br \/>\n3. Hausmann,Kai \u00a0 \u00a0 \u00a0 \u00a0 \u00a0 \u00a0 \u00a05 2 2 <strong>6.0<\/strong> 20.75 5<br \/>\n4. Ott,Ian \u00a0 \u00a0 \u00a0 \u00a0 \u00a0 \u00a0 \u00a0 \u00a0 \u00a0 \u00a0 \u00a0 \u00a0 \u00a0 6 0 3<strong> 6.0<\/strong> 20.50 6<br \/>\n5. Pohle,Markus \u00a0 \u00a0 \u00a0 \u00a0 \u00a0 \u00a0 \u00a0 \u00a03 3 3 <strong>4.5<\/strong> 18.00 3<br \/>\n6. Schmidl,Franz Xaver \u00a0 \u00a03 3 3 <strong>4.5<\/strong> 14.25 3<br \/>\n7. Bernloher,Ludwig \u00a0 \u00a0 \u00a0 \u00a0 \u00a03 2 4\u00a0<strong>4.0<\/strong> 12.50 3<br \/>\n8. Eremenko,Dimitry \u00a0 \u00a0 \u00a0 \u00a0 3 1 5 <strong>3.5<\/strong> 9.75 3<br \/>\n9. Beller,Igor \u00a0 \u00a0 \u00a0 \u00a0 \u00a0 \u00a0 \u00a0 \u00a0 \u00a0 \u00a0 \u00a01 1 7 <strong>1.5<\/strong> 2.25 1<br \/>\n10. Lindl,Hubert \u00a0 \u00a0 \u00a0 \u00a0 \u00a0 \u00a0 \u00a0 \u00a0 0 1 8 <strong>0.5<\/strong> 2.25 0<\/p>\n<h1>Auslosung \/ Ergebnisse der Runde 1<\/h1>\n<table>\n<tbody>\n<tr>\n<td width=\"40%\">Glawe, Ralf<\/td>\n<td width=\"30%\">\u00a0Lindl Hubert<\/td>\n<td width=\"30%\">1 : 0<\/td>\n<\/tr>\n<tr>\n<td>Hausmann, Kai<\/td>\n<td>\u00a0Eremenko, Dimitry<\/td>\n<td>1 : 0<\/td>\n<\/tr>\n<tr>\n<td>Muharemagic, Asim<\/td>\n<td>Beller, Igor<\/td>\n<td>1 : 0<\/td>\n<\/tr>\n<tr>\n<td>Schmidl,Franz Xaver<\/td>\n<td>Pohle, Markus<\/td>\n<td>0 : 1<\/td>\n<\/tr>\n<tr>\n<td>Ott, Ian<\/td>\n<td>Bernloher, Ludwig<\/td>\n<td>0 : 1<\/td>\n<\/tr>\n<\/tbody>\n<\/table>\n<h2>Auslosung \/ Ergebnisse der Runde 2<\/h2>\n<table>\n<tbody>\n<tr>\n<td width=\"40%\">Lindl Hubert<\/td>\n<td width=\"30%\">Bernloher, Ludwig<\/td>\n<td width=\"30%\">\u00a00 : 1<\/td>\n<\/tr>\n<tr>\n<td>Pohle, Markus<\/td>\n<td>Ott, Ian<\/td>\n<td>\u00a00 : 1<\/td>\n<\/tr>\n<tr>\n<td>Beller, Igor<\/td>\n<td>Schmidl, Franz Xaver<\/td>\n<td>\u00a00 : 1<\/td>\n<td><\/td>\n<\/tr>\n<tr>\n<td>Eremenko, Dimitry<\/td>\n<td>Muharemagic, Asim<\/td>\n<td>\u00a00 : 1<\/td>\n<\/tr>\n<tr>\n<td>Glawe, Ralf<\/td>\n<td>Hausmann, Kai<\/td>\n<td>0,5 : 0,5<\/td>\n<\/tr>\n<\/tbody>\n<\/table>\n<h2>Auslosung \/ Ergebnisse der Runde 3<\/h2>\n<table>\n<tbody>\n<tr>\n<td width=\"40%\">Hausmann, Kai<\/td>\n<td width=\"30%\">Lindl Hubert<\/td>\n<td width=\"30%\">\u00a01 : 0<\/td>\n<\/tr>\n<tr>\n<td>Muharemagic, Asim<\/td>\n<td>Glawe, Ralf<\/td>\n<td>\u00a01 : 0<\/td>\n<\/tr>\n<tr>\n<td>Schmidl,Franz Xaver<\/td>\n<td>Eremenko, Dimitry<\/td>\n<td>\u00a01 : 0<\/td>\n<\/tr>\n<tr>\n<td>Ott, Ian<\/td>\n<td>Beller, Igor<\/td>\n<td>\u00a01 : 0<\/td>\n<\/tr>\n<tr>\n<td>Bernloher, Ludwig<\/td>\n<td>Pohle, Markus<\/td>\n<td>\u00a00,5 : 0,5<\/td>\n<\/tr>\n<\/tbody>\n<\/table>\n<h2>Auslosung \/ Ergebnisse der Runde 4<\/h2>\n<table>\n<tbody>\n<tr>\n<td width=\"40%\">Lindl Hubert<\/td>\n<td width=\"30%\">Pohle, Markus<\/td>\n<td width=\"30%\">\u00a00,5 : 0,5<\/td>\n<\/tr>\n<tr>\n<td>Eremenko, Dimitry<\/td>\n<td>Ott, Ian<\/td>\n<td>\u00a00 : 1<\/td>\n<\/tr>\n<tr>\n<td>Hausmann, Kai<\/td>\n<td>Muharemagic, Asim<\/td>\n<td>\u00a00,5 : 0,5<\/td>\n<\/tr>\n<tr>\n<td>Glawe, Ralf<\/td>\n<td>Schmidl,Franz Xaver<\/td>\n<td>0,5 : 0,5<\/td>\n<\/tr>\n<tr>\n<td>Beller, Igor<\/td>\n<td>Bernloher, Ludwig<\/td>\n<td>\u00a00 : 1<\/td>\n<\/tr>\n<\/tbody>\n<\/table>\n<h2>Auslosung \/ Ergebnisse der Runde 5<\/h2>\n<table>\n<tbody>\n<tr>\n<td width=\"40%\">Muharemagic, Asim<\/td>\n<td width=\"30%\">\u00a0Lindl Hubert<\/td>\n<td width=\"30%\">\u00a01 : 0<\/td>\n<\/tr>\n<tr>\n<td>Schmidl,Franz Xaver<\/td>\n<td>Hausmann, Kai<\/td>\n<td>\u00a00 : 1<\/td>\n<\/tr>\n<tr>\n<td>Bernloher, Ludwig<\/td>\n<td>Eremenko, Dimitry<\/td>\n<td>\u00a00 : 1<\/td>\n<\/tr>\n<tr>\n<td>Pohle, Markus<\/td>\n<td>Beller, Igor<\/td>\n<td>\u00a01 : 0<\/td>\n<\/tr>\n<tr>\n<td>Ott, Ian<\/td>\n<td>Glawe, Ralf<\/td>\n<td>\u00a00 : 1<\/td>\n<\/tr>\n<\/tbody>\n<\/table>\n<h2>Auslosung \/ Ergebnisse der Runde 6<\/h2>\n<table>\n<tbody>\n<tr>\n<td width=\"40%\">Lindl Hubert<\/td>\n<td width=\"30%\">Beller, Igor<\/td>\n<td width=\"30%\">&#8211; : +<\/td>\n<\/tr>\n<tr>\n<td>Muharemagic, Asim<\/td>\n<td>Schmidl,Franz Xaver<\/td>\n<td>0,5 :0,5<\/td>\n<\/tr>\n<tr>\n<td>Glawe, Ralf<\/td>\n<td>Bernloher, Ludwig<\/td>\n<td>\u00a01 : 0<\/td>\n<\/tr>\n<tr>\n<td>Eremenko, Dimitry<\/td>\n<td>Pohle, Markus<\/td>\n<td>\u00a01 : 0<\/td>\n<\/tr>\n<tr>\n<td>Hausmann, Kai<\/td>\n<td>Ott, Ian<\/td>\n<td>\u00a00 : 1<\/td>\n<\/tr>\n<\/tbody>\n<\/table>\n<h2>Auslosung \/ Ergebnisse der Runde 7<\/h2>\n<table>\n<tbody>\n<tr>\n<td width=\"40%\">Schmidl,Franz Xaver<\/td>\n<td width=\"30%\">Lindl Hubert<\/td>\n<td width=\"30%\">\u00a01 : 0<\/td>\n<\/tr>\n<tr>\n<td>Beller, Igor<\/td>\n<td>Eremenko, Dimitry<\/td>\n<td>\u00a00,5 : 0,5<\/td>\n<\/tr>\n<tr>\n<td>Bernloher, Ludwig<\/td>\n<td>Hausmann, Kai<\/td>\n<td>\u00a00 : 1<\/td>\n<\/tr>\n<tr>\n<td>Pohle, Markus<\/td>\n<td>Glawe, Ralf<\/td>\n<td>\u00a00 : 1<\/td>\n<\/tr>\n<tr>\n<td>Ott, Ian<\/td>\n<td>\u00a0Muharemagic, Asim<\/td>\n<td>\u00a00 : 1<\/td>\n<\/tr>\n<\/tbody>\n<\/table>\n<h2>Auslosung \/ Ergebnisse der Runde 8<\/h2>\n<table>\n<tbody>\n<tr>\n<td width=\"40%\">Lindl Hubert<\/td>\n<td width=\"30%\">Eremenko, Dimitry<\/td>\n<td width=\"30%\">\u00a00 : 1<\/td>\n<\/tr>\n<tr>\n<td>Schmidl,Franz Xaver<\/td>\n<td>Ott, Ian<\/td>\n<td>\u00a00 : 1<\/td>\n<\/tr>\n<tr>\n<td>Hausmann, Kai<\/td>\n<td>Pohle, Markus<\/td>\n<td>\u00a00 : 1<\/td>\n<\/tr>\n<tr>\n<td>Glawe, Ralf<\/td>\n<td>Beller, Igor<\/td>\n<td>\u00a01 : 0<\/td>\n<\/tr>\n<tr>\n<td>Muharemagic, Asim<\/td>\n<td>Bernloher, Ludwig<\/td>\n<td>\u00a01 : 0<\/td>\n<\/tr>\n<\/tbody>\n<\/table>\n<h2>Auslosung \/ Ergebnisse der Runde 9<\/h2>\n<table>\n<tbody>\n<tr>\n<td width=\"40%\"><span style=\"color: #333333;\">Ott, Ian<\/span><\/td>\n<td width=\"30%\"><span style=\"color: #333333;\">Lindl Hubert<\/span><\/td>\n<td width=\"30%\"><span style=\"color: #333333;\">\u00a0 + : &#8211;<\/span><\/td>\n<\/tr>\n<tr>\n<td><span style=\"color: #333333;\">Beller, Igor<\/span><\/td>\n<td><span style=\"color: #333333;\">Hausmann, Kai<\/span><\/td>\n<td><span style=\"color: #333333;\">\u00a0 \u00a00 : 1<\/span><\/td>\n<\/tr>\n<tr>\n<td><span style=\"color: #333333;\">Bernloher, Ludwig<\/span><\/td>\n<td><span style=\"color: #333333;\">Schmidl,Franz Xaver<\/span><\/td>\n<td><span style=\"color: #333333;\">\u00a0\u00a00,5 : 0,5<\/span><\/td>\n<\/tr>\n<tr>\n<td><span style=\"color: #333333;\">Pohle, Markus<\/span><\/td>\n<td><span style=\"color: #333333;\">Muharemagic, Asim<\/span><\/td>\n<td><span style=\"color: #333333;\">\u00a0\u00a00,5 : 0,5<\/span><\/td>\n<\/tr>\n<tr>\n<td><span style=\"color: #333333;\">Eremenko, Dimitry<\/span><\/td>\n<td><span style=\"color: #333333;\">Glawe, Ralf<\/span><\/td>\n<td><span style=\"color: #333333;\">\u00a0 \u00a0 0 : 1<\/span><\/td>\n<\/tr>\n<\/tbody>\n<\/table>\n","protected":false},"excerpt":{"rendered":"<p>Austragungsmodus Ort: MTV Vereinsheim, Friedhofstra\u00dfe 10, 85049 Ingolstadt, Nebenzimmer Modus: 9 Runden im Rundensystem Bedenkzeit: 90 min f\u00fcr 40Z\u00fcge \/ 30 min. f\u00fcr die restlichen Z\u00fcge Termine: in der Regel am Freitag, um 20:00 Uhr an folgenden Terminen: 18.10.13 &#8211; 1. Runde , 15.11.13 &#8211; 2. Runde, 29.11.13 \u2013 3. Runde 10.01.14 \u2013 4. Runde, [&hellip;]<\/p>\n","protected":false},"author":12,"featured_media":0,"parent":0,"menu_order":0,"comment_status":"closed","ping_status":"closed","template":"","meta":{"footnotes":""},"class_list":["post-2039","page","type-page","status-publish","hentry"],"_links":{"self":[{"href":"https:\/\/www.mtv-in.de\/schach\/wp-json\/wp\/v2\/pages\/2039","targetHints":{"allow":["GET"]}}],"collection":[{"href":"https:\/\/www.mtv-in.de\/schach\/wp-json\/wp\/v2\/pages"}],"about":[{"href":"https:\/\/www.mtv-in.de\/schach\/wp-json\/wp\/v2\/types\/page"}],"author":[{"embeddable":true,"href":"https:\/\/www.mtv-in.de\/schach\/wp-json\/wp\/v2\/users\/12"}],"replies":[{"embeddable":true,"href":"https:\/\/www.mtv-in.de\/schach\/wp-json\/wp\/v2\/comments?post=2039"}],"version-history":[{"count":32,"href":"https:\/\/www.mtv-in.de\/schach\/wp-json\/wp\/v2\/pages\/2039\/revisions"}],"predecessor-version":[{"id":2895,"href":"https:\/\/www.mtv-in.de\/schach\/wp-json\/wp\/v2\/pages\/2039\/revisions\/2895"}],"wp:attachment":[{"href":"https:\/\/www.mtv-in.de\/schach\/wp-json\/wp\/v2\/media?parent=2039"}],"curies":[{"name":"wp","href":"https:\/\/api.w.org\/{rel}","templated":true}]}}