{"id":382,"date":"2012-01-28T12:40:34","date_gmt":"2012-01-28T10:40:34","guid":{"rendered":"http:\/\/www.mtv-in.de\/schach\/?page_id=382"},"modified":"2022-05-08T14:18:23","modified_gmt":"2022-05-08T12:18:23","slug":"reisekostenabrechnung","status":"publish","type":"page","link":"https:\/\/www.mtv-in.de\/schach\/reisekostenabrechnung\/","title":{"rendered":"Reisekostenabrechnung"},"content":{"rendered":"<p>F\u00fcr die MTV Mitglieder der Schachabteilung besteht die M\u00f6glichkeit, die Fahrtkosten \u00a0zu Mannschaftswettk\u00e4mpfen oder bestimmten Jugendturnieren erstattet zu bekommen. Dazu z\u00e4hlen:<\/p>\n<ul>\n<li>Mannschaftswettk\u00e4mpfe der Erwachsenen im Kreis und Bezirk<\/li>\n<li>Mannschaftswettk\u00e4mpfe der Jugend im Kreis und Bezirk<\/li>\n<li>Fahrt zu Turnieren der Jugend (u.a. Rapidturnierserie)<\/li>\n<\/ul>\n<p>Daf\u00fcr kann folgendes Reisekostenformular verwendet werden. <\/p>\n<p><a href=\"https:\/\/www.mtv-in.de\/schach\/files\/2022\/05\/Reisekostenformular_MTV_Schach.pdf\">Reisekostenformular_MTV_Schach_SEPA<\/a><\/p>\n<p>Bitte ausf\u00fcllen und an die Abteilungsleitung schicken.<\/p>\n<p>Die Teilnahme an Einzelturnierwettk\u00e4mpfen (Kreiseinzelmeisterschaft, OIBM Bad Wiessee etc.) wird nicht erstattet.<\/p>\n","protected":false},"excerpt":{"rendered":"<p>F\u00fcr die MTV Mitglieder der Schachabteilung besteht die M\u00f6glichkeit, die Fahrtkosten \u00a0zu Mannschaftswettk\u00e4mpfen oder bestimmten Jugendturnieren erstattet zu bekommen. Dazu z\u00e4hlen: Mannschaftswettk\u00e4mpfe der Erwachsenen im Kreis und Bezirk Mannschaftswettk\u00e4mpfe der Jugend im Kreis und Bezirk Fahrt zu Turnieren der Jugend (u.a. Rapidturnierserie) Daf\u00fcr kann folgendes Reisekostenformular verwendet werden. Reisekostenformular_MTV_Schach_SEPA Bitte ausf\u00fcllen und an die Abteilungsleitung [&hellip;]<\/p>\n","protected":false},"author":12,"featured_media":0,"parent":0,"menu_order":0,"comment_status":"closed","ping_status":"closed","template":"","meta":{"footnotes":""},"class_list":["post-382","page","type-page","status-publish","hentry"],"_links":{"self":[{"href":"https:\/\/www.mtv-in.de\/schach\/wp-json\/wp\/v2\/pages\/382","targetHints":{"allow":["GET"]}}],"collection":[{"href":"https:\/\/www.mtv-in.de\/schach\/wp-json\/wp\/v2\/pages"}],"about":[{"href":"https:\/\/www.mtv-in.de\/schach\/wp-json\/wp\/v2\/types\/page"}],"author":[{"embeddable":true,"href":"https:\/\/www.mtv-in.de\/schach\/wp-json\/wp\/v2\/users\/12"}],"replies":[{"embeddable":true,"href":"https:\/\/www.mtv-in.de\/schach\/wp-json\/wp\/v2\/comments?post=382"}],"version-history":[{"count":7,"href":"https:\/\/www.mtv-in.de\/schach\/wp-json\/wp\/v2\/pages\/382\/revisions"}],"predecessor-version":[{"id":9779,"href":"https:\/\/www.mtv-in.de\/schach\/wp-json\/wp\/v2\/pages\/382\/revisions\/9779"}],"wp:attachment":[{"href":"https:\/\/www.mtv-in.de\/schach\/wp-json\/wp\/v2\/media?parent=382"}],"curies":[{"name":"wp","href":"https:\/\/api.w.org\/{rel}","templated":true}]}}