{"id":3869,"date":"2015-08-29T21:54:56","date_gmt":"2015-08-29T19:54:56","guid":{"rendered":"http:\/\/www.mtv-in.de\/schach\/?page_id=3869"},"modified":"2016-06-09T20:50:40","modified_gmt":"2016-06-09T18:50:40","slug":"vereinsmeisterschaft-2015-2016","status":"publish","type":"page","link":"https:\/\/www.mtv-in.de\/schach\/vereinsmeisterschaft-2015-2016\/","title":{"rendered":"Vereinsmeisterschaft 2015 \/ 2016"},"content":{"rendered":"<h2>Austragungsmodus<\/h2>\n<ul>\n<ul>\n<li><strong>Ort:<\/strong> MTV Vereinsheim, Friedhofstra\u00dfe 10, 85049 Ingolstadt, Nebenzimmer<\/li>\n<li><strong>Modus:<\/strong> 7 Runden im Schweizer System<\/li>\n<li><strong>Bedenkzeit:<\/strong> 90 min f\u00fcr 40 Z\u00fcge \/ 30 min. f\u00fcr die restlichen Z\u00fcge<\/li>\n<li><strong>Termine:<\/strong> in der Regel am Freitag, um 19:30 Uhr an folgenden Terminen:<br \/>\n25.09.15 &#8211; 1. Runde<br \/>\n16.10.15 &#8211; 2. Runde<br \/>\n30.10.15 \u2013 3. Runde<br \/>\n20.11.15 \u2013 4. Runde<br \/>\n04.12.15 \u2013 f\u00e4llt aus<br \/>\n22.01.16 \u2013 5. Runde<br \/>\n26.02.16 \u2013 6. Runde<br \/>\n0<strong>8.04.16 &#8211; 7. Runde<\/strong><\/li>\n<li>Der Samstag oder der Freitag (Folgewoche) kann als Ausweichtermin gew\u00e4hlt werden.<\/li>\n<li><strong>Ergebnis:<\/strong> Meldung aller Spielergebnisse bis ca. 11 Tage nach Rundenbeginn.<\/li>\n<li><strong>Turnierende:<\/strong> Das Turnier ist sp\u00e4testens am 29.04.2016 beendet.<\/li>\n<li><strong>Startgeld: <\/strong>Teilnahme ist kostenlos<\/li>\n<li><strong>DWZ Auswertung:<\/strong> F\u00fcr unsere Vereinsmeisterschaft erfolgt eine DWZ Auswertung.<\/li>\n<li><strong>Turnierleitung:<\/strong> Markus Pohle, Mail: m.pohle[at]web.de<\/li>\n<li><strong>Anmeldung:<\/strong> Bitte meldet Euch bei Markus Pohle an oder kommt am 25.09.15 vor 19:30 Uhr in unser Vereinsheim. Die erste Auslosung findet am 25.09.15 statt.<\/li>\n<\/ul>\n<\/ul>\n<p><strong>1. Runde &#8211; Paarungen \/ Ergebnisse<\/strong><\/p>\n<table border=\"2\">\n<tbody>\n<tr bgcolor=\"#FFFFFF\">\n<td><\/td>\n<td>1.<\/td>\n<td>Heppert,\u00a0Lars<\/td>\n<td><\/td>\n<td><\/td>\n<td>&#8211;<\/td>\n<td>7.<\/td>\n<td>Hacker,Zeno<\/td>\n<td><\/td>\n<td><\/td>\n<td>1 &#8211; 0<\/td>\n<td><\/td>\n<\/tr>\n<tr bgcolor=\"#FFFFFF\">\n<td><\/td>\n<td>2.<\/td>\n<td>Doan,Duc\u00a0Trung<\/td>\n<td><\/td>\n<td><\/td>\n<td>&#8211;<\/td>\n<td>8.<\/td>\n<td>Schmidl,Franz\u00a0Xaver<\/td>\n<td><\/td>\n<td><\/td>\n<td>0 &#8211; 1<\/td>\n<td><\/td>\n<\/tr>\n<tr bgcolor=\"#FFFFFF\">\n<td><\/td>\n<td>3.<\/td>\n<td>Beller,Igor<\/td>\n<td><\/td>\n<td><\/td>\n<td>&#8211;<\/td>\n<td>9.<\/td>\n<td>Lindl,Hubert<\/td>\n<td><\/td>\n<td><\/td>\n<td>1 &#8211; 0<\/td>\n<td><\/td>\n<\/tr>\n<tr bgcolor=\"#FFFFFF\">\n<td><\/td>\n<td>4.<\/td>\n<td>Rackl,Jonas<\/td>\n<td><\/td>\n<td><\/td>\n<td>&#8211;<\/td>\n<td>10.<\/td>\n<td>Pohle,Markus<\/td>\n<td><\/td>\n<td><\/td>\n<td>0\u00a0&#8211;\u00a01<\/td>\n<td><\/td>\n<\/tr>\n<tr bgcolor=\"#FFFFFF\">\n<td><\/td>\n<td>5.<\/td>\n<td>Eremenko,Dimitry<\/td>\n<td><\/td>\n<td><\/td>\n<td>&#8211;<\/td>\n<td>11.<\/td>\n<td>Faller,Johanna<\/td>\n<td><\/td>\n<td><\/td>\n<td>1 &#8211; 0<\/td>\n<td><\/td>\n<\/tr>\n<tr bgcolor=\"#FFFFFF\">\n<td><\/td>\n<td>6.<\/td>\n<td>Hausmann,Sarah<\/td>\n<td><\/td>\n<td><\/td>\n<td>&#8211;<\/td>\n<td>12.<\/td>\n<td>Plieger,Tanja<\/td>\n<td><\/td>\n<td><\/td>\n<td>1 &#8211; 0<\/td>\n<td><\/td>\n<\/tr>\n<\/tbody>\n<\/table>\n<p><strong>2. Runde &#8211; Paarungen \/ Ergebnisse<\/strong><\/p>\n<table border=\"2\">\n<tbody>\n<tr bgcolor=\"#FFFFFF\">\n<td><\/td>\n<td>1.<\/td>\n<td>Pohle,Markus<\/td>\n<td><\/td>\n<td><\/td>\n<td>&#8211;<\/td>\n<td>7.<\/td>\n<td>Heppert, Lars<\/td>\n<td><\/td>\n<td>1 &#8211; 0<\/td>\n<td><\/td>\n<td><\/td>\n<\/tr>\n<tr bgcolor=\"#FFFFFF\">\n<td><\/td>\n<td>2.<\/td>\n<td>Schmidl,Franz Xaver<\/td>\n<td><\/td>\n<td><\/td>\n<td>&#8211;<\/td>\n<td>8.<\/td>\n<td>Eremenko,Dimitry<\/td>\n<td><\/td>\n<td>1 &#8211; 0<\/td>\n<td><\/td>\n<td><\/td>\n<\/tr>\n<tr bgcolor=\"#FFFFFF\">\n<td><\/td>\n<td>3.<\/td>\n<td>Hausmann,Sarah<\/td>\n<td><\/td>\n<td><\/td>\n<td>&#8211;<\/td>\n<td>9.<\/td>\n<td>Beller,Igor<\/td>\n<td><\/td>\n<td>0 &#8211; 1<\/td>\n<td><\/td>\n<td><\/td>\n<\/tr>\n<tr bgcolor=\"#FFFFFF\">\n<td><\/td>\n<td>4.<\/td>\n<td>Hacker,Zeno<\/td>\n<td><\/td>\n<td><\/td>\n<td>&#8211;<\/td>\n<td>10.<\/td>\n<td>Rackl,Jonas<\/td>\n<td><\/td>\n<td>1 &#8211; 0<\/td>\n<td><\/td>\n<td><\/td>\n<\/tr>\n<tr bgcolor=\"#FFFFFF\">\n<td><\/td>\n<td>5.<\/td>\n<td>Lindl,Hubert<\/td>\n<td><\/td>\n<td><\/td>\n<td>&#8211;<\/td>\n<td>11.<\/td>\n<td>Faller,Johanna<\/td>\n<td><\/td>\n<td>1 &#8211; 0<\/td>\n<td><\/td>\n<td><\/td>\n<\/tr>\n<tr bgcolor=\"#FFFFFF\">\n<td><\/td>\n<td>6.<\/td>\n<td>Plieger,Tanja<\/td>\n<td><\/td>\n<td><\/td>\n<td>&#8211;<\/td>\n<td>12.<\/td>\n<td>Doan,Duc Trung<\/td>\n<td><\/td>\n<td>0 &#8211; 1<\/td>\n<td><\/td>\n<td><\/td>\n<\/tr>\n<\/tbody>\n<\/table>\n<p><strong>3. Runde &#8211; Paarungen \/ Ergebnisse<\/strong><\/p>\n<table border=\"2\">\n<tbody>\n<tr bgcolor=\"#FFFFFF\">\n<td><\/td>\n<td>1.<\/td>\n<td>Eremenko, Dimitry<\/td>\n<td><\/td>\n<td><\/td>\n<td>&#8211;<\/td>\n<td>7.<\/td>\n<td>Pohle,Markus<\/td>\n<td><\/td>\n<td>0 &#8211; 1<\/td>\n<td><\/td>\n<td><\/td>\n<\/tr>\n<tr bgcolor=\"#FFFFFF\">\n<td><\/td>\n<td>2.<\/td>\n<td>Beller,Igor<\/td>\n<td><\/td>\n<td><\/td>\n<td>&#8211;<\/td>\n<td>8.<\/td>\n<td>Schmidl,Franz Xaver<\/td>\n<td><\/td>\n<td>0,5 &#8211; 0,5<\/td>\n<td><\/td>\n<td><\/td>\n<\/tr>\n<tr bgcolor=\"#FFFFFF\">\n<td><\/td>\n<td>3.<\/td>\n<td>Doan,Duc Trung<\/td>\n<td><\/td>\n<td><\/td>\n<td>&#8211;<\/td>\n<td>9.<\/td>\n<td>Hausmann,Sarah<\/td>\n<td><\/td>\n<td>0,5 &#8211; 0,5<\/td>\n<td><\/td>\n<td><\/td>\n<\/tr>\n<tr bgcolor=\"#FFFFFF\">\n<td><\/td>\n<td>4.<\/td>\n<td>Heppert, Lars<\/td>\n<td><\/td>\n<td><\/td>\n<td>&#8211;<\/td>\n<td>10.<\/td>\n<td>Lindl,Hubert<\/td>\n<td><\/td>\n<td>\u00a01 &#8211; 0<\/td>\n<td><\/td>\n<td><\/td>\n<\/tr>\n<tr bgcolor=\"#FFFFFF\">\n<td><\/td>\n<td>5.<\/td>\n<td>Faller,Johanna<\/td>\n<td><\/td>\n<td><\/td>\n<td>&#8211;<\/td>\n<td>11.<\/td>\n<td>Hacker,Zeno<\/td>\n<td><\/td>\n<td>\u00a00 &#8211; 1<\/td>\n<td><\/td>\n<td><\/td>\n<\/tr>\n<tr bgcolor=\"#FFFFFF\">\n<td><\/td>\n<td>6.<\/td>\n<td>Rackl, Jonas<\/td>\n<td><\/td>\n<td><\/td>\n<td>&#8211;<\/td>\n<td>12.<\/td>\n<td>Plieger,Tanja<\/td>\n<td><\/td>\n<td>\u00a01 &#8211; 0<\/td>\n<td><\/td>\n<td><\/td>\n<\/tr>\n<\/tbody>\n<\/table>\n<p><strong>4. Runde &#8211; Paarungen \/ Ergebnisse<\/strong><\/p>\n<table>\n<tbody>\n<tr bgcolor=\"#FFFFFF\">\n<td><\/td>\n<td>1.<\/td>\n<td>Pohle,Markus<\/td>\n<td><\/td>\n<td><\/td>\n<td>&#8211;<\/td>\n<td>7.<\/td>\n<td>Beller,Igor<\/td>\n<td>1 : 0<\/td>\n<td><\/td>\n<td><\/td>\n<td><\/td>\n<\/tr>\n<tr bgcolor=\"#FFFFFF\">\n<td><\/td>\n<td>2.<\/td>\n<td>Schmidl,Franz Xaver<\/td>\n<td><\/td>\n<td><\/td>\n<td>&#8211;<\/td>\n<td>8.<\/td>\n<td>Heppert, Lars<\/td>\n<td>0 : 1<\/td>\n<td><\/td>\n<td><\/td>\n<td><\/td>\n<\/tr>\n<tr bgcolor=\"#FFFFFF\">\n<td><\/td>\n<td>3.<\/td>\n<td>Hacker,Zeno<\/td>\n<td><\/td>\n<td><\/td>\n<td>&#8211;<\/td>\n<td>9.<\/td>\n<td>Hausmann,Sarah<\/td>\n<td>0 : 1<\/td>\n<td><\/td>\n<td><\/td>\n<td><\/td>\n<\/tr>\n<tr bgcolor=\"#FFFFFF\">\n<td><\/td>\n<td>4.<\/td>\n<td>Lindl,Hubert<\/td>\n<td><\/td>\n<td><\/td>\n<td>&#8211;<\/td>\n<td>10.<\/td>\n<td>Doan,Duc Trung<\/td>\n<td>&#8211; : +<\/td>\n<td><\/td>\n<td><\/td>\n<td><\/td>\n<\/tr>\n<tr bgcolor=\"#FFFFFF\">\n<td><\/td>\n<td>5.<\/td>\n<td>Plieger,Tanja<\/td>\n<td><\/td>\n<td><\/td>\n<td>&#8211;<\/td>\n<td>11.<\/td>\n<td>Eremenko, Dimitry<\/td>\n<td>0 : 1<\/td>\n<td><\/td>\n<td><\/td>\n<td><\/td>\n<\/tr>\n<tr bgcolor=\"#FFFFFF\">\n<td><\/td>\n<td>6.<\/td>\n<td>Faller,Johanna<\/td>\n<td><\/td>\n<td><\/td>\n<td>&#8211;<\/td>\n<td>12.<\/td>\n<td>Rackl, Jonas<\/td>\n<td>0 : 1<\/td>\n<td><\/td>\n<td><\/td>\n<td><\/td>\n<\/tr>\n<\/tbody>\n<\/table>\n<p><strong>5. Runde &#8211; Paarungen \/ Ergebnisse<\/strong><\/p>\n<table>\n<tbody>\n<tr bgcolor=\"#FFFFFF\">\n<td><\/td>\n<td>1.<\/td>\n<td>Schmidl,Franz Xaver<\/td>\n<td><\/td>\n<td><\/td>\n<td>&#8211;<\/td>\n<td>7.<\/td>\n<td>Pohle,Markus<\/td>\n<td>1 : 0<\/td>\n<td><\/td>\n<td><\/td>\n<td><\/td>\n<\/tr>\n<tr bgcolor=\"#FFFFFF\">\n<td><\/td>\n<td>2.<\/td>\n<td>Hausmann,Sarah<\/td>\n<td><\/td>\n<td><\/td>\n<td>&#8211;<\/td>\n<td>8.<\/td>\n<td>Heppert, Lars<\/td>\n<td>1 : 0<\/td>\n<td><\/td>\n<td><\/td>\n<td><\/td>\n<\/tr>\n<tr bgcolor=\"#FFFFFF\">\n<td><\/td>\n<td>3.<\/td>\n<td>Beller,Igor<\/td>\n<td><\/td>\n<td><\/td>\n<td>&#8211;<\/td>\n<td>9.<\/td>\n<td>Doan,Duc Trung<\/td>\n<td>\u00a00,5 : 0,5<\/td>\n<td><\/td>\n<td><\/td>\n<td><\/td>\n<\/tr>\n<tr bgcolor=\"#FFFFFF\">\n<td><\/td>\n<td>4.<\/td>\n<td>Eremenko, Dimitry<\/td>\n<td><\/td>\n<td><\/td>\n<td>&#8211;<\/td>\n<td>10.<\/td>\n<td>Hacker,Zeno<\/td>\n<td>\u00a01 : 0<\/td>\n<td><\/td>\n<td><\/td>\n<td><\/td>\n<\/tr>\n<tr bgcolor=\"#FFFFFF\">\n<td><\/td>\n<td>5.<\/td>\n<td>Plieger,Tanja<\/td>\n<td><\/td>\n<td><\/td>\n<td>&#8211;<\/td>\n<td>11.<\/td>\n<td>Faller,Johanna<\/td>\n<td>\u00a01 : 0<\/td>\n<td><\/td>\n<td><\/td>\n<td><\/td>\n<\/tr>\n<tr bgcolor=\"#FFFFFF\">\n<td><\/td>\n<td>6.<\/td>\n<td>Lindl,Hubert<\/td>\n<td><\/td>\n<td><\/td>\n<td>&#8211;<\/td>\n<td>12.<\/td>\n<td>Rackl, Jonas<\/td>\n<td>\u00a0&#8211; : +<\/td>\n<td><\/td>\n<td><\/td>\n<td><\/td>\n<\/tr>\n<\/tbody>\n<\/table>\n<p><strong>6. Runde &#8211; Paarungen \/ Ergebnisse<\/strong><\/p>\n<table>\n<tbody>\n<tr bgcolor=\"#FFFFFF\">\n<td><\/td>\n<td>1.<\/td>\n<td>Pohle,Markus<\/td>\n<td><\/td>\n<td><\/td>\n<td>&#8211;<\/td>\n<td>7.\u00a0\u00a0Hausmann,Sarah<\/td>\n<td>\u00a00 : 1<\/td>\n<td><\/td>\n<td><\/td>\n<td><\/td>\n<td><\/td>\n<\/tr>\n<tr bgcolor=\"#FFFFFF\">\n<td><\/td>\n<td>2.<\/td>\n<td>\u00a0Rackl, Jonas<\/td>\n<td><\/td>\n<td><\/td>\n<td>&#8211;<\/td>\n<td>8.\u00a0Schmidl,Franz Xaver<\/td>\n<td>\u00a0&#8211; : +<\/td>\n<td><\/td>\n<td><\/td>\n<td><\/td>\n<td><\/td>\n<\/tr>\n<tr bgcolor=\"#FFFFFF\">\n<td><\/td>\n<td>3.<\/td>\n<td>Heppert, Lars<\/td>\n<td><\/td>\n<td><\/td>\n<td>&#8211;<\/td>\n<td>9.\u00a0Beller,Igor<\/td>\n<td>\u00a01 : 0<\/td>\n<td><\/td>\n<td><\/td>\n<\/tr>\n<tr bgcolor=\"#FFFFFF\">\n<td><\/td>\n<td>4.<\/td>\n<td>Lindl,Hubert<\/td>\n<td><\/td>\n<td><\/td>\n<td>&#8211;<\/td>\n<td>10.\u00a0\u00a0Eremenko, Dimitry<\/td>\n<td>&#8211; : +<\/td>\n<td><\/td>\n<td><\/td>\n<\/tr>\n<tr bgcolor=\"#FFFFFF\">\n<td><\/td>\n<td>5.<\/td>\n<td>Faller,Johanna<\/td>\n<td><\/td>\n<td><\/td>\n<td>&#8211;<\/td>\n<td>11.\u00a0Doan,Duc Trung<\/td>\n<td>\u00a00 : 1<\/td>\n<td><\/td>\n<td><\/td>\n<\/tr>\n<tr bgcolor=\"#FFFFFF\">\n<td><\/td>\n<td>6.<\/td>\n<td>\u00a0Hacker,Zeno<\/td>\n<td><\/td>\n<td><\/td>\n<td>&#8211;<\/td>\n<td>12.Plieger,Tanja<\/td>\n<td>\u00a01 : 0<\/td>\n<td><\/td>\n<td><\/td>\n<td><\/td>\n<td><\/td>\n<\/tr>\n<\/tbody>\n<\/table>\n<p><strong>7. Runde &#8211; Paarungen \/ Ergebnisse<\/strong><\/p>\n<table>\n<tbody>\n<tr bgcolor=\"#FFFFFF\">\n<td><\/td>\n<td>1.<\/td>\n<td>Hausmann,Sarah<\/td>\n<td><\/td>\n<td><\/td>\n<td>&#8211;<\/td>\n<td>7. \u00a0Schmidl,Franz Xaver<\/td>\n<td><\/td>\n<td>\u00a00 : 1<\/td>\n<td><\/td>\n<td><\/td>\n<td><\/td>\n<\/tr>\n<tr bgcolor=\"#FFFFFF\">\n<td><\/td>\n<td>2.<\/td>\n<td>\u00a0Doan,Duc Trung<\/td>\n<td><\/td>\n<td><\/td>\n<td>&#8211;<\/td>\n<td>8. \u00a0Heppert, Lars<\/td>\n<td><\/td>\n<td>1 : 0<\/td>\n<td><\/td>\n<\/tr>\n<tr bgcolor=\"#FFFFFF\">\n<td><\/td>\n<td>3.<\/td>\n<td>Hacker,Zeno<\/td>\n<td><\/td>\n<td><\/td>\n<td>&#8211;<\/td>\n<td>9. \u00a0Pohle, Markus<\/td>\n<td><\/td>\n<td>0 : 1<\/td>\n<td><\/td>\n<\/tr>\n<tr bgcolor=\"#FFFFFF\">\n<td><\/td>\n<td>4<\/td>\n<td>Rackl, Jonas<\/td>\n<td><\/td>\n<td><\/td>\n<td>&#8211;<\/td>\n<td>10.\u00a0\u00a0Eremenko, Dimitry<\/td>\n<td><\/td>\n<td>&#8211; : +<\/td>\n<td><\/td>\n<\/tr>\n<tr bgcolor=\"#FFFFFF\">\n<td><\/td>\n<td>5.<\/td>\n<td>Beller,Igor<\/td>\n<td><\/td>\n<td><\/td>\n<td>&#8211;<\/td>\n<td>11.\u00a0Faller,Johanna<\/td>\n<td><\/td>\n<td>\u00a01 : 0<\/td>\n<td><\/td>\n<\/tr>\n<tr bgcolor=\"#FFFFFF\">\n<td><\/td>\n<td>6.<\/td>\n<td>\u00a0Lindl,Hubert<\/td>\n<td><\/td>\n<td><\/td>\n<td>&#8211;<\/td>\n<td>12.Plieger,Tanja<\/td>\n<td><\/td>\n<td>&#8211; : +<\/td>\n<td><\/td>\n<td><\/td>\n<td><\/td>\n<\/tr>\n<\/tbody>\n<\/table>\n<table border=\"2\" cellspacing=\"2\" cellpadding=\"2\">\n<tbody>\n<tr>\n<td colspan=\"13\"><strong>Rangliste:\u00a0\u00a0Stand\u00a0nach\u00a0der\u00a07.\u00a0Runde<\/strong><\/td>\n<\/tr>\n<tr>\n<th>Rang<\/th>\n<th>Teilnehmer<\/th>\n<th>Titel<\/th>\n<th>TWZ<\/th>\n<th>At<\/th>\n<th>Verein\/Ort<\/th>\n<th>Land<\/th>\n<th>S<\/th>\n<th>R<\/th>\n<th>V<\/th>\n<th>Punkte<\/th>\n<th>Buchh<\/th>\n<th>SoBerg<\/th>\n<\/tr>\n<tr>\n<td>1.<\/td>\n<td>Schmidl,Franz\u00a0Xav<\/td>\n<td><\/td>\n<td>1708<\/td>\n<td><\/td>\n<td>TSV\u00a0Rohrbach<\/td>\n<td>GER<\/td>\n<td>5<\/td>\n<td>1<\/td>\n<td>1<\/td>\n<td>5.5<\/td>\n<td>30.0<\/td>\n<td>24.00<\/td>\n<\/tr>\n<tr>\n<td>2.<\/td>\n<td>Pohle,Markus<\/td>\n<td><\/td>\n<td>1594<\/td>\n<td><\/td>\n<td>MTV\u00a0Ingolstadt<\/td>\n<td>GER<\/td>\n<td>5<\/td>\n<td>0<\/td>\n<td>2<\/td>\n<td>5.0<\/td>\n<td>28.0<\/td>\n<td>18.50<\/td>\n<\/tr>\n<tr>\n<td>3.<\/td>\n<td>Doan,Duc\u00a0Trung<\/td>\n<td><\/td>\n<td>1305<\/td>\n<td><\/td>\n<td>MTV\u00a0Ingolstadt<\/td>\n<td>VIE<\/td>\n<td>4<\/td>\n<td>2<\/td>\n<td>1<\/td>\n<td>5.0<\/td>\n<td>22.0<\/td>\n<td>12.75<\/td>\n<\/tr>\n<tr>\n<td>4.<\/td>\n<td>Eremenko,Dimitry<\/td>\n<td><\/td>\n<td>1584<\/td>\n<td><\/td>\n<td>MTV\u00a0Ingolstadt<\/td>\n<td>GER<\/td>\n<td>5<\/td>\n<td>0<\/td>\n<td>2<\/td>\n<td>5.0<\/td>\n<td>22.0<\/td>\n<td>12.00<\/td>\n<\/tr>\n<tr>\n<td>5.<\/td>\n<td>Hausmann,Sarah<\/td>\n<td><\/td>\n<td>1500<\/td>\n<td>W<\/td>\n<td>MTV\u00a0Ingolstadt<\/td>\n<td>GER<\/td>\n<td>4<\/td>\n<td>1<\/td>\n<td>2<\/td>\n<td>4.5<\/td>\n<td>27.0<\/td>\n<td>15.75<\/td>\n<\/tr>\n<tr>\n<td>6.<\/td>\n<td>Heppert,Lars<\/td>\n<td><\/td>\n<td>1924<\/td>\n<td><\/td>\n<td>SC\u00a0BSV\u00a0Neuburg<\/td>\n<td>GER<\/td>\n<td>4<\/td>\n<td>0<\/td>\n<td>3<\/td>\n<td>4.0<\/td>\n<td>29.0<\/td>\n<td>15.00<\/td>\n<\/tr>\n<tr>\n<td>7.<\/td>\n<td>Beller,Igor<\/td>\n<td><\/td>\n<td>1624<\/td>\n<td><\/td>\n<td>MTV\u00a0Ingolstadt<\/td>\n<td>GER<\/td>\n<td>3<\/td>\n<td>2<\/td>\n<td>2<\/td>\n<td>4.0<\/td>\n<td>26.0<\/td>\n<td>12.25<\/td>\n<\/tr>\n<tr>\n<td>8.<\/td>\n<td>Hacker,Zeno<\/td>\n<td><\/td>\n<td>1287<\/td>\n<td><\/td>\n<td>MTV\u00a0Ingolstadt<\/td>\n<td>GER<\/td>\n<td>3<\/td>\n<td>0<\/td>\n<td>4<\/td>\n<td>3.0<\/td>\n<td>22.5<\/td>\n<td>5.00<\/td>\n<\/tr>\n<tr>\n<td>9.<\/td>\n<td>Rackl,Jonas<\/td>\n<td><\/td>\n<td>951<\/td>\n<td><\/td>\n<td>MTV\u00a0Ingolstadt<\/td>\n<td>&#8211;<\/td>\n<td>3<\/td>\n<td>0<\/td>\n<td>4<\/td>\n<td>3.0<\/td>\n<td>21.0<\/td>\n<td>4.50<\/td>\n<\/tr>\n<tr>\n<td>10.<\/td>\n<td>Plieger,Tanja<\/td>\n<td><\/td>\n<td>786<\/td>\n<td>W<\/td>\n<td>MTV\u00a0Ingolstadt<\/td>\n<td>&#8211;<\/td>\n<td>2<\/td>\n<td>0<\/td>\n<td>5<\/td>\n<td>2.0<\/td>\n<td>20.5<\/td>\n<td>1.00<\/td>\n<\/tr>\n<tr>\n<td>11.<\/td>\n<td>Lindl,Hubert<\/td>\n<td><\/td>\n<td>1280<\/td>\n<td><\/td>\n<td>MTV\u00a0Ingolstadt<\/td>\n<td>&#8211;<\/td>\n<td>1<\/td>\n<td>0<\/td>\n<td>6<\/td>\n<td>1.0<\/td>\n<td>19.0<\/td>\n<td>0.00<\/td>\n<\/tr>\n<tr>\n<td>12.<\/td>\n<td>Faller,Johanna<\/td>\n<td><\/td>\n<td>765<\/td>\n<td>W<\/td>\n<td>MTV\u00a0Ingolstadt<\/td>\n<td>&#8211;<\/td>\n<td>0<\/td>\n<td>0<\/td>\n<td>7<\/td>\n<td>0.0<\/td>\n<td>23.5<\/td>\n<td>0.00<\/td>\n<\/tr>\n<\/tbody>\n<\/table>\n","protected":false},"excerpt":{"rendered":"<p>Austragungsmodus Ort: MTV Vereinsheim, Friedhofstra\u00dfe 10, 85049 Ingolstadt, Nebenzimmer Modus: 7 Runden im Schweizer System Bedenkzeit: 90 min f\u00fcr 40 Z\u00fcge \/ 30 min. f\u00fcr die restlichen Z\u00fcge Termine: in der Regel am Freitag, um 19:30 Uhr an folgenden Terminen: 25.09.15 &#8211; 1. Runde 16.10.15 &#8211; 2. Runde 30.10.15 \u2013 3. Runde 20.11.15 \u2013 4. [&hellip;]<\/p>\n","protected":false},"author":12,"featured_media":0,"parent":0,"menu_order":0,"comment_status":"closed","ping_status":"closed","template":"","meta":{"footnotes":""},"class_list":["post-3869","page","type-page","status-publish","hentry"],"_links":{"self":[{"href":"https:\/\/www.mtv-in.de\/schach\/wp-json\/wp\/v2\/pages\/3869","targetHints":{"allow":["GET"]}}],"collection":[{"href":"https:\/\/www.mtv-in.de\/schach\/wp-json\/wp\/v2\/pages"}],"about":[{"href":"https:\/\/www.mtv-in.de\/schach\/wp-json\/wp\/v2\/types\/page"}],"author":[{"embeddable":true,"href":"https:\/\/www.mtv-in.de\/schach\/wp-json\/wp\/v2\/users\/12"}],"replies":[{"embeddable":true,"href":"https:\/\/www.mtv-in.de\/schach\/wp-json\/wp\/v2\/comments?post=3869"}],"version-history":[{"count":54,"href":"https:\/\/www.mtv-in.de\/schach\/wp-json\/wp\/v2\/pages\/3869\/revisions"}],"predecessor-version":[{"id":4638,"href":"https:\/\/www.mtv-in.de\/schach\/wp-json\/wp\/v2\/pages\/3869\/revisions\/4638"}],"wp:attachment":[{"href":"https:\/\/www.mtv-in.de\/schach\/wp-json\/wp\/v2\/media?parent=3869"}],"curies":[{"name":"wp","href":"https:\/\/api.w.org\/{rel}","templated":true}]}}