{"id":4948,"date":"2016-09-11T20:47:58","date_gmt":"2016-09-11T18:47:58","guid":{"rendered":"http:\/\/www.mtv-in.de\/schach\/?page_id=4948"},"modified":"2017-04-19T23:15:18","modified_gmt":"2017-04-19T21:15:18","slug":"vereinsmeisterschaft-201617","status":"publish","type":"page","link":"https:\/\/www.mtv-in.de\/schach\/vereinsmeisterschaft-201617\/","title":{"rendered":"Vereinsmeisterschaft 2016\/17"},"content":{"rendered":"<h2>Austragungsmodus<\/h2>\n<ul>\n<ul>\n<li><strong>Ort:<\/strong> MTV Vereinsheim, Friedhofstra\u00dfe 10, 85049 Ingolstadt, Nebenzimmer<\/li>\n<li><strong>Modus:<\/strong> 7 Runden im Schweizer System<\/li>\n<li><strong>Bedenkzeit:<\/strong> 90 min f\u00fcr 40 Z\u00fcge \/ 30 min. f\u00fcr die restlichen Z\u00fcge<\/li>\n<li><strong>Termine:<\/strong> in der Regel am Freitag, um 19:30 Uhr an folgenden Terminen:<br \/>\n07.10.16 &#8211; 1. Runde<br \/>\n04.11.16 &#8211; 2. Runde<br \/>\n25.11.16 \u2013 3. Runde<br \/>\n<del>09.12.15 \u2013 4. Runde<\/del><br \/>\n<strong>20.01.17 \u2013 4. Runde<\/strong><br \/>\n10.02.17 \u2013 5. Runde<br \/>\n03.03.17 \u2013 6. Runde<br \/>\n24.03.17 &#8211; 7. Runde<\/li>\n<li>Der Samstag oder der Freitag (Folgewoche) kann als Ausweichtermin gew\u00e4hlt werden.<\/li>\n<li><strong>Ergebnis:<\/strong> Meldung aller Spielergebnisse bis ca. 11 Tage nach Rundenbeginn.<\/li>\n<li><strong>Turnierende:<\/strong> Das Turnier ist sp\u00e4testens am 30.03.2017 beendet.<\/li>\n<li><strong>Startgeld: <\/strong>Teilnahme ist kostenlos<\/li>\n<li><strong>DWZ Auswertung:<\/strong> F\u00fcr unsere Vereinsmeisterschaft erfolgt eine DWZ Auswertung.<\/li>\n<li><strong>Turnierleitung:<\/strong> Markus Pohle, Mail: m.pohle[at]web.de<\/li>\n<li><strong>Anmeldung:<\/strong> Bitte meldet Euch bei Markus Pohle an oder kommt am 07.10.16 vor 19:30 Uhr in unser Vereinsheim. Die erste Auslosung findet am 07.10.16 statt.<\/li>\n<\/ul>\n<\/ul>\n<h2>1. \u00a0Runde<\/h2>\n<table border=\"2\" cellspacing=\"2\" cellpadding=\"2\">\n<tbody>\n<tr>\n<td colspan=\"11\">Paarungsliste\u00a0der\u00a01.\u00a0Runde<\/td>\n<\/tr>\n<tr>\n<th>TNr<\/th>\n<th>Teilnehmer<\/th>\n<th>TWZ<\/th>\n<th>Punk<\/th>\n<th>TNr<\/th>\n<th>Teilnehmer<\/th>\n<th>TWZ<\/th>\n<th>Punk<\/th>\n<th>Ergebni<\/th>\n<\/tr>\n<tr>\n<td>12.<\/td>\n<td>Riebel,Peter\u00a0Alexand<\/td>\n<td>1156<\/td>\n<td>()<\/td>\n<td>2.<\/td>\n<td>Hausmann,Kai<\/td>\n<td>2055<\/td>\n<td>()<\/td>\n<td>\u00a00 &#8211; 1<\/td>\n<\/tr>\n<tr>\n<td>19.<\/td>\n<td>Hausmann,Sarah<\/td>\n<td>1500<\/td>\n<td>()<\/td>\n<td>3.<\/td>\n<td>Menrad,Andreas<\/td>\n<td>2002<\/td>\n<td>()<\/td>\n<td>0\u00a0 &#8211; 1<\/td>\n<\/tr>\n<tr>\n<td>8.<\/td>\n<td>Pohle,Markus<\/td>\n<td>1619<\/td>\n<td>()<\/td>\n<td>4.<\/td>\n<td>Szabo,Sandor<\/td>\n<td>1802<\/td>\n<td>()<\/td>\n<td>1\u00a0&#8211;\u00a00<\/td>\n<\/tr>\n<tr>\n<td>5.<\/td>\n<td>Andreoli,Christophe,<\/td>\n<td>1794<\/td>\n<td>()<\/td>\n<td>10.<\/td>\n<td>Doan,Duc\u00a0Trung<\/td>\n<td>1377<\/td>\n<td>()<\/td>\n<td>\u00bd\u00a0&#8211;\u00a0\u00bd<\/td>\n<\/tr>\n<tr>\n<td>11.<\/td>\n<td>Slesiona,Leonhard<\/td>\n<td>1351<\/td>\n<td>()<\/td>\n<td>6.<\/td>\n<td>Schmidl,Franz<\/td>\n<td>1699<\/td>\n<td>()<\/td>\n<td>0\u00a0&#8211;\u00a01<\/td>\n<\/tr>\n<tr>\n<td>7.<\/td>\n<td>Beller,Igor<\/td>\n<td>1673<\/td>\n<td>()<\/td>\n<td>15.<\/td>\n<td>Peter,\u00a0Attila<\/td>\n<td><\/td>\n<td>()<\/td>\n<td>1\u00a0&#8211;\u00a00<\/td>\n<\/tr>\n<tr>\n<td>13.<\/td>\n<td>Plieger,Tanja<\/td>\n<td>781<\/td>\n<td>()<\/td>\n<td>14.<\/td>\n<td>Faller,Johanna<\/td>\n<td>769<\/td>\n<td>()<\/td>\n<td>0 &#8211; 1<\/td>\n<\/tr>\n<tr>\n<td>1.<\/td>\n<td>Muharemagic,Asim<\/td>\n<td>2116<\/td>\n<td>()<\/td>\n<td>16.<\/td>\n<td>spielfrei<\/td>\n<td><\/td>\n<td>()<\/td>\n<td>+\u00a0&#8211;\u00a0&#8211;<\/td>\n<\/tr>\n<\/tbody>\n<\/table>\n<h2>2. \u00a0Runde<\/h2>\n<table border=\"2\" cellspacing=\"2\" cellpadding=\"2\" bgcolor=\"#FFFFFF\">\n<tbody>\n<tr>\n<td colspan=\"12\">Paarungsliste\u00a0der\u00a02.\u00a0Runde<\/td>\n<\/tr>\n<tr bgcolor=\"#808080\">\n<th>Tisc<\/th>\n<th>Teilnehmer<\/th>\n<th>TWZ<\/th>\n<th>Punk<\/th>\n<th>&#8211;<\/th>\n<th>TNr<\/th>\n<th>Teilnehmer<\/th>\n<th>TWZ<\/th>\n<th>Punk<\/th>\n<th>Ergebni<\/th>\n<\/tr>\n<tr bgcolor=\"#FFFFFF\">\n<td>1<\/td>\n<td>Schmidl,Franz\u00a0Xaver<\/td>\n<td>1699<\/td>\n<td>(1)<\/td>\n<td>&#8211;<\/td>\n<td>1.<\/td>\n<td>Muharemagic,Asim<\/td>\n<td>2116<\/td>\n<td>(1)<\/td>\n<td>0 &#8211; 1<\/td>\n<\/tr>\n<tr bgcolor=\"#FFFFFF\">\n<td>2<\/td>\n<td>Hausmann,Kai<\/td>\n<td>2055<\/td>\n<td>(1)<\/td>\n<td>&#8211;<\/td>\n<td>7.<\/td>\n<td>Beller,Igor<\/td>\n<td>1673<\/td>\n<td>(1)<\/td>\n<td>\u00a00,5 &#8211; 0,5<\/td>\n<\/tr>\n<tr bgcolor=\"#FFFFFF\">\n<td>3<\/td>\n<td>Menrad,Andreas<\/td>\n<td>2002<\/td>\n<td>(1)<\/td>\n<td>&#8211;<\/td>\n<td>8.<\/td>\n<td>Pohle,Markus<\/td>\n<td>1619<\/td>\n<td>(1)<\/td>\n<td>1 &#8211; 0<\/td>\n<\/tr>\n<tr bgcolor=\"#FFFFFF\">\n<td>4<\/td>\n<td>Faller,Johanna<\/td>\n<td>769<\/td>\n<td>(1)<\/td>\n<td>&#8211;<\/td>\n<td>5.<\/td>\n<td>Andreoli,Christophe,<\/td>\n<td>1794<\/td>\n<td>(\u00bd)<\/td>\n<td>0 &#8211; 1<\/td>\n<\/tr>\n<tr bgcolor=\"#FFFFFF\">\n<td>5<\/td>\n<td>Doan,Duc\u00a0Trung<\/td>\n<td>1377<\/td>\n<td>(\u00bd)<\/td>\n<td>&#8211;<\/td>\n<td>9.<\/td>\n<td>Hausmann,Sarah<\/td>\n<td>1500<\/td>\n<td>(0)<\/td>\n<td>0 &#8211; 1<\/td>\n<\/tr>\n<tr bgcolor=\"#FFFFFF\">\n<td>6<\/td>\n<td>Szabo,Sandor<\/td>\n<td>1802<\/td>\n<td>(0)<\/td>\n<td>&#8211;<\/td>\n<td>12.<\/td>\n<td>Riebel,Peter<\/td>\n<td>1156<\/td>\n<td>(0)<\/td>\n<td>\u00a01 &#8211; 0<\/td>\n<\/tr>\n<tr bgcolor=\"#FFFFFF\">\n<td>7<\/td>\n<td>Peter,\u00a0Attila<\/td>\n<td><\/td>\n<td>(0)<\/td>\n<td>&#8211;<\/td>\n<td>11.<\/td>\n<td>Slesiona,Leonhard<\/td>\n<td>1351<\/td>\n<td>(0)<\/td>\n<td>\u00a00 &#8211; 1<\/td>\n<\/tr>\n<tr bgcolor=\"#FFFFFF\">\n<td>8<\/td>\n<td>Plieger,Tanja<\/td>\n<td>781<\/td>\n<td>(0)<\/td>\n<td>&#8211;<\/td>\n<td>16.<\/td>\n<td>spielfrei<\/td>\n<td><\/td>\n<td>(0)<\/td>\n<td>+\u00a0&#8211;\u00a0&#8211;<\/td>\n<\/tr>\n<\/tbody>\n<\/table>\n<h2>3. Runde<\/h2>\n<table border=\"2\" cellspacing=\"2\" cellpadding=\"2\" bgcolor=\"#FFFFFF\">\n<tbody>\n<tr>\n<td colspan=\"14\">Paarungsliste\u00a0der\u00a03.\u00a0Runde<\/td>\n<\/tr>\n<tr bgcolor=\"#808080\">\n<th>Tisch<\/th>\n<th>TNr<\/th>\n<th>Teilnehmer<\/th>\n<th>Tite<\/th>\n<th>Punkte<\/th>\n<th>&#8211;<\/th>\n<th>TNr<\/th>\n<th>Teilnehmer<\/th>\n<th>Tite<\/th>\n<th>Punkte<\/th>\n<th>Ergebnis<\/th>\n<th>At<\/th>\n<\/tr>\n<tr bgcolor=\"#FFFFFF\">\n<td>1<\/td>\n<td>1.<\/td>\n<td>Muharemagic,Asim<\/td>\n<td><\/td>\n<td>(2)<\/td>\n<td>&#8211;<\/td>\n<td>3.<\/td>\n<td>Menrad,Andreas<\/td>\n<td><\/td>\n<td>(2)<\/td>\n<td>1 &#8211; 0<\/td>\n<td><\/td>\n<\/tr>\n<tr bgcolor=\"#FFFFFF\">\n<td>2<\/td>\n<td>5.<\/td>\n<td>Andreoli,Christophe<\/td>\n<td><\/td>\n<td>(1\u00bd)<\/td>\n<td>&#8211;<\/td>\n<td>2.<\/td>\n<td>Hausmann,Kai<\/td>\n<td><\/td>\n<td>(1\u00bd)<\/td>\n<td>\u00a00 &#8211; 1<\/td>\n<td><\/td>\n<\/tr>\n<tr bgcolor=\"#FFFFFF\">\n<td>3<\/td>\n<td>7.<\/td>\n<td>Beller,Igor<\/td>\n<td><\/td>\n<td>(1\u00bd)<\/td>\n<td>&#8211;<\/td>\n<td>4.<\/td>\n<td>Szabo,Sandor<\/td>\n<td><\/td>\n<td>(1)<\/td>\n<td>0,5 &#8211; 0,5<\/td>\n<td><\/td>\n<\/tr>\n<tr bgcolor=\"#FFFFFF\">\n<td>4<\/td>\n<td>9.<\/td>\n<td>Hausmann,Sarah<\/td>\n<td><\/td>\n<td>(1)<\/td>\n<td>&#8211;<\/td>\n<td>6.<\/td>\n<td>Schmidl,Franz<\/td>\n<td><\/td>\n<td>(1)<\/td>\n<td>0,5 &#8211; 0,5<\/td>\n<td><\/td>\n<\/tr>\n<tr bgcolor=\"#FFFFFF\">\n<td>5<\/td>\n<td>8.<\/td>\n<td>Pohle,Markus<\/td>\n<td><\/td>\n<td>(1)<\/td>\n<td>&#8211;<\/td>\n<td>13.<\/td>\n<td>Plieger,Tanja<\/td>\n<td><\/td>\n<td>(1)<\/td>\n<td>\u00a01 &#8211; 0<\/td>\n<td><\/td>\n<\/tr>\n<tr bgcolor=\"#FFFFFF\">\n<td>6<\/td>\n<td>11.<\/td>\n<td>Slesiona,Leonhard<\/td>\n<td><\/td>\n<td>(1)<\/td>\n<td>&#8211;<\/td>\n<td>14.<\/td>\n<td>Faller,Johanna<\/td>\n<td><\/td>\n<td>(1)<\/td>\n<td>\u00a01 &#8211; 0<\/td>\n<td><\/td>\n<\/tr>\n<tr bgcolor=\"#FFFFFF\">\n<td>7<\/td>\n<td>12.<\/td>\n<td>Riebel,Peter<\/td>\n<td><\/td>\n<td>(0)<\/td>\n<td>&#8211;<\/td>\n<td>10.<\/td>\n<td>Doan,Duc\u00a0Trung<\/td>\n<td><\/td>\n<td>(\u00bd)<\/td>\n<td>\u00a00 &#8211; 1<\/td>\n<td><\/td>\n<\/tr>\n<tr bgcolor=\"#FFFFFF\">\n<td>8<\/td>\n<td>15.<\/td>\n<td>Peter,\u00a0Attila<\/td>\n<td><\/td>\n<td>(0)<\/td>\n<td>&#8211;<\/td>\n<td>16.<\/td>\n<td>spielfrei<\/td>\n<td><\/td>\n<td>(0)<\/td>\n<td>+\u00a0&#8211;\u00a0&#8211;<\/td>\n<td><\/td>\n<\/tr>\n<\/tbody>\n<\/table>\n<h2>4. Runde<\/h2>\n<table border=\"2\" cellspacing=\"2\" cellpadding=\"2\" bgcolor=\"#FFFFFF\">\n<tbody>\n<tr>\n<td colspan=\"14\">Paarungsliste der 4. Runde<\/td>\n<\/tr>\n<tr bgcolor=\"#808080\">\n<th>Tisch<\/th>\n<th>TNr<\/th>\n<th>Teilnehmer<\/th>\n<th>Tite<\/th>\n<th>Punkte<\/th>\n<th>&#8211;<\/th>\n<th>TNr<\/th>\n<th>Teilnehmer<\/th>\n<th>Tite<\/th>\n<th>Punkte<\/th>\n<th>Ergebnis<\/th>\n<th>At<\/th>\n<\/tr>\n<tr bgcolor=\"#FFFFFF\">\n<td>1<\/td>\n<td>1.<\/td>\n<td>Hausmann,Kai<\/td>\n<td><\/td>\n<td>(2\u00bd)<\/td>\n<td>&#8211;<\/td>\n<td>3.<\/td>\n<td>Muharemagic,Asim<\/td>\n<td><\/td>\n<td>(3)<\/td>\n<td>\u00a0\u00bd : \u00bd<\/td>\n<td><\/td>\n<\/tr>\n<tr bgcolor=\"#FFFFFF\">\n<td>2<\/td>\n<td>5.<\/td>\n<td>Menrad,Andreas<\/td>\n<td><\/td>\n<td>(2)<\/td>\n<td>&#8211;<\/td>\n<td>2.<\/td>\n<td>Slesiona,Leonhard<\/td>\n<td><\/td>\n<td>(2)<\/td>\n<td>\u00a01 : 0<\/td>\n<td><\/td>\n<\/tr>\n<tr bgcolor=\"#FFFFFF\">\n<td>3<\/td>\n<td>7.<\/td>\n<td>Pohle,Markus<\/td>\n<td><\/td>\n<td>(2)<\/td>\n<td>&#8211;<\/td>\n<td>4.<\/td>\n<td>Beller,Igor<\/td>\n<td><\/td>\n<td>(2)<\/td>\n<td>\u00a0\u00bd : \u00bd<\/td>\n<td><\/td>\n<\/tr>\n<tr bgcolor=\"#FFFFFF\">\n<td>4<\/td>\n<td>9.<\/td>\n<td>Szabo,Sandor<\/td>\n<td><\/td>\n<td>(1\u00bd)<\/td>\n<td>&#8211;<\/td>\n<td>6.<\/td>\n<td>Hausmann,Sarah<\/td>\n<td><\/td>\n<td>(1\u00bd)<\/td>\n<td style=\"text-align: center\">\u00bd : \u00bd<\/td>\n<td><\/td>\n<\/tr>\n<tr bgcolor=\"#FFFFFF\">\n<td>5<\/td>\n<td>8.<\/td>\n<td>Schmidl,Franz<\/td>\n<td><\/td>\n<td>(1\u00bd)<\/td>\n<td>&#8211;<\/td>\n<td>13.<\/td>\n<td>Andreoli,Christophe<\/td>\n<td><\/td>\n<td>(1\u00bd)<\/td>\n<td>\u00a0\u00bd : \u00bd<\/td>\n<td><\/td>\n<\/tr>\n<tr bgcolor=\"#FFFFFF\">\n<td>6<\/td>\n<td>11.<\/td>\n<td>Doan,Duc Trung<\/td>\n<td><\/td>\n<td>(1\u00bd)<\/td>\n<td>&#8211;<\/td>\n<td>14.<\/td>\n<td>Plieger,Tanja<\/td>\n<td><\/td>\n<td>(1)<\/td>\n<td style=\"text-align: center\">1 : 0<\/td>\n<td><\/td>\n<\/tr>\n<tr bgcolor=\"#FFFFFF\">\n<td>7<\/td>\n<td>12.<\/td>\n<td>Faller, Johanna<\/td>\n<td><\/td>\n<td>(1)<\/td>\n<td>&#8211;<\/td>\n<td>10.<\/td>\n<td>Peter, Attila<\/td>\n<td><\/td>\n<td>(1)<\/td>\n<td>\u00a0 \u00a0+ &#8211; &#8211;<\/td>\n<td><\/td>\n<\/tr>\n<tr bgcolor=\"#FFFFFF\">\n<td>8<\/td>\n<td>15.<\/td>\n<td>Riebel, Peter<\/td>\n<td><\/td>\n<td>(\u00bd)<\/td>\n<td>&#8211;<\/td>\n<td>16.<\/td>\n<td>spielfrei<\/td>\n<td><\/td>\n<td>(0)<\/td>\n<td>\u00a0 \u00a0 + &#8211; &#8211;<\/td>\n<td><\/td>\n<\/tr>\n<\/tbody>\n<\/table>\n<h2>5. Runde<\/h2>\n<table border=\"2\" cellspacing=\"2\" cellpadding=\"2\" bgcolor=\"#FFFFFF\">\n<tbody>\n<tr>\n<td colspan=\"14\">Paarungsliste\u00a0der\u00a05.\u00a0Runde<\/td>\n<\/tr>\n<tr bgcolor=\"#808080\">\n<th>Tisch<\/th>\n<th>TNr<\/th>\n<th>Teilnehmer<\/th>\n<th>Tite<\/th>\n<th>Punkte<\/th>\n<th>&#8211;<\/th>\n<th>TNr<\/th>\n<th>Teilnehmer<\/th>\n<th>Tite<\/th>\n<th>Punkte<\/th>\n<th>Ergebnis<\/th>\n<th>At<\/th>\n<\/tr>\n<tr bgcolor=\"#FFFFFF\">\n<td>1<\/td>\n<td>1.<\/td>\n<td>Muharemagic,Asim<\/td>\n<td><\/td>\n<td>(3\u00bd)<\/td>\n<td>&#8211;<\/td>\n<td>8.<\/td>\n<td>Pohle,Markus<\/td>\n<td><\/td>\n<td>(2\u00bd)<\/td>\n<td>1\u00a0 &#8211; 0<\/td>\n<td><\/td>\n<\/tr>\n<tr bgcolor=\"#FFFFFF\">\n<td>2<\/td>\n<td>3.<\/td>\n<td>Menrad,Andreas<\/td>\n<td><\/td>\n<td>(3)<\/td>\n<td>&#8211;<\/td>\n<td>2.<\/td>\n<td>Hausmann,Kai<\/td>\n<td><\/td>\n<td>(3)<\/td>\n<td>1\u00a0 &#8211; 0<\/td>\n<td><\/td>\n<\/tr>\n<tr bgcolor=\"#FFFFFF\">\n<td>3<\/td>\n<td>7.<\/td>\n<td>Beller,Igor<\/td>\n<td><\/td>\n<td>(2\u00bd)<\/td>\n<td>&#8211;<\/td>\n<td>10.<\/td>\n<td>Doan,Duc\u00a0Trung<\/td>\n<td><\/td>\n<td>(2\u00bd)<\/td>\n<td>1 &#8211; 0<\/td>\n<td><\/td>\n<\/tr>\n<tr bgcolor=\"#FFFFFF\">\n<td>4<\/td>\n<td>5.<\/td>\n<td>Andreoli,Christo<\/td>\n<td><\/td>\n<td>(2)<\/td>\n<td>&#8211;<\/td>\n<td>4.<\/td>\n<td>Szabo,Sandor<\/td>\n<td><\/td>\n<td>(2)<\/td>\n<td>0,5 -0,5<\/td>\n<td><\/td>\n<\/tr>\n<tr bgcolor=\"#FFFFFF\">\n<td>5<\/td>\n<td>14.<\/td>\n<td>Faller,Johanna<\/td>\n<td><\/td>\n<td>(2)<\/td>\n<td>&#8211;<\/td>\n<td>6.<\/td>\n<td>Schmidl,Franz\u00a0Xa<\/td>\n<td><\/td>\n<td>(2)<\/td>\n<td>0 &#8211; 1<\/td>\n<td><\/td>\n<\/tr>\n<tr bgcolor=\"#FFFFFF\">\n<td>6<\/td>\n<td>9.<\/td>\n<td>Hausmann,Sarah<\/td>\n<td><\/td>\n<td>(2)<\/td>\n<td>&#8211;<\/td>\n<td>15.<\/td>\n<td>Peter,\u00a0Attila<\/td>\n<td><\/td>\n<td>(1)<\/td>\n<td>1\u00a0 &#8211; 0<\/td>\n<td><\/td>\n<\/tr>\n<tr bgcolor=\"#FFFFFF\">\n<td>7<\/td>\n<td>13.<\/td>\n<td>Plieger,Tanja<\/td>\n<td><\/td>\n<td>(1)<\/td>\n<td>&#8211;<\/td>\n<td>12.<\/td>\n<td>Riebel,Peter\u00a0Ale<\/td>\n<td><\/td>\n<td>(1)<\/td>\n<td>1\u00a0 &#8211; 0<\/td>\n<td><\/td>\n<\/tr>\n<tr bgcolor=\"#FFFFFF\">\n<td>8<\/td>\n<td>11.<\/td>\n<td>Slesiona,Leonhar<\/td>\n<td><\/td>\n<td>(2)<\/td>\n<td>&#8211;<\/td>\n<td>16.<\/td>\n<td>spielfrei<\/td>\n<td><\/td>\n<td>(0)<\/td>\n<td>+\u00a0&#8211;\u00a0&#8211;<\/td>\n<td><\/td>\n<\/tr>\n<\/tbody>\n<\/table>\n<h2>6. Runde<\/h2>\n<table border=\"2\" cellspacing=\"2\" cellpadding=\"2\" bgcolor=\"#FFFFFF\">\n<tbody>\n<tr>\n<td colspan=\"14\">Paarungsliste\u00a0der\u00a06.\u00a0Runde<\/td>\n<\/tr>\n<tr bgcolor=\"#808080\">\n<th>Tisch<\/th>\n<th>TNr<\/th>\n<th>Teilnehmer<\/th>\n<th>Tite<\/th>\n<th>Punkte<\/th>\n<th>&#8211;<\/th>\n<th>TNr<\/th>\n<th>Teilnehmer<\/th>\n<th>Tite<\/th>\n<th>Punkte<\/th>\n<th>Ergebnis<\/th>\n<th>At<\/th>\n<\/tr>\n<tr bgcolor=\"#FFFFFF\">\n<td>1<\/td>\n<td>1.<\/td>\n<td>Muharemagic,Asim<\/td>\n<td><\/td>\n<td>(4\u00bd)<\/td>\n<td>&#8211;<\/td>\n<td>7.<\/td>\n<td>Beller,Igor<\/td>\n<td><\/td>\n<td>(3\u00bd)<\/td>\n<td>\u00a01 &#8211; 0<\/td>\n<td><\/td>\n<\/tr>\n<tr bgcolor=\"#FFFFFF\">\n<td>2<\/td>\n<td>6.<\/td>\n<td>Schmidl,Franz\u00a0Xa<\/td>\n<td><\/td>\n<td>(3)<\/td>\n<td>&#8211;<\/td>\n<td>3.<\/td>\n<td>Menrad,Andreas<\/td>\n<td><\/td>\n<td>(4)<\/td>\n<td>\u00a00,5 &#8211; 0,5<\/td>\n<td><\/td>\n<\/tr>\n<tr bgcolor=\"#FFFFFF\">\n<td>3<\/td>\n<td>11.<\/td>\n<td>Slesiona,Leonhar<\/td>\n<td><\/td>\n<td>(3)<\/td>\n<td>&#8211;<\/td>\n<td>9.<\/td>\n<td>Hausmann,Sarah<\/td>\n<td><\/td>\n<td>(3)<\/td>\n<td>\u00a00,5 &#8211; 0,5<\/td>\n<td><\/td>\n<\/tr>\n<tr bgcolor=\"#FFFFFF\">\n<td>4<\/td>\n<td>2.<\/td>\n<td>Hausmann,Kai<\/td>\n<td><\/td>\n<td>(3)<\/td>\n<td>&#8211;<\/td>\n<td>4.<\/td>\n<td>Szabo,Sandor<\/td>\n<td><\/td>\n<td>(2\u00bd)<\/td>\n<td>1\u00a0 &#8211; 0<\/td>\n<td><\/td>\n<\/tr>\n<tr bgcolor=\"#FFFFFF\">\n<td>5<\/td>\n<td>10.<\/td>\n<td>Doan,Duc\u00a0Trung<\/td>\n<td><\/td>\n<td>(2\u00bd)<\/td>\n<td>&#8211;<\/td>\n<td>8.<\/td>\n<td>Pohle,Markus<\/td>\n<td><\/td>\n<td>(2\u00bd)<\/td>\n<td>0 &#8211; 1<\/td>\n<td><\/td>\n<\/tr>\n<tr bgcolor=\"#FFFFFF\">\n<td>6<\/td>\n<td>15.<\/td>\n<td>Peter,\u00a0Attila<\/td>\n<td><\/td>\n<td>(1)<\/td>\n<td>&#8211;<\/td>\n<td>13.<\/td>\n<td>Plieger,Tanja<\/td>\n<td><\/td>\n<td>(2)<\/td>\n<td>\u00a01 &#8211; 0<\/td>\n<td><\/td>\n<\/tr>\n<tr bgcolor=\"#FFFFFF\">\n<td>7<\/td>\n<td>12.<\/td>\n<td>Riebel,Peter\u00a0Ale<\/td>\n<td><\/td>\n<td>(1)<\/td>\n<td>&#8211;<\/td>\n<td>14.<\/td>\n<td>Faller,Johanna<\/td>\n<td><\/td>\n<td>(2)<\/td>\n<td>\u00a00 &#8211; 1<\/td>\n<td><\/td>\n<\/tr>\n<tr bgcolor=\"#FFFFFF\">\n<td>8<\/td>\n<td>5.<\/td>\n<td>Andreoli,Christo<\/td>\n<td><\/td>\n<td>(2\u00bd)<\/td>\n<td>&#8211;<\/td>\n<td>16.<\/td>\n<td>spielfrei<\/td>\n<td><\/td>\n<td>(0)<\/td>\n<td>+\u00a0&#8211;\u00a0&#8211;<\/td>\n<td><\/td>\n<\/tr>\n<\/tbody>\n<\/table>\n<h2>7. \u00a0Runde<\/h2>\n<table border=\"2\" cellspacing=\"2\" cellpadding=\"2\" bgcolor=\"#FFFFFF\">\n<tbody>\n<tr>\n<td colspan=\"14\">Paarungsliste\u00a0der\u00a07.\u00a0Runde<\/td>\n<\/tr>\n<tr bgcolor=\"#808080\">\n<th>Tisch<\/th>\n<th>TNr<\/th>\n<th>Teilnehmer<\/th>\n<th>Tite<\/th>\n<th>Punkte<\/th>\n<th>&#8211;<\/th>\n<th>TNr<\/th>\n<th>Teilnehmer<\/th>\n<th>Tite<\/th>\n<th>Punkte<\/th>\n<th>Ergebnis<\/th>\n<th>At<\/th>\n<\/tr>\n<tr bgcolor=\"#FFFFFF\">\n<td>1<\/td>\n<td>9.<\/td>\n<td>Hausmann,Sarah<\/td>\n<td><\/td>\n<td>(3\u00bd)<\/td>\n<td>&#8211;<\/td>\n<td>1.<\/td>\n<td>Muharemagic,Asim<\/td>\n<td><\/td>\n<td>(5\u00bd)<\/td>\n<td>\u00a00 &#8211; 1<\/td>\n<td><\/td>\n<\/tr>\n<tr bgcolor=\"#FFFFFF\">\n<td>2<\/td>\n<td>3.<\/td>\n<td>Menrad,Andreas<\/td>\n<td><\/td>\n<td>(4\u00bd)<\/td>\n<td>&#8211;<\/td>\n<td>5.<\/td>\n<td>Andreoli,Christo<\/td>\n<td><\/td>\n<td>(3\u00bd)<\/td>\n<td>\u00a00,5 &#8211; 0,5<\/td>\n<td><\/td>\n<\/tr>\n<tr bgcolor=\"#FFFFFF\">\n<td>3<\/td>\n<td>2.<\/td>\n<td>Hausmann,Kai<\/td>\n<td><\/td>\n<td>(4)<\/td>\n<td>&#8211;<\/td>\n<td>11.<\/td>\n<td>Slesiona,Leonhar<\/td>\n<td><\/td>\n<td>(3\u00bd)<\/td>\n<td>1 &#8211; 0<\/td>\n<td><\/td>\n<\/tr>\n<tr bgcolor=\"#FFFFFF\">\n<td>4<\/td>\n<td>7.<\/td>\n<td>Beller,Igor<\/td>\n<td><\/td>\n<td>(3\u00bd)<\/td>\n<td>&#8211;<\/td>\n<td>6.<\/td>\n<td>Schmidl,Franz\u00a0Xa<\/td>\n<td><\/td>\n<td>(3\u00bd)<\/td>\n<td>0 &#8211; 1<\/td>\n<td><\/td>\n<\/tr>\n<tr bgcolor=\"#FFFFFF\">\n<td>5<\/td>\n<td>8.<\/td>\n<td>Pohle,Markus<\/td>\n<td><\/td>\n<td>(3\u00bd)<\/td>\n<td>&#8211;<\/td>\n<td>14.<\/td>\n<td>Faller,Johanna<\/td>\n<td><\/td>\n<td>(3)<\/td>\n<td>1\u00a0 &#8211; 0<\/td>\n<td><\/td>\n<\/tr>\n<tr bgcolor=\"#FFFFFF\">\n<td>6<\/td>\n<td>4.<\/td>\n<td>Szabo,Sandor<\/td>\n<td><\/td>\n<td>(2\u00bd)<\/td>\n<td>&#8211;<\/td>\n<td>13.<\/td>\n<td>Plieger,Tanja<\/td>\n<td><\/td>\n<td>(2)<\/td>\n<td>1 &#8211; 0<\/td>\n<td><\/td>\n<\/tr>\n<tr bgcolor=\"#FFFFFF\">\n<td>7<\/td>\n<td>15.<\/td>\n<td>Peter,\u00a0Attila<\/td>\n<td><\/td>\n<td>(2)<\/td>\n<td>&#8211;<\/td>\n<td>12.<\/td>\n<td>Riebel,Peter\u00a0Ale<\/td>\n<td><\/td>\n<td>(1)<\/td>\n<td>1 &#8211; 0<\/td>\n<td><\/td>\n<\/tr>\n<tr bgcolor=\"#FFFFFF\">\n<td>8<\/td>\n<td>10.<\/td>\n<td>Doan,Duc\u00a0Trung<\/td>\n<td><\/td>\n<td>(2\u00bd)<\/td>\n<td>&#8211;<\/td>\n<td>16.<\/td>\n<td>spielfrei<\/td>\n<td><\/td>\n<td>(0)<\/td>\n<td>+\u00a0&#8211;\u00a0&#8211;<\/td>\n<td><\/td>\n<\/tr>\n<\/tbody>\n<\/table>\n<h2><\/h2>\n<table border=\"2\" cellspacing=\"2\" cellpadding=\"2\" bgcolor=\"#FFFFFF\">\n<tbody>\n<tr>\n<td colspan=\"13\">\n<h2>Rangliste:\u00a0\u00a0Stand\u00a0nach\u00a0der\u00a07.\u00a0Runde<\/h2>\n<\/td>\n<\/tr>\n<tr bgcolor=\"#808080\">\n<th>Rang<\/th>\n<th>Teilnehmer<\/th>\n<th>Titel<\/th>\n<th>TWZ<\/th>\n<th>At<\/th>\n<th>Verein\/Ort<\/th>\n<th>Land<\/th>\n<th>S<\/th>\n<th>R<\/th>\n<th>V<\/th>\n<th>Punkte<\/th>\n<th>Buchh<\/th>\n<th>SoBerg<\/th>\n<\/tr>\n<tr bgcolor=\"#FFFFFF\">\n<td>1.<\/td>\n<td>Muharemagic,Asim<\/td>\n<td><\/td>\n<td>2116<\/td>\n<td><\/td>\n<td>MTV\u00a0Ingolstadt<\/td>\n<td>SRB<\/td>\n<td>6<\/td>\n<td>1<\/td>\n<td>0<\/td>\n<td>6.5<\/td>\n<td>29.0<\/td>\n<td>26.50<\/td>\n<\/tr>\n<tr bgcolor=\"#FFFFFF\">\n<td>2.<\/td>\n<td>Menrad,Andreas<\/td>\n<td><\/td>\n<td>2002<\/td>\n<td><\/td>\n<td>MTV\u00a0Ingolstadt<\/td>\n<td>GER<\/td>\n<td>4<\/td>\n<td>2<\/td>\n<td>1<\/td>\n<td>5.0<\/td>\n<td>30.0<\/td>\n<td>20.00<\/td>\n<\/tr>\n<tr bgcolor=\"#FFFFFF\">\n<td>3.<\/td>\n<td>Hausmann,Kai<\/td>\n<td><\/td>\n<td>2055<\/td>\n<td><\/td>\n<td>MTV\u00a0Ingolstadt<\/td>\n<td>GER<\/td>\n<td>4<\/td>\n<td>2<\/td>\n<td>1<\/td>\n<td>5.0<\/td>\n<td>25.0<\/td>\n<td>15.25<\/td>\n<\/tr>\n<tr bgcolor=\"#FFFFFF\">\n<td>4.<\/td>\n<td>Schmidl,Franz\u00a0Xav<\/td>\n<td><\/td>\n<td>1699<\/td>\n<td><\/td>\n<td>TSV\u00a0Rohrbach<\/td>\n<td>GER<\/td>\n<td>3<\/td>\n<td>3<\/td>\n<td>1<\/td>\n<td>4.5<\/td>\n<td>27.0<\/td>\n<td>15.00<\/td>\n<\/tr>\n<tr bgcolor=\"#FFFFFF\">\n<td>5.<\/td>\n<td>Pohle,Markus<\/td>\n<td><\/td>\n<td>1619<\/td>\n<td><\/td>\n<td>MTV\u00a0Ingolstadt<\/td>\n<td>GER<\/td>\n<td>4<\/td>\n<td>1<\/td>\n<td>2<\/td>\n<td>4.5<\/td>\n<td>25.0<\/td>\n<td>12.25<\/td>\n<\/tr>\n<tr bgcolor=\"#FFFFFF\">\n<td>6.<\/td>\n<td>Andreoli,Christop<\/td>\n<td><\/td>\n<td>1794<\/td>\n<td><\/td>\n<td>MTV\u00a0Ingolstadt<\/td>\n<td>GER<\/td>\n<td>2<\/td>\n<td>4<\/td>\n<td>1<\/td>\n<td>4.0<\/td>\n<td>26.5<\/td>\n<td>13.50<\/td>\n<\/tr>\n<tr bgcolor=\"#FFFFFF\">\n<td>7.<\/td>\n<td>Beller,Igor<\/td>\n<td><\/td>\n<td>1673<\/td>\n<td><\/td>\n<td>MTV\u00a0Ingolstadt<\/td>\n<td>GER<\/td>\n<td>2<\/td>\n<td>3<\/td>\n<td>2<\/td>\n<td>3.5<\/td>\n<td>29.5<\/td>\n<td>12.50<\/td>\n<\/tr>\n<tr bgcolor=\"#FFFFFF\">\n<td>8.<\/td>\n<td>Hausmann,Sarah<\/td>\n<td><\/td>\n<td>1500<\/td>\n<td>W<\/td>\n<td>MTV\u00a0Ingolstadt<\/td>\n<td>GER<\/td>\n<td>2<\/td>\n<td>3<\/td>\n<td>2<\/td>\n<td>3.5<\/td>\n<td>28.0<\/td>\n<td>11.50<\/td>\n<\/tr>\n<tr bgcolor=\"#FFFFFF\">\n<td>9.<\/td>\n<td>Slesiona,Leonhard<\/td>\n<td><\/td>\n<td>1351<\/td>\n<td><\/td>\n<td>MTV\u00a0Ingolstadt<\/td>\n<td>&#8211;<\/td>\n<td>3<\/td>\n<td>1<\/td>\n<td>3<\/td>\n<td>3.5<\/td>\n<td>26.5<\/td>\n<td>10.25<\/td>\n<\/tr>\n<tr bgcolor=\"#FFFFFF\">\n<td>10.<\/td>\n<td>Szabo,Sandor<\/td>\n<td><\/td>\n<td>1802<\/td>\n<td><\/td>\n<td>SG\u00a0Siemens\u00a0Erla<\/td>\n<td>GER<\/td>\n<td>2<\/td>\n<td>3<\/td>\n<td>2<\/td>\n<td>3.5<\/td>\n<td>22.0<\/td>\n<td>7.25<\/td>\n<\/tr>\n<tr bgcolor=\"#FFFFFF\">\n<td>11.<\/td>\n<td>Doan,Duc\u00a0Trung<\/td>\n<td><\/td>\n<td>1377<\/td>\n<td><\/td>\n<td>MTV\u00a0Ingolstadt<\/td>\n<td>VIE<\/td>\n<td>3<\/td>\n<td>1<\/td>\n<td>3<\/td>\n<td>3.5<\/td>\n<td>19.5<\/td>\n<td>6.25<\/td>\n<\/tr>\n<tr bgcolor=\"#FFFFFF\">\n<td>12.<\/td>\n<td>Faller,Johanna<\/td>\n<td><\/td>\n<td>769<\/td>\n<td>W<\/td>\n<td>MTV\u00a0Ingolstadt<\/td>\n<td>&#8211;<\/td>\n<td>3<\/td>\n<td>0<\/td>\n<td>4<\/td>\n<td>3.0<\/td>\n<td>20.0<\/td>\n<td>4.50<\/td>\n<\/tr>\n<tr bgcolor=\"#FFFFFF\">\n<td>13.<\/td>\n<td>Peter,\u00a0Attila<\/td>\n<td><\/td>\n<td><\/td>\n<td><\/td>\n<td>kein\u00a0Verein<\/td>\n<td><\/td>\n<td>3<\/td>\n<td>0<\/td>\n<td>4<\/td>\n<td>3.0<\/td>\n<td>17.5<\/td>\n<td>4.00<\/td>\n<\/tr>\n<tr bgcolor=\"#FFFFFF\">\n<td>14.<\/td>\n<td>Plieger,Tanja<\/td>\n<td><\/td>\n<td>781<\/td>\n<td>W<\/td>\n<td>MTV\u00a0Ingolstadt<\/td>\n<td>&#8211;<\/td>\n<td>2<\/td>\n<td>0<\/td>\n<td>5<\/td>\n<td>2.0<\/td>\n<td>19.5<\/td>\n<td>3.00<\/td>\n<\/tr>\n<tr bgcolor=\"#FFFFFF\">\n<td>15.<\/td>\n<td>Riebel,Peter\u00a0Alex<\/td>\n<td><\/td>\n<td>1156<\/td>\n<td><\/td>\n<td>MTV\u00a0Ingolstadt<\/td>\n<td>GER<\/td>\n<td>1<\/td>\n<td>0<\/td>\n<td>6<\/td>\n<td>1.0<\/td>\n<td>20.0<\/td>\n<td>1.50<\/td>\n<\/tr>\n<\/tbody>\n<\/table>\n","protected":false},"excerpt":{"rendered":"<p>Austragungsmodus Ort: MTV Vereinsheim, Friedhofstra\u00dfe 10, 85049 Ingolstadt, Nebenzimmer Modus: 7 Runden im Schweizer System Bedenkzeit: 90 min f\u00fcr 40 Z\u00fcge \/ 30 min. f\u00fcr die restlichen Z\u00fcge Termine: in der Regel am Freitag, um 19:30 Uhr an folgenden Terminen: 07.10.16 &#8211; 1. Runde 04.11.16 &#8211; 2. Runde 25.11.16 \u2013 3. Runde 09.12.15 \u2013 4. [&hellip;]<\/p>\n","protected":false},"author":12,"featured_media":0,"parent":0,"menu_order":0,"comment_status":"closed","ping_status":"closed","template":"","meta":{"footnotes":""},"class_list":["post-4948","page","type-page","status-publish","hentry"],"_links":{"self":[{"href":"https:\/\/www.mtv-in.de\/schach\/wp-json\/wp\/v2\/pages\/4948","targetHints":{"allow":["GET"]}}],"collection":[{"href":"https:\/\/www.mtv-in.de\/schach\/wp-json\/wp\/v2\/pages"}],"about":[{"href":"https:\/\/www.mtv-in.de\/schach\/wp-json\/wp\/v2\/types\/page"}],"author":[{"embeddable":true,"href":"https:\/\/www.mtv-in.de\/schach\/wp-json\/wp\/v2\/users\/12"}],"replies":[{"embeddable":true,"href":"https:\/\/www.mtv-in.de\/schach\/wp-json\/wp\/v2\/comments?post=4948"}],"version-history":[{"count":39,"href":"https:\/\/www.mtv-in.de\/schach\/wp-json\/wp\/v2\/pages\/4948\/revisions"}],"predecessor-version":[{"id":6461,"href":"https:\/\/www.mtv-in.de\/schach\/wp-json\/wp\/v2\/pages\/4948\/revisions\/6461"}],"wp:attachment":[{"href":"https:\/\/www.mtv-in.de\/schach\/wp-json\/wp\/v2\/media?parent=4948"}],"curies":[{"name":"wp","href":"https:\/\/api.w.org\/{rel}","templated":true}]}}