{"id":5758,"date":"2017-02-07T19:49:06","date_gmt":"2017-02-07T17:49:06","guid":{"rendered":"http:\/\/www.mtv-in.de\/schach\/?page_id=5758"},"modified":"2023-03-11T13:20:33","modified_gmt":"2023-03-11T12:20:33","slug":"kontakt-jugendleiter","status":"publish","type":"page","link":"https:\/\/www.mtv-in.de\/schach\/kontakt-jugendleiter\/","title":{"rendered":"Kontakt Jugendleiter"},"content":{"rendered":"<p><img class=\"ngg-singlepic ngg-none\" \/>Leonhard Slesiona<\/p>\n<p>Kontakt gerne \u00fcber Mail an: mtv_schach_jugend [at] mtv-in.de<\/p>\n<p>F\u00fcr ein Probetraining d\u00fcrft ihr jederzeit gerne vorbeikommen. Weitere Informationen findet ihr hier:<\/p>\n<p><a href=\"https:\/\/www.mtv-in.de\/schach\/training\/\">Training | MTV 1881 Ingolstadt \u2013 Schach (mtv-in.de)<\/a><\/p>\n","protected":false},"excerpt":{"rendered":"<p>Leonhard Slesiona Kontakt gerne \u00fcber Mail an: mtv_schach_jugend [at] mtv-in.de F\u00fcr ein Probetraining d\u00fcrft ihr jederzeit gerne vorbeikommen. Weitere Informationen findet ihr hier: Training | MTV 1881 Ingolstadt \u2013 Schach (mtv-in.de)<\/p>\n","protected":false},"author":308,"featured_media":0,"parent":0,"menu_order":0,"comment_status":"closed","ping_status":"closed","template":"","meta":{"footnotes":""},"class_list":["post-5758","page","type-page","status-publish","hentry"],"_links":{"self":[{"href":"https:\/\/www.mtv-in.de\/schach\/wp-json\/wp\/v2\/pages\/5758","targetHints":{"allow":["GET"]}}],"collection":[{"href":"https:\/\/www.mtv-in.de\/schach\/wp-json\/wp\/v2\/pages"}],"about":[{"href":"https:\/\/www.mtv-in.de\/schach\/wp-json\/wp\/v2\/types\/page"}],"author":[{"embeddable":true,"href":"https:\/\/www.mtv-in.de\/schach\/wp-json\/wp\/v2\/users\/308"}],"replies":[{"embeddable":true,"href":"https:\/\/www.mtv-in.de\/schach\/wp-json\/wp\/v2\/comments?post=5758"}],"version-history":[{"count":13,"href":"https:\/\/www.mtv-in.de\/schach\/wp-json\/wp\/v2\/pages\/5758\/revisions"}],"predecessor-version":[{"id":9926,"href":"https:\/\/www.mtv-in.de\/schach\/wp-json\/wp\/v2\/pages\/5758\/revisions\/9926"}],"wp:attachment":[{"href":"https:\/\/www.mtv-in.de\/schach\/wp-json\/wp\/v2\/media?parent=5758"}],"curies":[{"name":"wp","href":"https:\/\/api.w.org\/{rel}","templated":true}]}}