{"id":5768,"date":"2017-02-08T06:25:21","date_gmt":"2017-02-08T04:25:21","guid":{"rendered":"http:\/\/www.mtv-in.de\/schach\/?page_id=5768"},"modified":"2023-03-11T13:20:57","modified_gmt":"2023-03-11T12:20:57","slug":"kontakt-abteilungsleiter","status":"publish","type":"page","link":"https:\/\/www.mtv-in.de\/schach\/kontakt-abteilungsleiter\/","title":{"rendered":"Kontakt Abteilungsleiter"},"content":{"rendered":"<figure style=\"width: 150px\" class=\"wp-caption aligncenter\"><img loading=\"lazy\" decoding=\"async\" class=\"ngg-singlepic ngg-center\" src=\"https:\/\/www.mtv-in.de\/schach\/wp-content\/blogs.dir\/13\/files\/uebungsleiter\/foto_markus_pohle2.jpg\" alt=\"foto_markus_pohle2\" width=\"150\" height=\"188\" \/><figcaption class=\"wp-caption-text\">Markus Pohle Abteilungsleiter<\/figcaption><\/figure>\n<p>Kontaktaufnahme gerne \u00fcber schach [at} mtv-in.de<\/p>\n<p><img class=\"ngg-singlepic ngg-none\" \/>F\u00fcr ein Probetraining d\u00fcrft ihr jederzeit gerne vorbeikommen. Weitere Informationen findet ihr hier:<\/p>\n<p><a href=\"https:\/\/www.mtv-in.de\/schach\/training\/\">Training | MTV 1881 Ingolstadt \u2013 Schach (mtv-in.de)<\/a><\/p>\n","protected":false},"excerpt":{"rendered":"<p>Kontaktaufnahme gerne \u00fcber schach [at} mtv-in.de F\u00fcr ein Probetraining d\u00fcrft ihr jederzeit gerne vorbeikommen. Weitere Informationen findet ihr hier: Training | MTV 1881 Ingolstadt \u2013 Schach (mtv-in.de)<\/p>\n","protected":false},"author":55,"featured_media":0,"parent":0,"menu_order":0,"comment_status":"closed","ping_status":"closed","template":"","meta":{"footnotes":""},"class_list":["post-5768","page","type-page","status-publish","hentry"],"_links":{"self":[{"href":"https:\/\/www.mtv-in.de\/schach\/wp-json\/wp\/v2\/pages\/5768","targetHints":{"allow":["GET"]}}],"collection":[{"href":"https:\/\/www.mtv-in.de\/schach\/wp-json\/wp\/v2\/pages"}],"about":[{"href":"https:\/\/www.mtv-in.de\/schach\/wp-json\/wp\/v2\/types\/page"}],"author":[{"embeddable":true,"href":"https:\/\/www.mtv-in.de\/schach\/wp-json\/wp\/v2\/users\/55"}],"replies":[{"embeddable":true,"href":"https:\/\/www.mtv-in.de\/schach\/wp-json\/wp\/v2\/comments?post=5768"}],"version-history":[{"count":7,"href":"https:\/\/www.mtv-in.de\/schach\/wp-json\/wp\/v2\/pages\/5768\/revisions"}],"predecessor-version":[{"id":9927,"href":"https:\/\/www.mtv-in.de\/schach\/wp-json\/wp\/v2\/pages\/5768\/revisions\/9927"}],"wp:attachment":[{"href":"https:\/\/www.mtv-in.de\/schach\/wp-json\/wp\/v2\/media?parent=5768"}],"curies":[{"name":"wp","href":"https:\/\/api.w.org\/{rel}","templated":true}]}}