{"id":5832,"date":"2017-02-09T08:38:32","date_gmt":"2017-02-09T06:38:32","guid":{"rendered":"http:\/\/www.mtv-in.de\/schach\/?page_id=5832"},"modified":"2025-03-25T21:57:42","modified_gmt":"2025-03-25T20:57:42","slug":"training","status":"publish","type":"page","link":"https:\/\/www.mtv-in.de\/schach\/training\/","title":{"rendered":"Training"},"content":{"rendered":"<h2>Unsere Trainer und Kontakte findet ihr hier:<\/h2>\n<ul>\n<li><a href=\"https:\/\/www.mtv-in.de\/schach\/trainer\/\">Unsere Trainer<\/a><\/li>\n<li><a href=\"https:\/\/www.mtv-in.de\/schach\/kontakt-abteilungsleiter\/\">Kontakt Abteilungsleiter<\/a><\/li>\n<li><a href=\"https:\/\/www.mtv-in.de\/schach\/kontakt-jugendleiter\/\">Kontakt Jugendleiter<\/a><\/li>\n<\/ul>\n<h2>Erwachsene<\/h2>\n<p><a href=\"https:\/\/mtv1881ingolstadt.kurabu.com\/de\/categories\/schach\">Schach \u2022 MTV 1881 Ingolstadt e.V. (kurabu.com)<\/a><\/p>\n<p>Die Erwachsenen trainieren\u00a0<strong>jeden Freitag<\/strong>\u00a0in unserem Vereinsheim\u00a0<strong>ab 19:00 Uhr<\/strong> bis 22:00 \/ 23:00 Uhr. Dort findet ihr auch unser Nebenzimmer.<\/p>\n<table width=\"500\">\n<tbody>\n<tr bgcolor=\"#c0c0c0\">\n<td width=\"20%\"><\/td>\n<td width=\"26%\">\u00a0<strong>Erwachsene<\/strong><\/td>\n<td width=\"54%\"><\/td>\n<\/tr>\n<tr>\n<td>\n<h6>Wochentag<\/h6>\n<\/td>\n<td>Uhrzeit<\/td>\n<td>Veranstaltungsort<\/td>\n<td><\/td>\n<\/tr>\n<tr>\n<td>Freitag<\/td>\n<td>19:00 &#8211; 22:00\/23:00 Uhr<\/td>\n<td>MTV Vereinsheim<\/td>\n<td><\/td>\n<\/tr>\n<\/tbody>\n<\/table>\n<p>MTV 1881 Ingolstadt e.V. \/ MTV Gastst\u00e4tte<br \/>\nFriedhofstra\u00dfe. 10<br \/>\n85049 Ingolstadt<\/p>\n<p>Kontakt: schach [at] mtv-in.de<\/p>\n<p><small><a href=\"http:\/\/maps.google.de\/maps?f=q&amp;source=embed&amp;hl=de&amp;geocode=&amp;q=Gastst%C3%A4tte+MTV+Ingolstadt,+Friedhofstra%C3%9Fe,+Ingolstadt&amp;aq=0&amp;sll=51.151786,10.415039&amp;sspn=20.641509,44.428711&amp;ie=UTF8&amp;hq=Gastst%C3%A4tte+MTV&amp;hnear=Friedhofstra%C3%9Fe,+Ingolstadt+85049+Ingolstadt,+Bayern&amp;ll=48.765029,11.4134&amp;spn=0.006789,0.013733&amp;z=16&amp;iwloc=A\" target=\"_blank\" rel=\"noopener noreferrer\">Lageplan<\/a><\/small><\/p>\n<h2>Jugendliche<\/h2>\n<p>Unsere\u00a0<strong>Jugendtraining\u00a0<\/strong>findet jeden Freitag im Jugendzentrum Fronte 79 statt. Die j\u00fcngeren Kinder (U8, U10, U12) trainieren von 16:00 bis 17:00 Uhr. Die \u00e4lteren Kinder von 17:00 bis 18:00 Uhr.\u00a0 Aufgrund von Engp\u00e4ssen k\u00f6nnen wir derzeit kein Schnuppertraining f\u00fcr die Altersklassen (U8, U10, U12) anbieten.<\/p>\n<table width=\"500\">\n<tbody>\n<tr bgcolor=\"#c0c0c0\">\n<td width=\"20%\"><\/td>\n<td width=\"26%\">\u00a0<strong>Jugend<\/strong><\/td>\n<td width=\"54%\"><\/td>\n<\/tr>\n<tr>\n<td>Wochentag<\/td>\n<td>Uhrzeit<\/td>\n<td>Veranstaltungsort<\/td>\n<\/tr>\n<tr>\n<td>Freitag<\/td>\n<td>16:00 &#8211; 18:00 Uhr<\/td>\n<td>Jugendzentrum Fronte 79, Jahnstra\u00dfe 25, 85049 Ingolstadt<\/td>\n<\/tr>\n<\/tbody>\n<\/table>\n<p>Jugendzentrum Fronte 79<br \/>\nJahnstra\u00dfe 25<br \/>\n85049 Ingolstadt<\/p>\n<p><a href=\"https:\/\/goo.gl\/maps\/zPhwAMBDYXExSQz49\">https:\/\/goo.gl\/maps\/zPhwAMBDYXExSQz49<\/a><\/p>\n<p>Kontakt: mtv_schach_jugend [at] mtv-in.de<\/p>\n","protected":false},"excerpt":{"rendered":"<p>Unsere Trainer und Kontakte findet ihr hier: Unsere Trainer Kontakt Abteilungsleiter Kontakt Jugendleiter Erwachsene Schach \u2022 MTV 1881 Ingolstadt e.V. (kurabu.com) Die Erwachsenen trainieren\u00a0jeden Freitag\u00a0in unserem Vereinsheim\u00a0ab 19:00 Uhr bis 22:00 \/ 23:00 Uhr. Dort findet ihr auch unser Nebenzimmer. \u00a0Erwachsene Wochentag Uhrzeit Veranstaltungsort Freitag 19:00 &#8211; 22:00\/23:00 Uhr MTV Vereinsheim MTV 1881 Ingolstadt e.V. [&hellip;]<\/p>\n","protected":false},"author":55,"featured_media":0,"parent":0,"menu_order":0,"comment_status":"closed","ping_status":"closed","template":"","meta":{"footnotes":""},"class_list":["post-5832","page","type-page","status-publish","hentry"],"_links":{"self":[{"href":"https:\/\/www.mtv-in.de\/schach\/wp-json\/wp\/v2\/pages\/5832","targetHints":{"allow":["GET"]}}],"collection":[{"href":"https:\/\/www.mtv-in.de\/schach\/wp-json\/wp\/v2\/pages"}],"about":[{"href":"https:\/\/www.mtv-in.de\/schach\/wp-json\/wp\/v2\/types\/page"}],"author":[{"embeddable":true,"href":"https:\/\/www.mtv-in.de\/schach\/wp-json\/wp\/v2\/users\/55"}],"replies":[{"embeddable":true,"href":"https:\/\/www.mtv-in.de\/schach\/wp-json\/wp\/v2\/comments?post=5832"}],"version-history":[{"count":12,"href":"https:\/\/www.mtv-in.de\/schach\/wp-json\/wp\/v2\/pages\/5832\/revisions"}],"predecessor-version":[{"id":10246,"href":"https:\/\/www.mtv-in.de\/schach\/wp-json\/wp\/v2\/pages\/5832\/revisions\/10246"}],"wp:attachment":[{"href":"https:\/\/www.mtv-in.de\/schach\/wp-json\/wp\/v2\/media?parent=5832"}],"curies":[{"name":"wp","href":"https:\/\/api.w.org\/{rel}","templated":true}]}}