{"id":7104,"date":"2017-09-13T20:30:47","date_gmt":"2017-09-13T18:30:47","guid":{"rendered":"http:\/\/www.mtv-in.de\/schach\/?page_id=7104"},"modified":"2018-05-28T22:16:22","modified_gmt":"2018-05-28T20:16:22","slug":"vereinsmeisterschaft-201718","status":"publish","type":"page","link":"https:\/\/www.mtv-in.de\/schach\/vereinsmeisterschaft-201718\/","title":{"rendered":"Vereinsmeisterschaft 2017\/18"},"content":{"rendered":"<h2>Austragungsmodus<\/h2>\n<ul>\n<li style=\"list-style-type: none\">\n<ul>\n<li><strong>Ort:<\/strong> MTV Vereinsheim, Friedhofstra\u00dfe 10, 85049 Ingolstadt, Nebenzimmer<\/li>\n<li><strong>Modus:<\/strong> 7 Runden im Schweizer System<\/li>\n<li><strong>Bedenkzeit:<\/strong> 90 min f\u00fcr 40 Z\u00fcge \/ 30 min. f\u00fcr die restlichen Z\u00fcge<\/li>\n<li><strong>Termine:<\/strong> in der Regel am Freitag, um 19:30 Uhr an folgenden Terminen:<br \/>\n13.10.17 &#8211; 1. Runde<br \/>\n17.11.17 &#8211; 2. Runde<br \/>\n01.12.17 \u2013 3. Runde<br \/>\n12.01.18 \u2013 4. Runde<br \/>\n09.02.18 \u2013 5. Runde<br \/>\n02.03.18 \u2013 6. Runde<br \/>\n30.03.18 &#8211; 7. Runde<\/li>\n<li>Der Samstag oder der Freitag (Folgewoche) kann als Ausweichtermin gew\u00e4hlt werden.<\/li>\n<li><strong>Ergebnis:<\/strong> Meldung aller Spielergebnisse bis ca. 11 Tage nach Rundenbeginn.<\/li>\n<li><strong>Turnierende:<\/strong> Das Turnier ist sp\u00e4testens am 06.04.2018 beendet.<\/li>\n<li><strong>Startgeld: <\/strong>Teilnahme ist kostenlos<\/li>\n<li><strong>DWZ Auswertung:<\/strong> F\u00fcr unsere Vereinsmeisterschaft erfolgt eine DWZ Auswertung.<\/li>\n<li><strong>Turnierleitung:<\/strong> Markus Pohle, Mail: m.pohle[at]web.de<\/li>\n<li><strong>Anmeldung:<\/strong> Bitte meldet Euch bei Markus Pohle an oder kommt am 13.10.17 vor 19:30 Uhr in unser Vereinsheim. Die erste Auslosung findet am 13.10.17 statt.<\/li>\n<\/ul>\n<\/li>\n<\/ul>\n<h2>1. Runde<\/h2>\n<table border=\"2\" cellspacing=\"2\" cellpadding=\"2\">\n<tbody>\n<tr>\n<td colspan=\"11\">Paarungsliste der 1. Runde<\/td>\n<\/tr>\n<tr>\n<th>TNr<\/th>\n<th>Teilnehmer<\/th>\n<th>TWZ<\/th>\n<th>Punkte<\/th>\n<th>TNr<\/th>\n<th>Teilnehmer<\/th>\n<th>TWZ<\/th>\n<th>Punkte<\/th>\n<th>Ergebnis<\/th>\n<\/tr>\n<tr>\n<th>1<\/th>\n<th>Andreas Menrad<\/th>\n<th><\/th>\n<th>0<\/th>\n<th>3<\/th>\n<th>Igor Beller<\/th>\n<th><\/th>\n<th>0<\/th>\n<th>1 : 0<\/th>\n<\/tr>\n<tr>\n<th>2<\/th>\n<th>Franz Schmidl<\/th>\n<th><\/th>\n<th>0<\/th>\n<th>5<\/th>\n<th>Trung Doan<\/th>\n<th><\/th>\n<th>0<\/th>\n<th>0,5 : 0,5<\/th>\n<\/tr>\n<tr>\n<th>4<\/th>\n<th>Markus Pohle<\/th>\n<th><\/th>\n<th>0<\/th>\n<th>6<\/th>\n<th>Sandor Szabo<\/th>\n<th><\/th>\n<th>0<\/th>\n<th>1 : 0<\/th>\n<\/tr>\n<tr>\n<th>7<\/th>\n<th>Janosz Wallis<\/th>\n<th><\/th>\n<th>0<\/th>\n<th>8<\/th>\n<th>spielfrei<\/th>\n<th><\/th>\n<th>0<\/th>\n<th>+ : &#8211;<\/th>\n<\/tr>\n<\/tbody>\n<\/table>\n<h2>2. Runde<\/h2>\n<table border=\"2\" cellspacing=\"2\" cellpadding=\"2\">\n<tbody>\n<tr>\n<td colspan=\"11\">Paarungsliste der 2. Runde<\/td>\n<\/tr>\n<tr>\n<th>TNr<\/th>\n<th>Teilnehmer<\/th>\n<th>TWZ<\/th>\n<th>Punkte<\/th>\n<th>TNr<\/th>\n<th>Teilnehmer<\/th>\n<th>TWZ<\/th>\n<th>Punkte<\/th>\n<th>Ergebnis<\/th>\n<\/tr>\n<tr>\n<th>1<\/th>\n<th>Janos Wallis<\/th>\n<th><\/th>\n<th>1<\/th>\n<th>3<\/th>\n<th>Andreas Menrad<\/th>\n<th><\/th>\n<th>1<\/th>\n<th>\u00a00 : 1<\/th>\n<\/tr>\n<tr>\n<th>2<\/th>\n<th>Trung Doan<\/th>\n<th><\/th>\n<th>0,5<\/th>\n<th>5<\/th>\n<th>Markus Pohle<\/th>\n<th><\/th>\n<th>1<\/th>\n<th>\u00a00,5 : 0,5<\/th>\n<\/tr>\n<tr>\n<th>4<\/th>\n<th>Igor Beller<\/th>\n<th><\/th>\n<th>0<\/th>\n<th>6<\/th>\n<th>Franz Schmidl<\/th>\n<th><\/th>\n<th>0,5<\/th>\n<th>\u00a00,5 : 0,5<\/th>\n<\/tr>\n<tr>\n<th>7<\/th>\n<th>Sandor Szabo<\/th>\n<th><\/th>\n<th>0<\/th>\n<th>8<\/th>\n<th>spielfrei<\/th>\n<th><\/th>\n<th>0<\/th>\n<th>+ : &#8211;<\/th>\n<\/tr>\n<\/tbody>\n<\/table>\n<h2>3. Runde<\/h2>\n<table border=\"2\" cellspacing=\"2\" cellpadding=\"2\">\n<tbody>\n<tr>\n<td colspan=\"11\">Paarungsliste der 3. Runde<\/td>\n<\/tr>\n<tr>\n<th>TNr<\/th>\n<th>Teilnehmer<\/th>\n<th>TWZ<\/th>\n<th>Punkte<\/th>\n<th>TNr<\/th>\n<th>Teilnehmer<\/th>\n<th>TWZ<\/th>\n<th>Punkte<\/th>\n<th>Ergebnis<\/th>\n<\/tr>\n<tr>\n<th>1<\/th>\n<th>Andreas Menrad<\/th>\n<th><\/th>\n<th>2<\/th>\n<th>3<\/th>\n<th>Markus Pohle<\/th>\n<th><\/th>\n<th>1,5<\/th>\n<th>\u00a00 : 1<\/th>\n<\/tr>\n<tr>\n<th>2<\/th>\n<th>Franz Schmidl<\/th>\n<th><\/th>\n<th>1<\/th>\n<th>5<\/th>\n<th>Janos Wallis<\/th>\n<th><\/th>\n<th>1<\/th>\n<th>\u00a00,5 : 0,5<\/th>\n<\/tr>\n<tr>\n<th>4<\/th>\n<th>Sandor Szabo<\/th>\n<th><\/th>\n<th>1<\/th>\n<th>6<\/th>\n<th>Trung Doan<\/th>\n<th><\/th>\n<th>1<\/th>\n<th>\u00a00 : 1<\/th>\n<\/tr>\n<tr>\n<th>7<\/th>\n<th>Igor Beller<\/th>\n<th><\/th>\n<th>0,5<\/th>\n<th>8<\/th>\n<th>spielfrei<\/th>\n<th><\/th>\n<th>0<\/th>\n<th>+ : &#8211;<\/th>\n<\/tr>\n<\/tbody>\n<\/table>\n<h2>4. Runde<\/h2>\n<table border=\"2\" cellspacing=\"2\" cellpadding=\"2\">\n<tbody>\n<tr>\n<td colspan=\"11\">Paarungsliste der 4. Runde<\/td>\n<\/tr>\n<tr>\n<th>TNr<\/th>\n<th>Teilnehmer<\/th>\n<th>TWZ<\/th>\n<th>Punkte<\/th>\n<th>TNr<\/th>\n<th>Teilnehmer<\/th>\n<th>TWZ<\/th>\n<th>Punkte<\/th>\n<th>Ergebnis<\/th>\n<\/tr>\n<tr>\n<th>1<\/th>\n<th>Markus Pohle<\/th>\n<th><\/th>\n<th>2,5<\/th>\n<th>3<\/th>\n<th>Franz Schmidl<\/th>\n<th><\/th>\n<th>1,5<\/th>\n<th>\u00a00 : 1<\/th>\n<\/tr>\n<tr>\n<th>2<\/th>\n<th>Trung Doan<\/th>\n<th><\/th>\n<th>2<\/th>\n<th>5<\/th>\n<th>Igor Beller<\/th>\n<th><\/th>\n<th>1,5<\/th>\n<th>\u00a01 : 0<\/th>\n<\/tr>\n<tr>\n<th>4<\/th>\n<th>Janos Wallis<\/th>\n<th><\/th>\n<th>1,5<\/th>\n<th>6<\/th>\n<th>Sandor Szabo<\/th>\n<th><\/th>\n<th>1<\/th>\n<th>\u00a00,5 : 0,5<\/th>\n<\/tr>\n<tr>\n<th>7<\/th>\n<th>Andreas Menrad<\/th>\n<th><\/th>\n<th>2<\/th>\n<th>8<\/th>\n<th>spielfrei<\/th>\n<th><\/th>\n<th>0<\/th>\n<th>+ : &#8211;<\/th>\n<\/tr>\n<\/tbody>\n<\/table>\n<h2>5. Runde<\/h2>\n<table border=\"2\" cellspacing=\"2\" cellpadding=\"2\">\n<tbody>\n<tr>\n<td colspan=\"11\">Paarungsliste der 5. Runde<\/td>\n<\/tr>\n<tr>\n<th>TNr<\/th>\n<th>Teilnehmer<\/th>\n<th>TWZ<\/th>\n<th>Punkte<\/th>\n<th>TNr<\/th>\n<th>Teilnehmer<\/th>\n<th>TWZ<\/th>\n<th>Punkte<\/th>\n<th>Ergebnis<\/th>\n<\/tr>\n<tr>\n<th>5<\/th>\n<th>Trung Doan<\/th>\n<th><\/th>\n<th>3<\/th>\n<th>1<\/th>\n<th>Andreas Menrad<\/th>\n<th><\/th>\n<th>3<\/th>\n<th>1 : 0<\/th>\n<\/tr>\n<tr>\n<th>6<\/th>\n<th>Sandor Szabo<\/th>\n<th><\/th>\n<th>1,5<\/th>\n<th>2<\/th>\n<th>Franz Schmidl<\/th>\n<th><\/th>\n<th>2,5<\/th>\n<th>\u00a01 : 0<\/th>\n<\/tr>\n<tr>\n<th>3<\/th>\n<th>Igor Beller<\/th>\n<th><\/th>\n<th>1,5<\/th>\n<th>7<\/th>\n<th>Janos Wallis<\/th>\n<th><\/th>\n<th>2<\/th>\n<th>\u00a01 : 0<\/th>\n<\/tr>\n<tr>\n<th>4<\/th>\n<th>Markus Pohle<\/th>\n<th><\/th>\n<th>2,5<\/th>\n<th>8<\/th>\n<th>spielfrei<\/th>\n<th><\/th>\n<th>0<\/th>\n<th>+ : &#8211;<\/th>\n<\/tr>\n<\/tbody>\n<\/table>\n<h2>6. Runde<\/h2>\n<table border=\"2\" cellspacing=\"2\" cellpadding=\"2\">\n<tbody>\n<tr>\n<td colspan=\"11\">Paarungsliste der 6. Runde<\/td>\n<\/tr>\n<tr>\n<th>TNr<\/th>\n<th>Teilnehmer<\/th>\n<th>TWZ<\/th>\n<th>Punkte<\/th>\n<th>TNr<\/th>\n<th>Teilnehmer<\/th>\n<th>TWZ<\/th>\n<th>Punkte<\/th>\n<th>Ergebnis<\/th>\n<\/tr>\n<tr>\n<th>1<\/th>\n<th>Andreas Menrad<\/th>\n<th><\/th>\n<th><\/th>\n<th>6<\/th>\n<th>Sandor Szabo<\/th>\n<th><\/th>\n<th><\/th>\n<th>\u00a00,5 : 0,5<\/th>\n<\/tr>\n<tr>\n<th>7<\/th>\n<th>Janos Wallis<\/th>\n<th><\/th>\n<th><\/th>\n<th>5<\/th>\n<th>Trung Doan<\/th>\n<th><\/th>\n<th><\/th>\n<th>\u00a0&#8211; : +<\/th>\n<\/tr>\n<tr>\n<th>4<\/th>\n<th>Markus Pohle<\/th>\n<th><\/th>\n<th><\/th>\n<th>3<\/th>\n<th>Igor Beller<\/th>\n<th><\/th>\n<th><\/th>\n<th>\u00a00,5 : 0,5<\/th>\n<\/tr>\n<tr>\n<th>2<\/th>\n<th>Franz Schmidl<\/th>\n<th><\/th>\n<th><\/th>\n<th>8<\/th>\n<th>spielfrei<\/th>\n<th><\/th>\n<th><\/th>\n<th>+ : &#8211;<\/th>\n<\/tr>\n<\/tbody>\n<\/table>\n<h2>7. Runde<\/h2>\n<table border=\"2\" cellspacing=\"2\" cellpadding=\"2\">\n<tbody>\n<tr>\n<td colspan=\"11\">Paarungsliste der 7. Runde<\/td>\n<\/tr>\n<tr>\n<th>TNr<\/th>\n<th>Teilnehmer<\/th>\n<th>TWZ<\/th>\n<th>Punkte<\/th>\n<th>TNr<\/th>\n<th>Teilnehmer<\/th>\n<th>TWZ<\/th>\n<th>Punkte<\/th>\n<th>Ergebnis<\/th>\n<\/tr>\n<tr>\n<th>2<\/th>\n<th>Franz Schmidl<\/th>\n<th><\/th>\n<th><\/th>\n<th>1<\/th>\n<th>Andreas Menrad<\/th>\n<th><\/th>\n<th><\/th>\n<th>\u00a00,5 : 0,5<\/th>\n<\/tr>\n<tr>\n<th>7<\/th>\n<th>Janos Wallis<\/th>\n<th><\/th>\n<th><\/th>\n<th>4<\/th>\n<th>Markus Pohle<\/th>\n<th><\/th>\n<th><\/th>\n<th>\u00a0\u00a00,5 : 0,5<\/th>\n<\/tr>\n<tr>\n<th>6<\/th>\n<th>Sandor Szabo<\/th>\n<th><\/th>\n<th><\/th>\n<th>3<\/th>\n<th>Igor Beller<\/th>\n<th><\/th>\n<th><\/th>\n<th>\u00a00,5 : 0,5<\/th>\n<\/tr>\n<tr>\n<th>5<\/th>\n<th>Trung Doan<\/th>\n<th><\/th>\n<th><\/th>\n<th>8<\/th>\n<th>spielfrei<\/th>\n<th><\/th>\n<th><\/th>\n<th>+ : &#8211;<\/th>\n<\/tr>\n<\/tbody>\n<\/table>\n<h2>MTV\u00a0Vereinsmeisterschaft 2017\/18<\/h2>\n<h3><\/h3>\n<table border=\"2\" cellspacing=\"2\" cellpadding=\"2\" bgcolor=\"#FFFFFF\">\n<tbody>\n<tr>\n<td colspan=\"13\">Rangliste:\u00a0 Endstand\u00a0nach\u00a0der\u00a07.\u00a0Runde<\/td>\n<\/tr>\n<tr bgcolor=\"#C0C0C0\">\n<th>Rang<\/th>\n<th>Teilnehmer<\/th>\n<th>Titel<\/th>\n<th>TWZ<\/th>\n<th>At<\/th>\n<th>Verein\/Ort<\/th>\n<th>Land<\/th>\n<th>S<\/th>\n<th>R<\/th>\n<th>V<\/th>\n<th>Punkte<\/th>\n<th>Buchh<\/th>\n<th>SoBerg<\/th>\n<\/tr>\n<tr bgcolor=\"#FFFFFF\">\n<td>1.<\/td>\n<td>Doan,Duc\u00a0Trung<\/td>\n<td><\/td>\n<td>1575<\/td>\n<td><\/td>\n<td>MTV\u00a0Ingolstadt<\/td>\n<td>VIE<\/td>\n<td>5<\/td>\n<td>2<\/td>\n<td>0<\/td>\n<td>6.0<\/td>\n<td>26.5<\/td>\n<td>22.75<\/td>\n<\/tr>\n<tr bgcolor=\"#FFFFFF\">\n<td>2.<\/td>\n<td>Pohle,Markus<\/td>\n<td><\/td>\n<td>1620<\/td>\n<td><\/td>\n<td>MTV\u00a0Ingolstadt<\/td>\n<td>GER<\/td>\n<td>3<\/td>\n<td>3<\/td>\n<td>1<\/td>\n<td>4.5<\/td>\n<td>24.0<\/td>\n<td>15.25<\/td>\n<\/tr>\n<tr bgcolor=\"#FFFFFF\">\n<td>3.<\/td>\n<td>Menrad,Andreas<\/td>\n<td><\/td>\n<td>1855<\/td>\n<td><\/td>\n<td>MTV\u00a0Ingolstadt<\/td>\n<td>GER<\/td>\n<td>3<\/td>\n<td>2<\/td>\n<td>2<\/td>\n<td>4.0<\/td>\n<td>24.5<\/td>\n<td>12.25<\/td>\n<\/tr>\n<tr bgcolor=\"#FFFFFF\">\n<td>4.<\/td>\n<td>Schmidl,Franz\u00a0Xav<\/td>\n<td><\/td>\n<td>1734<\/td>\n<td><\/td>\n<td>TSV\u00a0Rohrbach<\/td>\n<td>GER<\/td>\n<td>2<\/td>\n<td>4<\/td>\n<td>1<\/td>\n<td>4.0<\/td>\n<td>24.0<\/td>\n<td>14.00<\/td>\n<\/tr>\n<tr bgcolor=\"#FFFFFF\">\n<td>5.<\/td>\n<td>Szabo,\u00a0Sandor<\/td>\n<td><\/td>\n<td><\/td>\n<td><\/td>\n<td><\/td>\n<td><\/td>\n<td>2<\/td>\n<td>3<\/td>\n<td>2<\/td>\n<td>3.5<\/td>\n<td>24.0<\/td>\n<td>10.50<\/td>\n<\/tr>\n<tr bgcolor=\"#FFFFFF\">\n<td>6.<\/td>\n<td>Beller,Igor<\/td>\n<td><\/td>\n<td>1703<\/td>\n<td><\/td>\n<td>MTV\u00a0Ingolstadt<\/td>\n<td>GER<\/td>\n<td>2<\/td>\n<td>3<\/td>\n<td>2<\/td>\n<td>3.5<\/td>\n<td>24.0<\/td>\n<td>10.25<\/td>\n<\/tr>\n<tr bgcolor=\"#FFFFFF\">\n<td>7.<\/td>\n<td>Janos\u00a0Wallis<\/td>\n<td><\/td>\n<td><\/td>\n<td><\/td>\n<td><\/td>\n<td><\/td>\n<td>1<\/td>\n<td>3<\/td>\n<td>3<\/td>\n<td>2.5<\/td>\n<td>23.5<\/td>\n<td>8.25<\/td>\n<\/tr>\n<\/tbody>\n<\/table>\n","protected":false},"excerpt":{"rendered":"<p>Austragungsmodus Ort: MTV Vereinsheim, Friedhofstra\u00dfe 10, 85049 Ingolstadt, Nebenzimmer Modus: 7 Runden im Schweizer System Bedenkzeit: 90 min f\u00fcr 40 Z\u00fcge \/ 30 min. f\u00fcr die restlichen Z\u00fcge Termine: in der Regel am Freitag, um 19:30 Uhr an folgenden Terminen: 13.10.17 &#8211; 1. Runde 17.11.17 &#8211; 2. Runde 01.12.17 \u2013 3. Runde 12.01.18 \u2013 4. [&hellip;]<\/p>\n","protected":false},"author":12,"featured_media":0,"parent":0,"menu_order":0,"comment_status":"closed","ping_status":"closed","template":"","meta":{"footnotes":""},"class_list":["post-7104","page","type-page","status-publish","hentry"],"_links":{"self":[{"href":"https:\/\/www.mtv-in.de\/schach\/wp-json\/wp\/v2\/pages\/7104","targetHints":{"allow":["GET"]}}],"collection":[{"href":"https:\/\/www.mtv-in.de\/schach\/wp-json\/wp\/v2\/pages"}],"about":[{"href":"https:\/\/www.mtv-in.de\/schach\/wp-json\/wp\/v2\/types\/page"}],"author":[{"embeddable":true,"href":"https:\/\/www.mtv-in.de\/schach\/wp-json\/wp\/v2\/users\/12"}],"replies":[{"embeddable":true,"href":"https:\/\/www.mtv-in.de\/schach\/wp-json\/wp\/v2\/comments?post=7104"}],"version-history":[{"count":21,"href":"https:\/\/www.mtv-in.de\/schach\/wp-json\/wp\/v2\/pages\/7104\/revisions"}],"predecessor-version":[{"id":8592,"href":"https:\/\/www.mtv-in.de\/schach\/wp-json\/wp\/v2\/pages\/7104\/revisions\/8592"}],"wp:attachment":[{"href":"https:\/\/www.mtv-in.de\/schach\/wp-json\/wp\/v2\/media?parent=7104"}],"curies":[{"name":"wp","href":"https:\/\/api.w.org\/{rel}","templated":true}]}}