{"id":79,"date":"2011-08-06T11:44:29","date_gmt":"2011-08-06T09:44:29","guid":{"rendered":"http:\/\/www.mtv-in.de\/schach\/?page_id=79"},"modified":"2012-09-30T22:04:42","modified_gmt":"2012-09-30T20:04:42","slug":"chronik","status":"publish","type":"page","link":"https:\/\/www.mtv-in.de\/schach\/chronik\/","title":{"rendered":"Chronik"},"content":{"rendered":"<h3>Geschichte der Schachabteilung<\/h3>\n<p>&nbsp;<\/p>\n<p>Die Schachabteilung begann ihr Leben buchst\u00e4blich im Keller: Am Anfang standen eine Handvoll schachbegeisterter MTVler, die ihrem Hobby mangels anderer R\u00e4umlichkeiten in den Kasematten an der Jahnstra\u00dfe nachgingen, was dem Spieleifer jedoch keinen Abbruch tat. Mit der \u00dcbung stieg auch die Spielst\u00e4rke, und 1946 nahm man im SVB den Turnierbetrieb auf. Ans Tageslicht gelangte die Schachabteilung 1971: Karl Meyer hatte inzwischen den Vorsitz von Ludwig Lazarus \u00fcbernommen und konnte nun im neuen Vereinsheim an der Friedhofstra\u00dfe 1972 die Aufbauarbeit betreiben. Die Mannschaft hatte inzwischen den Verband gewechselt und wurde im BSB aktiv.<\/p>\n<p>Der Aufstieg der Abteilung konnte beginnen, als sich Josef Freundorfer dem MTV anschloss. Vom talentierten Jugendspieler steigerte er sich best\u00e4ndig, entwickelte sich zum Abonnement-Stadtmeister und spielte w\u00e4hrend seines Studiums in Regensburg am Spitzenbrett der Bundesliga!<\/p>\n<p>Die Mannen um den engagierten Abteilungsleiter Meyer sammelten Spielpraxis und etablierten sich in der Kreisliga. Eine zweite Mannschaft mit einer Mischung aus erfahrenen und lernwilligen, jungen Spielern bildete 1977 das Ger\u00fcst der \u201eReserve\u201c. Bemerkenswerte Erfolge der intensiv Jugendarbeit kamen zu tragen, als Jugendspieler wie Peter Euringer, Georg Forster, Armin G\u00fcrtler, Robert Kreisel und G\u00fcnter Falkenhahn im Schachkreis f\u00fcr Furore sorgten und 1980 in die Jugendbezirksliga aufstiegen. Anfang der Achtziger lie\u00dfen die Jugendspieler Christian Mahrt und Andreas Menrad aufhorchen und sorgten f\u00fcr einige Titel bei den Stadtmeisterschaft.<\/p>\n<p>Spieler wie Harald Eitel Emin Duraku, Peter Buchta und Josef Deichler schafften ebenfalls den Sprung in die oberbayrische Ebene.<\/p>\n<p><img loading=\"lazy\" decoding=\"async\" src=\"https:\/\/www.mtv-in.de\/schach\/files\/2011\/08\/aufstieg.jpg\" alt=\"\" width=\"500\" height=\"480\" border=\"0\" \/><br \/>\n<em>&#8222;Oberbayrische Elite&#8220;<\/em><\/p>\n<p>Mehrere Jahre erreichte die erste Mannschaft in der Kreisliga \u201enur\u201c die Vizemeisterschaft, doch in der Saison 87\/88 platzte der Knoten. Josef Freundorfer, Christian Mahrt, Harald Eitel, Werner Piechatzek, Peter Euringer, Karl Meyer, Emin Duraku, Peter Rak und Andreas Menrad realisierten das Saisonziel und stiegen als Kreismannschaftsmeiter in die Bezirksliga Oberbayern auf.<\/p>\n<p><img loading=\"lazy\" decoding=\"async\" src=\"https:\/\/www.mtv-in.de\/schach\/files\/2011\/08\/kreismeister.jpg\" alt=\"\" width=\"500\" height=\"480\" border=\"0\" \/><br \/>\n<em>Die Kreismeister<\/em><\/p>\n<p>Eine Saison sp\u00e4ter \u2013 die Erste belegte in der Abschlusstabelle einen 5. Platz schaffte die 2. Mannschaft den Aufstieg in die Kreisliga.<\/p>\n<p><img loading=\"lazy\" decoding=\"async\" src=\"https:\/\/www.mtv-in.de\/schach\/files\/2011\/08\/aufstieg_team2.jpg\" alt=\"\" width=\"500\" height=\"375\" border=\"0\" \/><br \/>\n<em>Aufstieg der 2. Mannschaft<\/em><\/p>\n<p>Durch mehrere Neuzug\u00e4nge beschloss die Abteilungsf\u00fchrung eine dritte Mannschaft an den Verband zu melden. Einen Grund mehr zu feiern gab es nach der Spielzeit 89\/90. Nach zweij\u00e4hriger Bezirksligazugeh\u00f6rigkeit feierten die Schachspieler die oberbayerische Meisterschaft und stiegen in die Regionalliga S\u00fcd-Ost auf. MTV II konnte sich in der Kreisliga halten und in der B-Klasse schaffte die Dritte einen respektablen Mittelfeldplatz. In dieser \u00e4u\u00dferst aktiven Schachzeit unternahmen die Spieler Karl Meyer, Marcus Hausmann, Horst Waldemair und Andreas Menrad einen Schachausflug in das \u201eSchachmekka\u201c nach Moskau und nahmen dort an einem internationalen Turnier mit anderen Schachgr\u00f6\u00dfen wie Tal, Waganian, Sokolov, Serper usw. teil.<\/p>\n<p><img loading=\"lazy\" decoding=\"async\" src=\"https:\/\/www.mtv-in.de\/schach\/files\/2011\/08\/moskau.jpg\" alt=\"\" width=\"500\" height=\"375\" border=\"0\" \/><br \/>\n<em>Besuch in Moskau<\/em><\/p>\n<p><img loading=\"lazy\" decoding=\"async\" src=\"https:\/\/www.mtv-in.de\/schach\/files\/2011\/08\/spiel_gegen_tal1.jpg\" alt=\"\" width=\"500\" height=\"375\" border=\"0\" \/><br \/>\n<em>Spiel gegen Gro\u00dfmeister Tal <\/em><\/p>\n<p>Wiederum nach zwei Jahren Regionalliga schlossen sich \u2013 zum Leidwesen der Abteilung \u2013 Hans-Walter Geberl, Harald Eitel und Bernhard Gerstner dem Lokalrivalen SKI an und diesen Aderlass konnte die Mannschaft nicht verkraften. 1994 fand sich die Erste in der Kreisliga wieder, MTV II stieg in die A-Klasse ab und MTV III wurde in eine Vierermannschaft in die C-Klasse verwiesen. Die Kreis-Mannschaftsmeisterschaft wurde in den Spielzeiten 94\/95 und 98\/99 (sogar mit 18:0 MP) gewonnen, jedoch ein Fu\u00df fassen in der Bezirksliga kam nicht mehr zustande. Wie vor 20 Jahren werden auch heute wieder gro\u00dfe Erwartungen in unsere Jugendspieler gesetzt und mit Philip Nix (nun bei den Erwachsenen) Roland G\u00f6bel, Dalibor Ljevar, Benedikt Schaudig, Martin Meier, sowie unsere J\u00fcngsten Udo Kolf, Max Weber, Josef Hartl und Peter R\u00f6hrig sind hoffnungsvolle Talente im Verein.<\/p>\n<p><strong>Aderlass und Neubeginn<\/strong><\/p>\n<p>In den ersten Jahren des neuen Jahrtausend verlie\u00dfen weitere erfahrene Spieler unsere Abteilung aus verschiedenen Gr\u00fcnden. Dies ging sogar soweit, dass wir zwischendurch nur noch eine Mannschaft melden konnten (Saison 2005\/06). Auch unser gemeinsamer Spielerabend am Freitag fand in dieser Zeit wenig Resonanz. Jedoch ist die Jugendarbeit schon immer ein fester Bestandteil unserer Abteilung gewesen. Dies ist insbesondere Karl Meyer und Andreas Menrad zu verdanken.<br \/>\nBereits in der Saison 2006\/07 konnten wir eine neue 2. Mannschaft in der C-Klasse melden. Neue Spieler, wie der Johannes Orlob, Nikola Kristic oder Ralf Glawe bildeten das R\u00fcckgrad dieser Mannschaft. Und Schritt f\u00fcr Schritt k\u00e4mpfte sich die 2. Mannschaft nach oben, um in der Saison 2010\/2011 den Aufstieg in die A-Klasse zu schaffen und in der Saison darauf diese Klasse zu halten.<br \/>\nIn der Saison 2011 \/ 12 konnten wir sogar wieder eine 3. Mannschaft in der C-Klasse melden.<br \/>\nAuch f\u00fcr die erste Mannschaft ging es wieder aufw\u00e4rts. Verst\u00e4rkung bekamen wir durch die Spieler Thomas Kriegel, Markus Lechermann und Michael Vollnhals. Mit Hilfe dieser Spieler und unseren erfahrenen Spielern Josef Freundorfer, Werner Piechatzek, Asmin Muharemagic und Christian Mahrt wurde der Aufstieg in die Bezirksliga geschafft (2009\/10). Ralf Glawe hatte inzwischen ebenfalls eine gute Spielst\u00e4rke erreicht, so dass sein Einsatz in der ersten Mannschaft gerechtfertigt war. Die Bezirksliga konnte das Jahr darauf 2010\/11 auch gehalten werden.  Leider ging es in der Saison 2011 \/ 12 wieder abw\u00e4rts in die Kreisklasse.<br \/>\nIm Jahr 2009 \u00fcbergab Karl Meyer die F\u00fchrung der Abteilung an Markus Pohle ab. W\u00e4hrend sich Markus Pohle vorwiegend auf die administrativen und organisatorischen Dinge der Abteilungsf\u00fchrung konzentriert, konnten unsere Trainer Karl Meyer, Kai Hausmann und Andreas Menrad auf die Jugend und unseren Spielerabend konzentieren.<br \/>\nMit unserem Spielerabend am Freitag ging es ebenfalls wieder aufw\u00e4rts. Verschiedene Anl\u00e4ufe in den Jahren 2007 &#8211; 2010 stiessen zun\u00e4chst auf unterschiedliche Beteiligung. Im Jahr 2011 \/ 12 wurde nach sehr langer Zeit wieder eine Vereinsmeisterschaft gespielt, die eine sehr gute Resonanz gefunden hat. Das n\u00e4chste freudige Ereignis schafften Kai Hausmann und Andreas Menrad im Fr\u00fchjahr 2012. Beide haben den \u00dcbungsleiterkurs bestanden. Durch das Engagement unserer beiden Trainer haben wir auch einen sehr regen Zulauf bei unserer Jugend, die ebenfalls sehr erfolgreich ist.<\/p>\n<h3>Saison 2011\/2012<\/h3>\n<table>\n<tbody>\n<tr bgcolor=\"#c0c0c0\">\n<td width=\"20%\"><strong>Mannschaft<\/strong><\/td>\n<td width=\"20%\"><strong>Ergebnisse und Tabelle<\/strong><\/td>\n<td width=\"20%\"><strong>Info\/Statistik<\/strong><\/td>\n<\/tr>\n<tr>\n<td>1. Mannschaft Erwachsene &#8211; <strong>Bezirksliga<\/strong><\/td>\n<td><a href=\"http:\/\/www.ligamanager.schachbund-bayern.de\/infs\/ergebnisse\/spielplan.htm?ligaId=238\" target=\"_blank\"><img loading=\"lazy\" decoding=\"async\" class=\"aligncenter\" src=\"https:\/\/www.mtv-in.de\/schach\/files\/2011\/08\/MC9000538751.gif\" alt=\"\" width=\"22\" height=\"19\" border=\"0\" \/><\/a><\/td>\n<td><a href=\"http:\/\/www.ligamanager.schachbund-bayern.de\/obb\/statistik\/index.htm?ligaId=238\" target=\"_blank\"><img loading=\"lazy\" decoding=\"async\" class=\"aligncenter\" src=\"https:\/\/www.mtv-in.de\/schach\/files\/2011\/08\/MC9000538751.gif\" alt=\"\" width=\"22\" height=\"19\" border=\"0\" \/><\/a><\/td>\n<\/tr>\n<tr>\n<td>2. Mannschaft Erwachsene &#8211; A-Klasse<\/td>\n<td><a href=\"http:\/\/www.ligamanager.schachbund-bayern.de\/infs\/ergebnisse\/spielplan.htm?ligaId=270\" target=\"_blank\"><img loading=\"lazy\" decoding=\"async\" class=\"aligncenter\" src=\"https:\/\/www.mtv-in.de\/schach\/files\/2011\/08\/MC9000538751.gif\" alt=\"\" width=\"22\" height=\"19\" border=\"0\" \/><\/a><\/td>\n<td><a href=\"http:\/\/www.ligamanager.schachbund-bayern.de\/obb\/statistik\/index.htm?ligaId=270\" target=\"_blank\"><img loading=\"lazy\" decoding=\"async\" class=\"aligncenter\" src=\"https:\/\/www.mtv-in.de\/schach\/files\/2011\/08\/MC9000538751.gif\" alt=\"\" width=\"22\" height=\"19\" border=\"0\" \/><\/a><\/td>\n<\/tr>\n<tr>\n<td>3. Mannschaft Erwachsene &#8211; C-Klasse<\/td>\n<td><a href=\"http:\/\/www.ligamanager.schachbund-bayern.de\/infs\/ergebnisse\/spielplan.htm?ligaId=272\" target=\"_blank\"><img loading=\"lazy\" decoding=\"async\" class=\"aligncenter\" src=\"https:\/\/www.mtv-in.de\/schach\/files\/2011\/08\/MC9000538751.gif\" alt=\"\" width=\"22\" height=\"19\" border=\"0\" \/><\/a><\/td>\n<td><a href=\"http:\/\/www.ligamanager.schachbund-bayern.de\/obb\/statistik\/index.htm?ligaId=272\" target=\"_blank\"><img loading=\"lazy\" decoding=\"async\" class=\"aligncenter\" src=\"https:\/\/www.mtv-in.de\/schach\/files\/2011\/08\/MC9000538751.gif\" alt=\"\" width=\"22\" height=\"19\" border=\"0\" \/><\/a><\/td>\n<\/tr>\n<tr>\n<td colspan=\"5\">\n<hr \/>\n<\/td>\n<\/tr>\n<tr>\n<td>Jugend (U16) &#8211; Kreisliga<\/td>\n<td><a href=\"http:\/\/www.ligamanager.schachbund-bayern.de\/infs\/ergebnisse\/spielplan.htm?ligaId=273\" target=\"_blank\"><img loading=\"lazy\" decoding=\"async\" class=\"aligncenter\" src=\"https:\/\/www.mtv-in.de\/schach\/files\/2011\/08\/MC9000538751.gif\" alt=\"\" width=\"22\" height=\"19\" border=\"0\" \/><\/a><\/td>\n<td><a href=\"http:\/\/www.ligamanager.schachbund-bayern.de\/obb\/statistik\/index.htm?ligaId=273\" target=\"_blank\"><img loading=\"lazy\" decoding=\"async\" class=\"aligncenter\" src=\"https:\/\/www.mtv-in.de\/schach\/files\/2011\/08\/MC9000538751.gif\" alt=\"\" width=\"22\" height=\"19\" border=\"0\" \/><\/a><\/td>\n<\/tr>\n<tr>\n<td>Jugend (U14) &#8211; <strong>Bezirksliga<\/strong><\/td>\n<td><a href=\"http:\/\/www.ligamanager.schachbund-bayern.de\/infs\/ergebnisse\/spielplan.htm?ligaId=300\" target=\"_blank\"><img loading=\"lazy\" decoding=\"async\" class=\"aligncenter\" src=\"https:\/\/www.mtv-in.de\/schach\/files\/2011\/08\/MC9000538751.gif\" alt=\"\" width=\"22\" height=\"19\" border=\"0\" \/><\/a><\/td>\n<td><a href=\"http:\/\/www.ligamanager.schachbund-bayern.de\/obb\/statistik\/index.htm?ligaId=300\" target=\"_blank\"><img loading=\"lazy\" decoding=\"async\" class=\"aligncenter\" src=\"https:\/\/www.mtv-in.de\/schach\/files\/2011\/08\/MC9000538751.gif\" alt=\"\" width=\"22\" height=\"19\" border=\"0\" \/><\/a><\/td>\n<\/tr>\n<tr>\n<td>Jugend (U12) &#8211; Bayern<\/td>\n<td><a href=\"http:\/\/www.ligamanager.schachbund-bayern.de\/bsj\/ergebnisse\/spielplan.htm?untergruppe=76&amp;ligaId=229\" target=\"_blank\"><img loading=\"lazy\" decoding=\"async\" class=\"aligncenter\" src=\"https:\/\/www.mtv-in.de\/schach\/files\/2011\/08\/MC9000538751.gif\" alt=\"\" width=\"22\" height=\"19\" border=\"0\" \/><\/a><\/td>\n<td><a href=\"http:\/\/www.ligamanager.schachbund-bayern.de\/bsj\/statistik\/index.htm?ligaId=229\" target=\"_blank\"><img loading=\"lazy\" decoding=\"async\" class=\"aligncenter\" src=\"https:\/\/www.mtv-in.de\/schach\/files\/2011\/08\/MC9000538751.gif\" alt=\"\" width=\"22\" height=\"19\" border=\"0\" \/><\/a><\/td>\n<\/tr>\n<tr>\n<td>Jugend (U12) &#8211; Kreisliga<\/td>\n<td><a href=\"http:\/\/www.ligamanager.schachbund-bayern.de\/infs\/ergebnisse\/spielplan.htm?ligaId=275\" target=\"_blank\"><img loading=\"lazy\" decoding=\"async\" class=\"aligncenter\" src=\"https:\/\/www.mtv-in.de\/schach\/files\/2011\/08\/MC9000538751.gif\" alt=\"\" width=\"22\" height=\"19\" border=\"0\" \/><\/a><\/td>\n<td><a href=\"http:\/\/www.ligamanager.schachbund-bayern.de\/obb\/statistik\/index.htm?ligaId=275\" target=\"_blank\"><img loading=\"lazy\" decoding=\"async\" class=\"aligncenter\" src=\"https:\/\/www.mtv-in.de\/schach\/files\/2011\/08\/MC9000538751.gif\" alt=\"\" width=\"22\" height=\"19\" border=\"0\" \/><\/a><\/td>\n<\/tr>\n<\/tbody>\n<\/table>\n<p>&nbsp;<\/p>\n<h3>Saison 2010\/2011<\/h3>\n<table>\n<tbody>\n<tr bgcolor=\"#c0c0c0\">\n<td width=\"20%\"><strong>Mannschaft<\/strong><\/td>\n<td width=\"20%\"><strong>Ergebnisse und Tabelle<\/strong><\/td>\n<td width=\"20%\"><strong>Info\/Statistik<\/strong><\/td>\n<\/tr>\n<tr>\n<td>1. Mannschaft Erwachsene<\/td>\n<td><a href=\"http:\/\/www.ligamanager.schachbund-bayern.de\/infs\/ergebnisse\/spielplan.htm?ligaId=130\" target=\"_blank\"><img loading=\"lazy\" decoding=\"async\" class=\"aligncenter\" src=\"https:\/\/www.mtv-in.de\/schach\/files\/2011\/08\/MC9000538751.gif\" alt=\"\" width=\"22\" height=\"19\" border=\"0\" \/><\/a><\/td>\n<td><a href=\"http:\/\/www.ligamanager.schachbund-bayern.de\/infs\/statistik\/index.htm?ligaId=130\" target=\"_blank\"><img loading=\"lazy\" decoding=\"async\" class=\"aligncenter\" src=\"https:\/\/www.mtv-in.de\/schach\/files\/2011\/08\/MC9000538751.gif\" alt=\"\" width=\"22\" height=\"19\" border=\"0\" \/><\/a><\/td>\n<\/tr>\n<tr>\n<td>2. Mannschaft Erwachsene<\/td>\n<td><a href=\"http:\/\/www.ligamanager.schachbund-bayern.de\/infs\/ergebnisse\/spielplan.htm?ligaId=174\" target=\"_blank\"><img loading=\"lazy\" decoding=\"async\" class=\"aligncenter\" src=\"https:\/\/www.mtv-in.de\/schach\/files\/2011\/08\/MC9000538751.gif\" alt=\"\" width=\"22\" height=\"19\" border=\"0\" \/><\/a><\/td>\n<td><a href=\"http:\/\/www.ligamanager.schachbund-bayern.de\/infs\/statistik\/index.htm?ligaId=174\" target=\"_blank\"><img loading=\"lazy\" decoding=\"async\" class=\"aligncenter\" src=\"https:\/\/www.mtv-in.de\/schach\/files\/2011\/08\/MC9000538751.gif\" alt=\"\" width=\"22\" height=\"19\" border=\"0\" \/><\/a><\/td>\n<\/tr>\n<tr>\n<td colspan=\"5\">\n<hr \/>\n<\/td>\n<\/tr>\n<tr>\n<td>Jugend (U16) 1. Mannschaft<\/td>\n<td><a href=\"http:\/\/www.ligamanager.schachbund-bayern.de\/infs\/ergebnisse\/spielplan.htm?ligaId=180\" target=\"_blank\"><img loading=\"lazy\" decoding=\"async\" class=\"aligncenter\" src=\"https:\/\/www.mtv-in.de\/schach\/files\/2011\/08\/MC9000538751.gif\" alt=\"\" width=\"22\" height=\"19\" border=\"0\" \/><\/a><\/td>\n<td><a href=\"http:\/\/www.ligamanager.schachbund-bayern.de\/infs\/statistik\/index.htm?ligaId=180\" target=\"_blank\"><img loading=\"lazy\" decoding=\"async\" class=\"aligncenter\" src=\"https:\/\/www.mtv-in.de\/schach\/files\/2011\/08\/MC9000538751.gif\" alt=\"\" width=\"22\" height=\"19\" border=\"0\" \/><\/a><\/td>\n<\/tr>\n<\/tbody>\n<\/table>\n<p>&nbsp;<\/p>\n<h3>Saison 2009\/2010<\/h3>\n<table>\n<tbody>\n<tr bgcolor=\"#c0c0c0\">\n<td width=\"20%\"><strong>Mannschaft<\/strong><\/td>\n<td width=\"20%\"><strong>Ergebnisse und Tabelle<\/strong><\/td>\n<td width=\"20%\"><strong>Info\/Statistik<\/strong><\/td>\n<\/tr>\n<tr>\n<td>1. Mannschaft Erwachsene<\/td>\n<td><a href=\"http:\/\/www.ligamanager.schachbund-bayern.de\/infs\/ergebnisse\/spielplan.htm?ligaId=38\" target=\"_blank\"><img loading=\"lazy\" decoding=\"async\" class=\"aligncenter\" src=\"https:\/\/www.mtv-in.de\/schach\/files\/2011\/08\/MC9000538751.gif\" alt=\"\" width=\"22\" height=\"19\" border=\"0\" \/><\/a><\/td>\n<td><a href=\"http:\/\/www.ligamanager.schachbund-bayern.de\/infs\/statistik\/index.htm?ligaId=38\" target=\"_blank\"><img loading=\"lazy\" decoding=\"async\" class=\"aligncenter\" src=\"https:\/\/www.mtv-in.de\/schach\/files\/2011\/08\/MC9000538751.gif\" alt=\"\" width=\"22\" height=\"19\" border=\"0\" \/><\/a><\/td>\n<\/tr>\n<tr>\n<td>2. Mannschaft Erwachsene<\/td>\n<td><a href=\"http:\/\/www.ligamanager.schachbund-bayern.de\/infs\/ergebnisse\/spielplan.htm?ligaId=40\" target=\"_blank\"><img loading=\"lazy\" decoding=\"async\" class=\"aligncenter\" src=\"https:\/\/www.mtv-in.de\/schach\/files\/2011\/08\/MC9000538751.gif\" alt=\"\" width=\"22\" height=\"19\" border=\"0\" \/><\/a><\/td>\n<td><a href=\"http:\/\/www.ligamanager.schachbund-bayern.de\/infs\/statistik\/index.htm?ligaId=40\" target=\"_blank\"><img loading=\"lazy\" decoding=\"async\" class=\"aligncenter\" src=\"https:\/\/www.mtv-in.de\/schach\/files\/2011\/08\/MC9000538751.gif\" alt=\"\" width=\"22\" height=\"19\" border=\"0\" \/><\/a><\/td>\n<\/tr>\n<tr>\n<td colspan=\"5\">\n<hr \/>\n<\/td>\n<\/tr>\n<tr>\n<td>Jugend (U16) 1. Mannschaft<\/td>\n<td><a href=\"http:\/\/www.ligamanager.schachbund-bayern.de\/infs\/ergebnisse\/spielplan.htm?ligaId=44\" target=\"_blank\"><img loading=\"lazy\" decoding=\"async\" class=\"aligncenter\" src=\"https:\/\/www.mtv-in.de\/schach\/files\/2011\/08\/MC9000538751.gif\" alt=\"\" width=\"22\" height=\"19\" border=\"0\" \/><\/a><\/td>\n<td><a href=\"http:\/\/www.ligamanager.schachbund-bayern.de\/infs\/statistik\/index.htm?ligaId=44\" target=\"_blank\"><img loading=\"lazy\" decoding=\"async\" class=\"aligncenter\" src=\"https:\/\/www.mtv-in.de\/schach\/files\/2011\/08\/MC9000538751.gif\" alt=\"\" width=\"22\" height=\"19\" border=\"0\" \/><\/a><\/td>\n<\/tr>\n<tr>\n<td>Jugend (U16) 2. Mannschaft<\/td>\n<td><a href=\"http:\/\/www.ligamanager.schachbund-bayern.de\/infs\/ergebnisse\/spielplan.htm?ligaId=44\" target=\"_blank\"><img loading=\"lazy\" decoding=\"async\" class=\"aligncenter\" src=\"https:\/\/www.mtv-in.de\/schach\/files\/2011\/08\/MC9000538751.gif\" alt=\"\" width=\"22\" height=\"19\" border=\"0\" \/><\/a><\/td>\n<td><a href=\"http:\/\/www.ligamanager.schachbund-bayern.de\/infs\/statistik\/index.htm?ligaId=44\" target=\"_blank\"><img loading=\"lazy\" decoding=\"async\" class=\"aligncenter\" src=\"https:\/\/www.mtv-in.de\/schach\/files\/2011\/08\/MC9000538751.gif\" alt=\"\" width=\"22\" height=\"19\" border=\"0\" \/><\/a><\/td>\n<\/tr>\n<tr>\n<td colspan=\"5\">\n<hr \/>\n<\/td>\n<\/tr>\n<tr>\n<td>Jugend (U12) 1. Mannschaft<\/td>\n<td><a href=\"http:\/\/www.ligamanager.schachbund-bayern.de\/infs\/ergebnisse\/spielplan.htm?ligaId=46\" target=\"_blank\"><img loading=\"lazy\" decoding=\"async\" class=\"aligncenter\" src=\"https:\/\/www.mtv-in.de\/schach\/files\/2011\/08\/MC9000538751.gif\" alt=\"\" width=\"22\" height=\"19\" border=\"0\" \/><\/a><\/td>\n<td><a href=\"http:\/\/www.ligamanager.schachbund-bayern.de\/infs\/statistik\/index.htm?ligaId=46\" target=\"_blank\"><img loading=\"lazy\" decoding=\"async\" class=\"aligncenter\" src=\"https:\/\/www.mtv-in.de\/schach\/files\/2011\/08\/MC9000538751.gif\" alt=\"\" width=\"22\" height=\"19\" border=\"0\" \/><\/a><\/td>\n<\/tr>\n<\/tbody>\n<\/table>\n<p>&nbsp;<\/p>\n<h3>Saison 2008\/2009<\/h3>\n<table>\n<tbody>\n<tr bgcolor=\"#c0c0c0\">\n<td width=\"20%\"><strong>Mannschaft<\/strong><\/td>\n<td width=\"20%\"><strong>Ergebnisse und Tabelle<\/strong><\/td>\n<td width=\"20%\"><strong>Info\/Statistik<\/strong><\/td>\n<\/tr>\n<tr>\n<td>1. Mannschaft Erwachsene<\/td>\n<td><a href=\"http:\/\/www.ligamanager.schachbund-bayern.de\/infs\/ergebnisse\/spielplan.htm?ligaId=16\" target=\"_blank\"><img loading=\"lazy\" decoding=\"async\" class=\"aligncenter\" src=\"https:\/\/www.mtv-in.de\/schach\/files\/2011\/08\/MC9000538751.gif\" alt=\"\" width=\"22\" height=\"19\" border=\"0\" \/><\/a><\/td>\n<td><a href=\"http:\/\/www.ligamanager.schachbund-bayern.de\/infs\/statistik\/index.htm?ligaId=16\" target=\"_blank\"><img loading=\"lazy\" decoding=\"async\" class=\"aligncenter\" src=\"https:\/\/www.mtv-in.de\/schach\/files\/2011\/08\/MC9000538751.gif\" alt=\"\" width=\"22\" height=\"19\" border=\"0\" \/><\/a><\/td>\n<\/tr>\n<tr>\n<td>2. Mannschaft Erwachsene<\/td>\n<td><a href=\"http:\/\/www.ligamanager.schachbund-bayern.de\/infs\/ergebnisse\/spielplan.htm?ligaId=10\" target=\"_blank\"><img loading=\"lazy\" decoding=\"async\" class=\"aligncenter\" src=\"https:\/\/www.mtv-in.de\/schach\/files\/2011\/08\/MC9000538751.gif\" alt=\"\" width=\"22\" height=\"19\" border=\"0\" \/><\/a><\/td>\n<td><a href=\"http:\/\/www.ligamanager.schachbund-bayern.de\/infs\/statistik\/index.htm?ligaId=10\" target=\"_blank\"><img loading=\"lazy\" decoding=\"async\" class=\"aligncenter\" src=\"https:\/\/www.mtv-in.de\/schach\/files\/2011\/08\/MC9000538751.gif\" alt=\"\" width=\"22\" height=\"19\" border=\"0\" \/><\/a><\/td>\n<\/tr>\n<tr>\n<td colspan=\"5\">\n<hr \/>\n<\/td>\n<\/tr>\n<tr>\n<td>Jugend (U12) 1. Mannschaft<\/td>\n<td><a href=\"http:\/\/www.ligamanager.schachbund-bayern.de\/infs\/ergebnisse\/spielplan.htm?ligaId=15\" target=\"_blank\"><img loading=\"lazy\" decoding=\"async\" class=\"aligncenter\" src=\"https:\/\/www.mtv-in.de\/schach\/files\/2011\/08\/MC9000538751.gif\" alt=\"\" width=\"22\" height=\"19\" border=\"0\" \/><\/a><\/td>\n<td><a href=\"http:\/\/www.ligamanager.schachbund-bayern.de\/infs\/statistik\/index.htm?ligaId=15\" target=\"_blank\"><img loading=\"lazy\" decoding=\"async\" class=\"aligncenter\" src=\"https:\/\/www.mtv-in.de\/schach\/files\/2011\/08\/MC9000538751.gif\" alt=\"\" width=\"22\" height=\"19\" border=\"0\" \/><\/a><\/td>\n<\/tr>\n<tr>\n<td>Jugend (U12) 2. Mannschaft<\/td>\n<td><a href=\"http:\/\/www.ligamanager.schachbund-bayern.de\/infs\/ergebnisse\/spielplan.htm?ligaId=15\" target=\"_blank\"><img loading=\"lazy\" decoding=\"async\" class=\"aligncenter\" src=\"https:\/\/www.mtv-in.de\/schach\/files\/2011\/08\/MC9000538751.gif\" alt=\"\" width=\"22\" height=\"19\" border=\"0\" \/><\/a><\/td>\n<td><a href=\"http:\/\/www.ligamanager.schachbund-bayern.de\/infs\/statistik\/index.htm?ligaId=15\" target=\"_blank\"><img loading=\"lazy\" decoding=\"async\" class=\"aligncenter\" src=\"https:\/\/www.mtv-in.de\/schach\/files\/2011\/08\/MC9000538751.gif\" alt=\"\" width=\"22\" height=\"19\" border=\"0\" \/><\/a><\/td>\n<\/tr>\n<\/tbody>\n<\/table>\n<table>\n<tbody>\n<tr>\n<td>Jugend (U12) 1. Mannschaft<\/td>\n<td><a href=\"http:\/\/www.ligamanager.schachbund-bayern.de\/infs\/ergebnisse\/spielplan.htm?ligaId=275\" target=\"_blank\"><img loading=\"lazy\" decoding=\"async\" class=\"aligncenter\" src=\"https:\/\/www.mtv-in.de\/schach\/files\/2011\/08\/MC9000538751.gif\" alt=\"\" width=\"22\" height=\"19\" border=\"0\" \/><\/a><\/td>\n<td><a href=\"http:\/\/www.ligamanager.schachbund-bayern.de\/obb\/statistik\/index.htm?ligaId=275\" target=\"_blank\"><img loading=\"lazy\" decoding=\"async\" class=\"aligncenter\" src=\"https:\/\/www.mtv-in.de\/schach\/files\/2011\/08\/MC9000538751.gif\" alt=\"\" width=\"22\" height=\"19\" border=\"0\" \/><\/a><\/td>\n<\/tr>\n<\/tbody>\n<\/table>\n","protected":false},"excerpt":{"rendered":"<p>Geschichte der Schachabteilung &nbsp; Die Schachabteilung begann ihr Leben buchst\u00e4blich im Keller: Am Anfang standen eine Handvoll schachbegeisterter MTVler, die ihrem Hobby mangels anderer R\u00e4umlichkeiten in den Kasematten an der Jahnstra\u00dfe nachgingen, was dem Spieleifer jedoch keinen Abbruch tat. Mit der \u00dcbung stieg auch die Spielst\u00e4rke, und 1946 nahm man im SVB den Turnierbetrieb auf. [&hellip;]<\/p>\n","protected":false},"author":12,"featured_media":0,"parent":0,"menu_order":0,"comment_status":"closed","ping_status":"closed","template":"","meta":{"footnotes":""},"class_list":["post-79","page","type-page","status-publish","hentry"],"_links":{"self":[{"href":"https:\/\/www.mtv-in.de\/schach\/wp-json\/wp\/v2\/pages\/79","targetHints":{"allow":["GET"]}}],"collection":[{"href":"https:\/\/www.mtv-in.de\/schach\/wp-json\/wp\/v2\/pages"}],"about":[{"href":"https:\/\/www.mtv-in.de\/schach\/wp-json\/wp\/v2\/types\/page"}],"author":[{"embeddable":true,"href":"https:\/\/www.mtv-in.de\/schach\/wp-json\/wp\/v2\/users\/12"}],"replies":[{"embeddable":true,"href":"https:\/\/www.mtv-in.de\/schach\/wp-json\/wp\/v2\/comments?post=79"}],"version-history":[{"count":1,"href":"https:\/\/www.mtv-in.de\/schach\/wp-json\/wp\/v2\/pages\/79\/revisions"}],"predecessor-version":[{"id":972,"href":"https:\/\/www.mtv-in.de\/schach\/wp-json\/wp\/v2\/pages\/79\/revisions\/972"}],"wp:attachment":[{"href":"https:\/\/www.mtv-in.de\/schach\/wp-json\/wp\/v2\/media?parent=79"}],"curies":[{"name":"wp","href":"https:\/\/api.w.org\/{rel}","templated":true}]}}