{"id":854,"date":"2012-08-09T13:32:39","date_gmt":"2012-08-09T11:32:39","guid":{"rendered":"http:\/\/www.mtv-in.de\/schach\/?page_id=854"},"modified":"2021-03-10T20:53:03","modified_gmt":"2021-03-10T19:53:03","slug":"vereinsmeisterschaft-2011-1","status":"publish","type":"page","link":"https:\/\/www.mtv-in.de\/schach\/vereinsmeisterschaft-2011-1\/","title":{"rendered":"Vereinsmeisterschaft 2012"},"content":{"rendered":"<h2>Austragungsmodus<\/h2>\n<ul>\n<li><strong>Ort:<\/strong> MTV Vereinsheim, Friedhofstra\u00dfe 10, 85049 Ingolstadt, Nebenzimmer<\/li>\n<li><strong>Modus:<\/strong> 7 Runden Schweizer System<\/li>\n<li><strong>Bedenkzeit:<\/strong> 90 min f\u00fcr 40Z\u00fcge \/ 30 min. f\u00fcr die restlichen Z\u00fcge<\/li>\n<li><strong>Termine:<\/strong> in der Regel am Freitag, um 20:00 Uhr an folgenden Terminen:<br \/>\n28.09.12 &#8211; 1. Runde , 19.10.12 &#8211; 2. Runde, 16.11.12 \u2013 3. Runde<br \/>\n30.11.12 \u2013 4. Runde, 21.12.11 \u2013 5. Runde, <strong>25.01.13 \u2013 6. Runde<\/strong> <strong>&#8211; NEUER TERMIN !!<\/strong><br \/>\n08.02.13 \u2013 7. Runde<\/li>\n<li>Der Samstag oder der Freitag (Folgewoche) kann als Ausweichtermin gew\u00e4hlt werden.<\/li>\n<li><strong>Ergebnis:<\/strong> Meldung aller Spielergebnisse bis 11 Tage nach Rundenbeginn.<\/li>\n<li><strong>Turnierende:<\/strong> Das Turnier ist sp\u00e4testens am 22.02.2013 beendet.<\/li>\n<li><strong>Startgeld: <\/strong>Teilnahme ist kostenlos<\/li>\n<li><strong>DWZ Auswertung:<\/strong> F\u00fcr unsere Vereinsmeisterschaft erfolgt eine DWZ Auswertung.<\/li>\n<li><strong>Turnierleitung:<\/strong> Andreas Menrad, Mail: <a href=\"javascript:DeCryptX('3D0n1e3u3h2c0s201N2g1o2t2c1e1A3z1f3e203g3h')\">Andreas [dot] Menrad [at] web [dot] de<\/a><\/li>\n<li><strong>Anmeldung:<\/strong> Bitte meldet Euch beim Andreas Menrad an oder kommt am\u00a0 28.09.12 vor 20:00 Uhr in unser Vereinsheim. Die erste Auslosung findet am\u00a0 28.09.12 statt.<\/li>\n<\/ul>\n<h2>Ergebnisse der Runde 1<\/h2>\n<table>\n<tbody>\n<tr>\n<td width=\"40%\"><\/td>\n<td width=\"30%\"><\/td>\n<td width=\"30%\"><\/td>\n<\/tr>\n<tr>\n<td><\/td>\n<td><\/td>\n<td><\/td>\n<\/tr>\n<tr>\n<td>Menrad, Andreas<\/td>\n<td>Glawe Ralf<\/td>\n<td>1 : 0<\/td>\n<\/tr>\n<tr>\n<td>Lechermann, Markus<\/td>\n<td>Eremenko,Dimitry<\/td>\n<td>1 : 0<\/td>\n<\/tr>\n<tr>\n<td>Wagner, Hans<\/td>\n<td>Eisenschmid,Oliver<\/td>\n<td>1 : 0<\/td>\n<\/tr>\n<tr>\n<td>Lindl, Hubert<\/td>\n<td>Hausmann,Kai<\/td>\n<td>0 : 1<\/td>\n<\/tr>\n<tr>\n<td>Schmidl,Franz Xaver<\/td>\n<td>XXXXXX<\/td>\n<td>1 : 0<\/td>\n<\/tr>\n<tr>\n<td>Hausmann,Sarah<\/td>\n<td>Bernloher,Ludwig<\/td>\n<td>0 : 1<\/td>\n<\/tr>\n<tr>\n<td>Pohle, Markus<\/td>\n<td>Gerlinger, Luis<\/td>\n<td>1 : 0<\/td>\n<\/tr>\n<tr>\n<td>Pfahler,Christian<\/td>\n<td>Kristic,Nikola<\/td>\n<td>\u00bd : \u00bd<\/td>\n<\/tr>\n<tr>\n<td>Beller,Igor<\/td>\n<td>Kienle,Jan<\/td>\n<td>1 : 0<\/td>\n<\/tr>\n<tr>\n<td>Thormann, Peter<\/td>\n<td>Orlob,Johannes<\/td>\n<td>0 : 1<\/td>\n<\/tr>\n<\/tbody>\n<\/table>\n<h2>Ergebnisse der Runde 2<\/h2>\n<table>\n<tbody>\n<tr>\n<td width=\"40%\"><\/td>\n<td width=\"30%\"><\/td>\n<td width=\"30%\"><\/td>\n<\/tr>\n<tr>\n<td><\/td>\n<td><\/td>\n<td><\/td>\n<\/tr>\n<tr>\n<td>Schmidl, Franz Xaver (1)<\/td>\n<td>Wagner, Hans (1)<\/td>\n<td>0 : 1<\/td>\n<\/tr>\n<tr>\n<td>Bernloher,Ludwig (1)<\/td>\n<td>Lechermann,Markus (1)<\/td>\n<td>\u00bd : \u00bd<\/td>\n<\/tr>\n<tr>\n<td>Hausmann,Kai (1)<\/td>\n<td>Pohle,Markus (1)<\/td>\n<td>1 : 0<\/td>\n<\/tr>\n<tr>\n<td>Orlob,Johannes (1)<\/td>\n<td>Menrad,Andreas (1)<\/td>\n<td>0 : 1<\/td>\n<\/tr>\n<tr>\n<td>Kristic,Nikola (0,5)<\/td>\n<td>Beller,Igor (1)<\/td>\n<td>0 : 1<\/td>\n<\/tr>\n<tr>\n<td>Glawe,Ralf (0)<\/td>\n<td>Pfahler,Christian (0,5)<\/td>\n<td>1 : 0<\/td>\n<\/tr>\n<tr>\n<td>Eisenschmid,Oliver (0)<\/td>\n<td>Hausmann,Sarah (0)<\/td>\n<td>1 : 0<\/td>\n<\/tr>\n<tr>\n<td>Eremenko,Dimity (0)<\/td>\n<td>Gerlinger,Luis (0)<\/td>\n<td>1 : 0<\/td>\n<\/tr>\n<tr>\n<td>Kienle,Jan (0)<\/td>\n<td>Lindl,Hubert (0)<\/td>\n<td>0 : 1<\/td>\n<\/tr>\n<tr>\n<td>XXXXXX (0)<\/td>\n<td>Thormann, Peter (0)<\/td>\n<td>0 : 1<\/td>\n<\/tr>\n<\/tbody>\n<\/table>\n<h2>Ergebnisse der Runde 3<\/h2>\n<table>\n<tbody>\n<tr>\n<td width=\"40%\"><\/td>\n<td width=\"30%\"><\/td>\n<td width=\"30%\"><\/td>\n<\/tr>\n<tr>\n<td><\/td>\n<td><\/td>\n<td><\/td>\n<\/tr>\n<tr>\n<td>Wagner,Hans (2)<\/td>\n<td>&#8211; Menrad,Andreas (2)<\/td>\n<td>1 : 0<\/td>\n<\/tr>\n<tr>\n<td>Beller,Igor (2)<\/td>\n<td>&#8211; Hausmann,Kai (2)<\/td>\n<td>0 : 1<\/td>\n<\/tr>\n<tr>\n<td>Lechermann,Markus (1,5)<\/td>\n<td>&#8211; Schmidl,Franz Xaver (1)<\/td>\n<td>1 : 0<\/td>\n<\/tr>\n<tr>\n<td>Pohle,Markus (1)<\/td>\n<td>&#8211; Bernloher,Ludwig (1,5)<\/td>\n<td>0,5 : 0,5<\/td>\n<\/tr>\n<tr>\n<td>Eremenko,Dimitry(1)<\/td>\n<td>&#8211; Glawe,Ralf (1)<\/td>\n<td>1 : 0<\/td>\n<\/tr>\n<tr>\n<td>Lindl,Hubert (1)<\/td>\n<td>&#8211; Orlob,Johannes (1)<\/td>\n<td>0,5 : 0,5<\/td>\n<\/tr>\n<tr>\n<td>Thormann, Peter (1)<\/td>\n<td>&#8211; Eisenschmid,Oliver (1)<\/td>\n<td>1 : 0<\/td>\n<\/tr>\n<tr>\n<td>Hausmann,Sarah (0)<\/td>\n<td>&#8211; Kristic,Nikola (0,5)<\/td>\n<td>0 : 1<\/td>\n<\/tr>\n<tr>\n<td>Pfahler,Christian (0,5)<\/td>\n<td>&#8211; XXXXXX (0)<\/td>\n<td>1 : 0<\/td>\n<\/tr>\n<tr>\n<td>Gerlinger,Luis (0)<\/td>\n<td>&#8211; Kienle,Jan (0)<\/td>\n<td>1 : 0<\/td>\n<\/tr>\n<\/tbody>\n<\/table>\n<h2>Ergebnisse der Runde 4<\/h2>\n<table>\n<tbody>\n<tr>\n<td width=\"40%\"><\/td>\n<td width=\"30%\"><\/td>\n<td width=\"30%\"><\/td>\n<\/tr>\n<tr>\n<td><\/td>\n<td><\/td>\n<td><\/td>\n<\/tr>\n<tr>\n<td>Hausmann,Kai (3)<\/td>\n<td>&#8211; Wagner,Hans (3)<\/td>\n<td>0 : 1<\/td>\n<\/tr>\n<tr>\n<td>Menrad,Andreas (2)<\/td>\n<td>&#8211; Lechermann,Markus (2,5)<\/td>\n<td>1 : 0<\/td>\n<\/tr>\n<tr>\n<td>Bernloher,Ludwig (2)<\/td>\n<td>&#8211; Eremenko,Dimitry (2)<\/td>\n<td>1 : 0<\/td>\n<\/tr>\n<tr>\n<td>Thormann, Peter (2)<\/td>\n<td>&#8211; Beller,Igor (2)<\/td>\n<td>1 : 0<\/td>\n<\/tr>\n<tr>\n<td>Kristic,Nikola (1,5)<\/td>\n<td>&#8211; Pohle,Markus (1,5)<\/td>\n<td>0 : 1<\/td>\n<\/tr>\n<tr>\n<td>Orlob,Johannes (1,5)<\/td>\n<td>&#8211; Pfahler,Christian (1,5)<\/td>\n<td>1 : 0<\/td>\n<\/tr>\n<tr>\n<td>Eisenschmid,Oliver (1)<\/td>\n<td>&#8211; Lindl,Hubert (1,5)<\/td>\n<td>0 : 1<\/td>\n<\/tr>\n<tr>\n<td>Glawe,Ralf (1)<\/td>\n<td>&#8211; Schmidl,Franz Xaver (1)<\/td>\n<td>0 : 1<\/td>\n<\/tr>\n<tr>\n<td>XXXXXX (0)<\/td>\n<td>&#8211; Gerlinger,Luis (1)<\/td>\n<td>1 : 0<\/td>\n<\/tr>\n<tr>\n<td>Kienle,Jan (0)<\/td>\n<td>&#8211; Hausmann,Sarah (0)<\/td>\n<td>1 : 0<\/td>\n<\/tr>\n<\/tbody>\n<\/table>\n<h2>Tabelle nach der Runde 4<\/h2>\n<table>\n<tbody>\n<tr>\n<td align=\"LEFT\" width=\"86\" height=\"17\"><\/td>\n<td align=\"LEFT\" width=\"147\"><\/td>\n<td align=\"LEFT\" width=\"86\"><\/td>\n<td align=\"LEFT\" width=\"86\"><\/td>\n<td align=\"LEFT\" width=\"86\"><\/td>\n<td align=\"LEFT\" width=\"86\"><\/td>\n<td align=\"LEFT\" width=\"86\"><\/td>\n<td align=\"LEFT\" width=\"86\"><\/td>\n<td align=\"LEFT\" width=\"86\"><\/td>\n<\/tr>\n<tr>\n<td align=\"LEFT\" height=\"18\">Rang<\/td>\n<td align=\"LEFT\">Teilnehmer<\/td>\n<td align=\"CENTER\">TWZ<\/td>\n<td align=\"CENTER\">S<\/td>\n<td align=\"CENTER\">R<\/td>\n<td align=\"CENTER\">V<\/td>\n<td align=\"CENTER\">Punkte<\/td>\n<td align=\"CENTER\">Buchh<\/td>\n<td align=\"CENTER\">SoBerg<\/td>\n<\/tr>\n<tr>\n<td align=\"LEFT\" height=\"17\">1.<\/td>\n<td align=\"LEFT\">Wagner,Hans<\/td>\n<td align=\"CENTER\">2101<\/td>\n<td align=\"CENTER\">4<\/td>\n<td align=\"CENTER\">0<\/td>\n<td align=\"CENTER\">0<\/td>\n<td align=\"CENTER\">4.0<\/td>\n<td align=\"CENTER\">15.5<\/td>\n<td align=\"CENTER\">13.25<\/td>\n<\/tr>\n<tr>\n<td align=\"LEFT\" height=\"17\">2.<\/td>\n<td align=\"LEFT\">Hausmann,Kai<\/td>\n<td align=\"CENTER\">1897<\/td>\n<td align=\"CENTER\">3<\/td>\n<td align=\"CENTER\">0<\/td>\n<td align=\"CENTER\">1<\/td>\n<td align=\"CENTER\">3.0<\/td>\n<td align=\"CENTER\">16.5<\/td>\n<td align=\"CENTER\">10.25<\/td>\n<\/tr>\n<tr>\n<td align=\"LEFT\" height=\"18\">3.<\/td>\n<td align=\"LEFT\">Menrad,Andreas<\/td>\n<td align=\"CENTER\">1852<\/td>\n<td align=\"CENTER\">3<\/td>\n<td align=\"CENTER\">0<\/td>\n<td align=\"CENTER\">1<\/td>\n<td align=\"CENTER\">3.0<\/td>\n<td align=\"CENTER\">15.5<\/td>\n<td align=\"CENTER\">9.25<\/td>\n<\/tr>\n<tr>\n<td align=\"LEFT\" height=\"18\">4.<\/td>\n<td align=\"LEFT\">Bernloher,Ludwig<\/td>\n<td align=\"CENTER\">1657<\/td>\n<td align=\"CENTER\">2<\/td>\n<td align=\"CENTER\">2<\/td>\n<td align=\"CENTER\">0<\/td>\n<td align=\"CENTER\">3.0<\/td>\n<td align=\"CENTER\">12.5<\/td>\n<td align=\"CENTER\">7.75<\/td>\n<\/tr>\n<tr>\n<td align=\"LEFT\" height=\"18\">5.<\/td>\n<td align=\"LEFT\">Thormann, Peter<\/td>\n<td align=\"CENTER\"><\/td>\n<td align=\"CENTER\">3<\/td>\n<td align=\"CENTER\">0<\/td>\n<td align=\"CENTER\">1<\/td>\n<td align=\"CENTER\">3.0<\/td>\n<td align=\"CENTER\">12.0<\/td>\n<td align=\"CENTER\">7.25<\/td>\n<\/tr>\n<tr>\n<td align=\"LEFT\" height=\"18\">6.<\/td>\n<td align=\"LEFT\">Orlob,Johannes<\/td>\n<td align=\"CENTER\">1414<\/td>\n<td align=\"CENTER\">2<\/td>\n<td align=\"CENTER\">1<\/td>\n<td align=\"CENTER\">1<\/td>\n<td align=\"CENTER\">2.5<\/td>\n<td align=\"CENTER\">15.0<\/td>\n<td align=\"CENTER\">8.50<\/td>\n<\/tr>\n<tr>\n<td align=\"LEFT\" height=\"18\">7.<\/td>\n<td align=\"LEFT\">Lechermann,Markus<\/td>\n<td align=\"CENTER\">1991<\/td>\n<td align=\"CENTER\">2<\/td>\n<td align=\"CENTER\">1<\/td>\n<td align=\"CENTER\">1<\/td>\n<td align=\"CENTER\">2.5<\/td>\n<td align=\"CENTER\">15.0<\/td>\n<td align=\"CENTER\">8.25<\/td>\n<\/tr>\n<tr>\n<td align=\"LEFT\" height=\"18\">8.<\/td>\n<td align=\"LEFT\">Pohle,Markus<\/td>\n<td align=\"CENTER\">1597<\/td>\n<td align=\"CENTER\">2<\/td>\n<td align=\"CENTER\">1<\/td>\n<td align=\"CENTER\">1<\/td>\n<td align=\"CENTER\">2.5<\/td>\n<td align=\"CENTER\">13.5<\/td>\n<td align=\"CENTER\">6.75<\/td>\n<\/tr>\n<tr>\n<td align=\"LEFT\" height=\"18\">9.<\/td>\n<td align=\"LEFT\">Lindl,Hubert<\/td>\n<td align=\"CENTER\">1260<\/td>\n<td align=\"CENTER\">2<\/td>\n<td align=\"CENTER\">1<\/td>\n<td align=\"CENTER\">1<\/td>\n<td align=\"CENTER\">2.5<\/td>\n<td align=\"CENTER\">12.5<\/td>\n<td align=\"CENTER\">6.00<\/td>\n<\/tr>\n<tr>\n<td align=\"LEFT\" height=\"18\">10.<\/td>\n<td align=\"LEFT\">Beller,Igor<\/td>\n<td align=\"CENTER\">1425<\/td>\n<td align=\"CENTER\">2<\/td>\n<td align=\"CENTER\">0<\/td>\n<td align=\"CENTER\">2<\/td>\n<td align=\"CENTER\">2.0<\/td>\n<td align=\"CENTER\">13.0<\/td>\n<td align=\"CENTER\">4.75<\/td>\n<\/tr>\n<tr>\n<td align=\"LEFT\" height=\"18\">11.<\/td>\n<td align=\"LEFT\">Schmidl,Franz Xaver<\/td>\n<td align=\"CENTER\">1770<\/td>\n<td align=\"CENTER\">2<\/td>\n<td align=\"CENTER\">0<\/td>\n<td align=\"CENTER\">2<\/td>\n<td align=\"CENTER\">2.0<\/td>\n<td align=\"CENTER\">13.0<\/td>\n<td align=\"CENTER\">4.25<\/td>\n<\/tr>\n<tr>\n<td align=\"LEFT\" height=\"18\">12.<\/td>\n<td align=\"LEFT\">Eremenko,Dimitry<\/td>\n<td align=\"CENTER\">1278<\/td>\n<td align=\"CENTER\">2<\/td>\n<td align=\"CENTER\">0<\/td>\n<td align=\"CENTER\">2<\/td>\n<td align=\"CENTER\">2.0<\/td>\n<td align=\"CENTER\">12.0<\/td>\n<td align=\"CENTER\">4.25<\/td>\n<\/tr>\n<tr>\n<td align=\"LEFT\" height=\"18\">13.<\/td>\n<td align=\"LEFT\">Pfahler,Christian<\/td>\n<td align=\"CENTER\">927<\/td>\n<td align=\"CENTER\">1<\/td>\n<td align=\"CENTER\">1<\/td>\n<td align=\"CENTER\">2<\/td>\n<td align=\"CENTER\">1.5<\/td>\n<td align=\"CENTER\">10.0<\/td>\n<td align=\"CENTER\">3.50<\/td>\n<\/tr>\n<tr>\n<td align=\"LEFT\" height=\"18\">14.<\/td>\n<td align=\"LEFT\">Kristic,Nikola<\/td>\n<td align=\"CENTER\">1470<\/td>\n<td align=\"CENTER\">1<\/td>\n<td align=\"CENTER\">1<\/td>\n<td align=\"CENTER\">2<\/td>\n<td align=\"CENTER\">1.5<\/td>\n<td align=\"CENTER\">10.0<\/td>\n<td align=\"CENTER\">2.50<\/td>\n<\/tr>\n<tr>\n<td align=\"LEFT\" height=\"18\">15.<\/td>\n<td align=\"LEFT\">Eisenschmid,Oliver<\/td>\n<td align=\"CENTER\">1335<\/td>\n<td align=\"CENTER\">1<\/td>\n<td align=\"CENTER\">0<\/td>\n<td align=\"CENTER\">3<\/td>\n<td align=\"CENTER\">1.0<\/td>\n<td align=\"CENTER\">13.0<\/td>\n<td align=\"CENTER\">1.25<\/td>\n<\/tr>\n<tr>\n<td align=\"LEFT\" height=\"18\">16.<\/td>\n<td align=\"LEFT\">Glawe,Ralf<\/td>\n<td align=\"CENTER\">2008<\/td>\n<td align=\"CENTER\">1<\/td>\n<td align=\"CENTER\">0<\/td>\n<td align=\"CENTER\">3<\/td>\n<td align=\"CENTER\">1.0<\/td>\n<td align=\"CENTER\">12.0<\/td>\n<td align=\"CENTER\">2.75<\/td>\n<\/tr>\n<tr>\n<td align=\"LEFT\" height=\"18\">17.<\/td>\n<td align=\"LEFT\">XXXXXX<\/td>\n<td align=\"CENTER\">1026<\/td>\n<td align=\"CENTER\">1<\/td>\n<td align=\"CENTER\">0<\/td>\n<td align=\"CENTER\">3<\/td>\n<td align=\"CENTER\">1.0<\/td>\n<td align=\"CENTER\">11.0<\/td>\n<td align=\"CENTER\">2.25<\/td>\n<\/tr>\n<tr>\n<td align=\"LEFT\" height=\"18\">18.<\/td>\n<td align=\"LEFT\">Gerlinger,Luis<\/td>\n<td align=\"CENTER\">956<\/td>\n<td align=\"CENTER\">1<\/td>\n<td align=\"CENTER\">0<\/td>\n<td align=\"CENTER\">3<\/td>\n<td align=\"CENTER\">1.0<\/td>\n<td align=\"CENTER\">10.0<\/td>\n<td align=\"CENTER\">2.25<\/td>\n<\/tr>\n<tr>\n<td align=\"LEFT\" height=\"18\">19.<\/td>\n<td align=\"LEFT\">Kienle,Jan<\/td>\n<td align=\"CENTER\">916<\/td>\n<td align=\"CENTER\">1<\/td>\n<td align=\"CENTER\">0<\/td>\n<td align=\"CENTER\">3<\/td>\n<td align=\"CENTER\">1.0<\/td>\n<td align=\"CENTER\">9.0<\/td>\n<td align=\"CENTER\">1.25<\/td>\n<\/tr>\n<tr>\n<td align=\"LEFT\" height=\"17\">20.<\/td>\n<td align=\"LEFT\">Hausmann,Sarah<\/td>\n<td align=\"CENTER\">999<\/td>\n<td align=\"CENTER\">0<\/td>\n<td align=\"CENTER\">0<\/td>\n<td align=\"CENTER\">4<\/td>\n<td align=\"CENTER\">0.0<\/td>\n<td align=\"CENTER\">9.0<\/td>\n<td align=\"CENTER\">0.25<\/td>\n<\/tr>\n<\/tbody>\n<\/table>\n<h2>Ergebnisse der Runde 5<\/h2>\n<table>\n<tbody>\n<tr>\n<td width=\"40%\"><\/td>\n<td width=\"30%\"><\/td>\n<td width=\"30%\"><\/td>\n<\/tr>\n<tr>\n<td><\/td>\n<td><\/td>\n<td><\/td>\n<\/tr>\n<tr>\n<td>Wagner,Hans (4)<\/td>\n<td>&#8211; Bernloher,Ludwig (3)<\/td>\n<td>\u00a01 : 0<\/td>\n<\/tr>\n<tr>\n<td>Menrad,Andreas (3)<\/td>\n<td>&#8211; Hausmann,Kai (3)<\/td>\n<td>\u00a00 : 1<\/td>\n<\/tr>\n<tr>\n<td>Lechermann,Markus (2,5)<\/td>\n<td>&#8211; Thormann, Peter (3)<\/td>\n<td>\u00a01 : 0<\/td>\n<\/tr>\n<tr>\n<td>Pohle,Markus (2,5)<\/td>\n<td>&#8211; Orlob,Johannes (2,5)<\/td>\n<td>\u00a01 : 0<\/td>\n<\/tr>\n<tr>\n<td>Lindl,Hubert (2,5)<\/td>\n<td>&#8211; Beller,Igor (2)<\/td>\n<td>\u00a00 : 1<\/td>\n<\/tr>\n<tr>\n<td>Schmidl,Franz Xaver (2)<\/td>\n<td>&#8211; Eremenko,Dimitry (2)<\/td>\n<td>\u00a00,5 : 0,5<\/td>\n<\/tr>\n<tr>\n<td>Glawe,Ralf (1)<\/td>\n<td>&#8211; Kristic,Nikola (1,5)<\/td>\n<td>\u00a0+ : &#8211; (kampflos)<\/td>\n<\/tr>\n<tr>\n<td>Pfahler,Christian (1,5)<\/td>\n<td>&#8211; Kienle,Jan (1)<\/td>\n<td>\u00a00 : 1<\/td>\n<\/tr>\n<tr>\n<td>Gerlinger,Luis (1)<\/td>\n<td>&#8211; Eisenschmid,Oliver (1)<\/td>\n<td>\u00a01 : 0<\/td>\n<\/tr>\n<tr>\n<td>Hausmann,Sarah (0)<\/td>\n<td>&#8211; XXXXXX (1)<\/td>\n<td>\u00a00 : 1<\/td>\n<\/tr>\n<\/tbody>\n<\/table>\n<h2>Ergebnisse der Runde 6<\/h2>\n<table>\n<tbody>\n<tr>\n<td width=\"40%\"><\/td>\n<td width=\"30%\"><\/td>\n<td width=\"30%\"><\/td>\n<\/tr>\n<tr>\n<td><\/td>\n<td><\/td>\n<td><\/td>\n<\/tr>\n<tr>\n<td>Pohle, Markus (3,5)<\/td>\n<td>&#8211; Wagner, Hans (5)<\/td>\n<td>\u00a01 : 0<\/td>\n<\/tr>\n<tr>\n<td>Hausmann,Kai (4)<\/td>\n<td>&#8211; Lechermann,Markus (3,5)<\/td>\n<td>\u00a01 : 0<\/td>\n<\/tr>\n<tr>\n<td>Beller,Igor (3)<\/td>\n<td>&#8211; Menrad, Andreas (3)<\/td>\n<td>\u00a01 : 0<\/td>\n<\/tr>\n<tr>\n<td>Bernloher, Ludwig (3)<\/td>\n<td>&#8211; Thormann, Peter (3)<\/td>\n<td>\u00a00,5 : 0,5<\/td>\n<\/tr>\n<tr>\n<td>Orlob, Johannes (2,5)<\/td>\n<td>&#8211; Schmidl,Franz Xaver (2,5)<\/td>\n<td>\u00a00 : 1<\/td>\n<\/tr>\n<tr>\n<td>Eremenko,Dimitry (2,5)<\/td>\n<td>&#8211; Lindl, Hubert (2,5)<\/td>\n<td>\u00a0+ : &#8211; (kampflos)<\/td>\n<\/tr>\n<tr>\n<td>Gerlinger,Luis (2)<\/td>\n<td>&#8211; Glawe,Ralf (2)<\/td>\n<td>\u00a00 : 1<\/td>\n<\/tr>\n<tr>\n<td>XXXXXX (2)<\/td>\n<td>&#8211; Kienle,Jan (2)<\/td>\n<td>\u00a01 : 0<\/td>\n<\/tr>\n<tr>\n<td>Eisenschmid,Oliver (1)<\/td>\n<td>&#8211; Kristic, Nikola (1,5)<\/td>\n<td>\u00a01 : 0<\/td>\n<\/tr>\n<tr>\n<td>Hausmann,Sarah (0)<\/td>\n<td>&#8211; Pfahler, Christian (1,5)<\/td>\n<td>\u00a01 : 0<\/td>\n<\/tr>\n<\/tbody>\n<\/table>\n<h2>Ergebnisse der Runde 7<\/h2>\n<table>\n<tbody>\n<tr>\n<td width=\"40%\"><\/td>\n<td width=\"30%\"><\/td>\n<td width=\"30%\"><\/td>\n<\/tr>\n<tr>\n<td><\/td>\n<td><\/td>\n<td><\/td>\n<\/tr>\n<tr>\n<td>Wagner, Hans (5)<\/td>\n<td>&#8211;\u00a0Beller,Igor (4)<\/td>\n<td style=\"text-align: center\">\u00a01 : 0<\/td>\n<\/tr>\n<tr>\n<td>Eremenko,Dimitry (3,5)<\/td>\n<td>&#8211;\u00a0Hausmann,Kai (5)<\/td>\n<td style=\"text-align: center\">\u00a00 : 1<\/td>\n<\/tr>\n<tr>\n<td>Lechermann,Markus (3,5)<\/td>\n<td>&#8211; Pohle, Markus (4,5)<\/td>\n<td style=\"text-align: center\">\u00a01 : 0<\/td>\n<\/tr>\n<tr>\n<td>Schmidl,Franz Xaver (3,5)<\/td>\n<td>&#8211;\u00a0Bernloher, Ludwig (3,5)<\/td>\n<td style=\"text-align: center\">0,5 : 0,5<\/td>\n<\/tr>\n<tr>\n<td>Kienle,Jan (2)<\/td>\n<td>&#8211;\u00a0Orlob, Johannes (2,5)<\/td>\n<td style=\"text-align: center\">0 : 1<\/td>\n<\/tr>\n<tr>\n<td>Thormann, Peter (3,5)<\/td>\n<td>&#8211; Menrad, Andreas (3)<\/td>\n<td style=\"text-align: center\">\u00a01 : 0<\/td>\n<\/tr>\n<tr>\n<td>Glawe,Ralf (3)<\/td>\n<td>&#8211; XXXXXX (3)<\/td>\n<td style=\"text-align: center\">\u00a01 : 0<\/td>\n<\/tr>\n<tr>\n<td>Pfahler, Christian (1,5)<\/td>\n<td>&#8211;\u00a0Eisenschmid,Oliver (2)<\/td>\n<td style=\"text-align: center\">\u00a00 : 1<\/td>\n<\/tr>\n<tr>\n<td>Kristic, Nikola (1,5)<\/td>\n<td>&#8211; Gerlinger, Luis (2)<\/td>\n<td style=\"text-align: center\">\u00a01 : 0<\/td>\n<\/tr>\n<tr>\n<td>Lindl,Hubert (2,5)<\/td>\n<td>&#8211;\u00a0Hausmann,Sarah (1)<\/td>\n<td style=\"text-align: center\">\u00a00 : 1<\/td>\n<\/tr>\n<\/tbody>\n<\/table>\n<p>&nbsp;<\/p>\n<h2>Tabelle nach der Runde 7<\/h2>\n<p>&nbsp;<\/p>\n<table border=\"0\" rules=\"NONE\" cellspacing=\"0\">\n<tbody>\n<tr>\n<td align=\"LEFT\" width=\"86\" height=\"18\">Rang<\/td>\n<td align=\"LEFT\" width=\"168\">Teilnehmer<\/td>\n<td align=\"CENTER\" width=\"86\">TWZ<\/td>\n<td align=\"CENTER\" width=\"86\">S<\/td>\n<td align=\"CENTER\" width=\"86\">R<\/td>\n<td align=\"CENTER\" width=\"86\">V<\/td>\n<td align=\"CENTER\" width=\"86\">Punkte<\/td>\n<td align=\"CENTER\" width=\"86\">Buchh<\/td>\n<td align=\"CENTER\" width=\"86\">SoBerg<\/td>\n<\/tr>\n<tr>\n<td align=\"LEFT\" height=\"17\">1.<\/td>\n<td align=\"LEFT\">Wagner,Hans<\/td>\n<td align=\"CENTER\">2101<\/td>\n<td align=\"CENTER\">6<\/td>\n<td align=\"CENTER\">0<\/td>\n<td align=\"CENTER\">1<\/td>\n<td align=\"CENTER\">6.0<\/td>\n<td align=\"CENTER\">28.5<\/td>\n<td align=\"CENTER\">24.00<\/td>\n<\/tr>\n<tr>\n<td align=\"LEFT\" height=\"17\">2.<\/td>\n<td align=\"LEFT\">Hausmann,Kai<\/td>\n<td align=\"CENTER\">1897<\/td>\n<td align=\"CENTER\">6<\/td>\n<td align=\"CENTER\">0<\/td>\n<td align=\"CENTER\">1<\/td>\n<td align=\"CENTER\">6.0<\/td>\n<td align=\"CENTER\">28.0<\/td>\n<td align=\"CENTER\">22.00<\/td>\n<\/tr>\n<tr>\n<td align=\"LEFT\" height=\"18\">3.<\/td>\n<td align=\"LEFT\">Lechermann,Markus<\/td>\n<td align=\"CENTER\">1991<\/td>\n<td align=\"CENTER\">4<\/td>\n<td align=\"CENTER\">1<\/td>\n<td align=\"CENTER\">2<\/td>\n<td align=\"CENTER\">4.5<\/td>\n<td align=\"CENTER\">29.0<\/td>\n<td align=\"CENTER\">18.00<\/td>\n<\/tr>\n<tr>\n<td align=\"LEFT\" height=\"18\">4.<\/td>\n<td align=\"LEFT\">Pohle,Markus<\/td>\n<td align=\"CENTER\">1597<\/td>\n<td align=\"CENTER\">4<\/td>\n<td align=\"CENTER\">1<\/td>\n<td align=\"CENTER\">2<\/td>\n<td align=\"CENTER\">4.5<\/td>\n<td align=\"CENTER\">29.0<\/td>\n<td align=\"CENTER\">16.50<\/td>\n<\/tr>\n<tr>\n<td align=\"LEFT\" height=\"18\">5.<\/td>\n<td align=\"LEFT\">Thormann, Peter<\/td>\n<td align=\"CENTER\"><\/td>\n<td align=\"CENTER\">4<\/td>\n<td align=\"CENTER\">1<\/td>\n<td align=\"CENTER\">2<\/td>\n<td align=\"CENTER\">4.5<\/td>\n<td align=\"CENTER\">25.0<\/td>\n<td align=\"CENTER\">15.00<\/td>\n<\/tr>\n<tr>\n<td align=\"LEFT\" height=\"18\">6.<\/td>\n<td align=\"LEFT\">Bernloher,Ludwig<\/td>\n<td align=\"CENTER\">1657<\/td>\n<td align=\"CENTER\">2<\/td>\n<td align=\"CENTER\">4<\/td>\n<td align=\"CENTER\">1<\/td>\n<td align=\"CENTER\">4.0<\/td>\n<td align=\"CENTER\">28.5<\/td>\n<td align=\"CENTER\">13.75<\/td>\n<\/tr>\n<tr>\n<td align=\"LEFT\" height=\"18\">7.<\/td>\n<td align=\"LEFT\">Schmidl,Franz Xaver<\/td>\n<td align=\"CENTER\">1770<\/td>\n<td align=\"CENTER\">3<\/td>\n<td align=\"CENTER\">2<\/td>\n<td align=\"CENTER\">2<\/td>\n<td align=\"CENTER\">4.0<\/td>\n<td align=\"CENTER\">27.5<\/td>\n<td align=\"CENTER\">13.50<\/td>\n<\/tr>\n<tr>\n<td align=\"LEFT\" height=\"18\">8.<\/td>\n<td align=\"LEFT\">Beller,Igor<\/td>\n<td align=\"CENTER\">1425<\/td>\n<td align=\"CENTER\">4<\/td>\n<td align=\"CENTER\">0<\/td>\n<td align=\"CENTER\">3<\/td>\n<td align=\"CENTER\">4.0<\/td>\n<td align=\"CENTER\">27.5<\/td>\n<td align=\"CENTER\">11.00<\/td>\n<\/tr>\n<tr>\n<td align=\"LEFT\" height=\"18\">9.<\/td>\n<td align=\"LEFT\">Glawe,Ralf<\/td>\n<td align=\"CENTER\">2008<\/td>\n<td align=\"CENTER\">4<\/td>\n<td align=\"CENTER\">0<\/td>\n<td align=\"CENTER\">3<\/td>\n<td align=\"CENTER\">4.0<\/td>\n<td align=\"CENTER\">20.0<\/td>\n<td align=\"CENTER\">8.25<\/td>\n<\/tr>\n<tr>\n<td align=\"LEFT\" height=\"18\">10.<\/td>\n<td align=\"LEFT\">Eremenko,Dimitry<\/td>\n<td align=\"CENTER\">1278<\/td>\n<td align=\"CENTER\">3<\/td>\n<td align=\"CENTER\">1<\/td>\n<td align=\"CENTER\">3<\/td>\n<td align=\"CENTER\">3.5<\/td>\n<td align=\"CENTER\">27.0<\/td>\n<td align=\"CENTER\">9.00<\/td>\n<\/tr>\n<tr>\n<td align=\"LEFT\" height=\"18\">11.<\/td>\n<td align=\"LEFT\">Orlob,Johannes<\/td>\n<td align=\"CENTER\">1414<\/td>\n<td align=\"CENTER\">3<\/td>\n<td align=\"CENTER\">1<\/td>\n<td align=\"CENTER\">3<\/td>\n<td align=\"CENTER\">3.5<\/td>\n<td align=\"CENTER\">22.5<\/td>\n<td align=\"CENTER\">9.50<\/td>\n<\/tr>\n<tr>\n<td align=\"LEFT\" height=\"18\">12.<\/td>\n<td align=\"LEFT\">Menrad,Andreas<\/td>\n<td align=\"CENTER\">1852<\/td>\n<td align=\"CENTER\">3<\/td>\n<td align=\"CENTER\">0<\/td>\n<td align=\"CENTER\">4<\/td>\n<td align=\"CENTER\">3.0<\/td>\n<td align=\"CENTER\">32.0<\/td>\n<td align=\"CENTER\">11.50<\/td>\n<\/tr>\n<tr>\n<td align=\"LEFT\" height=\"18\">13.<\/td>\n<td align=\"LEFT\">Eisenschmid,Oliver<\/td>\n<td align=\"CENTER\">1335<\/td>\n<td align=\"CENTER\">3<\/td>\n<td align=\"CENTER\">0<\/td>\n<td align=\"CENTER\">4<\/td>\n<td align=\"CENTER\">3.0<\/td>\n<td align=\"CENTER\">22.0<\/td>\n<td align=\"CENTER\">6.50<\/td>\n<\/tr>\n<tr>\n<td align=\"LEFT\" height=\"18\">14.<\/td>\n<td align=\"LEFT\">XXXXXX<\/td>\n<td align=\"CENTER\">1026<\/td>\n<td align=\"CENTER\">3<\/td>\n<td align=\"CENTER\">0<\/td>\n<td align=\"CENTER\">4<\/td>\n<td align=\"CENTER\">3.0<\/td>\n<td align=\"CENTER\">19.5<\/td>\n<td align=\"CENTER\">6.00<\/td>\n<\/tr>\n<tr>\n<td align=\"LEFT\" height=\"18\">15.<\/td>\n<td align=\"LEFT\">Lindl,Hubert<\/td>\n<td align=\"CENTER\">1260<\/td>\n<td align=\"CENTER\">2<\/td>\n<td align=\"CENTER\">1<\/td>\n<td align=\"CENTER\">4<\/td>\n<td align=\"CENTER\">2.5<\/td>\n<td align=\"CENTER\">23.5<\/td>\n<td align=\"CENTER\">8.25<\/td>\n<\/tr>\n<tr>\n<td align=\"LEFT\" height=\"18\">16.<\/td>\n<td align=\"LEFT\">Kristic,Nikola<\/td>\n<td align=\"CENTER\">1470<\/td>\n<td align=\"CENTER\">2<\/td>\n<td align=\"CENTER\">1<\/td>\n<td align=\"CENTER\">4<\/td>\n<td align=\"CENTER\">2.5<\/td>\n<td align=\"CENTER\">20.0<\/td>\n<td align=\"CENTER\">6.25<\/td>\n<\/tr>\n<tr>\n<td align=\"LEFT\" height=\"18\">17.<\/td>\n<td align=\"LEFT\">Gerlinger,Luis<\/td>\n<td align=\"CENTER\">956<\/td>\n<td align=\"CENTER\">2<\/td>\n<td align=\"CENTER\">0<\/td>\n<td align=\"CENTER\">5<\/td>\n<td align=\"CENTER\">2.0<\/td>\n<td align=\"CENTER\">22.0<\/td>\n<td align=\"CENTER\">5.00<\/td>\n<\/tr>\n<tr>\n<td align=\"LEFT\" height=\"17\">18.<\/td>\n<td align=\"LEFT\">Hausmann,Sarah<\/td>\n<td align=\"CENTER\">999<\/td>\n<td align=\"CENTER\">2<\/td>\n<td align=\"CENTER\">0<\/td>\n<td align=\"CENTER\">5<\/td>\n<td align=\"CENTER\">2.0<\/td>\n<td align=\"CENTER\">19.5<\/td>\n<td align=\"CENTER\">4.50<\/td>\n<\/tr>\n<tr>\n<td align=\"LEFT\" height=\"18\">19.<\/td>\n<td align=\"LEFT\">Kienle,Jan<\/td>\n<td align=\"CENTER\">916<\/td>\n<td align=\"CENTER\">2<\/td>\n<td align=\"CENTER\">0<\/td>\n<td align=\"CENTER\">5<\/td>\n<td align=\"CENTER\">2.0<\/td>\n<td align=\"CENTER\">19.0<\/td>\n<td align=\"CENTER\">3.50<\/td>\n<\/tr>\n<tr>\n<td align=\"LEFT\" height=\"18\">20.<\/td>\n<td align=\"LEFT\">Pfahler,Christian<\/td>\n<td align=\"CENTER\">927<\/td>\n<td align=\"CENTER\">1<\/td>\n<td align=\"CENTER\">1<\/td>\n<td align=\"CENTER\">5<\/td>\n<td align=\"CENTER\">1.5<\/td>\n<td align=\"CENTER\">20.0<\/td>\n<td align=\"CENTER\">4.50<\/td>\n<\/tr>\n<\/tbody>\n<\/table>\n","protected":false},"excerpt":{"rendered":"<p>Austragungsmodus Ort: MTV Vereinsheim, Friedhofstra\u00dfe 10, 85049 Ingolstadt, Nebenzimmer Modus: 7 Runden Schweizer System Bedenkzeit: 90 min f\u00fcr 40Z\u00fcge \/ 30 min. f\u00fcr die restlichen Z\u00fcge Termine: in der Regel am Freitag, um 20:00 Uhr an folgenden Terminen: 28.09.12 &#8211; 1. Runde , 19.10.12 &#8211; 2. Runde, 16.11.12 \u2013 3. Runde 30.11.12 \u2013 4. Runde, [&hellip;]<\/p>\n","protected":false},"author":12,"featured_media":0,"parent":0,"menu_order":0,"comment_status":"closed","ping_status":"closed","template":"","meta":{"footnotes":""},"class_list":["post-854","page","type-page","status-publish","hentry"],"_links":{"self":[{"href":"https:\/\/www.mtv-in.de\/schach\/wp-json\/wp\/v2\/pages\/854","targetHints":{"allow":["GET"]}}],"collection":[{"href":"https:\/\/www.mtv-in.de\/schach\/wp-json\/wp\/v2\/pages"}],"about":[{"href":"https:\/\/www.mtv-in.de\/schach\/wp-json\/wp\/v2\/types\/page"}],"author":[{"embeddable":true,"href":"https:\/\/www.mtv-in.de\/schach\/wp-json\/wp\/v2\/users\/12"}],"replies":[{"embeddable":true,"href":"https:\/\/www.mtv-in.de\/schach\/wp-json\/wp\/v2\/comments?post=854"}],"version-history":[{"count":15,"href":"https:\/\/www.mtv-in.de\/schach\/wp-json\/wp\/v2\/pages\/854\/revisions"}],"predecessor-version":[{"id":9620,"href":"https:\/\/www.mtv-in.de\/schach\/wp-json\/wp\/v2\/pages\/854\/revisions\/9620"}],"wp:attachment":[{"href":"https:\/\/www.mtv-in.de\/schach\/wp-json\/wp\/v2\/media?parent=854"}],"curies":[{"name":"wp","href":"https:\/\/api.w.org\/{rel}","templated":true}]}}