{"id":8828,"date":"2018-08-29T00:01:20","date_gmt":"2018-08-28T22:01:20","guid":{"rendered":"http:\/\/www.mtv-in.de\/schach\/?page_id=8828"},"modified":"2019-07-05T21:54:16","modified_gmt":"2019-07-05T19:54:16","slug":"vereinsmeisterschaft-201819","status":"publish","type":"page","link":"https:\/\/www.mtv-in.de\/schach\/vereinsmeisterschaft-201819\/","title":{"rendered":"Vereinsmeisterschaft 2018\/19"},"content":{"rendered":"<h2>Austragungsmodus<\/h2>\n<ul>\n<li style=\"list-style-type: none\">\n<ul>\n<li><strong>Ort:<\/strong>\u00a0MTV Vereinsheim, Friedhofstra\u00dfe 10, 85049 Ingolstadt, Nebenzimmer<\/li>\n<li><strong>Modus:<\/strong>\u00a0Vorrunde, Viertelfinale, Halbfinale, Finale<br \/>\nDie Runden 1 &#8211;\u00a04\/5\u00a0werden als Rundensystem mit\u00a02 Vorrundengruppen mit je\u00a05 Teilnehmern durchgef\u00fchrt.<br \/>\nDie ersten beiden Pl\u00e4tze aus der Vorrunde erhalten ein Freilos f\u00fcr das K.O. System. Die Pl\u00e4tze 2 und 3 spielen jeweils ein Viertelfinale. Der Sieger aus dem Viertelfinale spielt gegen die Erstplatzieren aus der Vorrunde im Halbfinale. Die Verlierer des Viertelfinales spielen um den Platz 5. Im Halbfinale und Finale werden die Pl\u00e4tze 1 bis 4 ermittelt. Die Pl\u00e4tze 4 und 5 aus der Vorrunde spielen um die Pl\u00e4tze 7 bis 10. Im K.O System gelten folgende Regeln. Die Farbe wird ausgelost. Bei einem Remis kommt der DWZ schw\u00e4chere Spieler in die n\u00e4chste Runde. Somit kann jeder Spieler alle 6 &#8211; 7 Runden spielen.<\/li>\n<li><strong>Bedenkzeit:<\/strong>\u00a090 min f\u00fcr 40 Z\u00fcge \/ 30 min. f\u00fcr die restlichen Z\u00fcge<\/li>\n<li><strong>Termine:<\/strong>\u00a0in der Regel am Freitag, um 19:30 Uhr an folgenden Terminen:<br \/>\n12.10.18 &#8211; 1. Runde<br \/>\n03.11.18 &#8211; 2. Runde<br \/>\n30.11.18 \u2013 3. Runde<br \/>\n25.01.19 \u2013 4. Runde<br \/>\n08.02.19 \u2013 5. Runde<br \/>\n01.03.19 \u2013 6. Runde<br \/>\n29.03.19 &#8211; 7. Runde<\/li>\n<li>Der Samstag oder der Freitag (Folgewoche) kann als Ausweichtermin gew\u00e4hlt werden.<\/li>\n<li><strong>Ergebnis:<\/strong>\u00a0Meldung aller Spielergebnisse bis ca. 11 Tage nach Rundenbeginn.<\/li>\n<li><strong>Turnierende:<\/strong>\u00a0Das Turnier ist sp\u00e4testens am 06.04.2018 beendet.<\/li>\n<li><strong>Startgeld:\u00a0<\/strong>Teilnahme ist kostenlos<\/li>\n<li><strong>DWZ Auswertung:<\/strong>\u00a0F\u00fcr unsere Vereinsmeisterschaft erfolgt eine DWZ Auswertung.<\/li>\n<li><strong>Turnierleitung:<\/strong>\u00a0Markus Pohle, Mail: m.pohle[at]web.de<\/li>\n<li><strong>Anmeldung:<\/strong>\u00a0Bitte meldet Euch bei Markus Pohle an oder kommt am 12.10.18 vor 19:30 Uhr in unser Vereinsheim. Die erste Auslosung findet am 12.10.18 statt.<\/li>\n<\/ul>\n<\/li>\n<\/ul>\n<h2>Gruppe 1:<\/h2>\n<ul>\n<li>Menrad, Andreas &#8211; C\u00f6lkusu, Emre\u00a0 <strong>1 : 0<\/strong><\/li>\n<li>Doan Trung &#8211; Maruntis, Patrik\u00a0 \u00a0 \u00a0 \u00a0 \u00a0\u00a0<strong>0 : 1<\/strong><\/li>\n<li>C\u00f6lkusu, Emre &#8211;\u00a0Doan Trung\u00a0\u00a0\u00a0\u00a0\u00a0\u00a0\u00a0\u00a0\u00a0 <strong>0 : 1<\/strong><\/li>\n<li>Hausmann, Kai &#8211;\u00a0Menrad, Andreas\u00a0 <strong>1 : 0<\/strong><\/li>\n<li>Doan Trung &#8211;\u00a0Hausmann, Kai\u00a0 \u00a0 \u00a0\u00a0<strong>0,5 : 0,5<\/strong><\/li>\n<li>Maruntis, Patrik &#8211;\u00a0C\u00f6lkusu, Emre\u00a0\u00a0 <strong>1 : 0<\/strong><\/li>\n<li>Hausmann, Kai &#8211;\u00a0Maruntis, Patrik <strong>1 : 0<\/strong><\/li>\n<li>Menrad, Andreas &#8211;\u00a0Doan Trung\u00a0 <strong>0,5 : 0,5<\/strong><\/li>\n<li>Maruntis, Patrik &#8211;\u00a0Menrad, Andreas\u00a0 <strong>1 : 0<\/strong><\/li>\n<li>C\u00f6lkusu, Emre &#8211;\u00a0Hausmann, Kai\u00a0\u00a0\u00a0\u00a0\u00a0 <strong>0 : 1<\/strong><\/li>\n<li>Pareja Sanchez,\u00a0Julio &#8211; Hausmann, Kai\u00a0 <strong>0 : 1<\/strong><\/li>\n<li>Maruntis, Patrik &#8211; Pareja Sanchez,\u00a0Julio\u00a0 <strong>1 : 0<\/strong><\/li>\n<li>Pareja Sanchez,\u00a0Julio\u00a0 &#8211; Doan Trung\u00a0 \u00a0 <strong>0 : 1<\/strong><\/li>\n<li>C\u00f6lkusu, Emre &#8211; Pareja Sanchez,\u00a0Julio\u00a0 <strong>1 : 0<\/strong><\/li>\n<li>Pareja Sanchez,\u00a0Julio\u00a0 &#8211; Menrad, Andreas<strong> 0 : 1<\/strong><\/li>\n<\/ul>\n<p>&nbsp;<\/p>\n<table style=\"width: 600px;height: 189px\">\n<tbody>\n<tr>\n<td style=\"width: 130px\"><strong>Gruppe 1<\/strong><\/td>\n<td style=\"width: 17.7167px\">1<\/td>\n<td style=\"width: 17.7px\">2<\/td>\n<td style=\"width: 17.7px\">3<\/td>\n<td style=\"width: 17.7px\">4<\/td>\n<td style=\"width: 17.7px\">5<\/td>\n<td style=\"width: 17.7px\">6<\/td>\n<td style=\"width: 70.2667px\">Ergebnis<\/td>\n<td style=\"width: 88.5167px\">Platzierung<\/td>\n<\/tr>\n<tr>\n<td style=\"width: 130px\">Kai Hausmann<\/td>\n<td style=\"width: 17.7167px\">\u00a0X<\/td>\n<td style=\"width: 17.7px\">\u00a01<\/td>\n<td style=\"width: 17.7px\">1\/2<\/td>\n<td style=\"width: 17.7px\">\u00a01<\/td>\n<td style=\"width: 17.7px\">\u00a01<\/td>\n<td style=\"width: 17.7px\">1<\/td>\n<td style=\"width: 70.2667px\">\u00a04,5<\/td>\n<td style=\"width: 88.5167px\">\u00a01<\/td>\n<\/tr>\n<tr>\n<td style=\"width: 130px\">Andreas Menrad<\/td>\n<td style=\"width: 17.7167px\">\u00a00<\/td>\n<td style=\"width: 17.7px\">\u00a0X<\/td>\n<td style=\"width: 17.7px\">\u00a01\/2<\/td>\n<td style=\"width: 17.7px\">\u00a00<\/td>\n<td style=\"width: 17.7px\">\u00a01<\/td>\n<td style=\"width: 17.7px\">\u00a01<\/td>\n<td style=\"width: 70.2667px\">\u00a02,5<\/td>\n<td style=\"width: 88.5167px\">\u00a04<\/td>\n<\/tr>\n<tr>\n<td style=\"width: 130px\">Trung Doan<\/td>\n<td style=\"width: 17.7167px\">\u00a01\/2<\/td>\n<td style=\"width: 17.7px\">\u00a01\/2<\/td>\n<td style=\"width: 17.7px\">X<\/td>\n<td style=\"width: 17.7px\">\u00a00<\/td>\n<td style=\"width: 17.7px\">\u00a01<\/td>\n<td style=\"width: 17.7px\">\u00a01<\/td>\n<td style=\"width: 70.2667px\">\u00a03<\/td>\n<td style=\"width: 88.5167px\">\u00a03<\/td>\n<\/tr>\n<tr>\n<td style=\"width: 130px\">Patrik Maruntis<\/td>\n<td style=\"width: 17.7167px\">\u00a00<\/td>\n<td style=\"width: 17.7px\">\u00a01<\/td>\n<td style=\"width: 17.7px\">\u00a01<\/td>\n<td style=\"width: 17.7px\">X<\/td>\n<td style=\"width: 17.7px\">\u00a01<\/td>\n<td style=\"width: 17.7px\">\u00a01<\/td>\n<td style=\"width: 70.2667px\">\u00a04<\/td>\n<td style=\"width: 88.5167px\">\u00a02<\/td>\n<\/tr>\n<tr>\n<td style=\"width: 130px\">Emre C\u00f6lkusu<\/td>\n<td style=\"width: 17.7167px\">\u00a00<\/td>\n<td style=\"width: 17.7px\">0<\/td>\n<td style=\"width: 17.7px\">\u00a00<\/td>\n<td style=\"width: 17.7px\">\u00a00<\/td>\n<td style=\"width: 17.7px\">X<\/td>\n<td style=\"width: 17.7px\">1<\/td>\n<td style=\"width: 70.2667px\">\u00a01<\/td>\n<td style=\"width: 88.5167px\">\u00a05<\/td>\n<\/tr>\n<tr>\n<td style=\"width: 130px\">Pareja Sanchez, Julio<\/td>\n<td style=\"width: 17.7167px\">\u00a00<\/td>\n<td style=\"width: 17.7px\">0<\/td>\n<td style=\"width: 17.7px\">\u00a00<\/td>\n<td style=\"width: 17.7px\">\u00a00<\/td>\n<td style=\"width: 17.7px\">0<\/td>\n<td style=\"width: 17.7px\">X<\/td>\n<td style=\"width: 70.2667px\">\u00a00<\/td>\n<td style=\"width: 88.5167px\">\u00a06<\/td>\n<\/tr>\n<\/tbody>\n<\/table>\n<h2>Gruppe 2:<\/h2>\n<ul>\n<li>Hacker, Zeno &#8211; Hausmann, Sarah\u00a0\u00a0\u00a0\u00a0\u00a0\u00a0\u00a0\u00a0\u00a0\u00a0\u00a0\u00a0\u00a0\u00a0\u00a0 <strong>0 : 1<\/strong><\/li>\n<li>Pohle, Markus &#8211; Beller, Igor\u00a0\u00a0\u00a0\u00a0\u00a0\u00a0\u00a0\u00a0\u00a0\u00a0\u00a0\u00a0\u00a0\u00a0\u00a0\u00a0\u00a0\u00a0\u00a0\u00a0\u00a0\u00a0\u00a0\u00a0\u00a0 <strong>0 : 1<\/strong><\/li>\n<li>Beller, Igor &#8211; Hacker, Zeno\u00a0 \u00a0\u00a0\u00a0\u00a0\u00a0\u00a0\u00a0\u00a0\u00a0\u00a0\u00a0\u00a0\u00a0\u00a0\u00a0\u00a0\u00a0\u00a0\u00a0\u00a0\u00a0\u00a0\u00a0\u00a0\u00a0 <strong>1 : 0<\/strong><\/li>\n<li>Hausmann, Sarah &#8211;\u00a0Muharemagic, Asim\u00a0\u00a0\u00a0 <strong>1 : 0<\/strong><\/li>\n<li>Muharemagic, Asim &#8211; Beller, Igor\u00a0\u00a0\u00a0\u00a0\u00a0\u00a0\u00a0\u00a0\u00a0\u00a0\u00a0\u00a0\u00a0\u00a0\u00a0 <strong>1 : 0<\/strong><\/li>\n<li>Hacker, Zeno &#8211; Pohle, Markus\u00a0\u00a0\u00a0\u00a0\u00a0\u00a0\u00a0\u00a0\u00a0\u00a0\u00a0\u00a0\u00a0\u00a0\u00a0\u00a0\u00a0 <strong>0,5 : 0,5<\/strong><\/li>\n<li>Pohle, Markus &#8211;\u00a0Muharemagic, Asim\u00a0 \u00a0\u00a0\u00a0\u00a0\u00a0\u00a0\u00a0\u00a0\u00a0 <strong>0 : 1<\/strong><\/li>\n<li>Beller, Igor\u00a0 &#8211; Hausmann, Sarah\u00a0\u00a0\u00a0\u00a0\u00a0\u00a0\u00a0\u00a0\u00a0\u00a0\u00a0\u00a0\u00a0\u00a0\u00a0\u00a0\u00a0 <strong>0,5 : 0,5<\/strong><\/li>\n<li>Hausmann, Sarah &#8211; Pohle, Markus\u00a0\u00a0\u00a0\u00a0\u00a0\u00a0\u00a0\u00a0\u00a0\u00a0\u00a0\u00a0\u00a0\u00a0 <strong>1 : 0<\/strong><\/li>\n<li>Muharemagic, Asim &#8211; Hacker, Zeno\u00a0\u00a0\u00a0\u00a0\u00a0\u00a0\u00a0\u00a0\u00a0\u00a0\u00a0\u00a0\u00a0<strong> 1 : 0<\/strong><\/li>\n<li>Andreoli, Christophe &#8211;\u00a0Muharemagic, Asim\u00a0\u00a0 <strong>0 : 1<\/strong><\/li>\n<li>Pohle, Markus &#8211;\u00a0Andreoli, Christophe\u00a0 \u00a0 \u00a0 \u00a0 \u00a0 \u00a0\u00a0<strong>0 : 1<\/strong><\/li>\n<li>Andreoli, Christophe &#8211;\u00a0Hausmann, Sarah\u00a0\u00a0 <strong>0,5 : 0,5<\/strong><\/li>\n<li>Hacker, Zeno &#8211;\u00a0Andreoli, Christophe\u00a0\u00a0\u00a0\u00a0\u00a0\u00a0\u00a0\u00a0\u00a0\u00a0\u00a0 <strong>1 : 0<\/strong><\/li>\n<li>Andreoli, Christophe &#8211;\u00a0Beller, Igor\u00a0\u00a0\u00a0\u00a0\u00a0\u00a0\u00a0\u00a0\u00a0\u00a0\u00a0\u00a0\u00a0 <strong>0,5 : 0,5<\/strong><\/li>\n<\/ul>\n<table style=\"width: 600px;height: 189px\">\n<tbody>\n<tr>\n<td style=\"width: 130px\"><strong>Gruppe\u00a02<\/strong><\/td>\n<td style=\"width: 17.7167px\">1<\/td>\n<td style=\"width: 17.7px\">2<\/td>\n<td style=\"width: 17.7px\">3<\/td>\n<td style=\"width: 17.7px\">4<\/td>\n<td style=\"width: 17.7px\">5<\/td>\n<td style=\"width: 17.7px\">6<\/td>\n<td style=\"width: 70.2667px\">Ergebnis<\/td>\n<td style=\"width: 88.5167px\">Platzierung<\/td>\n<\/tr>\n<tr>\n<td style=\"width: 130px\">Asim Muharemagic<\/td>\n<td style=\"width: 17.7167px\">\u00a0X<\/td>\n<td style=\"width: 17.7px\">\u00a01<\/td>\n<td style=\"width: 17.7px\">\u00a00<\/td>\n<td style=\"width: 17.7px\">1<\/td>\n<td style=\"width: 17.7px\">\u00a01<\/td>\n<td style=\"width: 17.7px\">\u00a01<\/td>\n<td style=\"width: 70.2667px\">\u00a04<\/td>\n<td style=\"width: 88.5167px\">\u00a02. (schlechtere Soberg)<\/td>\n<\/tr>\n<tr>\n<td style=\"width: 130px\">Igor Beller<\/td>\n<td style=\"width: 17.7167px\">\u00a00<\/td>\n<td style=\"width: 17.7px\">\u00a0X<\/td>\n<td style=\"width: 17.7px\">0,5<\/td>\n<td style=\"width: 17.7px\">\u00a01<\/td>\n<td style=\"width: 17.7px\">\u00a01<\/td>\n<td style=\"width: 70.2667px\">\u00a00,5<\/td>\n<td style=\"width: 88.5167px\">\u00a03<\/td>\n<\/tr>\n<tr>\n<td style=\"width: 130px\">Sarah Hausmann<\/td>\n<td style=\"width: 17.7167px\">\u00a01<\/td>\n<td style=\"width: 17.7px\">\u00a00,5<\/td>\n<td style=\"width: 17.7px\">X<\/td>\n<td style=\"width: 17.7px\">1<\/td>\n<td style=\"width: 17.7px\">1<\/td>\n<td style=\"width: 17.7px\">0,5<\/td>\n<td style=\"width: 70.2667px\">\u00a04<\/td>\n<td style=\"width: 88.5167px\">\u00a01.(bessere Soberg)<\/td>\n<\/tr>\n<tr>\n<td style=\"width: 130px\">Markus Pohle<\/td>\n<td style=\"width: 17.7167px\">\u00a00<\/td>\n<td style=\"width: 17.7px\">\u00a00<\/td>\n<td style=\"width: 17.7px\">\u00a00<\/td>\n<td style=\"width: 17.7px\">X<\/td>\n<td style=\"width: 17.7px\">\u00a00,5<\/td>\n<td style=\"width: 17.7px\">\u00a00<\/td>\n<td style=\"width: 70.2667px\">\u00a00,5<\/td>\n<td style=\"width: 88.5167px\">\u00a06.<\/td>\n<\/tr>\n<tr>\n<td style=\"width: 130px\">Zeno Hacker<\/td>\n<td style=\"width: 17.7167px\">\u00a00<\/td>\n<td style=\"width: 17.7px\">\u00a00<\/td>\n<td style=\"width: 17.7px\">\u00a00<\/td>\n<td style=\"width: 17.7px\">0,5<\/td>\n<td style=\"width: 17.7px\">X<\/td>\n<td style=\"width: 17.7px\">\u00a01<\/td>\n<td style=\"width: 70.2667px\"><\/td>\n<td style=\"width: 88.5167px\">\u00a05.<\/td>\n<\/tr>\n<tr>\n<td style=\"width: 130px\">Andreoli, Christophe<\/td>\n<td style=\"width: 17.7167px\">\u00a00<\/td>\n<td style=\"width: 17.7px\">\u00a00,5<\/td>\n<td style=\"width: 17.7px\">\u00a00,5<\/td>\n<td style=\"width: 17.7px\">\u00a01<\/td>\n<td style=\"width: 17.7px\">\u00a00<\/td>\n<td style=\"width: 17.7px\">X<\/td>\n<td style=\"width: 70.2667px\"><\/td>\n<td style=\"width: 88.5167px\">\u00a04.<\/td>\n<\/tr>\n<\/tbody>\n<\/table>\n<h2><\/h2>\n<h2>Viertelfinale (Kampf um Platz 1 &#8211; 6):<\/h2>\n<ul>\n<li>Sarah Hausmann &#8211; spielfrei<\/li>\n<li>Kai Hausmann &#8211; spielfrei<\/li>\n<li>Patrik Maruntis &#8211; Igor Beller\u00a0\u00a0\u00a0\u00a0\u00a0\u00a0\u00a0\u00a0\u00a0\u00a0\u00a0\u00a0\u00a0\u00a0 <strong>1 : 0<\/strong><\/li>\n<li>Muharemagic, Asim &#8211; Trung Doan\u00a0\u00a0\u00a0 <strong>0 : 1<\/strong><\/li>\n<\/ul>\n<h2>Viertelfinale (Kampf um Platz 7 &#8211; 10):<\/h2>\n<ul>\n<li>Andreas Menrad &#8211; Zeno Hacker\u00a0 <strong>1 : 0<\/strong><\/li>\n<li>Emre C\u00f6lkusu &#8211; Markus Pohle\u00a0 \u00a0 \u00a0<strong>0 : 1<\/strong><\/li>\n<li>Christophe Andreoli &#8211; Aufgabe und Platz 11<\/li>\n<li>Markus Pohle &#8211; Andreas Menrad <strong>+ : &#8211;<\/strong><\/li>\n<li>Zeno Hacker &#8211;\u00a0Emre C\u00f6lkusu <strong>1 : 0<\/strong><\/li>\n<\/ul>\n<h2>Halbfinale<\/h2>\n<ul>\n<li>Kai Hausmann &#8211; Patrik Maruntis (ausgelost) <strong>1 : 0<\/strong><\/li>\n<li>Trung Doan &#8211; Sarah Hausmann (ausgelost) <strong>0,5 : 0,5<\/strong><\/li>\n<li>Muharemagic, Asim &#8211; Igor Beller (Kampf um Platz 5)\u00a0<strong>1 : 0<\/strong><\/li>\n<\/ul>\n<h2>Finale<\/h2>\n<ul>\n<li>Trung Doan &#8211; Kai Hausmann\u00a0 <strong>0 : 1<\/strong><\/li>\n<\/ul>\n<h2>kleines Finale (Platz 3)<\/h2>\n<ul>\n<li>Sarah Hausmann &#8211; Patrik Maruntis <strong>0 : 1<\/strong><\/li>\n<\/ul>\n","protected":false},"excerpt":{"rendered":"<p>Austragungsmodus Ort:\u00a0MTV Vereinsheim, Friedhofstra\u00dfe 10, 85049 Ingolstadt, Nebenzimmer Modus:\u00a0Vorrunde, Viertelfinale, Halbfinale, Finale Die Runden 1 &#8211;\u00a04\/5\u00a0werden als Rundensystem mit\u00a02 Vorrundengruppen mit je\u00a05 Teilnehmern durchgef\u00fchrt. Die ersten beiden Pl\u00e4tze aus der Vorrunde erhalten ein Freilos f\u00fcr das K.O. System. Die Pl\u00e4tze 2 und 3 spielen jeweils ein Viertelfinale. Der Sieger aus dem Viertelfinale spielt gegen die [&hellip;]<\/p>\n","protected":false},"author":12,"featured_media":0,"parent":0,"menu_order":0,"comment_status":"closed","ping_status":"closed","template":"","meta":{"footnotes":""},"class_list":["post-8828","page","type-page","status-publish","hentry"],"_links":{"self":[{"href":"https:\/\/www.mtv-in.de\/schach\/wp-json\/wp\/v2\/pages\/8828","targetHints":{"allow":["GET"]}}],"collection":[{"href":"https:\/\/www.mtv-in.de\/schach\/wp-json\/wp\/v2\/pages"}],"about":[{"href":"https:\/\/www.mtv-in.de\/schach\/wp-json\/wp\/v2\/types\/page"}],"author":[{"embeddable":true,"href":"https:\/\/www.mtv-in.de\/schach\/wp-json\/wp\/v2\/users\/12"}],"replies":[{"embeddable":true,"href":"https:\/\/www.mtv-in.de\/schach\/wp-json\/wp\/v2\/comments?post=8828"}],"version-history":[{"count":40,"href":"https:\/\/www.mtv-in.de\/schach\/wp-json\/wp\/v2\/pages\/8828\/revisions"}],"predecessor-version":[{"id":9319,"href":"https:\/\/www.mtv-in.de\/schach\/wp-json\/wp\/v2\/pages\/8828\/revisions\/9319"}],"wp:attachment":[{"href":"https:\/\/www.mtv-in.de\/schach\/wp-json\/wp\/v2\/media?parent=8828"}],"curies":[{"name":"wp","href":"https:\/\/api.w.org\/{rel}","templated":true}]}}