{"id":234,"date":"2012-03-12T11:03:48","date_gmt":"2012-03-12T09:03:48","guid":{"rendered":"http:\/\/www.mtv-in.de\/ski\/veranstaltungen-2\/"},"modified":"2023-11-26T20:28:26","modified_gmt":"2023-11-26T19:28:26","slug":"veranstaltungen-2","status":"publish","type":"page","link":"https:\/\/www.mtv-in.de\/ski\/veranstaltungen-2\/","title":{"rendered":"Veranstaltungen"},"content":{"rendered":"<p>Hier findet ihr bereits einen<strong> \u00dcberblick \u00fcber alle geplanten Fahrten, Skikurse, sowie Termine<\/strong> f\u00fcr regionale und \u00fcberregionale Meisterschaften. Das Zustandekommen der einzelnen Tagesfahrten h\u00e4ngt von der aktuellen Schneelage, sowie der Anzahl der Anmeldungen ab. Falls ihr euch zu einer Tagesfahrt anmelden wollt, schickt uns bitte eine Mail \ud83d\udc4d\ud83c\udffb\u26f7\ud83c\udfbf<\/p>\n<p><a href=\"https:\/\/www.mtv-in.de\/ski\/files\/2023\/11\/Flyer-Ski-23_24-2.jpg\"><img loading=\"lazy\" decoding=\"async\" class=\"alignleft size-full wp-image-2296\" src=\"https:\/\/www.mtv-in.de\/ski\/files\/2023\/11\/Flyer-Ski-23_24-2.jpg\" alt=\"\" width=\"419\" height=\"595\" srcset=\"https:\/\/www.mtv-in.de\/ski\/files\/2023\/11\/Flyer-Ski-23_24-2.jpg 419w, https:\/\/www.mtv-in.de\/ski\/files\/2023\/11\/Flyer-Ski-23_24-2-211x300.jpg 211w\" sizes=\"auto, (max-width: 419px) 100vw, 419px\" \/><\/a><\/p>\n<h3>Related Images:<\/h3>","protected":false},"excerpt":{"rendered":"<p>CONTENTS <a href=\"https:\/\/www.mtv-in.de\/ski\/veranstaltungen-2\/\">Continue reading <span class=\"meta-nav\">&rarr;<\/span><\/a><\/p>\n","protected":false},"author":1,"featured_media":0,"parent":0,"menu_order":0,"comment_status":"closed","ping_status":"closed","template":"","meta":{"ngg_post_thumbnail":0,"footnotes":""},"class_list":["post-234","page","type-page","status-publish","hentry"],"_links":{"self":[{"href":"https:\/\/www.mtv-in.de\/ski\/wp-json\/wp\/v2\/pages\/234","targetHints":{"allow":["GET"]}}],"collection":[{"href":"https:\/\/www.mtv-in.de\/ski\/wp-json\/wp\/v2\/pages"}],"about":[{"href":"https:\/\/www.mtv-in.de\/ski\/wp-json\/wp\/v2\/types\/page"}],"author":[{"embeddable":true,"href":"https:\/\/www.mtv-in.de\/ski\/wp-json\/wp\/v2\/users\/1"}],"replies":[{"embeddable":true,"href":"https:\/\/www.mtv-in.de\/ski\/wp-json\/wp\/v2\/comments?post=234"}],"version-history":[{"count":6,"href":"https:\/\/www.mtv-in.de\/ski\/wp-json\/wp\/v2\/pages\/234\/revisions"}],"predecessor-version":[{"id":2299,"href":"https:\/\/www.mtv-in.de\/ski\/wp-json\/wp\/v2\/pages\/234\/revisions\/2299"}],"wp:attachment":[{"href":"https:\/\/www.mtv-in.de\/ski\/wp-json\/wp\/v2\/media?parent=234"}],"curies":[{"name":"wp","href":"https:\/\/api.w.org\/{rel}","templated":true}]}}