{"id":282,"date":"2012-05-14T18:07:23","date_gmt":"2012-05-14T16:07:23","guid":{"rendered":"http:\/\/www.mtv-in.de\/ski\/?page_id=282"},"modified":"2017-02-11T13:48:27","modified_gmt":"2017-02-11T12:48:27","slug":"philosophie","status":"publish","type":"page","link":"https:\/\/www.mtv-in.de\/ski\/uber-uns\/philosophie\/","title":{"rendered":"Ziele der Abteilung"},"content":{"rendered":"<p>Das Ziel eines Sportvereins ist es, gemeinsam aktiv zu sein und Leute zum Sport zu bewegen. Wir als Skiabteilung m\u00f6chten das auch in den \u201etristen Wintermonaten\u201c erreichen. Dabei wollen wir alle MTV-Mitglieder und insbesondere Familien ansprechen! Mit dem Skiunterricht wollen wir die Freude am Skisport f\u00f6rdern und uns gem\u00e4\u00df DSV-Philosophie zu nat\u00fcrlichen, kompletten Skifahrern entwickeln. Dabei legen wir Wert auf individuelle Betreuung und sehen den Spa\u00df im Vordergrund.<\/p>\n<p>&nbsp;<\/p>\n<p><a href=\"https:\/\/www.mtv-in.de\/ski\/files\/2012\/05\/15.jpg\"><img loading=\"lazy\" decoding=\"async\" class=\"aligncenter size-large wp-image-315\" title=\"15\" src=\"https:\/\/www.mtv-in.de\/ski\/files\/2012\/05\/15-1024x280.jpg\" alt=\"\" width=\"695\" height=\"190\" srcset=\"https:\/\/www.mtv-in.de\/ski\/files\/2012\/05\/15-1024x280.jpg 1024w, https:\/\/www.mtv-in.de\/ski\/files\/2012\/05\/15-300x82.jpg 300w, https:\/\/www.mtv-in.de\/ski\/files\/2012\/05\/15-768x210.jpg 768w\" sizes=\"auto, (max-width: 695px) 100vw, 695px\" \/><\/a><\/p>\n<h3>Related Images:<\/h3>","protected":false},"excerpt":{"rendered":"<p>Das Ziel eines Sportvereins ist es, gemeinsam aktiv zu sein und Leute zum Sport zu bewegen. Wir als Skiabteilung m\u00f6chten das auch in den \u201etristen Wintermonaten\u201c erreichen. Dabei wollen wir alle MTV-Mitglieder und insbesondere Familien ansprechen! Mit dem Skiunterricht wollen &hellip; <a href=\"https:\/\/www.mtv-in.de\/ski\/uber-uns\/philosophie\/\">Continue reading <span class=\"meta-nav\">&rarr;<\/span><\/a><\/p>\n","protected":false},"author":1,"featured_media":0,"parent":261,"menu_order":0,"comment_status":"closed","ping_status":"closed","template":"","meta":{"ngg_post_thumbnail":0,"footnotes":""},"class_list":["post-282","page","type-page","status-publish","hentry"],"_links":{"self":[{"href":"https:\/\/www.mtv-in.de\/ski\/wp-json\/wp\/v2\/pages\/282","targetHints":{"allow":["GET"]}}],"collection":[{"href":"https:\/\/www.mtv-in.de\/ski\/wp-json\/wp\/v2\/pages"}],"about":[{"href":"https:\/\/www.mtv-in.de\/ski\/wp-json\/wp\/v2\/types\/page"}],"author":[{"embeddable":true,"href":"https:\/\/www.mtv-in.de\/ski\/wp-json\/wp\/v2\/users\/1"}],"replies":[{"embeddable":true,"href":"https:\/\/www.mtv-in.de\/ski\/wp-json\/wp\/v2\/comments?post=282"}],"version-history":[{"count":4,"href":"https:\/\/www.mtv-in.de\/ski\/wp-json\/wp\/v2\/pages\/282\/revisions"}],"predecessor-version":[{"id":836,"href":"https:\/\/www.mtv-in.de\/ski\/wp-json\/wp\/v2\/pages\/282\/revisions\/836"}],"up":[{"embeddable":true,"href":"https:\/\/www.mtv-in.de\/ski\/wp-json\/wp\/v2\/pages\/261"}],"wp:attachment":[{"href":"https:\/\/www.mtv-in.de\/ski\/wp-json\/wp\/v2\/media?parent=282"}],"curies":[{"name":"wp","href":"https:\/\/api.w.org\/{rel}","templated":true}]}}