{"id":283,"date":"2012-05-14T18:07:49","date_gmt":"2012-05-14T16:07:49","guid":{"rendered":"http:\/\/www.mtv-in.de\/ski\/?page_id=283"},"modified":"2017-02-11T13:48:51","modified_gmt":"2017-02-11T12:48:51","slug":"geschichte-der-abteilung","status":"publish","type":"page","link":"https:\/\/www.mtv-in.de\/ski\/uber-uns\/geschichte-der-abteilung\/","title":{"rendered":"Geschichte der Abteilung"},"content":{"rendered":"<p>Gegr\u00fcndet 1974 als \u201eSki- und Wanderabteilung\u201c gelang dem MTV im Zuge der Skistadtmeisterschaften bereits 1976 der Anschluss an die etablierten Ingolst\u00e4dter Skivereine. Die Mitgliederzahlen wuchsen rasch und schon 10 Jahre nach der Gr\u00fcndung z\u00e4hlte die Abteilung mit 250 Mitgliedern zu den Gr\u00f6\u00dften der Region. Insbesondere die Wanderaktivit\u00e4ten standen zu Beginn des Abteilungslebens im Fokus, sodass man sich 1978 entschied, die in Garmisch gelegene Bergh\u00fctte \u201eHintergraseck\u201c trotz ihres desolaten Zustands zu pachten. Das alleinstehende Bauernhaus wurde mit Hilfe zahlreicher Freiwilliger renoviert und war f\u00fcr die n\u00e4chsten 10 Jahre ein St\u00fctzpunkt f\u00fcr die Ausrichtung von Skilager und vor allem Wanderungen. Der Fokus der Abteilung verschob sich w\u00e4hrenddessen jedoch immer mehr in Richtung Skifahren, sodass schlie\u00dflich die Pacht der H\u00fctte nicht mehr verl\u00e4ngert wurde und 1990 die Umbenennung zur reinen \u201eSkiabteilung\u201c erfolgte.<\/p>\n<p>Ein intensives Winterprogramm wurde gestartet; bereits in der Saison 1990\/1991 wurde zus\u00e4tzlich zum Skikurs-Skilager ein spezielles Rennlager mit Videoanalyse angeboten und ein Schwerpunkt auf die F\u00f6rderung der Kinder und Jugendlichen gelegt. Die Mitgliederzahlen wuchsen, und bald konnte die Abteilung 330 aktive Mitglieder, davon gut ein F\u00fcnftel Jugendliche unter 18 Jahren, vorweisen. Unter der \u00c4gide des Abteilungsleiters Klaus Schaffer entwickelte man sich zum f\u00fchrenden Ingolst\u00e4dter Skiverein, was mit dem Sieg der MTV Jugendmannschaft bei der Stadtmeisterschaft 2004\/2005 unterstrichen wurde, und war bis ins neue Jahrtausend hinein nicht nur bei regionalen Wettk\u00e4mpfen erfolgreich. W\u00e4hrend dieser erfolgreichen Periode erfolgte jedoch ein schleichender Mitgliederverlust; viele der mittlerweile erwachsenen Kinder h\u00f6rten mit dem Skisport auf und damit zogen sich auch deren Familien aus dem aktiven Vereinsleben zur\u00fcck.<\/p>\n<p>Unter diesem Ph\u00e4nomen litt allerdings nicht nur die MTV Skiabteilung, auch die anderen Ingolst\u00e4dter Skivereine k\u00e4mpfen mit sinkenden Mitgliederzahlen. Paradoxerweise boomen gleichzeitig die Skifahrten kommerzieller Ingolst\u00e4dter Veranstalter. Die MTV Ingolstadt Skiabteilung jedoch hofft, in der Zukunft wieder zu gewohnter St\u00e4rke zur\u00fcckzufinden und an alte Erfolge ankn\u00fcpfen zu k\u00f6nnen. Dank unserer qualifizierten Skilehrer k\u00f6nnen wir eine qualitativ hochwertige Ausbildung garantieren. Mit unserem Abteilungsleiter Klaus Schaffer, staatlich gepr\u00fcftem Skilehrer, Referent im BLSV und Kompetenz in Sachen alpiner Skilauf in der Region, sowie seinem engagiertem Team sollten die Grundlagen f\u00fcr eine weiterhin erfolgreiche Abteilung vorhanden sein.<\/p>\n<p>&nbsp;<\/p>\n<p style=\"text-align: center;\"><a href=\"https:\/\/www.mtv-in.de\/ski\/files\/2012\/05\/CIMG4109komp.jpg\"><img loading=\"lazy\" decoding=\"async\" class=\"aligncenter wp-image-325\" title=\"CIMG4109komp\" src=\"https:\/\/www.mtv-in.de\/ski\/files\/2012\/05\/CIMG4109komp.jpg\" alt=\"\" width=\"819\" height=\"434\" srcset=\"https:\/\/www.mtv-in.de\/ski\/files\/2012\/05\/CIMG4109komp.jpg 1024w, https:\/\/www.mtv-in.de\/ski\/files\/2012\/05\/CIMG4109komp-300x159.jpg 300w, https:\/\/www.mtv-in.de\/ski\/files\/2012\/05\/CIMG4109komp-768x407.jpg 768w\" sizes=\"auto, (max-width: 819px) 100vw, 819px\" \/><\/a><\/p>\n<p>&nbsp;<\/p>\n<p>&nbsp;<\/p>\n<h3>Related Images:<\/h3>","protected":false},"excerpt":{"rendered":"<p>Gegr\u00fcndet 1974 als \u201eSki- und Wanderabteilung\u201c gelang dem MTV im Zuge der Skistadtmeisterschaften bereits 1976 der Anschluss an die etablierten Ingolst\u00e4dter Skivereine. Die Mitgliederzahlen wuchsen rasch und schon 10 Jahre nach der Gr\u00fcndung z\u00e4hlte die Abteilung mit 250 Mitgliedern zu &hellip; <a href=\"https:\/\/www.mtv-in.de\/ski\/uber-uns\/geschichte-der-abteilung\/\">Continue reading <span class=\"meta-nav\">&rarr;<\/span><\/a><\/p>\n","protected":false},"author":1,"featured_media":0,"parent":261,"menu_order":0,"comment_status":"closed","ping_status":"closed","template":"","meta":{"ngg_post_thumbnail":0,"footnotes":""},"class_list":["post-283","page","type-page","status-publish","hentry"],"_links":{"self":[{"href":"https:\/\/www.mtv-in.de\/ski\/wp-json\/wp\/v2\/pages\/283","targetHints":{"allow":["GET"]}}],"collection":[{"href":"https:\/\/www.mtv-in.de\/ski\/wp-json\/wp\/v2\/pages"}],"about":[{"href":"https:\/\/www.mtv-in.de\/ski\/wp-json\/wp\/v2\/types\/page"}],"author":[{"embeddable":true,"href":"https:\/\/www.mtv-in.de\/ski\/wp-json\/wp\/v2\/users\/1"}],"replies":[{"embeddable":true,"href":"https:\/\/www.mtv-in.de\/ski\/wp-json\/wp\/v2\/comments?post=283"}],"version-history":[{"count":4,"href":"https:\/\/www.mtv-in.de\/ski\/wp-json\/wp\/v2\/pages\/283\/revisions"}],"predecessor-version":[{"id":837,"href":"https:\/\/www.mtv-in.de\/ski\/wp-json\/wp\/v2\/pages\/283\/revisions\/837"}],"up":[{"embeddable":true,"href":"https:\/\/www.mtv-in.de\/ski\/wp-json\/wp\/v2\/pages\/261"}],"wp:attachment":[{"href":"https:\/\/www.mtv-in.de\/ski\/wp-json\/wp\/v2\/media?parent=283"}],"curies":[{"name":"wp","href":"https:\/\/api.w.org\/{rel}","templated":true}]}}