{"id":284,"date":"2012-05-14T18:08:16","date_gmt":"2012-05-14T16:08:16","guid":{"rendered":"http:\/\/www.mtv-in.de\/ski\/?page_id=284"},"modified":"2017-02-11T13:47:50","modified_gmt":"2017-02-11T12:47:50","slug":"skilehrer","status":"publish","type":"page","link":"https:\/\/www.mtv-in.de\/ski\/uber-uns\/skilehrer\/","title":{"rendered":"Skilehrer"},"content":{"rendered":"\n\t\t<style type=\"text\/css\">\n\t\t\t#gallery-1 {\n\t\t\t\tmargin: auto;\n\t\t\t}\n\t\t\t#gallery-1 .gallery-item {\n\t\t\t\tfloat: left;\n\t\t\t\tmargin-top: 10px;\n\t\t\t\ttext-align: center;\n\t\t\t\twidth: 20%;\n\t\t\t}\n\t\t\t#gallery-1 img {\n\t\t\t\tborder: 2px solid #cfcfcf;\n\t\t\t}\n\t\t\t#gallery-1 .gallery-caption {\n\t\t\t\tmargin-left: 0;\n\t\t\t}\n\t\t\t\/* see gallery_shortcode() in wp-includes\/media.php *\/\n\t\t<\/style>\n\t\t<div id='gallery-1' class='gallery galleryid-284 gallery-columns-5 gallery-size-thumbnail'><dl class='gallery-item'>\n\t\t\t<dt class='gallery-icon portrait'>\n\t\t\t\t<a href='https:\/\/www.mtv-in.de\/ski\/uber-uns\/skilehrer\/andrea-2\/'><img loading=\"lazy\" decoding=\"async\" width=\"150\" height=\"150\" src=\"https:\/\/www.mtv-in.de\/ski\/files\/2012\/05\/Andrea1-150x150.jpg\" class=\"attachment-thumbnail size-thumbnail\" alt=\"\" \/><\/a>\n\t\t\t<\/dt><\/dl><dl class='gallery-item'>\n\t\t\t<dt class='gallery-icon portrait'>\n\t\t\t\t<a href='https:\/\/www.mtv-in.de\/ski\/uber-uns\/skilehrer\/klaus-5\/'><img loading=\"lazy\" decoding=\"async\" width=\"150\" height=\"150\" src=\"https:\/\/www.mtv-in.de\/ski\/files\/2012\/05\/Klaus3-150x150.jpg\" class=\"attachment-thumbnail size-thumbnail\" alt=\"\" \/><\/a>\n\t\t\t<\/dt><\/dl><dl class='gallery-item'>\n\t\t\t<dt class='gallery-icon portrait'>\n\t\t\t\t<a href='https:\/\/www.mtv-in.de\/ski\/uber-uns\/skilehrer\/ich1-2\/'><img loading=\"lazy\" decoding=\"async\" width=\"150\" height=\"150\" src=\"https:\/\/www.mtv-in.de\/ski\/files\/2012\/05\/Ich11-150x150.jpg\" class=\"attachment-thumbnail size-thumbnail\" alt=\"\" \/><\/a>\n\t\t\t<\/dt><\/dl><dl class='gallery-item'>\n\t\t\t<dt class='gallery-icon portrait'>\n\t\t\t\t<a href='https:\/\/www.mtv-in.de\/ski\/uber-uns\/skilehrer\/2-3\/'><img loading=\"lazy\" decoding=\"async\" width=\"150\" height=\"150\" src=\"https:\/\/www.mtv-in.de\/ski\/files\/2012\/05\/22-150x150.jpg\" class=\"attachment-thumbnail size-thumbnail\" alt=\"\" \/><\/a>\n\t\t\t<\/dt><\/dl><dl class='gallery-item'>\n\t\t\t<dt class='gallery-icon portrait'>\n\t\t\t\t<a href='https:\/\/www.mtv-in.de\/ski\/uber-uns\/skilehrer\/1-3\/'><img loading=\"lazy\" decoding=\"async\" width=\"150\" height=\"150\" src=\"https:\/\/www.mtv-in.de\/ski\/files\/2012\/05\/12-150x150.jpg\" class=\"attachment-thumbnail size-thumbnail\" alt=\"\" \/><\/a>\n\t\t\t<\/dt><\/dl><br style=\"clear: both\" \/>\n\t\t<\/div>\n\n<p>von links nach rechts:<\/p>\n<p><strong>Andrea Leidl<\/strong> &#8211; Skilehrerin Grundstufe. Andrea f\u00e4hrt Ski, seit sie 3 Jahre alt ist und begeistert auf Skikursen mit ihrer offenen und herzerfrischenden Art. Zusammen mit ihren T\u00f6chtern Julia und Viktoria freut sie sich unheimlich auf den ersten Schnee und das Skifahren.<\/p>\n<p><strong>Klaus Schaffer<\/strong> &#8211; staatlich gepr\u00fcfter Skilehrer. Unser Abteilungsleiter f\u00e4hrt seit 49 Jahren Ski und ist die Kompetenz in Sachen alpiner Skilauf in der Region. Als Referent f\u00fcr Lehrwesen im BLSV sorgt er nicht nur f\u00fcr eine qualitativ hochwertige Ausbildung im MTV, sondern im Breitensport auch f\u00fcr ganz Bayern.<\/p>\n<p><strong>Florian Stirner<\/strong> &#8211; DSV Skilehrer. Florian ist seit dem Jahr 2000 Mitglied in der MTV Skiabteilung und freut sich auf zahlreiche Kursteilnehmer.<\/p>\n<p><strong>Katharina Schaffer<\/strong> &#8211; Skilehrerin Grundstufe. Katharina steht seit ihrem ersten Lebensjahr auf den Ski. Die mehrmalige Vereinsmeisterin ist P\u00e4dogogin durch und durch, studiert sie doch Lehramt f\u00fcr Gymnasien mit den F\u00e4chern Englisch und Sport und kann so f\u00fcr einen hochwertigen Skiunterricht sorgen.<\/p>\n<p><strong>Bettina Angermeier <\/strong>&#8211; \u00dcbungsleiterin C-Breitensport. Bettina f\u00e4hrt ebenfalls seit ihrer j\u00fcngsten Kindheit Ski und ist bereits eine gef\u00fchlte Ewigkeit Mitglied in der Skiabteilung. Die routinierte Skilehrerin freut sich darauf zahlreichen Kids zu helfen, ihre ersten Spuren in den Schnee zu zaubern.<\/p>\n<p>&nbsp;<\/p>\n<h3>Related Images:<\/h3>","protected":false},"excerpt":{"rendered":"<p>von links nach rechts: Andrea Leidl &#8211; Skilehrerin Grundstufe. Andrea f\u00e4hrt Ski, seit sie 3 Jahre alt ist und begeistert auf Skikursen mit ihrer offenen und herzerfrischenden Art. Zusammen mit ihren T\u00f6chtern Julia und Viktoria freut sie sich unheimlich auf &hellip; <a href=\"https:\/\/www.mtv-in.de\/ski\/uber-uns\/skilehrer\/\">Continue reading <span class=\"meta-nav\">&rarr;<\/span><\/a><\/p>\n","protected":false},"author":1,"featured_media":0,"parent":261,"menu_order":0,"comment_status":"closed","ping_status":"closed","template":"","meta":{"ngg_post_thumbnail":0,"footnotes":""},"class_list":["post-284","page","type-page","status-publish","hentry"],"_links":{"self":[{"href":"https:\/\/www.mtv-in.de\/ski\/wp-json\/wp\/v2\/pages\/284","targetHints":{"allow":["GET"]}}],"collection":[{"href":"https:\/\/www.mtv-in.de\/ski\/wp-json\/wp\/v2\/pages"}],"about":[{"href":"https:\/\/www.mtv-in.de\/ski\/wp-json\/wp\/v2\/types\/page"}],"author":[{"embeddable":true,"href":"https:\/\/www.mtv-in.de\/ski\/wp-json\/wp\/v2\/users\/1"}],"replies":[{"embeddable":true,"href":"https:\/\/www.mtv-in.de\/ski\/wp-json\/wp\/v2\/comments?post=284"}],"version-history":[{"count":8,"href":"https:\/\/www.mtv-in.de\/ski\/wp-json\/wp\/v2\/pages\/284\/revisions"}],"predecessor-version":[{"id":829,"href":"https:\/\/www.mtv-in.de\/ski\/wp-json\/wp\/v2\/pages\/284\/revisions\/829"}],"up":[{"embeddable":true,"href":"https:\/\/www.mtv-in.de\/ski\/wp-json\/wp\/v2\/pages\/261"}],"wp:attachment":[{"href":"https:\/\/www.mtv-in.de\/ski\/wp-json\/wp\/v2\/media?parent=284"}],"curies":[{"name":"wp","href":"https:\/\/api.w.org\/{rel}","templated":true}]}}