{"id":320,"date":"2012-09-26T12:48:08","date_gmt":"2012-09-26T10:48:08","guid":{"rendered":"http:\/\/www.mtv-in.de\/ski\/?page_id=320"},"modified":"2017-02-11T13:49:15","modified_gmt":"2017-02-11T12:49:15","slug":"gute-grunde","status":"publish","type":"page","link":"https:\/\/www.mtv-in.de\/ski\/uber-uns\/gute-grunde\/","title":{"rendered":"Gute Gr\u00fcnde&#8230;"},"content":{"rendered":"<p>Einige Gr\u00fcnde f\u00fcr eine Mitgliedschaft in der MTV Skiabteilung:<\/p>\n<ul>\n<li>&nbsp;Faszination Skifahren. W\u00e4hrend viele Menschen im tristen Ingolst\u00e4dter Winter vor dem Fernseher oder dem PC sitzen und sich nach dem Sommer sehnen, lassen wir&nbsp; den Alltag hinter uns und verbringen tolle Skitage in den Bergen, haben Spa\u00df und halten uns k\u00f6rperlich fit.<\/li>\n<li>Gemeinn\u00fctziger Verein. Anders als kommerzielle Skischulen ist es nicht unser Ziel, mit den Skikursen Geld zu verdienen. Uns geht es um das Gemeinschaftserlebnis und lang anhaltende Beziehungen zwischen Verein und Mitgliedern.<\/li>\n<li>Qualit\u00e4t der Ausbildung. Alle unsere Skilehrer sind langj\u00e4hrige Mitglieder der Skiabteilung, aus- und regelm\u00e4\u00dfig fortgebildet \u00fcber den DSV und verf\u00fcgen \u00fcber Erfahrungen mit Skikursen. Durch die Vereinsmitgliedschaft ist eine kontinuierliche Ausbildung \u00fcber die Jahre hinweg auf ein immer h\u00f6heres Niveau gew\u00e4hrleistet. Durch kleine Gruppengr\u00f6\u00dfen k\u00f6nnen wir individuell auf unsere Skikursler eingehen.<\/li>\n<li>&nbsp;Teilnahme an Rennen. Mitglieder einer Skiabteilung bzw. eines Skivereins d\u00fcrfen an Skirennen teilnehmen und k\u00f6nnen so \u201eRennluft schnuppern\u201c.<\/li>\n<\/ul>\n<p><a href=\"https:\/\/www.mtv-in.de\/ski\/files\/2012\/09\/9.jpg\"><img loading=\"lazy\" decoding=\"async\" class=\"aligncenter size-large wp-image-321\" title=\"9\" src=\"https:\/\/www.mtv-in.de\/ski\/files\/2012\/09\/9-1024x269.jpg\" alt=\"\" width=\"695\" height=\"182\"><\/a><\/p>\n<p>&nbsp;<\/p>\n<h3>Related Images:<\/h3>","protected":false},"excerpt":{"rendered":"<p>Einige Gr\u00fcnde f\u00fcr eine Mitgliedschaft in der MTV Skiabteilung: &nbsp;Faszination Skifahren. W\u00e4hrend viele Menschen im tristen Ingolst\u00e4dter Winter vor dem Fernseher oder dem PC sitzen und sich nach dem Sommer sehnen, lassen wir&nbsp; den Alltag hinter uns und verbringen tolle &hellip; <a href=\"https:\/\/www.mtv-in.de\/ski\/uber-uns\/gute-grunde\/\">Continue reading <span class=\"meta-nav\">&rarr;<\/span><\/a><\/p>\n","protected":false},"author":1,"featured_media":0,"parent":261,"menu_order":0,"comment_status":"closed","ping_status":"closed","template":"","meta":{"ngg_post_thumbnail":0,"footnotes":""},"class_list":["post-320","page","type-page","status-publish","hentry"],"_links":{"self":[{"href":"https:\/\/www.mtv-in.de\/ski\/wp-json\/wp\/v2\/pages\/320","targetHints":{"allow":["GET"]}}],"collection":[{"href":"https:\/\/www.mtv-in.de\/ski\/wp-json\/wp\/v2\/pages"}],"about":[{"href":"https:\/\/www.mtv-in.de\/ski\/wp-json\/wp\/v2\/types\/page"}],"author":[{"embeddable":true,"href":"https:\/\/www.mtv-in.de\/ski\/wp-json\/wp\/v2\/users\/1"}],"replies":[{"embeddable":true,"href":"https:\/\/www.mtv-in.de\/ski\/wp-json\/wp\/v2\/comments?post=320"}],"version-history":[{"count":4,"href":"https:\/\/www.mtv-in.de\/ski\/wp-json\/wp\/v2\/pages\/320\/revisions"}],"predecessor-version":[{"id":839,"href":"https:\/\/www.mtv-in.de\/ski\/wp-json\/wp\/v2\/pages\/320\/revisions\/839"}],"up":[{"embeddable":true,"href":"https:\/\/www.mtv-in.de\/ski\/wp-json\/wp\/v2\/pages\/261"}],"wp:attachment":[{"href":"https:\/\/www.mtv-in.de\/ski\/wp-json\/wp\/v2\/media?parent=320"}],"curies":[{"name":"wp","href":"https:\/\/api.w.org\/{rel}","templated":true}]}}