{"id":1037,"date":"2013-01-09T02:05:10","date_gmt":"2013-01-09T00:05:10","guid":{"rendered":"http:\/\/www.mtv-in.de\/tennis\/?page_id=1037"},"modified":"2022-05-06T06:50:58","modified_gmt":"2022-05-06T04:50:58","slug":"tennisanlage","status":"publish","type":"page","link":"https:\/\/www.mtv-in.de\/tennis\/tennisanlage\/","title":{"rendered":"TENNISANLAGE, KONTAKT"},"content":{"rendered":"<h6><a href=\"http:\/\/maps.google.de\/maps?q=Fohlenweide+1,+Ingolstadt&amp;hl=de&amp;ll=48.754944,11.409988&amp;spn=0.007922,0.013797&amp;sll=48.75494,11.409987&amp;sspn=0.007922,0.013797&amp;oq=ingolstadt+fohlenweide+1&amp;hnear=Fohlenweide+1,+85049+Ingolstadt,+Oberbayern,+Bayern&amp;t=m&amp;z=16\" target=\"_blank\" rel=\"noopener noreferrer\">Zufahrt auf Google Maps ansehen!<\/a><\/h6>\n<p><a href=\"https:\/\/www.mtv-in.de\/tennis\/tennisanlage\/dsc_0243\/\" rel=\"attachment wp-att-4582\"><img fetchpriority=\"high\" decoding=\"async\" class=\"aligncenter wp-image-4582 size-full\" src=\"https:\/\/www.mtv-in.de\/tennis\/files\/2013\/01\/DSC_0243.jpg\" alt=\"\" width=\"1024\" height=\"683\" srcset=\"https:\/\/www.mtv-in.de\/tennis\/files\/2013\/01\/DSC_0243.jpg 1024w, https:\/\/www.mtv-in.de\/tennis\/files\/2013\/01\/DSC_0243-300x200.jpg 300w, https:\/\/www.mtv-in.de\/tennis\/files\/2013\/01\/DSC_0243-768x512.jpg 768w\" sizes=\"(max-width: 1024px) 100vw, 1024px\" \/><\/a><\/p>\n<h6>Die MTV-Tennisanlage liegt im Naherholungsgebiet Ingolstadt Staustufe,Baggersee.<\/h6>\n<h6>Unsere Tennisanlage umfa\u00dft 12 Freipl\u00e4tze und 2 Hallenpl\u00e4tze mit gelenkschonendem Teppich-Granulat-Belag.<\/h6>\n<h6>&nbsp;<\/h6>\n<h6><strong>Adresse: Fohlenweide 1, 85049 Ingolstadt<\/strong><\/h6>\n<h6><strong>Gastst\u00e4tte Wolfgang Hanschkatz Tel: 0841 &#8211; 35644 \/ Handy: 0152 &#8211; 11905467&nbsp;&nbsp;&nbsp;&nbsp;&nbsp;&nbsp;&nbsp;&nbsp;&nbsp;&nbsp;&nbsp;&nbsp;&nbsp;&nbsp;&nbsp;&nbsp;&nbsp;&nbsp;&nbsp;&nbsp;&nbsp;&nbsp;&nbsp;&nbsp;&nbsp;&nbsp;&nbsp;&nbsp;&nbsp;&nbsp;&nbsp;&nbsp;&nbsp; Email: <a href=\"javascript:DeCryptX('1v3g1p0.2g0l0l0e1s2o2c2p1o0@2v2\/0o3q0l2k1o0e200d1f')\">udo [dot] ellermann [at] t-online [dot] de<\/a><\/strong><\/h6>\n<h6>&nbsp;<\/h6>\n<p>&nbsp;<\/p>\n<p><a href=\"https:\/\/www.mtv-in.de\/tennis\/files\/2013\/01\/Anlage-neu.jpg\"><img decoding=\"async\" class=\"alignleft wp-image-5308 size-large\" src=\"https:\/\/www.mtv-in.de\/tennis\/files\/2013\/01\/Anlage-neu-1024x540.jpg\" alt=\"anlage-neu\" width=\"688\" height=\"363\" srcset=\"https:\/\/www.mtv-in.de\/tennis\/files\/2013\/01\/Anlage-neu-1024x540.jpg 1024w, https:\/\/www.mtv-in.de\/tennis\/files\/2013\/01\/Anlage-neu-300x158.jpg 300w, https:\/\/www.mtv-in.de\/tennis\/files\/2013\/01\/Anlage-neu-768x405.jpg 768w, https:\/\/www.mtv-in.de\/tennis\/files\/2013\/01\/Anlage-neu.jpg 2043w\" sizes=\"(max-width: 688px) 100vw, 688px\" \/><\/a><a href=\"https:\/\/www.mtv-in.de\/tennis\/tennisanlage\/tennisanlage-luftbild\/\" rel=\"attachment wp-att-6059\"><img decoding=\"async\" class=\"alignleft size-large wp-image-6059\" src=\"https:\/\/www.mtv-in.de\/tennis\/files\/2013\/01\/Tennisanlage-Luftbild-1024x561.jpg\" alt=\"\" width=\"688\" height=\"377\" srcset=\"https:\/\/www.mtv-in.de\/tennis\/files\/2013\/01\/Tennisanlage-Luftbild-1024x561.jpg 1024w, https:\/\/www.mtv-in.de\/tennis\/files\/2013\/01\/Tennisanlage-Luftbild-300x164.jpg 300w, https:\/\/www.mtv-in.de\/tennis\/files\/2013\/01\/Tennisanlage-Luftbild-768x421.jpg 768w, https:\/\/www.mtv-in.de\/tennis\/files\/2013\/01\/Tennisanlage-Luftbild.jpg 1403w\" sizes=\"(max-width: 688px) 100vw, 688px\" \/><\/a><\/p>\n<h3>Related Images:<\/h3>","protected":false},"excerpt":{"rendered":"<p>Zufahrt auf Google Maps ansehen! Die MTV-Tennisanlage liegt im Naherholungsgebiet Ingolstadt Staustufe,Baggersee. Unsere Tennisanlage umfa\u00dft 12 Freipl\u00e4tze und 2 Hallenpl\u00e4tze mit gelenkschonendem Teppich-Granulat-Belag. &nbsp; Adresse: Fohlenweide 1, 85049 Ingolstadt Gastst\u00e4tte Wolfgang Hanschkatz Tel: 0841 &#8211; 35644 \/ Handy: 0152 &#8211; &hellip; <a href=\"https:\/\/www.mtv-in.de\/tennis\/tennisanlage\/\">Continue reading <span class=\"meta-nav\">&rarr;<\/span><\/a><\/p>\n","protected":false},"author":73,"featured_media":0,"parent":0,"menu_order":0,"comment_status":"closed","ping_status":"closed","template":"","meta":{"ngg_post_thumbnail":0,"footnotes":""},"class_list":["post-1037","page","type-page","status-publish","hentry"],"_links":{"self":[{"href":"https:\/\/www.mtv-in.de\/tennis\/wp-json\/wp\/v2\/pages\/1037","targetHints":{"allow":["GET"]}}],"collection":[{"href":"https:\/\/www.mtv-in.de\/tennis\/wp-json\/wp\/v2\/pages"}],"about":[{"href":"https:\/\/www.mtv-in.de\/tennis\/wp-json\/wp\/v2\/types\/page"}],"author":[{"embeddable":true,"href":"https:\/\/www.mtv-in.de\/tennis\/wp-json\/wp\/v2\/users\/73"}],"replies":[{"embeddable":true,"href":"https:\/\/www.mtv-in.de\/tennis\/wp-json\/wp\/v2\/comments?post=1037"}],"version-history":[{"count":48,"href":"https:\/\/www.mtv-in.de\/tennis\/wp-json\/wp\/v2\/pages\/1037\/revisions"}],"predecessor-version":[{"id":9560,"href":"https:\/\/www.mtv-in.de\/tennis\/wp-json\/wp\/v2\/pages\/1037\/revisions\/9560"}],"wp:attachment":[{"href":"https:\/\/www.mtv-in.de\/tennis\/wp-json\/wp\/v2\/media?parent=1037"}],"curies":[{"name":"wp","href":"https:\/\/api.w.org\/{rel}","templated":true}]}}