{"id":8183,"date":"2020-02-05T19:40:47","date_gmt":"2020-02-05T18:40:47","guid":{"rendered":"http:\/\/www.mtv-in.de\/tennis\/?page_id=8183"},"modified":"2023-10-22T08:16:34","modified_gmt":"2023-10-22T06:16:34","slug":"aktuelles","status":"publish","type":"page","link":"https:\/\/www.mtv-in.de\/tennis\/aktuelles\/","title":{"rendered":"Aktuelles"},"content":{"rendered":"\n<p class=\"has-medium-font-size\"><strong>Neue Beleuchtungsanlage in der Tennishalle<\/strong><\/p>\n\n\n\n<p>Halogen aus \u2013 LED an!<\/p>\n\n\n\n<p>Im Oktober&nbsp;konnte der Einbau einer neuen LED Beleuchtungsanlage abgeschlossen werden.<br \/>Statt den bisherigen 48 Halogen Lampen \u2013 sind&nbsp;nun 88 energieeffiziente LED Lichtb\u00e4nder in der Tennishalle verbaut.<\/p>\n\n\n<div class=\"wp-block-image\">\n<figure class=\"aligncenter\"><a href=\"https:\/\/www.mtv-in.de\/tennis\/files\/2022\/11\/PHOTO-2022-10-29-21-36-57.jpg\"><img fetchpriority=\"high\" decoding=\"async\" width=\"2048\" height=\"1536\" src=\"https:\/\/www.mtv-in.de\/tennis\/files\/2022\/11\/PHOTO-2022-10-29-21-36-57.jpg\" alt=\"\" class=\"wp-image-9591\" srcset=\"https:\/\/www.mtv-in.de\/tennis\/files\/2022\/11\/PHOTO-2022-10-29-21-36-57.jpg 2048w, https:\/\/www.mtv-in.de\/tennis\/files\/2022\/11\/PHOTO-2022-10-29-21-36-57-280x210.jpg 280w, https:\/\/www.mtv-in.de\/tennis\/files\/2022\/11\/PHOTO-2022-10-29-21-36-57-768x576.jpg 768w, https:\/\/www.mtv-in.de\/tennis\/files\/2022\/11\/PHOTO-2022-10-29-21-36-57-1024x768.jpg 1024w\" sizes=\"(max-width: 2048px) 100vw, 2048px\" \/><\/a><\/figure>\n<\/div>\n\n\n<p>Die Lichtsteuerung der neuen Beleuchtungsanlage l\u00e4sst sich auch in unser Buchungssystem Courtbooking integrieren, sodass zuk\u00fcnftig keine 1-Euro-M\u00fcnzen mehr gesammelt werden m\u00fcssen.&nbsp;Durch die Umstellung von Halogen auf LED erreicht der MTV eine Energieeinsparung von 76% und spart j\u00e4hrlich 12 Tonnen CO2&nbsp;ein.<br \/>In Verbindung mit der Photovoltaikanlage ist die Tennisabteilung damit nun klimaneutral!<\/p>\n\n\n\n<p>Bei Fragen oder weiteren Informationen k\u00f6nnt ihr euch gerne an Eugen Schoch wenden.<\/p>\n\n\n<div class=\"wp-block-image\">\n<figure class=\"alignright\"><a href=\"https:\/\/www.mtv-in.de\/tennis\/files\/2022\/11\/BMWK_NKI_Gefoerdert_RGB_DE_2022_quer.jpg\"><img decoding=\"async\" width=\"1302\" height=\"732\" src=\"https:\/\/www.mtv-in.de\/tennis\/files\/2022\/11\/BMWK_NKI_Gefoerdert_RGB_DE_2022_quer.jpg\" alt=\"\" class=\"wp-image-9579\" srcset=\"https:\/\/www.mtv-in.de\/tennis\/files\/2022\/11\/BMWK_NKI_Gefoerdert_RGB_DE_2022_quer.jpg 1302w, https:\/\/www.mtv-in.de\/tennis\/files\/2022\/11\/BMWK_NKI_Gefoerdert_RGB_DE_2022_quer-280x157.jpg 280w, https:\/\/www.mtv-in.de\/tennis\/files\/2022\/11\/BMWK_NKI_Gefoerdert_RGB_DE_2022_quer-768x432.jpg 768w, https:\/\/www.mtv-in.de\/tennis\/files\/2022\/11\/BMWK_NKI_Gefoerdert_RGB_DE_2022_quer-1024x576.jpg 1024w\" sizes=\"(max-width: 1302px) 100vw, 1302px\" \/><\/a><\/figure>\n<\/div><h3>Related Images:<\/h3>","protected":false},"excerpt":{"rendered":"<p>Neue Beleuchtungsanlage in der Tennishalle Halogen aus \u2013 LED an! Im Oktober&nbsp;konnte der Einbau einer neuen LED Beleuchtungsanlage abgeschlossen werden.Statt den bisherigen 48 Halogen Lampen \u2013 sind&nbsp;nun 88 energieeffiziente LED Lichtb\u00e4nder in der Tennishalle verbaut. Die Lichtsteuerung der neuen Beleuchtungsanlage &hellip; <a href=\"https:\/\/www.mtv-in.de\/tennis\/aktuelles\/\">Continue reading <span class=\"meta-nav\">&rarr;<\/span><\/a><\/p>\n","protected":false},"author":310,"featured_media":0,"parent":0,"menu_order":0,"comment_status":"closed","ping_status":"closed","template":"","meta":{"ngg_post_thumbnail":0,"footnotes":""},"class_list":["post-8183","page","type-page","status-publish","hentry"],"_links":{"self":[{"href":"https:\/\/www.mtv-in.de\/tennis\/wp-json\/wp\/v2\/pages\/8183","targetHints":{"allow":["GET"]}}],"collection":[{"href":"https:\/\/www.mtv-in.de\/tennis\/wp-json\/wp\/v2\/pages"}],"about":[{"href":"https:\/\/www.mtv-in.de\/tennis\/wp-json\/wp\/v2\/types\/page"}],"author":[{"embeddable":true,"href":"https:\/\/www.mtv-in.de\/tennis\/wp-json\/wp\/v2\/users\/310"}],"replies":[{"embeddable":true,"href":"https:\/\/www.mtv-in.de\/tennis\/wp-json\/wp\/v2\/comments?post=8183"}],"version-history":[{"count":217,"href":"https:\/\/www.mtv-in.de\/tennis\/wp-json\/wp\/v2\/pages\/8183\/revisions"}],"predecessor-version":[{"id":9679,"href":"https:\/\/www.mtv-in.de\/tennis\/wp-json\/wp\/v2\/pages\/8183\/revisions\/9679"}],"wp:attachment":[{"href":"https:\/\/www.mtv-in.de\/tennis\/wp-json\/wp\/v2\/media?parent=8183"}],"curies":[{"name":"wp","href":"https:\/\/api.w.org\/{rel}","templated":true}]}}