{"id":8666,"date":"2021-02-01T11:33:06","date_gmt":"2021-02-01T10:33:06","guid":{"rendered":"http:\/\/www.mtv-in.de\/tennis\/?page_id=8666"},"modified":"2021-02-02T16:19:51","modified_gmt":"2021-02-02T15:19:51","slug":"recycling","status":"publish","type":"page","link":"https:\/\/www.mtv-in.de\/tennis\/recycling\/","title":{"rendered":"Recycling von Tennisb\u00e4llen"},"content":{"rendered":"<p><span style=\"color: #008000\"><strong>Recycling &#8211; Aktion von Tennisb\u00e4llen<\/strong><\/span><\/p>\n<p>Jedes Jahr werden ca 300 Millionen verbrauchte Tennisb\u00e4lle weggeworfen und erzeugen ca. 15.000 Tonnen Abfall.&nbsp; &nbsp; &nbsp; &nbsp; &nbsp; &nbsp; &nbsp; &nbsp; &nbsp; &nbsp; &nbsp; &nbsp; &nbsp; &nbsp; &nbsp; &nbsp; &nbsp; &nbsp; &nbsp; &nbsp; &nbsp; &nbsp; &nbsp; &nbsp; &nbsp; &nbsp; &nbsp; &nbsp; &nbsp; &nbsp; &nbsp; &nbsp; &nbsp; &nbsp; &nbsp; &nbsp; &nbsp; &nbsp; &nbsp; &nbsp; &nbsp; &nbsp; &nbsp; &nbsp; &nbsp; &nbsp; &nbsp; &nbsp; &nbsp; &nbsp; &nbsp; &nbsp; &nbsp; &nbsp; &nbsp; &nbsp;&nbsp;<\/p>\n<p>Diesem M\u00fcllaufkommen m\u00f6chten wir entgegenwirken und beteiligen uns an der Recycling &#8211; Aktion.&nbsp;&nbsp; Daher k\u00f6nnt ihr ab sofort euere&nbsp;<span style=\"color: #008000\"><strong>gebrauchten und nicht mehr spielbaren Tennisb\u00e4lle<\/strong><\/span>&nbsp;in die daf\u00fcr aufgestellte Box im Spielmarkenraum eingeben.&nbsp;&nbsp;&nbsp;&nbsp;&nbsp;&nbsp;&nbsp;&nbsp;&nbsp;&nbsp;&nbsp;&nbsp;&nbsp;&nbsp;&nbsp;&nbsp;&nbsp;&nbsp;&nbsp;&nbsp;&nbsp;&nbsp;&nbsp;&nbsp;&nbsp;&nbsp;&nbsp;&nbsp;&nbsp;&nbsp;&nbsp;&nbsp;&nbsp;&nbsp;&nbsp;&nbsp;&nbsp;&nbsp;&nbsp;&nbsp;&nbsp;&nbsp;&nbsp;&nbsp;&nbsp;&nbsp;&nbsp;&nbsp;&nbsp;&nbsp;&nbsp;&nbsp;&nbsp;&nbsp;&nbsp;&nbsp;&nbsp;&nbsp;&nbsp;&nbsp;&nbsp;&nbsp;&nbsp;&nbsp;&nbsp;&nbsp;&nbsp;&nbsp;&nbsp;&nbsp;&nbsp;&nbsp;&nbsp;&nbsp;&nbsp;&nbsp;&nbsp;&nbsp;&nbsp;&nbsp;&nbsp;&nbsp; Diese werden gesammelt und \u00fcber Tennis &#8211; Point recycelt um daraus den Belag f\u00fcr neue Tennis &#8211; Hartpl\u00e4tze herzustellen.&nbsp;&nbsp;&nbsp;&nbsp;&nbsp;&nbsp;&nbsp;&nbsp;&nbsp;&nbsp;&nbsp;&nbsp;&nbsp;&nbsp;&nbsp;&nbsp;&nbsp;&nbsp;&nbsp;&nbsp;&nbsp;&nbsp;&nbsp;&nbsp;&nbsp;&nbsp;&nbsp;&nbsp;&nbsp;&nbsp;&nbsp;&nbsp;&nbsp;&nbsp;&nbsp;&nbsp;&nbsp;&nbsp;&nbsp;&nbsp;&nbsp;&nbsp;&nbsp;&nbsp;&nbsp;&nbsp;&nbsp;&nbsp;&nbsp;&nbsp;&nbsp;&nbsp;&nbsp;&nbsp;&nbsp;&nbsp;&nbsp;&nbsp;&nbsp;&nbsp;&nbsp;&nbsp;&nbsp;&nbsp;&nbsp;&nbsp;&nbsp;&nbsp;&nbsp;&nbsp;&nbsp;&nbsp;&nbsp;&nbsp;&nbsp;&nbsp;&nbsp;&nbsp;&nbsp;&nbsp;&nbsp;&nbsp;&nbsp;&nbsp;&nbsp;&nbsp;&nbsp;&nbsp;&nbsp;&nbsp;&nbsp;&nbsp;&nbsp;&nbsp;&nbsp;&nbsp;&nbsp;&nbsp;&nbsp;&nbsp;&nbsp;&nbsp;&nbsp;&nbsp;&nbsp;&nbsp;&nbsp;&nbsp;&nbsp;<\/p>\n<p><span style=\"color: #008000\"><strong>Mehr zum Recycling findet ihr hier: https:\/\/www.tennis-point.de\/tennis-point-baelle-recycling-box-anlagenzubehoer-5er-pack-gelb-schwarz-0317518894300000.html<\/strong><\/span><\/p>\n<p><img fetchpriority=\"high\" decoding=\"async\" class=\"size-full wp-image-8531 aligncenter\" src=\"https:\/\/www.mtv-in.de\/tennis\/files\/2020\/02\/Recycling-Tennisb\u00e4lle.jpg\" alt=\"\" width=\"400\" height=\"300\" srcset=\"https:\/\/www.mtv-in.de\/tennis\/files\/2020\/02\/Recycling-Tennisb\u00e4lle.jpg 400w, https:\/\/www.mtv-in.de\/tennis\/files\/2020\/02\/Recycling-Tennisb\u00e4lle-280x210.jpg 280w\" sizes=\"(max-width: 400px) 100vw, 400px\" \/><\/p>\n<h3>Related Images:<\/h3>","protected":false},"excerpt":{"rendered":"<p>Recycling &#8211; Aktion von Tennisb\u00e4llen Jedes Jahr werden ca 300 Millionen verbrauchte Tennisb\u00e4lle weggeworfen und erzeugen ca. 15.000 Tonnen Abfall.&nbsp; &nbsp; &nbsp; &nbsp; &nbsp; &nbsp; &nbsp; &nbsp; &nbsp; &nbsp; &nbsp; &nbsp; &nbsp; &nbsp; &nbsp; &nbsp; &nbsp; &nbsp; &nbsp; &nbsp; &nbsp; &hellip; <a href=\"https:\/\/www.mtv-in.de\/tennis\/recycling\/\">Continue reading <span class=\"meta-nav\">&rarr;<\/span><\/a><\/p>\n","protected":false},"author":310,"featured_media":0,"parent":0,"menu_order":0,"comment_status":"closed","ping_status":"closed","template":"","meta":{"ngg_post_thumbnail":0,"footnotes":""},"class_list":["post-8666","page","type-page","status-publish","hentry"],"_links":{"self":[{"href":"https:\/\/www.mtv-in.de\/tennis\/wp-json\/wp\/v2\/pages\/8666","targetHints":{"allow":["GET"]}}],"collection":[{"href":"https:\/\/www.mtv-in.de\/tennis\/wp-json\/wp\/v2\/pages"}],"about":[{"href":"https:\/\/www.mtv-in.de\/tennis\/wp-json\/wp\/v2\/types\/page"}],"author":[{"embeddable":true,"href":"https:\/\/www.mtv-in.de\/tennis\/wp-json\/wp\/v2\/users\/310"}],"replies":[{"embeddable":true,"href":"https:\/\/www.mtv-in.de\/tennis\/wp-json\/wp\/v2\/comments?post=8666"}],"version-history":[{"count":2,"href":"https:\/\/www.mtv-in.de\/tennis\/wp-json\/wp\/v2\/pages\/8666\/revisions"}],"predecessor-version":[{"id":8719,"href":"https:\/\/www.mtv-in.de\/tennis\/wp-json\/wp\/v2\/pages\/8666\/revisions\/8719"}],"wp:attachment":[{"href":"https:\/\/www.mtv-in.de\/tennis\/wp-json\/wp\/v2\/media?parent=8666"}],"curies":[{"name":"wp","href":"https:\/\/api.w.org\/{rel}","templated":true}]}}