{"id":8750,"date":"2021-02-06T11:49:04","date_gmt":"2021-02-06T10:49:04","guid":{"rendered":"http:\/\/www.mtv-in.de\/tennis\/?page_id=8750"},"modified":"2021-02-17T11:07:04","modified_gmt":"2021-02-17T10:07:04","slug":"rangliste-herren","status":"publish","type":"page","link":"https:\/\/www.mtv-in.de\/tennis\/rangliste-herren\/","title":{"rendered":"Rangliste"},"content":{"rendered":"<h1><em><strong>Rangliste&nbsp;<\/strong><\/em><\/h1>\n<ol>\n<li><strong>Ziel<\/strong><\/li>\n<\/ol>\n<p>Ist die Belebung des Spielbetriebes und sammeln von Kenntnissen im Spielbetrieb<\/p>\n<ol start=\"2\">\n<li><strong>Zeitraum<\/strong><\/li>\n<\/ol>\n<p>Ranglistenspiele finden w\u00e4hrend der gesamten Spielzeit (Mai \u2013 September) statt. Sie werden auf Platz 1 durchgef\u00fchrt und mit Doppelmarke \u201eF\u201c und Spielmarke belegt. F\u00fcr das \u201eH\u00e4ngen\u201c auf der Tafel ist der Forderer zust\u00e4ndig<\/p>\n<ol>\n<li><strong>Regeln<\/strong><\/li>\n<\/ol>\n<ul>\n<li>Jeder, der noch nicht in der Rangliste ist, kann sich beim Sportwart zur Teilnahme melden. Teilnahmeberechtigt ab 16 Jahre. Die erste Rangliste wird vom Sportwart aufgestellt. Sp\u00e4tere Meldungen werden am Ende eingereiht.<\/li>\n<li>Gefordert werden kann: Jeder, der in der gleichen Zeile , links vom Fordernden steht. Jeder , der&nbsp; &nbsp; &nbsp; &nbsp; &nbsp; &nbsp; &nbsp; &nbsp; &nbsp; &nbsp; &nbsp; &nbsp; &nbsp; &nbsp; &nbsp; &nbsp; &nbsp; &nbsp; &nbsp; &nbsp; &nbsp;\u00fcber der Zeile des Fordernden, rechts steht<\/li>\n<li>Der Forderer spricht die Forderung mit dem Geforderten ab und tr\u00e4gt sie in die Forderungsliste ein<\/li>\n<li>Das Ergebnis ist vom Sieger in die Forderungsliste einzutragen. Tritt der Gegner nicht an, so wird das Spiel als verloren gewertet.<\/li>\n<li>Bei einem Sieg des fordernden Spieler, r\u00fcckt dieser vor den geforderten Spieler und alle anderen Spieler rutschen eine Position zur\u00fcck<\/li>\n<li>Der Sieger kann innerhalb von 2 Tagen weiter fordern. In dieser zeit kann er nicht gefordert werden<\/li>\n<li>Verliert der fordernde Spieler so \u00e4ndert sich an der Rangliste nichts. Er darf aber die n\u00e4chsten 14 Tage nicht fordern<\/li>\n<li>Nach einem Forderungsspiel d\u00fcrfen die selben Spieler, unabh\u00e4ngig wer gewonnen hat, fr\u00fchestens nach 4 Wochen wieder gegeneinander spielen, sofern die Konstellation noch stimmt.<\/li>\n<li>Ist ein Forderung eingetragen, so d\u00fcrfen von dieser Forderungspaarung keine weiteren Forderungen ausgesprochen werden<\/li>\n<li>Spieler, die Forderungsspiele nicht durchf\u00fchren werden ans Ende gesetzt<\/li>\n<li>F\u00fcr die Ballgestellung ist der Forderer zust\u00e4ndig<\/li>\n<li>Gespielt wird \u00fcber 2 Gewinns\u00e4tze. Ein evtl. 3.Satz als Match-Tie-Break<\/li>\n<li>Wegen Krankheit oder l\u00e4ngerer Abwesenheit kann ein Spieler durch den Sportwart neutralisiert werden.<\/li>\n<li>\u00dcber Zweifel- oder Streitfragen entscheidet der Sportwart<\/li>\n<\/ul>\n<p>&nbsp;<\/p>\n<h3>Related Images:<\/h3>","protected":false},"excerpt":{"rendered":"<p>Rangliste&nbsp; Ziel Ist die Belebung des Spielbetriebes und sammeln von Kenntnissen im Spielbetrieb Zeitraum Ranglistenspiele finden w\u00e4hrend der gesamten Spielzeit (Mai \u2013 September) statt. Sie werden auf Platz 1 durchgef\u00fchrt und mit Doppelmarke \u201eF\u201c und Spielmarke belegt. F\u00fcr das \u201eH\u00e4ngen\u201c &hellip; <a href=\"https:\/\/www.mtv-in.de\/tennis\/rangliste-herren\/\">Continue reading <span class=\"meta-nav\">&rarr;<\/span><\/a><\/p>\n","protected":false},"author":310,"featured_media":0,"parent":0,"menu_order":0,"comment_status":"closed","ping_status":"closed","template":"","meta":{"ngg_post_thumbnail":0,"footnotes":""},"class_list":["post-8750","page","type-page","status-publish","hentry"],"_links":{"self":[{"href":"https:\/\/www.mtv-in.de\/tennis\/wp-json\/wp\/v2\/pages\/8750","targetHints":{"allow":["GET"]}}],"collection":[{"href":"https:\/\/www.mtv-in.de\/tennis\/wp-json\/wp\/v2\/pages"}],"about":[{"href":"https:\/\/www.mtv-in.de\/tennis\/wp-json\/wp\/v2\/types\/page"}],"author":[{"embeddable":true,"href":"https:\/\/www.mtv-in.de\/tennis\/wp-json\/wp\/v2\/users\/310"}],"replies":[{"embeddable":true,"href":"https:\/\/www.mtv-in.de\/tennis\/wp-json\/wp\/v2\/comments?post=8750"}],"version-history":[{"count":5,"href":"https:\/\/www.mtv-in.de\/tennis\/wp-json\/wp\/v2\/pages\/8750\/revisions"}],"predecessor-version":[{"id":8780,"href":"https:\/\/www.mtv-in.de\/tennis\/wp-json\/wp\/v2\/pages\/8750\/revisions\/8780"}],"wp:attachment":[{"href":"https:\/\/www.mtv-in.de\/tennis\/wp-json\/wp\/v2\/media?parent=8750"}],"curies":[{"name":"wp","href":"https:\/\/api.w.org\/{rel}","templated":true}]}}