{"id":9242,"date":"2021-08-08T17:31:30","date_gmt":"2021-08-08T15:31:30","guid":{"rendered":"http:\/\/www.mtv-in.de\/tennis\/?page_id=9242"},"modified":"2021-08-08T17:31:34","modified_gmt":"2021-08-08T15:31:34","slug":"mixed-turnier-am-07-08-2021","status":"publish","type":"page","link":"https:\/\/www.mtv-in.de\/tennis\/mixed-turnier-am-07-08-2021\/","title":{"rendered":"Mixed  Turnier am 07.08.2021"},"content":{"rendered":"<p>Mit gro\u00dfem Ehrgeiz und Engagement wurde amj 07.08.2021 ein Mixed-Turnier duchgef\u00fchrt. 20 Tennisspieler und Spielerinnenzeigten sehr gutes Tennis und waren begeistert \u00fcber den Verlauf des Turnieres. Die angesetzten Paarungen waren alle ausgeglichen und f\u00fchrten zu knappen Ergebnissen.<\/p>\n<p>Die Begeisterung war so gro\u00df, dass die geplante Doppelrunde ausfiel und daf\u00fcr Mixed gespielt wurde.<\/p>\n<p>Sogar der Wettergott hat es gut mit uns gemeint, denn es war den ganzen Tag herrliches Tenniswetter. Erst kurz vor Schlu\u00df hat es zu nieseln begonnen.<\/p>\n<p>Dies tataber dem anschlie\u00dfenden Sommernachtsfest keinen Abbruch und es wurde den Corona Einschr\u00e4nkungen entsprechend ausgelassen bei gutem Essen gefeiert.<\/p>\n<p>Dem Turnier entsprechend gab es keine Sieger und Verlierer sondern gl\u00fcckliche und ungl\u00fcckliche bei der Auslosung.<\/p>\n<p>Hervorzuheben ist, dass durch die Teilnahme von &#8222;Jung&#8220; und &#8222;Alt&#8220; eine gro\u00dfe Br\u00fccke zu mehr gegenseitgem&nbsp; Verst\u00e4ndnis geschlagen wurde.<\/p>\n<h3>Related Images:<\/h3>","protected":false},"excerpt":{"rendered":"<p>Mit gro\u00dfem Ehrgeiz und Engagement wurde amj 07.08.2021 ein Mixed-Turnier duchgef\u00fchrt. 20 Tennisspieler und Spielerinnenzeigten sehr gutes Tennis und waren begeistert \u00fcber den Verlauf des Turnieres. Die angesetzten Paarungen waren alle ausgeglichen und f\u00fchrten zu knappen Ergebnissen. Die Begeisterung war &hellip; <a href=\"https:\/\/www.mtv-in.de\/tennis\/mixed-turnier-am-07-08-2021\/\">Continue reading <span class=\"meta-nav\">&rarr;<\/span><\/a><\/p>\n","protected":false},"author":310,"featured_media":0,"parent":0,"menu_order":0,"comment_status":"closed","ping_status":"closed","template":"","meta":{"ngg_post_thumbnail":0,"footnotes":""},"class_list":["post-9242","page","type-page","status-publish","hentry"],"_links":{"self":[{"href":"https:\/\/www.mtv-in.de\/tennis\/wp-json\/wp\/v2\/pages\/9242","targetHints":{"allow":["GET"]}}],"collection":[{"href":"https:\/\/www.mtv-in.de\/tennis\/wp-json\/wp\/v2\/pages"}],"about":[{"href":"https:\/\/www.mtv-in.de\/tennis\/wp-json\/wp\/v2\/types\/page"}],"author":[{"embeddable":true,"href":"https:\/\/www.mtv-in.de\/tennis\/wp-json\/wp\/v2\/users\/310"}],"replies":[{"embeddable":true,"href":"https:\/\/www.mtv-in.de\/tennis\/wp-json\/wp\/v2\/comments?post=9242"}],"version-history":[{"count":1,"href":"https:\/\/www.mtv-in.de\/tennis\/wp-json\/wp\/v2\/pages\/9242\/revisions"}],"predecessor-version":[{"id":9243,"href":"https:\/\/www.mtv-in.de\/tennis\/wp-json\/wp\/v2\/pages\/9242\/revisions\/9243"}],"wp:attachment":[{"href":"https:\/\/www.mtv-in.de\/tennis\/wp-json\/wp\/v2\/media?parent=9242"}],"curies":[{"name":"wp","href":"https:\/\/api.w.org\/{rel}","templated":true}]}}