{"id":110,"date":"2011-09-23T03:19:33","date_gmt":"2011-09-23T01:19:33","guid":{"rendered":"http:\/\/www.mtv-in.de\/tischtennis\/?page_id=110"},"modified":"2026-01-21T19:28:09","modified_gmt":"2026-01-21T18:28:09","slug":"spielplantabelle","status":"publish","type":"page","link":"https:\/\/www.mtv-in.de\/tischtennis\/spielplantabelle\/","title":{"rendered":"Mannschaften \/ Tabellen \/ Spielpl\u00e4ne"},"content":{"rendered":"\n<div class=\"wp-block-group\"><div class=\"wp-block-group__inner-container is-layout-constrained wp-block-group-is-layout-constrained\">\n<figure class=\"wp-block-table is-style-regular\"><table><tbody><tr><td><strong>Mannschaft<\/strong><\/td><td><strong>Liga<\/strong><\/td><\/tr><tr><td>Erwachsene 1<\/td><td><a href=\"https:\/\/www.mytischtennis.de\/click-tt\/DTTB\/25--26\/ligen\/Oberliga_Bayern\/gruppe\/493104\/tabelle\/gesamt\">Oberliga Bayern<\/a><\/td><\/tr><tr><td>Erwachsene 2<\/td><td><a href=\"https:\/\/www.mytischtennis.de\/click-tt\/ByTTV\/25--26\/ligen\/Verbandsliga-Suedost\/gruppe\/492178\/tabelle\/gesamt\">Verbandsliga S\u00fcdost<\/a><\/td><\/tr><tr><td>Erwachsene 3<\/td><td><a href=\"https:\/\/www.mytischtennis.de\/click-tt\/ByTTV\/25--26\/ligen\/Landesliga-Ostsuedost\/gruppe\/491884\/tabelle\/gesamt\">Landesliga Osts\u00fcdost<\/a><\/td><\/tr><tr><td>Erwachsene 4<\/td><td><a href=\"https:\/\/www.mytischtennis.de\/click-tt\/ByTTV\/25--26\/ligen\/Landesliga-Ostsuedost\/gruppe\/491884\/tabelle\/gesamt\">Landesliga Osts\u00fcdost<\/a><\/td><\/tr><tr><td>Erwachsene 5<\/td><td><a href=\"https:\/\/www.mytischtennis.de\/click-tt\/ByTTV\/25--26\/ligen\/Bezirksliga-Gruppe-1-Donau\/gruppe\/491846\/tabelle\/gesamt\">Bezirksliga Gruppe 1 Donau<\/a><\/td><\/tr><tr><td>Erwachsene 6<\/td><td><a href=\"https:\/\/www.mytischtennis.de\/click-tt\/ByTTV\/25--26\/ligen\/Bezirksklasse-A-Gruppe-2-IN-PAF\/gruppe\/492247\/tabelle\/gesamt\">Bezirksklasse A Gruppe 2 IN\/PAF Nord<\/a><\/td><\/tr><tr><td>Erwachsene 7<\/td><td><a href=\"https:\/\/www.mytischtennis.de\/click-tt\/ByTTV\/25--26\/ligen\/Bezirksklasse-D-Gruppe-2-IN-PAF-Nord\/gruppe\/492287\/tabelle\/gesamt\">Bezirksklasse D Gruppe 2 IN\/PAF Nord<\/a><\/td><\/tr><tr><td>Jugend 1<\/td><td><a href=\"https:\/\/www.mytischtennis.de\/click-tt\/ByTTV\/JRR_25--26\/jugend-punktspiele-rr\/Verbandsliga-Suedwest-RR\/gruppe\/507976\/tabelle\/gesamt\">Verbandsliga S\u00fcdwest RR<\/a><\/td><\/tr><tr><td>Jugend 2<\/td><td><a href=\"https:\/\/www.mytischtennis.de\/click-tt\/ByTTV\/JRR_25--26\/jugend-punktspiele-rr\/Landesliga-Westnordwest-RR\/gruppe\/507879\/tabelle\/gesamt\">Landesliga Westnordwest RR<\/a><\/td><\/tr><tr><td>Jugend 3<\/td><td><a href=\"https:\/\/www.mytischtennis.de\/click-tt\/ByTTV\/JRR_25--26\/jugend-punktspiele-rr\/Bezirksoberliga-RR\/gruppe\/507937\/tabelle\/gesamt\">Bezirksoberliga RR<\/a><\/td><\/tr><tr><td>Jugend 4<\/td><td><a href=\"https:\/\/www.mytischtennis.de\/click-tt\/ByTTV\/JRR_25--26\/jugend-punktspiele-rr\/Bezirksliga-Gruppe-1-Donau-RR\/gruppe\/508063\/tabelle\/gesamt\">Bezirksliga Gruppe 1 Donau RR<\/a><\/td><\/tr><\/tbody><\/table><\/figure>\n<\/div><\/div>\n\n\n\n<p><\/p>\n<h3>Related Images:<\/h3>","protected":false},"excerpt":{"rendered":"<p>Mannschaft Liga Erwachsene 1 Oberliga Bayern Erwachsene 2 Verbandsliga S\u00fcdost Erwachsene 3 Landesliga Osts\u00fcdost Erwachsene 4 Landesliga Osts\u00fcdost Erwachsene 5 Bezirksliga Gruppe 1 Donau Erwachsene 6 Bezirksklasse A Gruppe 2 IN\/PAF Nord Erwachsene 7 Bezirksklasse D Gruppe 2 IN\/PAF Nord Jugend 1 Verbandsliga S\u00fcdwest RR Jugend 2 Landesliga Westnordwest RR Jugend 3 Bezirksoberliga RR Jugend [&hellip;]<\/p>\n","protected":false},"author":53,"featured_media":0,"parent":0,"menu_order":0,"comment_status":"closed","ping_status":"open","template":"","meta":{"ngg_post_thumbnail":0,"footnotes":""},"class_list":["post-110","page","type-page","status-publish","hentry"],"_links":{"self":[{"href":"https:\/\/www.mtv-in.de\/tischtennis\/wp-json\/wp\/v2\/pages\/110","targetHints":{"allow":["GET"]}}],"collection":[{"href":"https:\/\/www.mtv-in.de\/tischtennis\/wp-json\/wp\/v2\/pages"}],"about":[{"href":"https:\/\/www.mtv-in.de\/tischtennis\/wp-json\/wp\/v2\/types\/page"}],"author":[{"embeddable":true,"href":"https:\/\/www.mtv-in.de\/tischtennis\/wp-json\/wp\/v2\/users\/53"}],"replies":[{"embeddable":true,"href":"https:\/\/www.mtv-in.de\/tischtennis\/wp-json\/wp\/v2\/comments?post=110"}],"version-history":[{"count":54,"href":"https:\/\/www.mtv-in.de\/tischtennis\/wp-json\/wp\/v2\/pages\/110\/revisions"}],"predecessor-version":[{"id":1705,"href":"https:\/\/www.mtv-in.de\/tischtennis\/wp-json\/wp\/v2\/pages\/110\/revisions\/1705"}],"wp:attachment":[{"href":"https:\/\/www.mtv-in.de\/tischtennis\/wp-json\/wp\/v2\/media?parent=110"}],"curies":[{"name":"wp","href":"https:\/\/api.w.org\/{rel}","templated":true}]}}