{"id":3041,"date":"2025-04-12T15:13:23","date_gmt":"2025-04-12T13:13:23","guid":{"rendered":"https:\/\/www.mtv-in.de\/turnen\/?page_id=3041"},"modified":"2025-11-19T20:08:37","modified_gmt":"2025-11-19T19:08:37","slug":"breitensport","status":"publish","type":"page","link":"https:\/\/www.mtv-in.de\/turnen\/gruppen\/breitensport\/","title":{"rendered":"Breitensport"},"content":{"rendered":"\n<div style=\"height:100px\" aria-hidden=\"true\" class=\"wp-block-spacer\"><\/div>\n\n\n\n<div class=\"wp-block-columns is-layout-flex wp-container-core-columns-is-layout-28f84493 wp-block-columns-is-layout-flex\">\n<div class=\"wp-block-column is-layout-flow wp-block-column-is-layout-flow\" style=\"flex-basis:25%\">\n<figure class=\"wp-block-image size-large\"><a href=\"https:\/\/www.mtv-in.de\/turnen\/files\/2025\/05\/02_Gruppenfoto1-scaled.jpg\"><img loading=\"lazy\" decoding=\"async\" width=\"1024\" height=\"683\" src=\"https:\/\/www.mtv-in.de\/turnen\/files\/2025\/05\/02_Gruppenfoto1-1024x683.jpg\" alt=\"\" class=\"wp-image-3280\" srcset=\"https:\/\/www.mtv-in.de\/turnen\/files\/2025\/05\/02_Gruppenfoto1-1024x683.jpg 1024w, https:\/\/www.mtv-in.de\/turnen\/files\/2025\/05\/02_Gruppenfoto1-300x200.jpg 300w, https:\/\/www.mtv-in.de\/turnen\/files\/2025\/05\/02_Gruppenfoto1-768x512.jpg 768w, https:\/\/www.mtv-in.de\/turnen\/files\/2025\/05\/02_Gruppenfoto1-1536x1024.jpg 1536w, https:\/\/www.mtv-in.de\/turnen\/files\/2025\/05\/02_Gruppenfoto1-2048x1365.jpg 2048w\" sizes=\"auto, (max-width: 1024px) 100vw, 1024px\" \/><\/a><figcaption class=\"wp-element-caption\">SAMSUNG CAMERA PICTURES<\/figcaption><\/figure>\n<\/div>\n\n\n\n<div class=\"wp-block-column is-layout-flow wp-block-column-is-layout-flow\" style=\"flex-basis:50%\">\n<h5 class=\"wp-block-heading\">Im Breitensport geht es vor allem um die Freunde an der Bewegung. Die Kinder und Jugendlichen lernen die<br>Grundf\u00e4higkeiten, die es zum Turnen braucht, sowie die Basiselemente an den Ger\u00e4ten Boden, Balken, Sprung und Reck\/Stufenbarren sowie Trampolin. In der h\u00f6chsten Altersstufe ist dann auch die Teilnahme an Wettk\u00e4mpfen m\u00f6glich.<\/h5>\n<\/div>\n\n\n\n<div class=\"wp-block-column is-layout-flow wp-block-column-is-layout-flow\" style=\"flex-basis:25%\">\n<figure class=\"wp-block-image size-large\"><a href=\"https:\/\/www.mtv-in.de\/turnen\/files\/2025\/05\/04_Jhg_2012_Rosalie_Gossmann_Nina_Zeitler_Elisa_Kucani_Platz_8_18_und_16_und_oben_Luisa_Schmuck_Platz171-scaled.jpg\"><img loading=\"lazy\" decoding=\"async\" width=\"1024\" height=\"683\" src=\"https:\/\/www.mtv-in.de\/turnen\/files\/2025\/05\/04_Jhg_2012_Rosalie_Gossmann_Nina_Zeitler_Elisa_Kucani_Platz_8_18_und_16_und_oben_Luisa_Schmuck_Platz171-1024x683.jpg\" alt=\"\" class=\"wp-image-3282\" srcset=\"https:\/\/www.mtv-in.de\/turnen\/files\/2025\/05\/04_Jhg_2012_Rosalie_Gossmann_Nina_Zeitler_Elisa_Kucani_Platz_8_18_und_16_und_oben_Luisa_Schmuck_Platz171-1024x683.jpg 1024w, https:\/\/www.mtv-in.de\/turnen\/files\/2025\/05\/04_Jhg_2012_Rosalie_Gossmann_Nina_Zeitler_Elisa_Kucani_Platz_8_18_und_16_und_oben_Luisa_Schmuck_Platz171-300x200.jpg 300w, https:\/\/www.mtv-in.de\/turnen\/files\/2025\/05\/04_Jhg_2012_Rosalie_Gossmann_Nina_Zeitler_Elisa_Kucani_Platz_8_18_und_16_und_oben_Luisa_Schmuck_Platz171-768x512.jpg 768w, https:\/\/www.mtv-in.de\/turnen\/files\/2025\/05\/04_Jhg_2012_Rosalie_Gossmann_Nina_Zeitler_Elisa_Kucani_Platz_8_18_und_16_und_oben_Luisa_Schmuck_Platz171-1536x1024.jpg 1536w, https:\/\/www.mtv-in.de\/turnen\/files\/2025\/05\/04_Jhg_2012_Rosalie_Gossmann_Nina_Zeitler_Elisa_Kucani_Platz_8_18_und_16_und_oben_Luisa_Schmuck_Platz171-2048x1365.jpg 2048w\" sizes=\"auto, (max-width: 1024px) 100vw, 1024px\" \/><\/a><figcaption class=\"wp-element-caption\">SAMSUNG CAMERA PICTURES<\/figcaption><\/figure>\n<\/div>\n<\/div>\n\n\n\n<div style=\"height:30px\" aria-hidden=\"true\" class=\"wp-block-spacer\"><\/div>\n\n\n\n<div class=\"wp-block-columns has-startupzy-primary-background-color has-background is-layout-flex wp-container-core-columns-is-layout-28f84493 wp-block-columns-is-layout-flex\">\n<div class=\"wp-block-column is-layout-flow wp-block-column-is-layout-flow\">\n<h3 class=\"wp-block-heading has-startupzy-bgsoft-color has-text-color has-link-color wp-elements-d40ba423db2e8ba288a10a95cb69d390\">Kontakt<\/h3>\n\n\n\n<h6 class=\"wp-block-heading has-startupzy-bgsoft-color has-text-color has-link-color wp-elements-e3718e4a27452e6c05b1a1e157659844\">Kathrin Jessen<\/h6>\n\n\n\n<p class=\"has-startupzy-bgsoft-color has-text-color has-link-color wp-elements-b5f834bcad7f16b7fb155d3be42150ab\"><a href=\"javascript:DeCryptX('0k0a3w1\/3m0e0s1t0@0g2o2z310d3h')\">kat [dot] jess [at] gmx [dot] de<\/a><\/p>\n<\/div>\n\n\n\n<div class=\"wp-block-column is-layout-flow wp-block-column-is-layout-flow\">\n<h3 class=\"wp-block-heading has-startupzy-bgsoft-color has-text-color has-link-color wp-elements-959b3222f072691821365631d16ff838\">!!Gesucht!!<\/h3>\n\n\n\n<p class=\"has-startupzy-bgsoft-color has-text-color has-link-color wp-elements-6ad570922b90397d3e56530c1a5780d2\">Wir sind laufend auf der Suche nach <br>Trainern und Helfern<\/p>\n<\/div>\n<\/div>\n\n\n\n<div style=\"height:30px\" aria-hidden=\"true\" class=\"wp-block-spacer\"><\/div>\n\n\n\n<div class=\"wp-block-columns is-layout-flex wp-container-core-columns-is-layout-28f84493 wp-block-columns-is-layout-flex\">\n<div class=\"wp-block-column has-startupzy-text-background-color has-background is-layout-flow wp-block-column-is-layout-flow\">\n<h2 class=\"wp-block-heading\">4 &#8211; 6 Jahre weiblich  Aufnahmestopp<\/h2>\n\n\n\n<h6 class=\"wp-block-heading\">Erlernen motorischer Grundlagen<\/h6>\n\n\n\n<p><strong>Dienstag<\/strong> 17:00 &#8211; 18:30 Uhr<\/p>\n\n\n\n<p>Bezirkssporthalle Mitte <br><strong>Halle A<br><\/strong>Von-der-Tann Stra\u00dfe 1<br>85049 Ingolstadt<\/p>\n\n\n\n<p><strong>Freitag<\/strong> 17:00 &#8211; 18:30 Uhr<\/p>\n\n\n\n<p>Schulturnhalle Reuchlin Gymnasium<br>Auf der Schanz 28 a <br>85049 Ingolstadt<\/p>\n\n\n\n<p>Nora Thiess<br><a href=\"DeCryptX('1m2c3x1g0n1p1s0a1m0a3x3i1A1h1n0a1j3o202e1p1n')\">laufnoralauf [at] gmail [dot] com<\/a><\/p>\n<\/div>\n\n\n\n<div class=\"wp-block-column has-startupzy-bgsoft-background-color has-background is-layout-flow wp-block-column-is-layout-flow\">\n<h2 class=\"wp-block-heading\"><strong>6 &#8211; 12 Jahre weiblich<\/strong> Aufnahmestopp<\/h2>\n\n\n\n<h6 class=\"wp-block-heading\">Ger\u00e4tturnen ohne Wettk\u00e4mpfe<br>Boden | Reck | Schwebebalken |<br>Sprung | Trampolin<\/h6>\n\n\n\n<p><strong>Dienstag<\/strong> 17:00 &#8211; 18:30 Uhr<\/p>\n\n\n\n<p>Bezirkssporthalle Mitte <br><strong>Halle A<br><\/strong>Von-der-Tann Stra\u00dfe 1<br>85049 Ingolstadt<\/p>\n\n\n\n<p><strong>Freitag <\/strong> 17:00 &#8211; 18:30 Uhr<\/p>\n\n\n\n<p>Schulturnhalle Reuchlin Gymnasium<br>Auf der Schanz 28 a<br>85049 Ingolstadt<\/p>\n\n\n\n<p>Anette Kirchner<br><\/p>\n<\/div>\n\n\n\n<div class=\"wp-block-column has-startupzy-border-background-color has-background is-layout-flow wp-block-column-is-layout-flow\">\n<h2 class=\"wp-block-heading\"><strong>10 &#8211; 15 Jahre weiblich<\/strong><\/h2>\n\n\n\n<h6 class=\"wp-block-heading\">Turn10 Wettk\u00e4mpfe<br>Boden | Reck\/Stufenbarren | Schwebebalken |<br>Sprung | Trampolin<\/h6>\n\n\n\n<p><strong>Dienstag<\/strong> 17:00 &#8211; 19:00 Uhr<\/p>\n\n\n\n<p>Bezirkssporthalle Mitte <br><strong>Halle A<br><\/strong>Von-der-Tann Stra\u00dfe 1<br>85049 Ingolstadt<\/p>\n\n\n\n<p><strong>Freitag<\/strong> 17:00 &#8211; 19:00 Uhr<\/p>\n\n\n\n<p>Schulturnhalle Reuchlin Gymnasium<br>Auf der Schanz 28 a<br>85049 Ingolstadt<\/p>\n\n\n\n<p>Katrin Jessen, Manuela Schulze-Schwerin<br><a href=\"DeCryptX('1l1b3w312l0e2u2u1A0g3p1y1\/3g0e')\">kat [dot] jess [at] gmx [dot] de<\/a><\/p>\n<\/div>\n<\/div>\n\n\n\n<div style=\"height:100px\" aria-hidden=\"true\" class=\"wp-block-spacer\"><\/div>\n\n\n\n<div class=\"wp-block-buttons has-custom-font-size has-large-font-size is-content-justification-center is-layout-flex wp-container-core-buttons-is-layout-a89b3969 wp-block-buttons-is-layout-flex\">\n<div class=\"wp-block-button\"><a class=\"wp-block-button__link has-startupzy-primary-background-color has-background wp-element-button\" href=\"https:\/\/www.mtv-in.de\/turnen\/gruppen\/leistungsturnen\/\">Zum Leistungsturnen<\/a><\/div>\n<\/div>\n\n\n\n<div style=\"height:100px\" aria-hidden=\"true\" class=\"wp-block-spacer\"><\/div>\n","protected":false},"excerpt":{"rendered":"<p>Im Breitensport geht es vor allem um die Freunde an der Bewegung. Die Kinder und Jugendlichen lernen dieGrundf\u00e4higkeiten, die es zum Turnen braucht, sowie die Basiselemente an den Ger\u00e4ten Boden, Balken, Sprung und Reck\/Stufenbarren sowie Trampolin. In der h\u00f6chsten Altersstufe ist dann auch die Teilnahme an Wettk\u00e4mpfen m\u00f6glich. Kontakt Kathrin Jessen kat [dot] jess [at] gmx [dot] de !!Gesucht!! Wir sind laufend auf der Suche nach Trainern und Helfern 4 &#8211; 6 Jahre weiblich Aufnahmestopp Erlernen motorischer Grundlagen Dienstag 17:00 &#8211; 18:30 Uhr Bezirkssporthalle Mitte Halle AVon-der-Tann Stra\u00dfe 185049 Ingolstadt Freitag 17:00 &#8211; 18:30 Uhr Schulturnhalle Reuchlin GymnasiumAuf der Schanz<\/p>\n","protected":false},"author":1,"featured_media":0,"parent":3039,"menu_order":0,"comment_status":"closed","ping_status":"closed","template":"","meta":{"footnotes":""},"class_list":["post-3041","page","type-page","status-publish","hentry"],"_links":{"self":[{"href":"https:\/\/www.mtv-in.de\/turnen\/wp-json\/wp\/v2\/pages\/3041","targetHints":{"allow":["GET"]}}],"collection":[{"href":"https:\/\/www.mtv-in.de\/turnen\/wp-json\/wp\/v2\/pages"}],"about":[{"href":"https:\/\/www.mtv-in.de\/turnen\/wp-json\/wp\/v2\/types\/page"}],"author":[{"embeddable":true,"href":"https:\/\/www.mtv-in.de\/turnen\/wp-json\/wp\/v2\/users\/1"}],"replies":[{"embeddable":true,"href":"https:\/\/www.mtv-in.de\/turnen\/wp-json\/wp\/v2\/comments?post=3041"}],"version-history":[{"count":17,"href":"https:\/\/www.mtv-in.de\/turnen\/wp-json\/wp\/v2\/pages\/3041\/revisions"}],"predecessor-version":[{"id":3379,"href":"https:\/\/www.mtv-in.de\/turnen\/wp-json\/wp\/v2\/pages\/3041\/revisions\/3379"}],"up":[{"embeddable":true,"href":"https:\/\/www.mtv-in.de\/turnen\/wp-json\/wp\/v2\/pages\/3039"}],"wp:attachment":[{"href":"https:\/\/www.mtv-in.de\/turnen\/wp-json\/wp\/v2\/media?parent=3041"}],"curies":[{"name":"wp","href":"https:\/\/api.w.org\/{rel}","templated":true}]}}