{"id":3045,"date":"2025-04-12T15:14:03","date_gmt":"2025-04-12T13:14:03","guid":{"rendered":"https:\/\/www.mtv-in.de\/turnen\/?page_id=3045"},"modified":"2025-05-11T11:44:01","modified_gmt":"2025-05-11T09:44:01","slug":"leistungsturnen","status":"publish","type":"page","link":"https:\/\/www.mtv-in.de\/turnen\/gruppen\/leistungsturnen\/","title":{"rendered":"Leistungsturnen"},"content":{"rendered":"\n<div style=\"height:100px\" aria-hidden=\"true\" class=\"wp-block-spacer\"><\/div>\n\n\n\n<div class=\"wp-block-columns is-layout-flex wp-container-core-columns-is-layout-28f84493 wp-block-columns-is-layout-flex\">\n<div class=\"wp-block-column is-layout-flow wp-block-column-is-layout-flow\" style=\"flex-basis:25%\">\n<figure class=\"wp-block-image size-large\"><a href=\"https:\/\/www.mtv-in.de\/turnen\/files\/2025\/05\/Leistungsturnen_1.jpg\"><img loading=\"lazy\" decoding=\"async\" width=\"768\" height=\"1024\" src=\"https:\/\/www.mtv-in.de\/turnen\/files\/2025\/05\/Leistungsturnen_1-768x1024.jpg\" alt=\"\" class=\"wp-image-3261\" srcset=\"https:\/\/www.mtv-in.de\/turnen\/files\/2025\/05\/Leistungsturnen_1-768x1024.jpg 768w, https:\/\/www.mtv-in.de\/turnen\/files\/2025\/05\/Leistungsturnen_1-225x300.jpg 225w, https:\/\/www.mtv-in.de\/turnen\/files\/2025\/05\/Leistungsturnen_1-1152x1536.jpg 1152w, https:\/\/www.mtv-in.de\/turnen\/files\/2025\/05\/Leistungsturnen_1.jpg 1512w\" sizes=\"auto, (max-width: 768px) 100vw, 768px\" \/><\/a><\/figure>\n<\/div>\n\n\n\n<div class=\"wp-block-column is-layout-flow wp-block-column-is-layout-flow\" style=\"flex-basis:50%\">\n<p class=\"has-startupzy-secondary-color has-text-color has-link-color wp-elements-b41563d80df6010a991af8fdedde1e17\">Um eine gute Turnerin zu werden, ben\u00f6tigt man Kraft, Ausdauer, Koordination,<br>Beweglichkeit und Mut. Allerdings darf auch der Ehrgeiz und die Bereitschaft<br>\u00fcber seine eigenen Grenzen hinauszugehen nicht fehlen.<\/p>\n\n\n\n<p class=\"has-startupzy-secondary-color has-text-color has-link-color wp-elements-61458ecd7151b8b0f98388a7d8833a95\"><br>Eine regelm\u00e4\u00dfige Teilnahme am Trainingsbetrieb (2x pro Woche +<br>Sondertrainings an einzelnen Samstagen und in den Ferien sind die absolute<br>Voraussetzung, um in eine unserer Trainingsgruppen aufgenommen zu werden.<br>Wir trainieren an den 4 verschiedenen Ger\u00e4ten Sprungtisch, Barren\/Reck,<br>Schwebebalken und Boden.<\/p>\n\n\n\n<p class=\"has-startupzy-secondary-color has-text-color has-link-color wp-elements-1da4c24ec986947dbdf5fc30b838491b\"><br>Das Resort Leistungsturnen hat aktuell 3 verschiedene Gruppen im Angebot.<br>Klare Altersgrenzen k\u00f6nnen hier nicht gezogen werden, da wir dem<br>Leistungsstand entsprechend einteilen. Generell gilt allerdings, dass man mit dem Turnen bereits sehr fr\u00fch beginnen sollte \u2013 optimalerweise mit 5 Jahren.<\/p>\n\n\n\n<p class=\"has-startupzy-secondary-color has-text-color has-link-color wp-elements-b6ef87350ab8559c72c7d3affc90ef1b\"><\/p>\n<\/div>\n\n\n\n<div class=\"wp-block-column is-layout-flow wp-block-column-is-layout-flow\" style=\"flex-basis:25%\">\n<figure class=\"wp-block-image size-full is-resized\"><a href=\"https:\/\/www.mtv-in.de\/turnen\/files\/2025\/05\/Leistungsturnen_2.jpg\"><img loading=\"lazy\" decoding=\"async\" width=\"1200\" height=\"1600\" src=\"https:\/\/www.mtv-in.de\/turnen\/files\/2025\/05\/Leistungsturnen_2.jpg\" alt=\"\" class=\"wp-image-3262\" style=\"width:258px;height:auto\" srcset=\"https:\/\/www.mtv-in.de\/turnen\/files\/2025\/05\/Leistungsturnen_2.jpg 1200w, https:\/\/www.mtv-in.de\/turnen\/files\/2025\/05\/Leistungsturnen_2-225x300.jpg 225w, https:\/\/www.mtv-in.de\/turnen\/files\/2025\/05\/Leistungsturnen_2-768x1024.jpg 768w, https:\/\/www.mtv-in.de\/turnen\/files\/2025\/05\/Leistungsturnen_2-1152x1536.jpg 1152w\" sizes=\"auto, (max-width: 1200px) 100vw, 1200px\" \/><\/a><\/figure>\n<\/div>\n<\/div>\n\n\n\n<div style=\"height:50px\" aria-hidden=\"true\" class=\"wp-block-spacer\"><\/div>\n\n\n\n<div class=\"wp-block-columns has-startupzy-primary-background-color has-background is-layout-flex wp-container-core-columns-is-layout-28f84493 wp-block-columns-is-layout-flex\">\n<div class=\"wp-block-column is-layout-flow wp-block-column-is-layout-flow\">\n<h3 class=\"wp-block-heading has-startupzy-bgsoft-color has-text-color has-link-color wp-elements-d40ba423db2e8ba288a10a95cb69d390\">Kontakt<\/h3>\n\n\n\n<h6 class=\"wp-block-heading has-startupzy-bgsoft-color has-text-color has-link-color wp-elements-b1f2d3fe5fbbce49d36da54a7f41bef1\">Margit Schmidt<\/h6>\n\n\n\n<p class=\"has-startupzy-bgsoft-color has-text-color has-link-color wp-elements-276a6b3d6515857f937294267bcc40d0\"><a href=\"javascript:DeCryptX('2o202u0c3k2o0i3g2v3C2c0p1j0a3q0.2f3h')\">m [dot] schmidt [at] apian [dot] de<\/a><\/p>\n<\/div>\n\n\n\n<div class=\"wp-block-column is-layout-flow wp-block-column-is-layout-flow\">\n<h4 class=\"wp-block-heading has-startupzy-bgsoft-color has-text-color has-link-color wp-elements-650a905d83eb8a2eff54b4065bf012c6\">Instagram<\/h4>\n\n\n\n<h6 class=\"wp-block-heading has-startupzy-bgsoft-color has-text-color has-link-color wp-elements-dfb1fdadfae6dd5346f12b00d9999bd2\">Leistungsgruppe Ger\u00e4tturnen<\/h6>\n\n\n\n<p class=\"has-startupzy-bgsoft-color has-text-color has-link-color wp-elements-f24adc0f4f45c8f18afb9850e6eff100\"><a href=\"https:\/\/www.instagram.com\/mtvingolstadtturnen\/\">mtvingolstadtturnen<\/a><\/p>\n<\/div>\n\n\n\n<div class=\"wp-block-column is-layout-flow wp-block-column-is-layout-flow\">\n<h4 class=\"wp-block-heading has-startupzy-bgsoft-color has-text-color has-link-color wp-elements-1aef9ea63bf898a5ab47b5777843f1ca\">!! Gesucht !!<\/h4>\n\n\n\n<p class=\"has-startupzy-bgsoft-color has-text-color has-link-color wp-elements-f75248ba444cd9a3cf9f2b0e4864ef4f\">Wir sind laufend auf der Suche nach<br>Trainern und Helfern<\/p>\n<\/div>\n<\/div>\n\n\n\n<div style=\"height:50px\" aria-hidden=\"true\" class=\"wp-block-spacer\"><\/div>\n\n\n\n<div class=\"wp-block-columns is-layout-flex wp-container-core-columns-is-layout-28f84493 wp-block-columns-is-layout-flex\">\n<div class=\"wp-block-column has-startupzy-secondary-color has-startupzy-bgsoft-background-color has-text-color has-background has-link-color wp-elements-0fd472c6ab1815a0d58f4e4a05ce04e2 is-layout-flow wp-block-column-is-layout-flow\">\n<h2 class=\"wp-block-heading\">Anf\u00e4ngergruppe weiblich<\/h2>\n\n\n\n<p>Hier werden die Grundsteine gelegt. Es wird<br>bereits an ersten Wettk\u00e4mpfen in der Region<br>teilgenommen. Hierbei gibt es die Auswahl aus<br>leistungsentsprechenden Pflicht-\u00dcbungen (P-\u00dcbungen), die fest vorgegeben sind.<\/p>\n\n\n\n<p><strong>Dienstag<\/strong> 17:00 &#8211; 19:00 Uhr<br><strong>Freitag<\/strong> 17:00 &#8211; 19:00 Uhr<\/p>\n\n\n\n<p>Bezirkssporthalle Mitte<br><strong>Halle C<\/strong><\/p>\n\n\n\n<p><strong><br><\/strong>Von-der-Tann Stra\u00dfe 1<br>85049 Ingolstadt<\/p>\n\n\n\n<p>Christina Maier <\/p>\n<\/div>\n\n\n\n<div class=\"wp-block-column has-startupzy-secondary-color has-startupzy-text-background-color has-text-color has-background has-link-color wp-elements-177d0cae7e96f9f0338402edcda1635a is-layout-flow wp-block-column-is-layout-flow\">\n<h2 class=\"wp-block-heading\">Aufbaugruppe weiblich<\/h2>\n\n\n\n<p>Sind die ersten Grundsteine gelegt, gehen<br>die Turnerinnen \u00fcber zur Aufbaugruppe, wo<br>weiterhin an regionalen und auch<br>\u00fcberregionalen Wettk\u00e4mpfen teilgenommen<br>wird. Es wird dabei flei\u00dfig f\u00fcr schwierigere<br>Elemente und h\u00f6herwertige P-\u00dcbungen<br>trainiert.<\/p>\n\n\n\n<p><strong>Dienstag<\/strong> 17:00 &#8211; 19:30 Uhr<br><strong>Freitag<\/strong> 17:00 &#8211; 19:30 Uhr<\/p>\n\n\n\n<p>Bezirkssporthalle Mitte<br><strong>Halle C<\/strong><\/p>\n\n\n\n<p><br>Von-der-Tann Stra\u00dfe 1<br>85049 Ingolstadt<\/p>\n\n\n\n<p>Zus\u00e4tzliche Adresse:<\/p>\n\n\n\n<p>Schulturnhalle Auf der Schanz<br><strong>Federboden<\/strong><\/p>\n\n\n\n<p><br>Auf der Schanz 28<br>85049 Ingolstadt<\/p>\n\n\n\n<p>Margit Schmidt, Chiara Schwei\u00dffurth, Isabell Amann<\/p>\n<\/div>\n\n\n\n<div class=\"wp-block-column has-startupzy-secondary-color has-startupzy-bgsoft-background-color has-text-color has-background has-link-color wp-elements-908201bd771bbef29d8312260f4da5f4 is-layout-flow wp-block-column-is-layout-flow\">\n<h2 class=\"wp-block-heading\">K\u00fcr-Gruppe weiblich<\/h2>\n\n\n\n<p>Werden Elemente wie Kippe oder Flick-Flack beherrscht, so kommen die Turnerinnen in die K\u00fcr-Gruppe, wo f\u00fcr Wettk\u00e4mpfe auf Bayernebene trainiert wird. Jede Turnerin bekommt hier auf sie pers\u00f6nlich zugeschnittene K\u00fcr-\u00dcbungen, die den Anforderungen der Leistungsklassen 2 oder 3 entsprechen. <\/p>\n\n\n\n<p><strong>Dienstag<\/strong> 17:00 &#8211; 19:30 Uhr<br><strong>Freitag   <\/strong> 17:00 &#8211; 20:00 Uhr<\/p>\n\n\n\n<p>Bezirkssporthalle Mitte<br><strong>Halle C<\/strong><\/p>\n\n\n\n<p><strong><br><\/strong>Von-der-Tann Stra\u00dfe 1,<br>85049 Ingolstadt<\/p>\n\n\n\n<p>Grundschule auf der Schanz,<br><strong>Federboden<\/strong><\/p>\n\n\n\n<p><br>Auf der Schanz 28,<br>85049 Ingolstadt<\/p>\n\n\n\n<p>Jessica Schneider<\/p>\n<\/div>\n<\/div>\n\n\n\n<div style=\"height:50px\" aria-hidden=\"true\" class=\"wp-block-spacer\"><\/div>\n\n\n\n<div class=\"wp-block-columns is-layout-flex wp-container-core-columns-is-layout-28f84493 wp-block-columns-is-layout-flex\">\n<div class=\"wp-block-column is-layout-flow wp-block-column-is-layout-flow\" style=\"flex-basis:25%\"><\/div>\n\n\n\n<div class=\"wp-block-column has-startupzy-bgsoft-background-color has-background is-layout-flow wp-block-column-is-layout-flow\" style=\"flex-basis:50%\">\n<h2 class=\"wp-block-heading\">Unsere Kampfrichter<\/h2>\n\n\n\n<p><br>Christina Maier, Chiara Schweisfurth, Johanna Z\u00f6pfl, Theresa Repper, Isabell Amann<\/p>\n<\/div>\n\n\n\n<div class=\"wp-block-column is-layout-flow wp-block-column-is-layout-flow\" style=\"flex-basis:25%\"><\/div>\n\n\n\n<div class=\"wp-block-column is-layout-flow wp-block-column-is-layout-flow\"><\/div>\n<\/div>\n\n\n\n<div style=\"height:50px\" aria-hidden=\"true\" class=\"wp-block-spacer\"><\/div>\n\n\n\n<div class=\"wp-block-buttons is-content-justification-center is-layout-flex wp-container-core-buttons-is-layout-a89b3969 wp-block-buttons-is-layout-flex\">\n<div class=\"wp-block-button has-custom-font-size has-normal-font-size\"><a class=\"wp-block-button__link has-startupzy-primary-background-color has-background wp-element-button\" href=\"https:\/\/www.mtv-in.de\/turnen\/gruppen\/tgw\/\">Zum Gruppenwettstreit<\/a><\/div>\n<\/div>\n\n\n\n<div style=\"height:100px\" aria-hidden=\"true\" class=\"wp-block-spacer\"><\/div>\n","protected":false},"excerpt":{"rendered":"<p>Um eine gute Turnerin zu werden, ben\u00f6tigt man Kraft, Ausdauer, Koordination,Beweglichkeit und Mut. Allerdings darf auch der Ehrgeiz und die Bereitschaft\u00fcber seine eigenen Grenzen hinauszugehen nicht fehlen. Eine regelm\u00e4\u00dfige Teilnahme am Trainingsbetrieb (2x pro Woche +Sondertrainings an einzelnen Samstagen und in den Ferien sind die absoluteVoraussetzung, um in eine unserer Trainingsgruppen aufgenommen zu werden.Wir trainieren an den 4 verschiedenen Ger\u00e4ten Sprungtisch, Barren\/Reck,Schwebebalken und Boden. Das Resort Leistungsturnen hat aktuell 3 verschiedene Gruppen im Angebot.Klare Altersgrenzen k\u00f6nnen hier nicht gezogen werden, da wir demLeistungsstand entsprechend einteilen. Generell gilt allerdings, dass man mit dem Turnen bereits sehr fr\u00fch beginnen sollte \u2013 optimalerweise<\/p>\n","protected":false},"author":1,"featured_media":0,"parent":3039,"menu_order":0,"comment_status":"closed","ping_status":"closed","template":"","meta":{"footnotes":""},"class_list":["post-3045","page","type-page","status-publish","hentry"],"_links":{"self":[{"href":"https:\/\/www.mtv-in.de\/turnen\/wp-json\/wp\/v2\/pages\/3045","targetHints":{"allow":["GET"]}}],"collection":[{"href":"https:\/\/www.mtv-in.de\/turnen\/wp-json\/wp\/v2\/pages"}],"about":[{"href":"https:\/\/www.mtv-in.de\/turnen\/wp-json\/wp\/v2\/types\/page"}],"author":[{"embeddable":true,"href":"https:\/\/www.mtv-in.de\/turnen\/wp-json\/wp\/v2\/users\/1"}],"replies":[{"embeddable":true,"href":"https:\/\/www.mtv-in.de\/turnen\/wp-json\/wp\/v2\/comments?post=3045"}],"version-history":[{"count":20,"href":"https:\/\/www.mtv-in.de\/turnen\/wp-json\/wp\/v2\/pages\/3045\/revisions"}],"predecessor-version":[{"id":3278,"href":"https:\/\/www.mtv-in.de\/turnen\/wp-json\/wp\/v2\/pages\/3045\/revisions\/3278"}],"up":[{"embeddable":true,"href":"https:\/\/www.mtv-in.de\/turnen\/wp-json\/wp\/v2\/pages\/3039"}],"wp:attachment":[{"href":"https:\/\/www.mtv-in.de\/turnen\/wp-json\/wp\/v2\/media?parent=3045"}],"curies":[{"name":"wp","href":"https:\/\/api.w.org\/{rel}","templated":true}]}}