{"id":3047,"date":"2025-04-12T15:14:33","date_gmt":"2025-04-12T13:14:33","guid":{"rendered":"https:\/\/www.mtv-in.de\/turnen\/?page_id=3047"},"modified":"2025-05-11T11:32:42","modified_gmt":"2025-05-11T09:32:42","slug":"tgw","status":"publish","type":"page","link":"https:\/\/www.mtv-in.de\/turnen\/gruppen\/tgw\/","title":{"rendered":"Gruppenwettstreit"},"content":{"rendered":"\n<div style=\"height:50px\" aria-hidden=\"true\" class=\"wp-block-spacer\"><\/div>\n\n\n\n<div class=\"wp-block-columns is-layout-flex wp-container-core-columns-is-layout-28f84493 wp-block-columns-is-layout-flex\">\n<div class=\"wp-block-column is-layout-flow wp-block-column-is-layout-flow\" style=\"flex-basis:25%\">\n<figure class=\"wp-block-image size-large\"><a href=\"https:\/\/www.mtv-in.de\/turnen\/files\/2025\/05\/Gruppenwettstreit.jpg\"><img loading=\"lazy\" decoding=\"async\" width=\"1024\" height=\"473\" src=\"https:\/\/www.mtv-in.de\/turnen\/files\/2025\/05\/Gruppenwettstreit-1024x473.jpg\" alt=\"\" class=\"wp-image-3274\" srcset=\"https:\/\/www.mtv-in.de\/turnen\/files\/2025\/05\/Gruppenwettstreit-1024x473.jpg 1024w, https:\/\/www.mtv-in.de\/turnen\/files\/2025\/05\/Gruppenwettstreit-300x139.jpg 300w, https:\/\/www.mtv-in.de\/turnen\/files\/2025\/05\/Gruppenwettstreit-768x355.jpg 768w, https:\/\/www.mtv-in.de\/turnen\/files\/2025\/05\/Gruppenwettstreit-1536x710.jpg 1536w, https:\/\/www.mtv-in.de\/turnen\/files\/2025\/05\/Gruppenwettstreit-2048x946.jpg 2048w\" sizes=\"auto, (max-width: 1024px) 100vw, 1024px\" \/><\/a><\/figure>\n<\/div>\n\n\n\n<div class=\"wp-block-column is-layout-flow wp-block-column-is-layout-flow\" style=\"flex-basis:50%\">\n<p>Kindergruppen-Wettkampf (KGW 6 &#8211; 12 Jahre), Turnergruppen-Wettkampf (TGW ab 12 Jahren) und<br>Turnergruppen-Meisterschaft (TGM ab 12 Jahren) &#8211; hier sind Teamwork, Kreativit\u00e4t und Vielseitigkeit<br>gefragt.<br>Folgende Wettkampfdisziplinen werden bei uns trainiert:<\/p>\n\n\n\n<ul class=\"wp-block-list\">\n<li>Gruppenturnen am Boden mit Kasten<\/li>\n\n\n\n<li>Tanzen in der Gruppe<\/li>\n\n\n\n<li>Pendelstaffel<\/li>\n\n\n\n<li>Medizin- und Schlagballweitwurf<br>Die Wettk\u00e4mpfe finden bayernweit statt, teils mit \u00dcbernachtung. Im TGM\/TGW-Bereich sind bei<br>Qualifikationswettk\u00e4mpfe auch auf Bundesebene m\u00f6glich.<\/li>\n<\/ul>\n<\/div>\n\n\n\n<div class=\"wp-block-column is-layout-flow wp-block-column-is-layout-flow\" style=\"flex-basis:25%\">\n<figure class=\"wp-block-gallery has-nested-images columns-default is-cropped wp-block-gallery-1 is-layout-flex wp-block-gallery-is-layout-flex\">\n<figure class=\"wp-block-image size-large\"><img loading=\"lazy\" decoding=\"async\" width=\"1024\" height=\"576\" data-id=\"3237\" src=\"https:\/\/www.mtv-in.de\/turnen\/files\/2025\/04\/06_20150725_1301261-1024x576.jpg\" alt=\"\" class=\"wp-image-3237\" srcset=\"https:\/\/www.mtv-in.de\/turnen\/files\/2025\/04\/06_20150725_1301261-1024x576.jpg 1024w, https:\/\/www.mtv-in.de\/turnen\/files\/2025\/04\/06_20150725_1301261-300x169.jpg 300w, https:\/\/www.mtv-in.de\/turnen\/files\/2025\/04\/06_20150725_1301261-768x432.jpg 768w, https:\/\/www.mtv-in.de\/turnen\/files\/2025\/04\/06_20150725_1301261-1536x864.jpg 1536w, https:\/\/www.mtv-in.de\/turnen\/files\/2025\/04\/06_20150725_1301261-2048x1152.jpg 2048w\" sizes=\"auto, (max-width: 1024px) 100vw, 1024px\" \/><\/figure>\n<\/figure>\n<\/div>\n<\/div>\n\n\n\n<p style=\"margin-right:var(--wp--preset--spacing--40);margin-left:var(--wp--preset--spacing--40)\"><\/p>\n\n\n\n<div style=\"height:50px\" aria-hidden=\"true\" class=\"wp-block-spacer\"><\/div>\n\n\n\n<div class=\"wp-block-columns has-startupzy-primary-background-color has-background is-layout-flex wp-container-core-columns-is-layout-28f84493 wp-block-columns-is-layout-flex\">\n<div class=\"wp-block-column is-layout-flow wp-block-column-is-layout-flow\">\n<h3 class=\"wp-block-heading has-startupzy-bgsoft-color has-text-color has-link-color wp-elements-d40ba423db2e8ba288a10a95cb69d390\">Kontakt<\/h3>\n\n\n\n<h6 class=\"wp-block-heading has-startupzy-bgsoft-color has-text-color has-link-color wp-elements-969d7e2848efe8fec8a5052df468912c\">Emma Pollinger<\/h6>\n\n\n\n<p class=\"has-startupzy-bgsoft-color has-text-color has-link-color wp-elements-b374a8175df5cbc8194bef539ae38742\"><a href=\"javascript:DeCryptX('1f0m0m0a1\/3s3r0l1m3l2p3j3h2t2B1n0t0v0-0i0n0.3g0e')\">emma [dot] pollinger [at] mtv-in [dot] de<\/a><\/p>\n<\/div>\n\n\n\n<div class=\"wp-block-column is-layout-flow wp-block-column-is-layout-flow\">\n<h4 class=\"wp-block-heading has-startupzy-bgsoft-color has-text-color has-link-color wp-elements-650a905d83eb8a2eff54b4065bf012c6\">Instagram<\/h4>\n\n\n\n<h6 class=\"wp-block-heading has-startupzy-bgsoft-color has-text-color has-link-color wp-elements-e253760506b0f995a6c5f59f3ad3ff00\">MTV 1881 Ingolstadt Gruppenwettstreit<\/h6>\n\n\n\n<p class=\"has-startupzy-bgsoft-color has-text-color has-link-color wp-elements-ab15389078533b9b453b70649fc5fe84\"><a href=\"https:\/\/www.instagram.com\/mtvin_gruppenwettstreit\/\">mtvin_gruppenwettstreit<\/a><\/p>\n<\/div>\n\n\n\n<div class=\"wp-block-column is-layout-flow wp-block-column-is-layout-flow\">\n<h4 class=\"wp-block-heading has-startupzy-bgsoft-color has-text-color has-link-color wp-elements-1aef9ea63bf898a5ab47b5777843f1ca\">!! Gesucht !!<\/h4>\n\n\n\n<p class=\"has-startupzy-bgsoft-color has-text-color has-link-color wp-elements-f26911d81f899ad914c10b1155fbfccd\">Ab September suchen wir<br>f\u00fcr eine neue KGW-Gruppe<br>Kinder der Jahrg\u00e4nge 2019<br>&amp; 2020<\/p>\n<\/div>\n<\/div>\n\n\n\n<div style=\"height:0px\" aria-hidden=\"true\" class=\"wp-block-spacer\"><\/div>\n\n\n\n<div style=\"height:50px\" aria-hidden=\"true\" class=\"wp-block-spacer\"><\/div>\n\n\n\n<div class=\"wp-block-columns is-layout-flex wp-container-core-columns-is-layout-28f84493 wp-block-columns-is-layout-flex\">\n<div class=\"wp-block-column is-layout-flow wp-block-column-is-layout-flow\">\n<div class=\"wp-block-columns is-layout-flex wp-container-core-columns-is-layout-28f84493 wp-block-columns-is-layout-flex\">\n<div class=\"wp-block-column is-layout-flow wp-block-column-is-layout-flow\" style=\"flex-basis:200px\"><\/div>\n\n\n\n<div class=\"wp-block-column has-startupzy-secondary-color has-startupzy-border-background-color has-text-color has-background has-link-color wp-elements-6cbcaa0cb2fcd0dff208a9b3d5b6b453 is-layout-flow wp-block-column-is-layout-flow\">\n<h2 class=\"wp-block-heading\">KGW <\/h2>\n\n\n\n<p>Jahrgang 2014 &#8211; 2015<br>Bodenturnen mit Kasten | Pendelstaffel 50m |<br>Schlagball 80g | \u00dcberraschungsaufgabe<\/p>\n\n\n\n<p><strong>Dienstag<\/strong> 17:00 &#8211; 19:00 Uhr<br><strong>Freitag<\/strong> 17:00 &#8211; 19:00 Uhr<\/p>\n\n\n\n<p>Bezirkssporthalle Mitte <br><strong>Halle B<br><\/strong>Von-der-Tann Stra\u00dfe 1<br>85049 Ingolstadt<\/p>\n\n\n\n<p>Karin Bauer<\/p>\n<\/div>\n<\/div>\n<\/div>\n\n\n\n<div class=\"wp-block-column is-layout-flow wp-block-column-is-layout-flow\">\n<div class=\"wp-block-columns is-layout-flex wp-container-core-columns-is-layout-28f84493 wp-block-columns-is-layout-flex\">\n<div class=\"wp-block-column has-startupzy-secondary-color has-startupzy-bgsoft-background-color has-text-color has-background has-link-color wp-elements-42df296283cac25b5648beea2db8e19a is-layout-flow wp-block-column-is-layout-flow\">\n<h2 class=\"wp-block-heading\">TGM Junioren<\/h2>\n\n\n\n<p>Jahrgang 2007 &#8211; 2010<br>Bodenturnen mit Kasten | Tanzen<br>Pendelstaffel 75m | Medizinball 2kg<\/p>\n\n\n\n<p><strong>Dienstag <\/strong>17:00 &#8211; 19:00 Uhr<br><strong>Freitag <\/strong>17:00 &#8211; 19:00 Uhr<\/p>\n\n\n\n<p>Bezirkssporthalle Mitte <br><strong>Halle B<\/strong><br>Von-der-Tann Stra\u00dfe 1<br>85049 Ingolstadt<\/p>\n\n\n\n<p>Sigi Fichtner, Emma Pollinger<\/p>\n<\/div>\n\n\n\n<div class=\"wp-block-column is-layout-flow wp-block-column-is-layout-flow\" style=\"flex-basis:200px\"><\/div>\n<\/div>\n<\/div>\n<\/div>\n\n\n\n<div style=\"height:100px\" aria-hidden=\"true\" class=\"wp-block-spacer\"><\/div>\n\n\n\n<div class=\"wp-block-columns is-layout-flex wp-container-core-columns-is-layout-28f84493 wp-block-columns-is-layout-flex\">\n<div class=\"wp-block-column is-layout-flow wp-block-column-is-layout-flow\"><\/div>\n\n\n\n<div class=\"wp-block-column has-startupzy-secondary-color has-startupzy-text-background-color has-text-color has-background has-link-color wp-elements-f612f1e9a043286eaad224264b8dec19 is-layout-flow wp-block-column-is-layout-flow\">\n<h2 class=\"wp-block-heading\">Unsere Kampfrichter<\/h2>\n\n\n\n<p><strong>Oberkampfrichterin<br><\/strong>Ruth Repper<br><strong>Kampfrichterin<br><\/strong>Sabine Pohl, Nora Thiess<\/p>\n<\/div>\n\n\n\n<div class=\"wp-block-column is-layout-flow wp-block-column-is-layout-flow\"><\/div>\n<\/div>\n\n\n\n<div style=\"height:50px\" aria-hidden=\"true\" class=\"wp-block-spacer\"><\/div>\n\n\n\n<div class=\"wp-block-buttons is-content-justification-center is-layout-flex wp-container-core-buttons-is-layout-a89b3969 wp-block-buttons-is-layout-flex\">\n<div class=\"wp-block-button has-custom-width wp-block-button__width-25 has-custom-font-size has-normal-font-size\"><a class=\"wp-block-button__link has-startupzy-primary-background-color has-background wp-element-button\" href=\"https:\/\/www.mtv-in.de\/turnen\/gruppen\/gymnastik\/\">Zur Gymnastik<\/a><\/div>\n<\/div>\n\n\n\n<div style=\"height:100px\" aria-hidden=\"true\" class=\"wp-block-spacer\"><\/div>\n","protected":false},"excerpt":{"rendered":"<p>Kindergruppen-Wettkampf (KGW 6 &#8211; 12 Jahre), Turnergruppen-Wettkampf (TGW ab 12 Jahren) undTurnergruppen-Meisterschaft (TGM ab 12 Jahren) &#8211; hier sind Teamwork, Kreativit\u00e4t und Vielseitigkeitgefragt.Folgende Wettkampfdisziplinen werden bei uns trainiert: Kontakt Emma Pollinger emma [dot] pollinger [at] mtv-in [dot] de Instagram MTV 1881 Ingolstadt Gruppenwettstreit mtvin_gruppenwettstreit !! Gesucht !! Ab September suchen wirf\u00fcr eine neue KGW-GruppeKinder der Jahrg\u00e4nge 2019&amp; 2020 KGW Jahrgang 2014 &#8211; 2015Bodenturnen mit Kasten | Pendelstaffel 50m |Schlagball 80g | \u00dcberraschungsaufgabe Dienstag 17:00 &#8211; 19:00 UhrFreitag 17:00 &#8211; 19:00 Uhr Bezirkssporthalle Mitte Halle BVon-der-Tann Stra\u00dfe 185049 Ingolstadt Karin Bauer TGM Junioren Jahrgang 2007 &#8211; 2010Bodenturnen mit Kasten | TanzenPendelstaffel<\/p>\n","protected":false},"author":1,"featured_media":0,"parent":3039,"menu_order":0,"comment_status":"closed","ping_status":"closed","template":"","meta":{"footnotes":""},"class_list":["post-3047","page","type-page","status-publish","hentry"],"_links":{"self":[{"href":"https:\/\/www.mtv-in.de\/turnen\/wp-json\/wp\/v2\/pages\/3047","targetHints":{"allow":["GET"]}}],"collection":[{"href":"https:\/\/www.mtv-in.de\/turnen\/wp-json\/wp\/v2\/pages"}],"about":[{"href":"https:\/\/www.mtv-in.de\/turnen\/wp-json\/wp\/v2\/types\/page"}],"author":[{"embeddable":true,"href":"https:\/\/www.mtv-in.de\/turnen\/wp-json\/wp\/v2\/users\/1"}],"replies":[{"embeddable":true,"href":"https:\/\/www.mtv-in.de\/turnen\/wp-json\/wp\/v2\/comments?post=3047"}],"version-history":[{"count":13,"href":"https:\/\/www.mtv-in.de\/turnen\/wp-json\/wp\/v2\/pages\/3047\/revisions"}],"predecessor-version":[{"id":3275,"href":"https:\/\/www.mtv-in.de\/turnen\/wp-json\/wp\/v2\/pages\/3047\/revisions\/3275"}],"up":[{"embeddable":true,"href":"https:\/\/www.mtv-in.de\/turnen\/wp-json\/wp\/v2\/pages\/3039"}],"wp:attachment":[{"href":"https:\/\/www.mtv-in.de\/turnen\/wp-json\/wp\/v2\/media?parent=3047"}],"curies":[{"name":"wp","href":"https:\/\/api.w.org\/{rel}","templated":true}]}}