{"id":3049,"date":"2025-04-12T15:14:57","date_gmt":"2025-04-12T13:14:57","guid":{"rendered":"https:\/\/www.mtv-in.de\/turnen\/?page_id=3049"},"modified":"2025-11-19T20:03:40","modified_gmt":"2025-11-19T19:03:40","slug":"gymnastik","status":"publish","type":"page","link":"https:\/\/www.mtv-in.de\/turnen\/gruppen\/gymnastik\/","title":{"rendered":"Seniorengymnastik"},"content":{"rendered":"\n<div style=\"height:100px\" aria-hidden=\"true\" class=\"wp-block-spacer\"><\/div>\n\n\n\n<div class=\"wp-block-columns is-layout-flex wp-container-core-columns-is-layout-28f84493 wp-block-columns-is-layout-flex\">\n<div class=\"wp-block-column is-layout-flow wp-block-column-is-layout-flow\" style=\"flex-basis:25%\">\n<figure class=\"wp-block-image size-full\"><a href=\"https:\/\/www.mtv-in.de\/turnen\/files\/2025\/04\/4-Picsart-BackgroundRemover.png\"><img loading=\"lazy\" decoding=\"async\" width=\"203\" height=\"156\" src=\"https:\/\/www.mtv-in.de\/turnen\/files\/2025\/04\/4-Picsart-BackgroundRemover.png\" alt=\"\" class=\"wp-image-3137\" \/><\/a><\/figure>\n<\/div>\n\n\n\n<div class=\"wp-block-column is-layout-flow wp-block-column-is-layout-flow\" style=\"flex-basis:50%\">\n<p class=\"has-startupzy-secondary-color has-text-color has-link-color wp-elements-a4a09bc65e605ba048f272ba7bf1bea6\">In der Gymnastik vermischt sich die j\u00fcngere mit der \u00e4lteren Generation. Auch 80-j\u00e4hrige Personen bleiben bei uns in der Gymnastik fit. Dabei wird Kraft und Beweglichkeit stabilisiert. &nbsp;<\/p>\n<\/div>\n\n\n\n<div class=\"wp-block-column is-layout-flow wp-block-column-is-layout-flow\" style=\"flex-basis:25%\">\n<figure class=\"wp-block-image size-full is-resized\"><a href=\"https:\/\/www.mtv-in.de\/turnen\/files\/2025\/04\/1-Picsart-BackgroundRemover.png\"><img loading=\"lazy\" decoding=\"async\" width=\"176\" height=\"88\" src=\"https:\/\/www.mtv-in.de\/turnen\/files\/2025\/04\/1-Picsart-BackgroundRemover.png\" alt=\"\" class=\"wp-image-3139\" style=\"width:258px;height:auto\" \/><\/a><\/figure>\n<\/div>\n<\/div>\n\n\n\n<div style=\"height:50px\" aria-hidden=\"true\" class=\"wp-block-spacer\"><\/div>\n\n\n\n<div class=\"wp-block-columns has-startupzy-primary-background-color has-background is-layout-flex wp-container-core-columns-is-layout-28f84493 wp-block-columns-is-layout-flex\">\n<div class=\"wp-block-column is-layout-flow wp-block-column-is-layout-flow\">\n<h3 class=\"wp-block-heading has-startupzy-bgsoft-color has-text-color has-link-color wp-elements-d40ba423db2e8ba288a10a95cb69d390\">Kontakt<\/h3>\n\n\n\n<h6 class=\"wp-block-heading has-startupzy-bgsoft-color has-text-color has-link-color wp-elements-f62d0b7f51b9f88a0ff9708d158b8006\">Hermine Reichl<\/h6>\n\n\n\n<p class=\"has-startupzy-bgsoft-color has-text-color has-link-color wp-elements-f6a0f6004b9ca5a8ebec4ad2eea37437\"><a href=\"DeCryptX('2j2g2t0m2k3q1f311s2g3l1d1i3o3C2v2\/0o1o1m2k2p0e1\/2f3h')\">hermine [dot] reichl [at] t-online [dot] de<\/a><br>oder 0175 6117209 per WhatsApp<\/p>\n<\/div>\n\n\n\n<div class=\"wp-block-column is-layout-flow wp-block-column-is-layout-flow\">\n<h4 class=\"wp-block-heading has-startupzy-bgsoft-color has-text-color has-link-color wp-elements-650a905d83eb8a2eff54b4065bf012c6\">Instagram<\/h4>\n\n\n\n<h6 class=\"wp-block-heading has-startupzy-bgsoft-color has-text-color has-link-color wp-elements-e8dcaf263962b67a46a3844e54fd9bdc\">MTV INGOLSTADT TURNEN<\/h6>\n\n\n\n<p class=\"has-startupzy-bgsoft-color has-text-color has-link-color wp-elements-f24adc0f4f45c8f18afb9850e6eff100\"><a href=\"https:\/\/www.instagram.com\/mtvingolstadtturnen\/\">mtvingolstadtturnen<\/a><\/p>\n<\/div>\n\n\n\n<div class=\"wp-block-column is-layout-flow wp-block-column-is-layout-flow\">\n<h4 class=\"wp-block-heading has-startupzy-bgsoft-color has-text-color has-link-color wp-elements-1aef9ea63bf898a5ab47b5777843f1ca\">!! Gesucht !!<\/h4>\n\n\n\n<p class=\"has-startupzy-bgsoft-color has-text-color has-link-color wp-elements-f75248ba444cd9a3cf9f2b0e4864ef4f\">Wir sind laufend auf der Suche nach<br>Trainern und Helfern<\/p>\n<\/div>\n<\/div>\n\n\n\n<div style=\"height:50px\" aria-hidden=\"true\" class=\"wp-block-spacer\"><\/div>\n\n\n\n<div class=\"wp-block-columns is-layout-flex wp-container-core-columns-is-layout-28f84493 wp-block-columns-is-layout-flex\">\n<div class=\"wp-block-column has-startupzy-secondary-color has-startupzy-text-background-color has-text-color has-background has-link-color wp-elements-e3cf78078530507005022fc9a087f81b is-layout-flow wp-block-column-is-layout-flow\">\n<h4 class=\"wp-block-heading\"><strong>Becken-Boden-Training<\/strong><\/h4>\n\n\n\n<p><strong>Montag<\/strong>: 09:00 \u2013 10:30 Uhr<\/p>\n\n\n\n<p>Judoraum Zweibr\u00fccken<\/p>\n\n\n\n<p>Friedhofstra\u00dfe 4 1\/2<br>85049 Ingolstadt<\/p>\n<\/div>\n\n\n\n<div class=\"wp-block-column has-startupzy-secondary-color has-startupzy-bgsoft-background-color has-text-color has-background has-link-color wp-elements-e962c919e6e2d849e11804b606b81c26 is-layout-flow wp-block-column-is-layout-flow\">\n<h4 class=\"wp-block-heading\"><strong>Gymnastik f\u00fcr 60+<\/strong><\/h4>\n\n\n\n<p><strong>Dienstag<\/strong>: 10:00 \u2013 11:30 Uhr<\/p>\n\n\n\n<p><br>Judoraum Zweibr\u00fccken<\/p>\n\n\n\n<p>Friedhofstra\u00dfe 4 1\/2<br>85049 Ingolstadt<\/p>\n<\/div>\n\n\n\n<div class=\"wp-block-column has-startupzy-secondary-color has-startupzy-text-background-color has-text-color has-background has-link-color wp-elements-b9b87fd83858942c09629955569ec995 is-layout-flow wp-block-column-is-layout-flow\">\n<h4 class=\"wp-block-heading\">Bodystyling<\/h4>\n\n\n\n<p><strong>Dienstag<\/strong>: 18:00 \u2013 19:00 Uhr<\/p>\n\n\n\n<p><br>Schulturnhalle Reuchlin Gymnasium<\/p>\n\n\n\n<p>Auf der Schanz 28 a<br>85049 Ingolstadt<\/p>\n<\/div>\n<\/div>\n\n\n\n<div style=\"height:30px\" aria-hidden=\"true\" class=\"wp-block-spacer\"><\/div>\n\n\n\n<div class=\"wp-block-columns is-layout-flex wp-container-core-columns-is-layout-28f84493 wp-block-columns-is-layout-flex\">\n<div class=\"wp-block-column is-layout-flow wp-block-column-is-layout-flow\" style=\"flex-basis:20%\"><\/div>\n\n\n\n<div class=\"wp-block-column is-layout-flow wp-block-column-is-layout-flow\" style=\"flex-basis:50%\">\n<div class=\"wp-block-columns is-layout-flex wp-container-core-columns-is-layout-28f84493 wp-block-columns-is-layout-flex\">\n<div class=\"wp-block-column has-startupzy-secondary-color has-startupzy-text-background-color has-text-color has-background has-link-color wp-elements-4512c253815edc2b1f220ac76b809861 is-layout-flow wp-block-column-is-layout-flow\">\n<h4 class=\"wp-block-heading\">Gymnastik f\u00fcr Jedermann 1<\/h4>\n\n\n\n<p><strong>Donnerstag<\/strong> 19:00 \u2013 20:30 Uhr<\/p>\n\n\n\n<p>Schulturnhalle auf der Schanz<br><strong>Einfachturnhalle<\/strong><\/p>\n\n\n\n<p>Auf der Schanz 28<br>85049 Ingolstadt<\/p>\n<\/div>\n\n\n\n<div class=\"wp-block-column has-startupzy-secondary-color has-startupzy-bgsoft-background-color has-text-color has-background has-link-color wp-elements-e5fe957afe70a3cd9bf986253511304e is-layout-flow wp-block-column-is-layout-flow\">\n<h4 class=\"wp-block-heading\"><strong>Fitnesssport f\u00fcr Jedermann<\/strong> 2<\/h4>\n\n\n\n<p><strong>Freitag<\/strong> 18:00 \u2013 19:30 Uhr<\/p>\n\n\n\n<p>Schulturnhalle Christoph Scheiner Gymnasium<br><strong>Einfachturnhalle<\/strong><\/p>\n\n\n\n<p>Hartmannplatz 1<br>85049 Ingolstadt<\/p>\n<\/div>\n<\/div>\n<\/div>\n\n\n\n<div class=\"wp-block-column is-layout-flow wp-block-column-is-layout-flow\" style=\"flex-basis:20%\"><\/div>\n<\/div>\n\n\n\n<div style=\"height:50px\" aria-hidden=\"true\" class=\"wp-block-spacer\"><\/div>\n\n\n\n<div class=\"wp-block-buttons is-content-justification-center is-layout-flex wp-container-core-buttons-is-layout-a89b3969 wp-block-buttons-is-layout-flex\">\n<div class=\"wp-block-button has-custom-font-size has-normal-font-size\"><a class=\"wp-block-button__link has-startupzy-primary-background-color has-background wp-element-button\" href=\"https:\/\/www.mtv-in.de\/turnen\/gruppen\/eltern-und-kind\/\">Zum Eltern &#8211; Kind &#8211; Turnen<\/a><\/div>\n<\/div>\n\n\n\n<div style=\"height:100px\" aria-hidden=\"true\" class=\"wp-block-spacer\"><\/div>\n","protected":false},"excerpt":{"rendered":"<p>In der Gymnastik vermischt sich die j\u00fcngere mit der \u00e4lteren Generation. Auch 80-j\u00e4hrige Personen bleiben bei uns in der Gymnastik fit. Dabei wird Kraft und Beweglichkeit stabilisiert. &nbsp; Kontakt Hermine Reichl hermine [dot] reichl [at] t-online [dot] deoder 0175 6117209 per WhatsApp Instagram MTV INGOLSTADT TURNEN mtvingolstadtturnen !! Gesucht !! Wir sind laufend auf der Suche nachTrainern und Helfern Becken-Boden-Training Montag: 09:00 \u2013 10:30 Uhr Judoraum Zweibr\u00fccken Friedhofstra\u00dfe 4 1\/285049 Ingolstadt Gymnastik f\u00fcr 60+ Dienstag: 10:00 \u2013 11:30 Uhr Judoraum Zweibr\u00fccken Friedhofstra\u00dfe 4 1\/285049 Ingolstadt Bodystyling Dienstag: 18:00 \u2013 19:00 Uhr Schulturnhalle Reuchlin Gymnasium Auf der Schanz 28 a85049 Ingolstadt<\/p>\n","protected":false},"author":1,"featured_media":0,"parent":3039,"menu_order":0,"comment_status":"closed","ping_status":"closed","template":"","meta":{"footnotes":""},"class_list":["post-3049","page","type-page","status-publish","hentry"],"_links":{"self":[{"href":"https:\/\/www.mtv-in.de\/turnen\/wp-json\/wp\/v2\/pages\/3049","targetHints":{"allow":["GET"]}}],"collection":[{"href":"https:\/\/www.mtv-in.de\/turnen\/wp-json\/wp\/v2\/pages"}],"about":[{"href":"https:\/\/www.mtv-in.de\/turnen\/wp-json\/wp\/v2\/types\/page"}],"author":[{"embeddable":true,"href":"https:\/\/www.mtv-in.de\/turnen\/wp-json\/wp\/v2\/users\/1"}],"replies":[{"embeddable":true,"href":"https:\/\/www.mtv-in.de\/turnen\/wp-json\/wp\/v2\/comments?post=3049"}],"version-history":[{"count":11,"href":"https:\/\/www.mtv-in.de\/turnen\/wp-json\/wp\/v2\/pages\/3049\/revisions"}],"predecessor-version":[{"id":3378,"href":"https:\/\/www.mtv-in.de\/turnen\/wp-json\/wp\/v2\/pages\/3049\/revisions\/3378"}],"up":[{"embeddable":true,"href":"https:\/\/www.mtv-in.de\/turnen\/wp-json\/wp\/v2\/pages\/3039"}],"wp:attachment":[{"href":"https:\/\/www.mtv-in.de\/turnen\/wp-json\/wp\/v2\/media?parent=3049"}],"curies":[{"name":"wp","href":"https:\/\/api.w.org\/{rel}","templated":true}]}}